{"id":21092,"date":"2023-01-13T10:30:31","date_gmt":"2023-01-13T10:30:31","guid":{"rendered":"https:\/\/artslibris.cat\/tienda\/Sense%20categoria\/la-tierra-baldia\/"},"modified":"2025-02-26T17:47:48","modified_gmt":"2025-02-26T17:47:48","slug":"la-tierra-baldia","status":"publish","type":"product","link":"https:\/\/artslibris.cat\/ca\/tienda\/fotolibro-ca\/la-tierra-baldia\/","title":{"rendered":"La Tierra Bald\u00eda"},"content":{"rendered":"<p>T. S. Eliot va publicar l&#8217;any 1922, enmig d&#8217;un m\u00f3n devastat per la Primera Guerra Mundial, The Waste Land, un poema maj\u00fascul que va trencar les costures de la tradici\u00f3 po\u00e8tica fins ara. Va ser el clam d&#8217;una generaci\u00f3 que s&#8217;enfrontava a les conseq\u00fc\u00e8ncies de la cat\u00e0strofe. Cent anys despr\u00e9s, Fernando Puche pren el pols a la societat actual, buscant les resson\u00e0ncies del propi territori, un m\u00f3n que guarda algunes similituds amb aquell. Un llibre reflexiu amb un format i una maquetaci\u00f3 heretats de l&#8217;edici\u00f3 original d&#8217;Eliot, que es q\u00fcestiona i es q\u00fcestiona, creuant el literari, el fotogr\u00e0fic, l&#8217;emotiv i el te\u00f2ric. La fotografia, el paisatge, l&#8217;autor i el lector s\u00f3n aqu\u00ed actors que s&#8217;alineen en un problema dial\u00e8ctic que Fernando posa sobre la taula. Un crit de r\u00e0bia com el de 1922, aquest cop provocat pels devastadors efectes del canvi clim\u00e0tic.<\/p>\n","protected":false},"excerpt":{"rendered":"<p><strong>Editorial: <\/strong>Ediciones Posibles<strong><\/p>\n<p>Primera edici\u00f3:<\/strong> 250 exemplars<\/p>\n<p><strong>Fotografies i textos:<\/strong> Fernando Puche<\/p>\n<p><strong>Muntatge:<\/strong> Juan Vallbuena i Fernando Puche<\/p>\n<p><strong>Disseny<\/strong>: underbau<\/p>\n<p>Preimpressi\u00f3: Miguel Puche<\/p>\n<p><strong>Mides:<\/strong> 12 x 18,5 cm (el mateix format que el poemari original d&#8217;Eliot)<\/p>\n<p><strong>P\u00e0gines:<\/strong> 104<\/p>\n<p><strong>Impressora:<\/strong> Palerm<\/p>\n<p><strong>Data de publicaci\u00f3:<\/strong> setembre de 2022<\/p>\n","protected":false},"featured_media":21072,"template":"","meta":{"_acf_changed":false,"site-sidebar-layout":"default","site-content-layout":"default","ast-site-content-layout":"default","site-content-style":"default","site-sidebar-style":"default","ast-global-header-display":"","ast-banner-title-visibility":"","ast-main-header-display":"","ast-hfb-above-header-display":"","ast-hfb-below-header-display":"","ast-hfb-mobile-header-display":"","site-post-title":"","ast-breadcrumbs-content":"","ast-featured-img":"","footer-sml-layout":"","ast-disable-related-posts":"","theme-transparent-header-meta":"","adv-header-id-meta":"","stick-header-meta":"","header-above-stick-meta":"","header-main-stick-meta":"","header-below-stick-meta":"","astra-migrate-meta-layouts":"default","ast-page-background-enabled":"default","ast-page-background-meta":{"desktop":{"background-color":"","background-image":"","background-repeat":"repeat","background-position":"center center","background-size":"auto","background-attachment":"scroll","background-type":"","background-media":"","overlay-type":"","overlay-color":"","overlay-opacity":"","overlay-gradient":""},"tablet":{"background-color":"","background-image":"","background-repeat":"repeat","background-position":"center center","background-size":"auto","background-attachment":"scroll","background-type":"","background-media":"","overlay-type":"","overlay-color":"","overlay-opacity":"","overlay-gradient":""},"mobile":{"background-color":"","background-image":"","background-repeat":"repeat","background-position":"center center","background-size":"auto","background-attachment":"scroll","background-type":"","background-media":"","overlay-type":"","overlay-color":"","overlay-opacity":"","overlay-gradient":""}},"ast-content-background-meta":{"desktop":{"background-color":"var(--ast-global-color-5)","background-image":"","background-repeat":"repeat","background-position":"center center","background-size":"auto","background-attachment":"scroll","background-type":"","background-media":"","overlay-type":"","overlay-color":"","overlay-opacity":"","overlay-gradient":""},"tablet":{"background-color":"var(--ast-global-color-5)","background-image":"","background-repeat":"repeat","background-position":"center center","background-size":"auto","background-attachment":"scroll","background-type":"","background-media":"","overlay-type":"","overlay-color":"","overlay-opacity":"","overlay-gradient":""},"mobile":{"background-color":"var(--ast-global-color-5)","background-image":"","background-repeat":"repeat","background-position":"center center","background-size":"auto","background-attachment":"scroll","background-type":"","background-media":"","overlay-type":"","overlay-color":"","overlay-opacity":"","overlay-gradient":""}}},"product_brand":[],"product_cat":[101,88],"product_tag":[152],"class_list":{"0":"post-21092","1":"product","2":"type-product","3":"status-publish","4":"has-post-thumbnail","6":"product_cat-destacados-ca","7":"product_cat-fotolibro-ca","8":"product_tag-ediciones-posibles-ca","9":"desktop-align-left","10":"tablet-align-left","11":"mobile-align-left","13":"first","14":"outofstock","15":"shipping-taxable","16":"purchasable","17":"product-type-simple"},"acf":[],"yoast_head":"<!-- This site is optimized with the Yoast SEO plugin v27.1.1 - https:\/\/yoast.com\/product\/yoast-seo-wordpress\/ -->\n<title>La Tierra Bald\u00eda - ArtsLibris<\/title>\n<meta name=\"robots\" content=\"index, follow, max-snippet:-1, max-image-preview:large, max-video-preview:-1\" \/>\n<link rel=\"canonical\" href=\"https:\/\/artslibris.cat\/ca\/tienda\/fotolibro-ca\/la-tierra-baldia\/\" \/>\n<meta property=\"og:locale\" content=\"ca_ES\" \/>\n<meta property=\"og:type\" content=\"article\" \/>\n<meta property=\"og:title\" content=\"La Tierra Bald\u00eda - ArtsLibris\" \/>\n<meta property=\"og:description\" content=\"Editorial: Ediciones Posibles Primera edici\u00f3: 250 exemplars Fotografies i textos: Fernando Puche Muntatge: Juan Vallbuena i Fernando Puche Disseny: underbau Preimpressi\u00f3: Miguel Puche Mides: 12 x 18,5 cm (el mateix format que el poemari original d&#039;Eliot) P\u00e0gines: 104 Impressora: Palerm Data de publicaci\u00f3: setembre de 2022\" \/>\n<meta property=\"og:url\" content=\"https:\/\/artslibris.cat\/ca\/tienda\/fotolibro-ca\/la-tierra-baldia\/\" \/>\n<meta property=\"og:site_name\" content=\"ArtsLibris\" \/>\n<meta property=\"article:publisher\" content=\"https:\/\/www.facebook.com\/artslibris\/\" \/>\n<meta property=\"article:modified_time\" content=\"2025-02-26T17:47:48+00:00\" \/>\n<meta property=\"og:image\" content=\"https:\/\/artslibris.cat\/wp-content\/uploads\/2023\/01\/Captura-de-pantalla-2023-01-13-a-las-11.16.31.png\" \/>\n\t<meta property=\"og:image:width\" content=\"622\" \/>\n\t<meta property=\"og:image:height\" content=\"501\" \/>\n\t<meta property=\"og:image:type\" content=\"image\/png\" \/>\n<meta name=\"twitter:card\" content=\"summary_large_image\" \/>\n<meta name=\"twitter:site\" content=\"@ArtsLibris\" \/>\n<meta name=\"twitter:label1\" content=\"Temps estimat de lectura\" \/>\n\t<meta name=\"twitter:data1\" content=\"1 minut\" \/>\n<script type=\"application\/ld+json\" class=\"yoast-schema-graph\">{\"@context\":\"https:\/\/schema.org\",\"@graph\":[{\"@type\":\"WebPage\",\"@id\":\"https:\/\/artslibris.cat\/ca\/tienda\/fotolibro-ca\/la-tierra-baldia\/\",\"url\":\"https:\/\/artslibris.cat\/ca\/tienda\/fotolibro-ca\/la-tierra-baldia\/\",\"name\":\"La Tierra Bald\u00eda - ArtsLibris\",\"isPartOf\":{\"@id\":\"https:\/\/artslibris.cat\/ca\/#website\"},\"primaryImageOfPage\":{\"@id\":\"https:\/\/artslibris.cat\/ca\/tienda\/fotolibro-ca\/la-tierra-baldia\/#primaryimage\"},\"image\":{\"@id\":\"https:\/\/artslibris.cat\/ca\/tienda\/fotolibro-ca\/la-tierra-baldia\/#primaryimage\"},\"thumbnailUrl\":\"https:\/\/artslibris.cat\/wp-content\/uploads\/2023\/01\/Captura-de-pantalla-2023-01-13-a-las-11.16.31.png\",\"datePublished\":\"2023-01-13T10:30:31+00:00\",\"dateModified\":\"2025-02-26T17:47:48+00:00\",\"breadcrumb\":{\"@id\":\"https:\/\/artslibris.cat\/ca\/tienda\/fotolibro-ca\/la-tierra-baldia\/#breadcrumb\"},\"inLanguage\":\"ca\",\"potentialAction\":[{\"@type\":\"ReadAction\",\"target\":[\"https:\/\/artslibris.cat\/ca\/tienda\/fotolibro-ca\/la-tierra-baldia\/\"]}]},{\"@type\":\"ImageObject\",\"inLanguage\":\"ca\",\"@id\":\"https:\/\/artslibris.cat\/ca\/tienda\/fotolibro-ca\/la-tierra-baldia\/#primaryimage\",\"url\":\"https:\/\/artslibris.cat\/wp-content\/uploads\/2023\/01\/Captura-de-pantalla-2023-01-13-a-las-11.16.31.png\",\"contentUrl\":\"https:\/\/artslibris.cat\/wp-content\/uploads\/2023\/01\/Captura-de-pantalla-2023-01-13-a-las-11.16.31.png\",\"width\":622,\"height\":501},{\"@type\":\"BreadcrumbList\",\"@id\":\"https:\/\/artslibris.cat\/ca\/tienda\/fotolibro-ca\/la-tierra-baldia\/#breadcrumb\",\"itemListElement\":[{\"@type\":\"ListItem\",\"position\":1,\"name\":\"Portada\",\"item\":\"https:\/\/artslibris.cat\/ca\/\"},{\"@type\":\"ListItem\",\"position\":2,\"name\":\"Tenda\",\"item\":\"https:\/\/artslibris.cat\/ca\/tenda\/\"},{\"@type\":\"ListItem\",\"position\":3,\"name\":\"La Tierra Bald\u00eda\"}]},{\"@type\":\"WebSite\",\"@id\":\"https:\/\/artslibris.cat\/ca\/#website\",\"url\":\"https:\/\/artslibris.cat\/ca\/\",\"name\":\"ArtsLibris\",\"description\":\"\",\"publisher\":{\"@id\":\"https:\/\/artslibris.cat\/ca\/#organization\"},\"potentialAction\":[{\"@type\":\"SearchAction\",\"target\":{\"@type\":\"EntryPoint\",\"urlTemplate\":\"https:\/\/artslibris.cat\/ca\/?s={search_term_string}\"},\"query-input\":{\"@type\":\"PropertyValueSpecification\",\"valueRequired\":true,\"valueName\":\"search_term_string\"}}],\"inLanguage\":\"ca\"},{\"@type\":\"Organization\",\"@id\":\"https:\/\/artslibris.cat\/ca\/#organization\",\"name\":\"ArtsLibris\",\"url\":\"https:\/\/artslibris.cat\/ca\/\",\"logo\":{\"@type\":\"ImageObject\",\"inLanguage\":\"ca\",\"@id\":\"https:\/\/artslibris.cat\/ca\/#\/schema\/logo\/image\/\",\"url\":\"https:\/\/artslibris.cat\/wp-content\/uploads\/2020\/05\/ArtsLibris-logo-black.svg\",\"contentUrl\":\"https:\/\/artslibris.cat\/wp-content\/uploads\/2020\/05\/ArtsLibris-logo-black.svg\",\"width\":521,\"height\":85,\"caption\":\"ArtsLibris\"},\"image\":{\"@id\":\"https:\/\/artslibris.cat\/ca\/#\/schema\/logo\/image\/\"},\"sameAs\":[\"https:\/\/www.facebook.com\/artslibris\/\",\"https:\/\/x.com\/ArtsLibris\",\"https:\/\/www.instagram.com\/artslibris\/\"]}]}<\/script>\n<!-- \/ Yoast SEO plugin. -->","yoast_head_json":{"title":"La Tierra Bald\u00eda - ArtsLibris","robots":{"index":"index","follow":"follow","max-snippet":"max-snippet:-1","max-image-preview":"max-image-preview:large","max-video-preview":"max-video-preview:-1"},"canonical":"https:\/\/artslibris.cat\/ca\/tienda\/fotolibro-ca\/la-tierra-baldia\/","og_locale":"ca_ES","og_type":"article","og_title":"La Tierra Bald\u00eda - ArtsLibris","og_description":"Editorial: Ediciones Posibles Primera edici\u00f3: 250 exemplars Fotografies i textos: Fernando Puche Muntatge: Juan Vallbuena i Fernando Puche Disseny: underbau Preimpressi\u00f3: Miguel Puche Mides: 12 x 18,5 cm (el mateix format que el poemari original d'Eliot) P\u00e0gines: 104 Impressora: Palerm Data de publicaci\u00f3: setembre de 2022","og_url":"https:\/\/artslibris.cat\/ca\/tienda\/fotolibro-ca\/la-tierra-baldia\/","og_site_name":"ArtsLibris","article_publisher":"https:\/\/www.facebook.com\/artslibris\/","article_modified_time":"2025-02-26T17:47:48+00:00","og_image":[{"width":622,"height":501,"url":"https:\/\/artslibris.cat\/wp-content\/uploads\/2023\/01\/Captura-de-pantalla-2023-01-13-a-las-11.16.31.png","type":"image\/png"}],"twitter_card":"summary_large_image","twitter_site":"@ArtsLibris","twitter_misc":{"Temps estimat de lectura":"1 minut"},"schema":{"@context":"https:\/\/schema.org","@graph":[{"@type":"WebPage","@id":"https:\/\/artslibris.cat\/ca\/tienda\/fotolibro-ca\/la-tierra-baldia\/","url":"https:\/\/artslibris.cat\/ca\/tienda\/fotolibro-ca\/la-tierra-baldia\/","name":"La Tierra Bald\u00eda - ArtsLibris","isPartOf":{"@id":"https:\/\/artslibris.cat\/ca\/#website"},"primaryImageOfPage":{"@id":"https:\/\/artslibris.cat\/ca\/tienda\/fotolibro-ca\/la-tierra-baldia\/#primaryimage"},"image":{"@id":"https:\/\/artslibris.cat\/ca\/tienda\/fotolibro-ca\/la-tierra-baldia\/#primaryimage"},"thumbnailUrl":"https:\/\/artslibris.cat\/wp-content\/uploads\/2023\/01\/Captura-de-pantalla-2023-01-13-a-las-11.16.31.png","datePublished":"2023-01-13T10:30:31+00:00","dateModified":"2025-02-26T17:47:48+00:00","breadcrumb":{"@id":"https:\/\/artslibris.cat\/ca\/tienda\/fotolibro-ca\/la-tierra-baldia\/#breadcrumb"},"inLanguage":"ca","potentialAction":[{"@type":"ReadAction","target":["https:\/\/artslibris.cat\/ca\/tienda\/fotolibro-ca\/la-tierra-baldia\/"]}]},{"@type":"ImageObject","inLanguage":"ca","@id":"https:\/\/artslibris.cat\/ca\/tienda\/fotolibro-ca\/la-tierra-baldia\/#primaryimage","url":"https:\/\/artslibris.cat\/wp-content\/uploads\/2023\/01\/Captura-de-pantalla-2023-01-13-a-las-11.16.31.png","contentUrl":"https:\/\/artslibris.cat\/wp-content\/uploads\/2023\/01\/Captura-de-pantalla-2023-01-13-a-las-11.16.31.png","width":622,"height":501},{"@type":"BreadcrumbList","@id":"https:\/\/artslibris.cat\/ca\/tienda\/fotolibro-ca\/la-tierra-baldia\/#breadcrumb","itemListElement":[{"@type":"ListItem","position":1,"name":"Portada","item":"https:\/\/artslibris.cat\/ca\/"},{"@type":"ListItem","position":2,"name":"Tenda","item":"https:\/\/artslibris.cat\/ca\/tenda\/"},{"@type":"ListItem","position":3,"name":"La Tierra Bald\u00eda"}]},{"@type":"WebSite","@id":"https:\/\/artslibris.cat\/ca\/#website","url":"https:\/\/artslibris.cat\/ca\/","name":"ArtsLibris","description":"","publisher":{"@id":"https:\/\/artslibris.cat\/ca\/#organization"},"potentialAction":[{"@type":"SearchAction","target":{"@type":"EntryPoint","urlTemplate":"https:\/\/artslibris.cat\/ca\/?s={search_term_string}"},"query-input":{"@type":"PropertyValueSpecification","valueRequired":true,"valueName":"search_term_string"}}],"inLanguage":"ca"},{"@type":"Organization","@id":"https:\/\/artslibris.cat\/ca\/#organization","name":"ArtsLibris","url":"https:\/\/artslibris.cat\/ca\/","logo":{"@type":"ImageObject","inLanguage":"ca","@id":"https:\/\/artslibris.cat\/ca\/#\/schema\/logo\/image\/","url":"https:\/\/artslibris.cat\/wp-content\/uploads\/2020\/05\/ArtsLibris-logo-black.svg","contentUrl":"https:\/\/artslibris.cat\/wp-content\/uploads\/2020\/05\/ArtsLibris-logo-black.svg","width":521,"height":85,"caption":"ArtsLibris"},"image":{"@id":"https:\/\/artslibris.cat\/ca\/#\/schema\/logo\/image\/"},"sameAs":["https:\/\/www.facebook.com\/artslibris\/","https:\/\/x.com\/ArtsLibris","https:\/\/www.instagram.com\/artslibris\/"]}]}},"_links":{"self":[{"href":"https:\/\/artslibris.cat\/ca\/wp-json\/wp\/v2\/product\/21092","targetHints":{"allow":["GET"]}}],"collection":[{"href":"https:\/\/artslibris.cat\/ca\/wp-json\/wp\/v2\/product"}],"about":[{"href":"https:\/\/artslibris.cat\/ca\/wp-json\/wp\/v2\/types\/product"}],"wp:featuredmedia":[{"embeddable":true,"href":"https:\/\/artslibris.cat\/ca\/wp-json\/wp\/v2\/media\/21072"}],"wp:attachment":[{"href":"https:\/\/artslibris.cat\/ca\/wp-json\/wp\/v2\/media?parent=21092"}],"wp:term":[{"taxonomy":"product_brand","embeddable":true,"href":"https:\/\/artslibris.cat\/ca\/wp-json\/wp\/v2\/product_brand?post=21092"},{"taxonomy":"product_cat","embeddable":true,"href":"https:\/\/artslibris.cat\/ca\/wp-json\/wp\/v2\/product_cat?post=21092"},{"taxonomy":"product_tag","embeddable":true,"href":"https:\/\/artslibris.cat\/ca\/wp-json\/wp\/v2\/product_tag?post=21092"}],"curies":[{"name":"wp","href":"https:\/\/api.w.org\/{rel}","templated":true}]}}