{"id":2077,"date":"2020-09-28T15:42:30","date_gmt":"2020-10-05T13:49:58","guid":{"rendered":"https:\/\/artslibris.cat\/?post_type=product&#038;p=2077"},"modified":"2020-10-05T13:49:58","modified_gmt":"2020-10-05T13:49:58","slug":"mas-alla-de-lo-humano","status":"publish","type":"product","link":"https:\/\/artslibris.cat\/ca\/tienda\/pensamiento-ca\/mas-alla-de-lo-humano\/","title":{"rendered":"M\u00e1s all\u00e1 de lo humano"},"content":{"rendered":"<p>Un recorregut que va des de les transformacions ecosist\u00e8miques en les selves tropicals a les arquitectures dels centres de dades, de la creaci\u00f3 de nous minerals a causa de la radiaci\u00f3 a arquitectures amb usuaris m\u00e9s que humans i de les infraestructures log\u00edstiques agr\u00edcoles als nous sindicats entorn de les plataformes digitals. Converses, projectes, recerques i textos te\u00f2rics que busquen escapar de la nost\u00e0lgia i entendre i ampliar les problem\u00e0tiques entorn de la q\u00fcesti\u00f3 del no-hum\u00e0, i com aix\u00f2 ha d&#8217;afectar la pr\u00e0ctica arquitect\u00f2nica en ampliar la mirada a un espectre infinit de possibilitats espacials situades m\u00e9s enll\u00e0 de l&#8217;hum\u00e0.<\/p>\n","protected":false},"excerpt":{"rendered":"<p>T\u00edtol: M\u00e1s all\u00e1 de la humano.<br \/>\nEditorial: Bartlebooth<br \/>\nAutors: Timothy Morton, Gabriel Ruiz-Larrea, Paulo Tavares, Takk (Mireia Luz\u00e1rraga + Alejandro Mui\u00f1o) i Miguel Mesa del Castillo, Fernando Cremades, Catia Faria, The Extrapolation Factory (Chris Woebken y Elliot P. Montgomery), Husos, Stephen Graham, Institute of Human Obsolescence (Manuel Beltr\u00e1n) i V\u00edctor M. Sanz.<br \/>\nN\u00famero de p\u00e0gines: 252.<br \/>\nTamany: 148x210mm.<br \/>\nImpressi\u00f3 sobre cartulina gr\u00e0fica de 275 grs en tinta platejada. Impressi\u00f3 en 2 tintes sobre paper offset Coral Ivory Book 90 grs.<\/p>\n","protected":false},"featured_media":1806,"template":"","meta":{"_acf_changed":false,"site-sidebar-layout":"default","site-content-layout":"default","ast-site-content-layout":"default","site-content-style":"default","site-sidebar-style":"default","ast-global-header-display":"","ast-banner-title-visibility":"","ast-main-header-display":"","ast-hfb-above-header-display":"","ast-hfb-below-header-display":"","ast-hfb-mobile-header-display":"","site-post-title":"","ast-breadcrumbs-content":"","ast-featured-img":"","footer-sml-layout":"","ast-disable-related-posts":"","theme-transparent-header-meta":"default","adv-header-id-meta":"","stick-header-meta":"","header-above-stick-meta":"","header-main-stick-meta":"","header-below-stick-meta":"","astra-migrate-meta-layouts":"default","ast-page-background-enabled":"default","ast-page-background-meta":{"desktop":{"background-color":"","background-image":"","background-repeat":"repeat","background-position":"center center","background-size":"auto","background-attachment":"scroll","background-type":"","background-media":"","overlay-type":"","overlay-color":"","overlay-opacity":"","overlay-gradient":""},"tablet":{"background-color":"","background-image":"","background-repeat":"repeat","background-position":"center center","background-size":"auto","background-attachment":"scroll","background-type":"","background-media":"","overlay-type":"","overlay-color":"","overlay-opacity":"","overlay-gradient":""},"mobile":{"background-color":"","background-image":"","background-repeat":"repeat","background-position":"center center","background-size":"auto","background-attachment":"scroll","background-type":"","background-media":"","overlay-type":"","overlay-color":"","overlay-opacity":"","overlay-gradient":""}},"ast-content-background-meta":{"desktop":{"background-color":"var(--ast-global-color-5)","background-image":"","background-repeat":"repeat","background-position":"center center","background-size":"auto","background-attachment":"scroll","background-type":"","background-media":"","overlay-type":"","overlay-color":"","overlay-opacity":"","overlay-gradient":""},"tablet":{"background-color":"var(--ast-global-color-5)","background-image":"","background-repeat":"repeat","background-position":"center center","background-size":"auto","background-attachment":"scroll","background-type":"","background-media":"","overlay-type":"","overlay-color":"","overlay-opacity":"","overlay-gradient":""},"mobile":{"background-color":"var(--ast-global-color-5)","background-image":"","background-repeat":"repeat","background-position":"center center","background-size":"auto","background-attachment":"scroll","background-type":"","background-media":"","overlay-type":"","overlay-color":"","overlay-opacity":"","overlay-gradient":""}}},"product_brand":[],"product_cat":[82],"product_tag":[87],"class_list":{"0":"post-2077","1":"product","2":"type-product","3":"status-publish","4":"has-post-thumbnail","6":"product_cat-pensamiento-ca","7":"product_tag-bartlebooth-ca","8":"desktop-align-left","9":"tablet-align-left","10":"mobile-align-left","12":"first","13":"instock","14":"shipping-taxable","15":"purchasable","16":"product-type-simple"},"acf":[],"yoast_head":"<!-- This site is optimized with the Yoast SEO plugin v27.3 - https:\/\/yoast.com\/product\/yoast-seo-wordpress\/ -->\n<title>M\u00e1s all\u00e1 de lo humano - ArtsLibris<\/title>\n<meta name=\"description\" content=\"Botiga Arts Libris - DDVV - M\u00e1s all\u00e1 de lo humano\" \/>\n<meta name=\"robots\" content=\"index, follow, max-snippet:-1, max-image-preview:large, max-video-preview:-1\" \/>\n<link rel=\"canonical\" href=\"https:\/\/artslibris.cat\/ca\/tienda\/pensamiento-ca\/mas-alla-de-lo-humano\/\" \/>\n<meta property=\"og:locale\" content=\"ca_ES\" \/>\n<meta property=\"og:type\" content=\"article\" \/>\n<meta property=\"og:title\" content=\"M\u00e1s all\u00e1 de lo humano - ArtsLibris\" \/>\n<meta property=\"og:description\" content=\"Botiga Arts Libris - DDVV - M\u00e1s all\u00e1 de lo humano\" \/>\n<meta property=\"og:url\" content=\"https:\/\/artslibris.cat\/ca\/tienda\/pensamiento-ca\/mas-alla-de-lo-humano\/\" \/>\n<meta property=\"og:site_name\" content=\"ArtsLibris\" \/>\n<meta property=\"article:publisher\" content=\"https:\/\/www.facebook.com\/artslibris\/\" \/>\n<meta property=\"og:image\" content=\"https:\/\/artslibris.cat\/wp-content\/uploads\/2020\/09\/ArtsLibris-Bartlebooth-Mas-alla-de-lo-humano.jpg\" \/>\n\t<meta property=\"og:image:width\" content=\"750\" \/>\n\t<meta property=\"og:image:height\" content=\"500\" \/>\n\t<meta property=\"og:image:type\" content=\"image\/jpeg\" \/>\n<meta name=\"twitter:card\" content=\"summary_large_image\" \/>\n<meta name=\"twitter:site\" content=\"@ArtsLibris\" \/>\n<meta name=\"twitter:label1\" content=\"Temps estimat de lectura\" \/>\n\t<meta name=\"twitter:data1\" content=\"1 minut\" \/>\n<script type=\"application\/ld+json\" class=\"yoast-schema-graph\">{\"@context\":\"https:\\\/\\\/schema.org\",\"@graph\":[{\"@type\":\"WebPage\",\"@id\":\"https:\\\/\\\/artslibris.cat\\\/ca\\\/tienda\\\/pensamiento-ca\\\/mas-alla-de-lo-humano\\\/\",\"url\":\"https:\\\/\\\/artslibris.cat\\\/ca\\\/tienda\\\/pensamiento-ca\\\/mas-alla-de-lo-humano\\\/\",\"name\":\"M\u00e1s all\u00e1 de lo humano - ArtsLibris\",\"isPartOf\":{\"@id\":\"https:\\\/\\\/artslibris.cat\\\/ca\\\/#website\"},\"primaryImageOfPage\":{\"@id\":\"https:\\\/\\\/artslibris.cat\\\/ca\\\/tienda\\\/pensamiento-ca\\\/mas-alla-de-lo-humano\\\/#primaryimage\"},\"image\":{\"@id\":\"https:\\\/\\\/artslibris.cat\\\/ca\\\/tienda\\\/pensamiento-ca\\\/mas-alla-de-lo-humano\\\/#primaryimage\"},\"thumbnailUrl\":\"https:\\\/\\\/artslibris.cat\\\/wp-content\\\/uploads\\\/2020\\\/09\\\/ArtsLibris-Bartlebooth-Mas-alla-de-lo-humano.jpg\",\"datePublished\":\"2020-10-05T13:49:58+00:00\",\"description\":\"Botiga Arts Libris - DDVV - M\u00e1s all\u00e1 de lo humano\",\"breadcrumb\":{\"@id\":\"https:\\\/\\\/artslibris.cat\\\/ca\\\/tienda\\\/pensamiento-ca\\\/mas-alla-de-lo-humano\\\/#breadcrumb\"},\"inLanguage\":\"ca\",\"potentialAction\":[{\"@type\":\"ReadAction\",\"target\":[\"https:\\\/\\\/artslibris.cat\\\/ca\\\/tienda\\\/pensamiento-ca\\\/mas-alla-de-lo-humano\\\/\"]}]},{\"@type\":\"ImageObject\",\"inLanguage\":\"ca\",\"@id\":\"https:\\\/\\\/artslibris.cat\\\/ca\\\/tienda\\\/pensamiento-ca\\\/mas-alla-de-lo-humano\\\/#primaryimage\",\"url\":\"https:\\\/\\\/artslibris.cat\\\/wp-content\\\/uploads\\\/2020\\\/09\\\/ArtsLibris-Bartlebooth-Mas-alla-de-lo-humano.jpg\",\"contentUrl\":\"https:\\\/\\\/artslibris.cat\\\/wp-content\\\/uploads\\\/2020\\\/09\\\/ArtsLibris-Bartlebooth-Mas-alla-de-lo-humano.jpg\",\"width\":750,\"height\":500},{\"@type\":\"BreadcrumbList\",\"@id\":\"https:\\\/\\\/artslibris.cat\\\/ca\\\/tienda\\\/pensamiento-ca\\\/mas-alla-de-lo-humano\\\/#breadcrumb\",\"itemListElement\":[{\"@type\":\"ListItem\",\"position\":1,\"name\":\"Portada\",\"item\":\"https:\\\/\\\/artslibris.cat\\\/ca\\\/\"},{\"@type\":\"ListItem\",\"position\":2,\"name\":\"Tenda\",\"item\":\"https:\\\/\\\/artslibris.cat\\\/ca\\\/tenda\\\/\"},{\"@type\":\"ListItem\",\"position\":3,\"name\":\"M\u00e1s all\u00e1 de lo humano\"}]},{\"@type\":\"WebSite\",\"@id\":\"https:\\\/\\\/artslibris.cat\\\/ca\\\/#website\",\"url\":\"https:\\\/\\\/artslibris.cat\\\/ca\\\/\",\"name\":\"ArtsLibris\",\"description\":\"\",\"publisher\":{\"@id\":\"https:\\\/\\\/artslibris.cat\\\/ca\\\/#organization\"},\"potentialAction\":[{\"@type\":\"SearchAction\",\"target\":{\"@type\":\"EntryPoint\",\"urlTemplate\":\"https:\\\/\\\/artslibris.cat\\\/ca\\\/?s={search_term_string}\"},\"query-input\":{\"@type\":\"PropertyValueSpecification\",\"valueRequired\":true,\"valueName\":\"search_term_string\"}}],\"inLanguage\":\"ca\"},{\"@type\":\"Organization\",\"@id\":\"https:\\\/\\\/artslibris.cat\\\/ca\\\/#organization\",\"name\":\"ArtsLibris\",\"url\":\"https:\\\/\\\/artslibris.cat\\\/ca\\\/\",\"logo\":{\"@type\":\"ImageObject\",\"inLanguage\":\"ca\",\"@id\":\"https:\\\/\\\/artslibris.cat\\\/ca\\\/#\\\/schema\\\/logo\\\/image\\\/\",\"url\":\"https:\\\/\\\/artslibris.cat\\\/wp-content\\\/uploads\\\/2020\\\/05\\\/ArtsLibris-logo-black.svg\",\"contentUrl\":\"https:\\\/\\\/artslibris.cat\\\/wp-content\\\/uploads\\\/2020\\\/05\\\/ArtsLibris-logo-black.svg\",\"width\":521,\"height\":85,\"caption\":\"ArtsLibris\"},\"image\":{\"@id\":\"https:\\\/\\\/artslibris.cat\\\/ca\\\/#\\\/schema\\\/logo\\\/image\\\/\"},\"sameAs\":[\"https:\\\/\\\/www.facebook.com\\\/artslibris\\\/\",\"https:\\\/\\\/x.com\\\/ArtsLibris\",\"https:\\\/\\\/www.instagram.com\\\/artslibris\\\/\"]}]}<\/script>\n<!-- \/ Yoast SEO plugin. -->","yoast_head_json":{"title":"M\u00e1s all\u00e1 de lo humano - ArtsLibris","description":"Botiga Arts Libris - DDVV - M\u00e1s all\u00e1 de lo humano","robots":{"index":"index","follow":"follow","max-snippet":"max-snippet:-1","max-image-preview":"max-image-preview:large","max-video-preview":"max-video-preview:-1"},"canonical":"https:\/\/artslibris.cat\/ca\/tienda\/pensamiento-ca\/mas-alla-de-lo-humano\/","og_locale":"ca_ES","og_type":"article","og_title":"M\u00e1s all\u00e1 de lo humano - ArtsLibris","og_description":"Botiga Arts Libris - DDVV - M\u00e1s all\u00e1 de lo humano","og_url":"https:\/\/artslibris.cat\/ca\/tienda\/pensamiento-ca\/mas-alla-de-lo-humano\/","og_site_name":"ArtsLibris","article_publisher":"https:\/\/www.facebook.com\/artslibris\/","og_image":[{"width":750,"height":500,"url":"https:\/\/artslibris.cat\/wp-content\/uploads\/2020\/09\/ArtsLibris-Bartlebooth-Mas-alla-de-lo-humano.jpg","type":"image\/jpeg"}],"twitter_card":"summary_large_image","twitter_site":"@ArtsLibris","twitter_misc":{"Temps estimat de lectura":"1 minut"},"schema":{"@context":"https:\/\/schema.org","@graph":[{"@type":"WebPage","@id":"https:\/\/artslibris.cat\/ca\/tienda\/pensamiento-ca\/mas-alla-de-lo-humano\/","url":"https:\/\/artslibris.cat\/ca\/tienda\/pensamiento-ca\/mas-alla-de-lo-humano\/","name":"M\u00e1s all\u00e1 de lo humano - ArtsLibris","isPartOf":{"@id":"https:\/\/artslibris.cat\/ca\/#website"},"primaryImageOfPage":{"@id":"https:\/\/artslibris.cat\/ca\/tienda\/pensamiento-ca\/mas-alla-de-lo-humano\/#primaryimage"},"image":{"@id":"https:\/\/artslibris.cat\/ca\/tienda\/pensamiento-ca\/mas-alla-de-lo-humano\/#primaryimage"},"thumbnailUrl":"https:\/\/artslibris.cat\/wp-content\/uploads\/2020\/09\/ArtsLibris-Bartlebooth-Mas-alla-de-lo-humano.jpg","datePublished":"2020-10-05T13:49:58+00:00","description":"Botiga Arts Libris - DDVV - M\u00e1s all\u00e1 de lo humano","breadcrumb":{"@id":"https:\/\/artslibris.cat\/ca\/tienda\/pensamiento-ca\/mas-alla-de-lo-humano\/#breadcrumb"},"inLanguage":"ca","potentialAction":[{"@type":"ReadAction","target":["https:\/\/artslibris.cat\/ca\/tienda\/pensamiento-ca\/mas-alla-de-lo-humano\/"]}]},{"@type":"ImageObject","inLanguage":"ca","@id":"https:\/\/artslibris.cat\/ca\/tienda\/pensamiento-ca\/mas-alla-de-lo-humano\/#primaryimage","url":"https:\/\/artslibris.cat\/wp-content\/uploads\/2020\/09\/ArtsLibris-Bartlebooth-Mas-alla-de-lo-humano.jpg","contentUrl":"https:\/\/artslibris.cat\/wp-content\/uploads\/2020\/09\/ArtsLibris-Bartlebooth-Mas-alla-de-lo-humano.jpg","width":750,"height":500},{"@type":"BreadcrumbList","@id":"https:\/\/artslibris.cat\/ca\/tienda\/pensamiento-ca\/mas-alla-de-lo-humano\/#breadcrumb","itemListElement":[{"@type":"ListItem","position":1,"name":"Portada","item":"https:\/\/artslibris.cat\/ca\/"},{"@type":"ListItem","position":2,"name":"Tenda","item":"https:\/\/artslibris.cat\/ca\/tenda\/"},{"@type":"ListItem","position":3,"name":"M\u00e1s all\u00e1 de lo humano"}]},{"@type":"WebSite","@id":"https:\/\/artslibris.cat\/ca\/#website","url":"https:\/\/artslibris.cat\/ca\/","name":"ArtsLibris","description":"","publisher":{"@id":"https:\/\/artslibris.cat\/ca\/#organization"},"potentialAction":[{"@type":"SearchAction","target":{"@type":"EntryPoint","urlTemplate":"https:\/\/artslibris.cat\/ca\/?s={search_term_string}"},"query-input":{"@type":"PropertyValueSpecification","valueRequired":true,"valueName":"search_term_string"}}],"inLanguage":"ca"},{"@type":"Organization","@id":"https:\/\/artslibris.cat\/ca\/#organization","name":"ArtsLibris","url":"https:\/\/artslibris.cat\/ca\/","logo":{"@type":"ImageObject","inLanguage":"ca","@id":"https:\/\/artslibris.cat\/ca\/#\/schema\/logo\/image\/","url":"https:\/\/artslibris.cat\/wp-content\/uploads\/2020\/05\/ArtsLibris-logo-black.svg","contentUrl":"https:\/\/artslibris.cat\/wp-content\/uploads\/2020\/05\/ArtsLibris-logo-black.svg","width":521,"height":85,"caption":"ArtsLibris"},"image":{"@id":"https:\/\/artslibris.cat\/ca\/#\/schema\/logo\/image\/"},"sameAs":["https:\/\/www.facebook.com\/artslibris\/","https:\/\/x.com\/ArtsLibris","https:\/\/www.instagram.com\/artslibris\/"]}]}},"_links":{"self":[{"href":"https:\/\/artslibris.cat\/ca\/wp-json\/wp\/v2\/product\/2077","targetHints":{"allow":["GET"]}}],"collection":[{"href":"https:\/\/artslibris.cat\/ca\/wp-json\/wp\/v2\/product"}],"about":[{"href":"https:\/\/artslibris.cat\/ca\/wp-json\/wp\/v2\/types\/product"}],"wp:featuredmedia":[{"embeddable":true,"href":"https:\/\/artslibris.cat\/ca\/wp-json\/wp\/v2\/media\/1806"}],"wp:attachment":[{"href":"https:\/\/artslibris.cat\/ca\/wp-json\/wp\/v2\/media?parent=2077"}],"wp:term":[{"taxonomy":"product_brand","embeddable":true,"href":"https:\/\/artslibris.cat\/ca\/wp-json\/wp\/v2\/product_brand?post=2077"},{"taxonomy":"product_cat","embeddable":true,"href":"https:\/\/artslibris.cat\/ca\/wp-json\/wp\/v2\/product_cat?post=2077"},{"taxonomy":"product_tag","embeddable":true,"href":"https:\/\/artslibris.cat\/ca\/wp-json\/wp\/v2\/product_tag?post=2077"}],"curies":[{"name":"wp","href":"https:\/\/api.w.org\/{rel}","templated":true}]}}