{"id":20555,"date":"2022-10-25T17:52:49","date_gmt":"2022-10-25T17:52:49","guid":{"rendered":"https:\/\/artslibris.cat\/tienda\/Sense%20categoria\/satori-time\/"},"modified":"2025-12-16T17:04:51","modified_gmt":"2025-12-16T17:04:51","slug":"satori-time","status":"publish","type":"product","link":"https:\/\/artslibris.cat\/ca\/tienda\/fotolibro-ca\/satori-time\/","title":{"rendered":"Satori time"},"content":{"rendered":"<p>Satori Time,\u00a0 es un fotolibro de edici\u00f3n limitada de 40 ejemplares que establece un paralelismo entre el proceso de fotograf\u00eda anal\u00f3gica y el proceso artesanal de la agricultura regenerativa que realiza una bodega de alta gama de la DOQ Priorat.<\/p>\n<p>La idea es desarrollar un lenguaje visual mediante la creaci\u00f3n del imaginario singular de un vino. Reflejar el sol como totalidad de la energ\u00eda recibida por las vides y la relaci\u00f3n del equipo humano con la tierra.<\/p>\n<p>Satori Time nace en resonancia con estos conceptos:<\/p>\n<p>Imagen latente | Luz-Espacio-Tiempo | Mirada-Observaci\u00f3n | Proceso tradicional | Ciclo vegetal | Agricultura regenerativa | Tiempo de maduraci\u00f3n | Presente | Calma-Reflexi\u00f3n | Escucha-Comprensi\u00f3n | Ahora y aqu\u00ed | Fotograf\u00eda anal\u00f3gica.<\/p>\n<p>Se elije la solarigraf\u00eda como medio para obtener una imagen latente que registra el recorrido diario del Sol a lo largo del cielo con tiempos de exposici\u00f3n muy largos, que muestran espectros de luz que el ojo humano no puede ver.<\/p>\n<p>Igual que una botella de vino, una c\u00e1mara solarigr\u00e1fica es una c\u00e1psula del tiempo. Ambas son capaces de contener el tiempo en un solo instante. Estas solarigraf\u00edas se realizan con una c\u00e1mara estenopeica construida manualmente y papel fotogr\u00e1fico anal\u00f3gico que tras una larga exposici\u00f3n se procesa digitalmente.<\/p>\n<p>En paralelo a las solarigrafias, se realiza un reportaje en fotograf\u00eda anal\u00f3gica blanco y negro para captar los ritmos y pulsaciones del equipo humano en el proceso de la viticultura.<\/p>\n<p>En contraposici\u00f3n al volumen ingente de fotograf\u00edas digitales, Satori Time vuelve a la observaci\u00f3n, a la mirada anal\u00f3gica y a los procesos manuales de revelado. El ahora y el aqu\u00ed.<\/p>\n<p>Como si de un sommelier visual se tratara, descubrimos una nueva capa de contenidos de un vino desde un punto de vista no visto, no perceptible por nuestros ojos, que nos permitir\u00e1 llegar a un nivel de comprensi\u00f3n m\u00e1s profundo y sentir el ahora y el aqu\u00ed, un momento Satori.<\/p>\n","protected":false},"excerpt":{"rendered":"<p>Autoedici\u00f3n<\/p>\n<p>Autor: Xavier Vaqu\u00e9<\/p>\n<p>Medidas: 24&#215;33 cm<\/p>\n<p>A\u00f1o: 2021<\/p>\n","protected":false},"featured_media":20516,"template":"","meta":{"_acf_changed":false,"site-sidebar-layout":"default","site-content-layout":"default","ast-site-content-layout":"default","site-content-style":"default","site-sidebar-style":"default","ast-global-header-display":"","ast-banner-title-visibility":"","ast-main-header-display":"","ast-hfb-above-header-display":"","ast-hfb-below-header-display":"","ast-hfb-mobile-header-display":"","site-post-title":"","ast-breadcrumbs-content":"","ast-featured-img":"","footer-sml-layout":"","ast-disable-related-posts":"","theme-transparent-header-meta":"","adv-header-id-meta":"","stick-header-meta":"","header-above-stick-meta":"","header-main-stick-meta":"","header-below-stick-meta":"","astra-migrate-meta-layouts":"default","ast-page-background-enabled":"default","ast-page-background-meta":{"desktop":{"background-color":"","background-image":"","background-repeat":"repeat","background-position":"center center","background-size":"auto","background-attachment":"scroll","background-type":"","background-media":"","overlay-type":"","overlay-color":"","overlay-opacity":"","overlay-gradient":""},"tablet":{"background-color":"","background-image":"","background-repeat":"repeat","background-position":"center center","background-size":"auto","background-attachment":"scroll","background-type":"","background-media":"","overlay-type":"","overlay-color":"","overlay-opacity":"","overlay-gradient":""},"mobile":{"background-color":"","background-image":"","background-repeat":"repeat","background-position":"center center","background-size":"auto","background-attachment":"scroll","background-type":"","background-media":"","overlay-type":"","overlay-color":"","overlay-opacity":"","overlay-gradient":""}},"ast-content-background-meta":{"desktop":{"background-color":"var(--ast-global-color-5)","background-image":"","background-repeat":"repeat","background-position":"center center","background-size":"auto","background-attachment":"scroll","background-type":"","background-media":"","overlay-type":"","overlay-color":"","overlay-opacity":"","overlay-gradient":""},"tablet":{"background-color":"var(--ast-global-color-5)","background-image":"","background-repeat":"repeat","background-position":"center center","background-size":"auto","background-attachment":"scroll","background-type":"","background-media":"","overlay-type":"","overlay-color":"","overlay-opacity":"","overlay-gradient":""},"mobile":{"background-color":"var(--ast-global-color-5)","background-image":"","background-repeat":"repeat","background-position":"center center","background-size":"auto","background-attachment":"scroll","background-type":"","background-media":"","overlay-type":"","overlay-color":"","overlay-opacity":"","overlay-gradient":""}}},"product_brand":[],"product_cat":[273,101,88],"product_tag":[420],"class_list":{"0":"post-20555","1":"product","2":"type-product","3":"status-publish","4":"has-post-thumbnail","6":"product_cat-autoedicion-ca","7":"product_cat-destacados-ca","8":"product_cat-fotolibro-ca","9":"product_tag-autoedicion-ca","10":"desktop-align-left","11":"tablet-align-left","12":"mobile-align-left","14":"first","15":"instock","16":"shipping-taxable","17":"purchasable","18":"product-type-simple"},"acf":[],"yoast_head":"<!-- This site is optimized with the Yoast SEO plugin v27.3 - https:\/\/yoast.com\/product\/yoast-seo-wordpress\/ -->\n<title>Satori time - ArtsLibris<\/title>\n<meta name=\"robots\" content=\"index, follow, max-snippet:-1, max-image-preview:large, max-video-preview:-1\" \/>\n<link rel=\"canonical\" href=\"https:\/\/artslibris.cat\/ca\/tienda\/fotolibro-ca\/satori-time\/\" \/>\n<meta property=\"og:locale\" content=\"ca_ES\" \/>\n<meta property=\"og:type\" content=\"article\" \/>\n<meta property=\"og:title\" content=\"Satori time - ArtsLibris\" \/>\n<meta property=\"og:description\" content=\"Autoedici\u00f3n Autor: Xavier Vaqu\u00e9 Medidas: 24x33 cm A\u00f1o: 2021\" \/>\n<meta property=\"og:url\" content=\"https:\/\/artslibris.cat\/ca\/tienda\/fotolibro-ca\/satori-time\/\" \/>\n<meta property=\"og:site_name\" content=\"ArtsLibris\" \/>\n<meta property=\"article:publisher\" content=\"https:\/\/www.facebook.com\/artslibris\/\" \/>\n<meta property=\"article:modified_time\" content=\"2025-12-16T17:04:51+00:00\" \/>\n<meta property=\"og:image\" content=\"https:\/\/artslibris.cat\/wp-content\/uploads\/2022\/10\/satori-time-xavier-vaque-01.jpg\" \/>\n\t<meta property=\"og:image:width\" content=\"853\" \/>\n\t<meta property=\"og:image:height\" content=\"1280\" \/>\n\t<meta property=\"og:image:type\" content=\"image\/jpeg\" \/>\n<meta name=\"twitter:card\" content=\"summary_large_image\" \/>\n<meta name=\"twitter:site\" content=\"@ArtsLibris\" \/>\n<meta name=\"twitter:label1\" content=\"Temps estimat de lectura\" \/>\n\t<meta name=\"twitter:data1\" content=\"2 minuts\" \/>\n<script type=\"application\/ld+json\" class=\"yoast-schema-graph\">{\"@context\":\"https:\\\/\\\/schema.org\",\"@graph\":[{\"@type\":\"WebPage\",\"@id\":\"https:\\\/\\\/artslibris.cat\\\/ca\\\/tienda\\\/fotolibro-ca\\\/satori-time\\\/\",\"url\":\"https:\\\/\\\/artslibris.cat\\\/ca\\\/tienda\\\/fotolibro-ca\\\/satori-time\\\/\",\"name\":\"Satori time - ArtsLibris\",\"isPartOf\":{\"@id\":\"https:\\\/\\\/artslibris.cat\\\/ca\\\/#website\"},\"primaryImageOfPage\":{\"@id\":\"https:\\\/\\\/artslibris.cat\\\/ca\\\/tienda\\\/fotolibro-ca\\\/satori-time\\\/#primaryimage\"},\"image\":{\"@id\":\"https:\\\/\\\/artslibris.cat\\\/ca\\\/tienda\\\/fotolibro-ca\\\/satori-time\\\/#primaryimage\"},\"thumbnailUrl\":\"https:\\\/\\\/artslibris.cat\\\/wp-content\\\/uploads\\\/2022\\\/10\\\/satori-time-xavier-vaque-01.jpg\",\"datePublished\":\"2022-10-25T17:52:49+00:00\",\"dateModified\":\"2025-12-16T17:04:51+00:00\",\"breadcrumb\":{\"@id\":\"https:\\\/\\\/artslibris.cat\\\/ca\\\/tienda\\\/fotolibro-ca\\\/satori-time\\\/#breadcrumb\"},\"inLanguage\":\"ca\",\"potentialAction\":[{\"@type\":\"ReadAction\",\"target\":[\"https:\\\/\\\/artslibris.cat\\\/ca\\\/tienda\\\/fotolibro-ca\\\/satori-time\\\/\"]}]},{\"@type\":\"ImageObject\",\"inLanguage\":\"ca\",\"@id\":\"https:\\\/\\\/artslibris.cat\\\/ca\\\/tienda\\\/fotolibro-ca\\\/satori-time\\\/#primaryimage\",\"url\":\"https:\\\/\\\/artslibris.cat\\\/wp-content\\\/uploads\\\/2022\\\/10\\\/satori-time-xavier-vaque-01.jpg\",\"contentUrl\":\"https:\\\/\\\/artslibris.cat\\\/wp-content\\\/uploads\\\/2022\\\/10\\\/satori-time-xavier-vaque-01.jpg\",\"width\":853,\"height\":1280},{\"@type\":\"BreadcrumbList\",\"@id\":\"https:\\\/\\\/artslibris.cat\\\/ca\\\/tienda\\\/fotolibro-ca\\\/satori-time\\\/#breadcrumb\",\"itemListElement\":[{\"@type\":\"ListItem\",\"position\":1,\"name\":\"Portada\",\"item\":\"https:\\\/\\\/artslibris.cat\\\/ca\\\/\"},{\"@type\":\"ListItem\",\"position\":2,\"name\":\"Tenda\",\"item\":\"https:\\\/\\\/artslibris.cat\\\/ca\\\/tenda\\\/\"},{\"@type\":\"ListItem\",\"position\":3,\"name\":\"Satori time\"}]},{\"@type\":\"WebSite\",\"@id\":\"https:\\\/\\\/artslibris.cat\\\/ca\\\/#website\",\"url\":\"https:\\\/\\\/artslibris.cat\\\/ca\\\/\",\"name\":\"ArtsLibris\",\"description\":\"\",\"publisher\":{\"@id\":\"https:\\\/\\\/artslibris.cat\\\/ca\\\/#organization\"},\"potentialAction\":[{\"@type\":\"SearchAction\",\"target\":{\"@type\":\"EntryPoint\",\"urlTemplate\":\"https:\\\/\\\/artslibris.cat\\\/ca\\\/?s={search_term_string}\"},\"query-input\":{\"@type\":\"PropertyValueSpecification\",\"valueRequired\":true,\"valueName\":\"search_term_string\"}}],\"inLanguage\":\"ca\"},{\"@type\":\"Organization\",\"@id\":\"https:\\\/\\\/artslibris.cat\\\/ca\\\/#organization\",\"name\":\"ArtsLibris\",\"url\":\"https:\\\/\\\/artslibris.cat\\\/ca\\\/\",\"logo\":{\"@type\":\"ImageObject\",\"inLanguage\":\"ca\",\"@id\":\"https:\\\/\\\/artslibris.cat\\\/ca\\\/#\\\/schema\\\/logo\\\/image\\\/\",\"url\":\"https:\\\/\\\/artslibris.cat\\\/wp-content\\\/uploads\\\/2020\\\/05\\\/ArtsLibris-logo-black.svg\",\"contentUrl\":\"https:\\\/\\\/artslibris.cat\\\/wp-content\\\/uploads\\\/2020\\\/05\\\/ArtsLibris-logo-black.svg\",\"width\":521,\"height\":85,\"caption\":\"ArtsLibris\"},\"image\":{\"@id\":\"https:\\\/\\\/artslibris.cat\\\/ca\\\/#\\\/schema\\\/logo\\\/image\\\/\"},\"sameAs\":[\"https:\\\/\\\/www.facebook.com\\\/artslibris\\\/\",\"https:\\\/\\\/x.com\\\/ArtsLibris\",\"https:\\\/\\\/www.instagram.com\\\/artslibris\\\/\"]}]}<\/script>\n<!-- \/ Yoast SEO plugin. -->","yoast_head_json":{"title":"Satori time - ArtsLibris","robots":{"index":"index","follow":"follow","max-snippet":"max-snippet:-1","max-image-preview":"max-image-preview:large","max-video-preview":"max-video-preview:-1"},"canonical":"https:\/\/artslibris.cat\/ca\/tienda\/fotolibro-ca\/satori-time\/","og_locale":"ca_ES","og_type":"article","og_title":"Satori time - ArtsLibris","og_description":"Autoedici\u00f3n Autor: Xavier Vaqu\u00e9 Medidas: 24x33 cm A\u00f1o: 2021","og_url":"https:\/\/artslibris.cat\/ca\/tienda\/fotolibro-ca\/satori-time\/","og_site_name":"ArtsLibris","article_publisher":"https:\/\/www.facebook.com\/artslibris\/","article_modified_time":"2025-12-16T17:04:51+00:00","og_image":[{"width":853,"height":1280,"url":"https:\/\/artslibris.cat\/wp-content\/uploads\/2022\/10\/satori-time-xavier-vaque-01.jpg","type":"image\/jpeg"}],"twitter_card":"summary_large_image","twitter_site":"@ArtsLibris","twitter_misc":{"Temps estimat de lectura":"2 minuts"},"schema":{"@context":"https:\/\/schema.org","@graph":[{"@type":"WebPage","@id":"https:\/\/artslibris.cat\/ca\/tienda\/fotolibro-ca\/satori-time\/","url":"https:\/\/artslibris.cat\/ca\/tienda\/fotolibro-ca\/satori-time\/","name":"Satori time - ArtsLibris","isPartOf":{"@id":"https:\/\/artslibris.cat\/ca\/#website"},"primaryImageOfPage":{"@id":"https:\/\/artslibris.cat\/ca\/tienda\/fotolibro-ca\/satori-time\/#primaryimage"},"image":{"@id":"https:\/\/artslibris.cat\/ca\/tienda\/fotolibro-ca\/satori-time\/#primaryimage"},"thumbnailUrl":"https:\/\/artslibris.cat\/wp-content\/uploads\/2022\/10\/satori-time-xavier-vaque-01.jpg","datePublished":"2022-10-25T17:52:49+00:00","dateModified":"2025-12-16T17:04:51+00:00","breadcrumb":{"@id":"https:\/\/artslibris.cat\/ca\/tienda\/fotolibro-ca\/satori-time\/#breadcrumb"},"inLanguage":"ca","potentialAction":[{"@type":"ReadAction","target":["https:\/\/artslibris.cat\/ca\/tienda\/fotolibro-ca\/satori-time\/"]}]},{"@type":"ImageObject","inLanguage":"ca","@id":"https:\/\/artslibris.cat\/ca\/tienda\/fotolibro-ca\/satori-time\/#primaryimage","url":"https:\/\/artslibris.cat\/wp-content\/uploads\/2022\/10\/satori-time-xavier-vaque-01.jpg","contentUrl":"https:\/\/artslibris.cat\/wp-content\/uploads\/2022\/10\/satori-time-xavier-vaque-01.jpg","width":853,"height":1280},{"@type":"BreadcrumbList","@id":"https:\/\/artslibris.cat\/ca\/tienda\/fotolibro-ca\/satori-time\/#breadcrumb","itemListElement":[{"@type":"ListItem","position":1,"name":"Portada","item":"https:\/\/artslibris.cat\/ca\/"},{"@type":"ListItem","position":2,"name":"Tenda","item":"https:\/\/artslibris.cat\/ca\/tenda\/"},{"@type":"ListItem","position":3,"name":"Satori time"}]},{"@type":"WebSite","@id":"https:\/\/artslibris.cat\/ca\/#website","url":"https:\/\/artslibris.cat\/ca\/","name":"ArtsLibris","description":"","publisher":{"@id":"https:\/\/artslibris.cat\/ca\/#organization"},"potentialAction":[{"@type":"SearchAction","target":{"@type":"EntryPoint","urlTemplate":"https:\/\/artslibris.cat\/ca\/?s={search_term_string}"},"query-input":{"@type":"PropertyValueSpecification","valueRequired":true,"valueName":"search_term_string"}}],"inLanguage":"ca"},{"@type":"Organization","@id":"https:\/\/artslibris.cat\/ca\/#organization","name":"ArtsLibris","url":"https:\/\/artslibris.cat\/ca\/","logo":{"@type":"ImageObject","inLanguage":"ca","@id":"https:\/\/artslibris.cat\/ca\/#\/schema\/logo\/image\/","url":"https:\/\/artslibris.cat\/wp-content\/uploads\/2020\/05\/ArtsLibris-logo-black.svg","contentUrl":"https:\/\/artslibris.cat\/wp-content\/uploads\/2020\/05\/ArtsLibris-logo-black.svg","width":521,"height":85,"caption":"ArtsLibris"},"image":{"@id":"https:\/\/artslibris.cat\/ca\/#\/schema\/logo\/image\/"},"sameAs":["https:\/\/www.facebook.com\/artslibris\/","https:\/\/x.com\/ArtsLibris","https:\/\/www.instagram.com\/artslibris\/"]}]}},"_links":{"self":[{"href":"https:\/\/artslibris.cat\/ca\/wp-json\/wp\/v2\/product\/20555","targetHints":{"allow":["GET"]}}],"collection":[{"href":"https:\/\/artslibris.cat\/ca\/wp-json\/wp\/v2\/product"}],"about":[{"href":"https:\/\/artslibris.cat\/ca\/wp-json\/wp\/v2\/types\/product"}],"wp:featuredmedia":[{"embeddable":true,"href":"https:\/\/artslibris.cat\/ca\/wp-json\/wp\/v2\/media\/20516"}],"wp:attachment":[{"href":"https:\/\/artslibris.cat\/ca\/wp-json\/wp\/v2\/media?parent=20555"}],"wp:term":[{"taxonomy":"product_brand","embeddable":true,"href":"https:\/\/artslibris.cat\/ca\/wp-json\/wp\/v2\/product_brand?post=20555"},{"taxonomy":"product_cat","embeddable":true,"href":"https:\/\/artslibris.cat\/ca\/wp-json\/wp\/v2\/product_cat?post=20555"},{"taxonomy":"product_tag","embeddable":true,"href":"https:\/\/artslibris.cat\/ca\/wp-json\/wp\/v2\/product_tag?post=20555"}],"curies":[{"name":"wp","href":"https:\/\/api.w.org\/{rel}","templated":true}]}}