{"id":20074,"date":"2022-09-14T14:35:02","date_gmt":"2022-09-14T14:35:02","guid":{"rendered":"https:\/\/artslibris.cat\/tienda\/Sense%20categoria\/documents-on-raphael\/"},"modified":"2025-02-26T17:53:35","modified_gmt":"2025-02-26T17:53:35","slug":"documents-on-raphael","status":"publish","type":"product","link":"https:\/\/artslibris.cat\/ca\/tienda\/destacados-ca\/documents-on-raphael\/","title":{"rendered":"DOCUMENTS ON RAPHAEL"},"content":{"rendered":"<p>Los j\u00f3venes l\u00e1nguidos se tumban en los taburetes de terciopelo. Algunos apoyan con delicadeza sus finas manos en las empu\u00f1aduras de espadas doradas que nunca desenvainar\u00e1n. Otros sostienen peque\u00f1as redondeles de sus amadas mientras miran vagamente al espectador como si dijeran: &#8220;Vete a trabajar al campo, estoy ocupado&#8221;. Aunque en la Europa de los siglos XV y XVI se produjo un renacimiento historicista de la caballer\u00eda, demostrado a trav\u00e9s de la popularidad de Ariosto y de las innumerables pinturas de San Jorge matando al drag\u00f3n, la galanter\u00eda en la corte a menudo necesitaba ser trabajada. En 1528, Baldassarre Castiglione (de quien Rafael pint\u00f3 un retrato) public\u00f3 Il Cortegiano, o El libro del cortesano. En 1507, Castiglione instruye a los cortesanos en ciernes sobre los modales y el comportamiento, en forma de conversaci\u00f3n informal semip\u00fablica en la corte de Urbino. Las cortes ducales eran espacios sociales en los que la gente sol\u00eda comer, cagar y dormir juntos en grandes salas. Lo bien que se abriera una puerta a una dama pod\u00eda ser la diferencia entre agradar o molestar a alguien en posici\u00f3n de ayudar o dificultar su ascenso. El libro pretende que el cortesano est\u00e9 al tanto, no de los modales como un conjunto de reglas, sino como una gracia personal con la que deslumbrar al pr\u00edncipe al que se sirve. El \u00e9nfasis se pone en un estilo relajado de porte, que crea un aura de superioridad natural, una &#8220;elegancia&#8221; f\u00edsica nacida de una disposici\u00f3n abierta y f\u00e1cil, en movimientos \u00e1giles y suaves, y un semblante aristocr\u00e1tico. Este encanto de clase alta y sin esfuerzo fue acu\u00f1ado como sprezzatura.<\/p>\n<p>Alisando las aristas y los \u00e1ngulos inc\u00f3modos de un cuerpo &#8220;natural&#8221; rebelde, la sprezzatura es como un uniforme que oculta las irregularidades del comportamiento, ordenando al individuo. Por supuesto, la individualidad no siempre es deseable, sobre todo si un cortesano busca mezclarse y hacer parecer que pertenece. Como la actitud deseada es de distanciamiento amistoso, este c\u00f3digo permite que las intenciones internas pasen desapercibidas, del mismo modo que un bailar\u00edn de ballet oculta el esfuerzo f\u00edsico de un salto con una gr\u00e1cil curvatura de la columna vertebral. Por lo tanto, la Sprezzatura no es s\u00f3lo un uniforme, sino una m\u00e1scara. Seg\u00fan el libro, el cortesano debe enmascarar el esfuerzo y, al hacerlo, enmascarar la ambici\u00f3n: &#8220;\u00bfPor qu\u00e9 iba a molestarme en conspirar contra ti si apenas s\u00e9 qui\u00e9n eres?&#8221; En la \u00e9poca de Rafael y Castiglione, el int\u00e9rprete de la sprezzatura es un cortesano profesional, un agente socialmente aspirante a su propio \u00e9xito, que ocupa un espacio intermedio reconociblemente moderno entre el comerciante, el campesino y el pr\u00edncipe.<\/p>\n<p>\u00bfQui\u00e9nes son estos seres superiores que pueblan las escenas religiosas y filos\u00f3ficas de Rafael? Son un tipo ideal, y el libro del cortesano se esfuerza por inculcar ese ideal al lector. Sin embargo, la mejor forma de comunicar la sprezzatura no es a trav\u00e9s de los libros, sino de la pintura. La pintura es de gran tama\u00f1o, en color, y se encuentra en salas importantes de la ciudad. Por ello, su uso para comunicar el gesto y la pose era primordial, comparable al papel del cine para influir en el discurso. Mirando los cuadros, la gente pod\u00eda ver cu\u00e1les eran los &#8220;buenos&#8221; gestos. Gestos asociados con la divinidad y el poder (la mano de Miguel \u00c1ngel creando a Ad\u00e1n), con la virtud y la inteligencia (la Escuela de Atenas de Rafael), con la sofisticaci\u00f3n y el encanto (las manos de la Mona Lisa de Leonardo). Adem\u00e1s, s\u00f3lo en la generaci\u00f3n de Rafael la elegancia f\u00edsica se plasm\u00f3 de forma convincente. Las Venus y V\u00edrgenes de Botticelli o Signorelli pod\u00edan tener inclinaciones elegantes, pero sus dedos a\u00fan no se hab\u00edan librado de la bondad tardomedieval. La pintura proporciona el punto fijo de la pose, la posici\u00f3n a la que hay que llegar. Con esta plantilla no hay lugar para la interpretaci\u00f3n, a diferencia de, por ejemplo, tener que interpretar la palabra &#8220;refinado&#8221; en Il Cortegiano.<\/p>\n<p>&nbsp;<\/p>\n","protected":false},"excerpt":{"rendered":"<p>Los j\u00f3venes l\u00e1nguidos se tumban en los taburetes de terciopelo. Algunos apoyan con delicadeza sus finas manos en las empu\u00f1aduras de espadas doradas que nunca desenvainar\u00e1n. Otros sostienen peque\u00f1as redondeles de sus amadas mientras miran vagamente al espectador como si dijeran: &#8220;Vete a trabajar al campo, estoy ocupado&#8221;. Aunque en la Europa de los siglos [&hellip;]<\/p>\n","protected":false},"featured_media":20056,"template":"","meta":{"_acf_changed":false,"site-sidebar-layout":"default","site-content-layout":"default","ast-site-content-layout":"default","site-content-style":"default","site-sidebar-style":"default","ast-global-header-display":"","ast-banner-title-visibility":"","ast-main-header-display":"","ast-hfb-above-header-display":"","ast-hfb-below-header-display":"","ast-hfb-mobile-header-display":"","site-post-title":"","ast-breadcrumbs-content":"","ast-featured-img":"","footer-sml-layout":"","ast-disable-related-posts":"","theme-transparent-header-meta":"","adv-header-id-meta":"","stick-header-meta":"","header-above-stick-meta":"","header-main-stick-meta":"","header-below-stick-meta":"","astra-migrate-meta-layouts":"default","ast-page-background-enabled":"default","ast-page-background-meta":{"desktop":{"background-color":"","background-image":"","background-repeat":"repeat","background-position":"center center","background-size":"auto","background-attachment":"scroll","background-type":"","background-media":"","overlay-type":"","overlay-color":"","overlay-opacity":"","overlay-gradient":""},"tablet":{"background-color":"","background-image":"","background-repeat":"repeat","background-position":"center center","background-size":"auto","background-attachment":"scroll","background-type":"","background-media":"","overlay-type":"","overlay-color":"","overlay-opacity":"","overlay-gradient":""},"mobile":{"background-color":"","background-image":"","background-repeat":"repeat","background-position":"center center","background-size":"auto","background-attachment":"scroll","background-type":"","background-media":"","overlay-type":"","overlay-color":"","overlay-opacity":"","overlay-gradient":""}},"ast-content-background-meta":{"desktop":{"background-color":"var(--ast-global-color-5)","background-image":"","background-repeat":"repeat","background-position":"center center","background-size":"auto","background-attachment":"scroll","background-type":"","background-media":"","overlay-type":"","overlay-color":"","overlay-opacity":"","overlay-gradient":""},"tablet":{"background-color":"var(--ast-global-color-5)","background-image":"","background-repeat":"repeat","background-position":"center center","background-size":"auto","background-attachment":"scroll","background-type":"","background-media":"","overlay-type":"","overlay-color":"","overlay-opacity":"","overlay-gradient":""},"mobile":{"background-color":"var(--ast-global-color-5)","background-image":"","background-repeat":"repeat","background-position":"center center","background-size":"auto","background-attachment":"scroll","background-type":"","background-media":"","overlay-type":"","overlay-color":"","overlay-opacity":"","overlay-gradient":""}}},"product_brand":[],"product_cat":[101],"product_tag":[],"class_list":{"0":"post-20074","1":"product","2":"type-product","3":"status-publish","4":"has-post-thumbnail","6":"product_cat-destacados-ca","7":"desktop-align-left","8":"tablet-align-left","9":"mobile-align-left","11":"first","12":"instock","13":"shipping-taxable","14":"purchasable","15":"product-type-simple"},"acf":[],"yoast_head":"<!-- This site is optimized with the Yoast SEO plugin v27.3 - https:\/\/yoast.com\/product\/yoast-seo-wordpress\/ -->\n<title>DOCUMENTS ON RAPHAEL - ArtsLibris<\/title>\n<meta name=\"robots\" content=\"index, follow, max-snippet:-1, max-image-preview:large, max-video-preview:-1\" \/>\n<link rel=\"canonical\" href=\"https:\/\/artslibris.cat\/ca\/tienda\/destacados-ca\/documents-on-raphael\/\" \/>\n<meta property=\"og:locale\" content=\"ca_ES\" \/>\n<meta property=\"og:type\" content=\"article\" \/>\n<meta property=\"og:title\" content=\"DOCUMENTS ON RAPHAEL - ArtsLibris\" \/>\n<meta property=\"og:description\" content=\"Los j\u00f3venes l\u00e1nguidos se tumban en los taburetes de terciopelo. Algunos apoyan con delicadeza sus finas manos en las empu\u00f1aduras de espadas doradas que nunca desenvainar\u00e1n. Otros sostienen peque\u00f1as redondeles de sus amadas mientras miran vagamente al espectador como si dijeran: &#8220;Vete a trabajar al campo, estoy ocupado&#8221;. Aunque en la Europa de los siglos [&hellip;]\" \/>\n<meta property=\"og:url\" content=\"https:\/\/artslibris.cat\/ca\/tienda\/destacados-ca\/documents-on-raphael\/\" \/>\n<meta property=\"og:site_name\" content=\"ArtsLibris\" \/>\n<meta property=\"article:publisher\" content=\"https:\/\/www.facebook.com\/artslibris\/\" \/>\n<meta property=\"article:modified_time\" content=\"2025-02-26T17:53:35+00:00\" \/>\n<meta property=\"og:image\" content=\"https:\/\/artslibris.cat\/wp-content\/uploads\/2022\/09\/DSC04721_copia-scaled-2.jpeg\" \/>\n\t<meta property=\"og:image:width\" content=\"2560\" \/>\n\t<meta property=\"og:image:height\" content=\"1920\" \/>\n\t<meta property=\"og:image:type\" content=\"image\/jpeg\" \/>\n<meta name=\"twitter:card\" content=\"summary_large_image\" \/>\n<meta name=\"twitter:site\" content=\"@ArtsLibris\" \/>\n<meta name=\"twitter:label1\" content=\"Temps estimat de lectura\" \/>\n\t<meta name=\"twitter:data1\" content=\"3 minuts\" \/>\n<script type=\"application\/ld+json\" class=\"yoast-schema-graph\">{\"@context\":\"https:\\\/\\\/schema.org\",\"@graph\":[{\"@type\":\"WebPage\",\"@id\":\"https:\\\/\\\/artslibris.cat\\\/ca\\\/tienda\\\/destacados-ca\\\/documents-on-raphael\\\/\",\"url\":\"https:\\\/\\\/artslibris.cat\\\/ca\\\/tienda\\\/destacados-ca\\\/documents-on-raphael\\\/\",\"name\":\"DOCUMENTS ON RAPHAEL - ArtsLibris\",\"isPartOf\":{\"@id\":\"https:\\\/\\\/artslibris.cat\\\/ca\\\/#website\"},\"primaryImageOfPage\":{\"@id\":\"https:\\\/\\\/artslibris.cat\\\/ca\\\/tienda\\\/destacados-ca\\\/documents-on-raphael\\\/#primaryimage\"},\"image\":{\"@id\":\"https:\\\/\\\/artslibris.cat\\\/ca\\\/tienda\\\/destacados-ca\\\/documents-on-raphael\\\/#primaryimage\"},\"thumbnailUrl\":\"https:\\\/\\\/artslibris.cat\\\/wp-content\\\/uploads\\\/2022\\\/09\\\/DSC04721_copia-scaled-2.jpeg\",\"datePublished\":\"2022-09-14T14:35:02+00:00\",\"dateModified\":\"2025-02-26T17:53:35+00:00\",\"breadcrumb\":{\"@id\":\"https:\\\/\\\/artslibris.cat\\\/ca\\\/tienda\\\/destacados-ca\\\/documents-on-raphael\\\/#breadcrumb\"},\"inLanguage\":\"ca\",\"potentialAction\":[{\"@type\":\"ReadAction\",\"target\":[\"https:\\\/\\\/artslibris.cat\\\/ca\\\/tienda\\\/destacados-ca\\\/documents-on-raphael\\\/\"]}]},{\"@type\":\"ImageObject\",\"inLanguage\":\"ca\",\"@id\":\"https:\\\/\\\/artslibris.cat\\\/ca\\\/tienda\\\/destacados-ca\\\/documents-on-raphael\\\/#primaryimage\",\"url\":\"https:\\\/\\\/artslibris.cat\\\/wp-content\\\/uploads\\\/2022\\\/09\\\/DSC04721_copia-scaled-2.jpeg\",\"contentUrl\":\"https:\\\/\\\/artslibris.cat\\\/wp-content\\\/uploads\\\/2022\\\/09\\\/DSC04721_copia-scaled-2.jpeg\",\"width\":2560,\"height\":1920},{\"@type\":\"BreadcrumbList\",\"@id\":\"https:\\\/\\\/artslibris.cat\\\/ca\\\/tienda\\\/destacados-ca\\\/documents-on-raphael\\\/#breadcrumb\",\"itemListElement\":[{\"@type\":\"ListItem\",\"position\":1,\"name\":\"Portada\",\"item\":\"https:\\\/\\\/artslibris.cat\\\/ca\\\/\"},{\"@type\":\"ListItem\",\"position\":2,\"name\":\"Tenda\",\"item\":\"https:\\\/\\\/artslibris.cat\\\/ca\\\/tenda\\\/\"},{\"@type\":\"ListItem\",\"position\":3,\"name\":\"DOCUMENTS ON RAPHAEL\"}]},{\"@type\":\"WebSite\",\"@id\":\"https:\\\/\\\/artslibris.cat\\\/ca\\\/#website\",\"url\":\"https:\\\/\\\/artslibris.cat\\\/ca\\\/\",\"name\":\"ArtsLibris\",\"description\":\"\",\"publisher\":{\"@id\":\"https:\\\/\\\/artslibris.cat\\\/ca\\\/#organization\"},\"potentialAction\":[{\"@type\":\"SearchAction\",\"target\":{\"@type\":\"EntryPoint\",\"urlTemplate\":\"https:\\\/\\\/artslibris.cat\\\/ca\\\/?s={search_term_string}\"},\"query-input\":{\"@type\":\"PropertyValueSpecification\",\"valueRequired\":true,\"valueName\":\"search_term_string\"}}],\"inLanguage\":\"ca\"},{\"@type\":\"Organization\",\"@id\":\"https:\\\/\\\/artslibris.cat\\\/ca\\\/#organization\",\"name\":\"ArtsLibris\",\"url\":\"https:\\\/\\\/artslibris.cat\\\/ca\\\/\",\"logo\":{\"@type\":\"ImageObject\",\"inLanguage\":\"ca\",\"@id\":\"https:\\\/\\\/artslibris.cat\\\/ca\\\/#\\\/schema\\\/logo\\\/image\\\/\",\"url\":\"https:\\\/\\\/artslibris.cat\\\/wp-content\\\/uploads\\\/2020\\\/05\\\/ArtsLibris-logo-black.svg\",\"contentUrl\":\"https:\\\/\\\/artslibris.cat\\\/wp-content\\\/uploads\\\/2020\\\/05\\\/ArtsLibris-logo-black.svg\",\"width\":521,\"height\":85,\"caption\":\"ArtsLibris\"},\"image\":{\"@id\":\"https:\\\/\\\/artslibris.cat\\\/ca\\\/#\\\/schema\\\/logo\\\/image\\\/\"},\"sameAs\":[\"https:\\\/\\\/www.facebook.com\\\/artslibris\\\/\",\"https:\\\/\\\/x.com\\\/ArtsLibris\",\"https:\\\/\\\/www.instagram.com\\\/artslibris\\\/\"]}]}<\/script>\n<!-- \/ Yoast SEO plugin. -->","yoast_head_json":{"title":"DOCUMENTS ON RAPHAEL - ArtsLibris","robots":{"index":"index","follow":"follow","max-snippet":"max-snippet:-1","max-image-preview":"max-image-preview:large","max-video-preview":"max-video-preview:-1"},"canonical":"https:\/\/artslibris.cat\/ca\/tienda\/destacados-ca\/documents-on-raphael\/","og_locale":"ca_ES","og_type":"article","og_title":"DOCUMENTS ON RAPHAEL - ArtsLibris","og_description":"Los j\u00f3venes l\u00e1nguidos se tumban en los taburetes de terciopelo. Algunos apoyan con delicadeza sus finas manos en las empu\u00f1aduras de espadas doradas que nunca desenvainar\u00e1n. Otros sostienen peque\u00f1as redondeles de sus amadas mientras miran vagamente al espectador como si dijeran: &#8220;Vete a trabajar al campo, estoy ocupado&#8221;. Aunque en la Europa de los siglos [&hellip;]","og_url":"https:\/\/artslibris.cat\/ca\/tienda\/destacados-ca\/documents-on-raphael\/","og_site_name":"ArtsLibris","article_publisher":"https:\/\/www.facebook.com\/artslibris\/","article_modified_time":"2025-02-26T17:53:35+00:00","og_image":[{"width":2560,"height":1920,"url":"https:\/\/artslibris.cat\/wp-content\/uploads\/2022\/09\/DSC04721_copia-scaled-2.jpeg","type":"image\/jpeg"}],"twitter_card":"summary_large_image","twitter_site":"@ArtsLibris","twitter_misc":{"Temps estimat de lectura":"3 minuts"},"schema":{"@context":"https:\/\/schema.org","@graph":[{"@type":"WebPage","@id":"https:\/\/artslibris.cat\/ca\/tienda\/destacados-ca\/documents-on-raphael\/","url":"https:\/\/artslibris.cat\/ca\/tienda\/destacados-ca\/documents-on-raphael\/","name":"DOCUMENTS ON RAPHAEL - ArtsLibris","isPartOf":{"@id":"https:\/\/artslibris.cat\/ca\/#website"},"primaryImageOfPage":{"@id":"https:\/\/artslibris.cat\/ca\/tienda\/destacados-ca\/documents-on-raphael\/#primaryimage"},"image":{"@id":"https:\/\/artslibris.cat\/ca\/tienda\/destacados-ca\/documents-on-raphael\/#primaryimage"},"thumbnailUrl":"https:\/\/artslibris.cat\/wp-content\/uploads\/2022\/09\/DSC04721_copia-scaled-2.jpeg","datePublished":"2022-09-14T14:35:02+00:00","dateModified":"2025-02-26T17:53:35+00:00","breadcrumb":{"@id":"https:\/\/artslibris.cat\/ca\/tienda\/destacados-ca\/documents-on-raphael\/#breadcrumb"},"inLanguage":"ca","potentialAction":[{"@type":"ReadAction","target":["https:\/\/artslibris.cat\/ca\/tienda\/destacados-ca\/documents-on-raphael\/"]}]},{"@type":"ImageObject","inLanguage":"ca","@id":"https:\/\/artslibris.cat\/ca\/tienda\/destacados-ca\/documents-on-raphael\/#primaryimage","url":"https:\/\/artslibris.cat\/wp-content\/uploads\/2022\/09\/DSC04721_copia-scaled-2.jpeg","contentUrl":"https:\/\/artslibris.cat\/wp-content\/uploads\/2022\/09\/DSC04721_copia-scaled-2.jpeg","width":2560,"height":1920},{"@type":"BreadcrumbList","@id":"https:\/\/artslibris.cat\/ca\/tienda\/destacados-ca\/documents-on-raphael\/#breadcrumb","itemListElement":[{"@type":"ListItem","position":1,"name":"Portada","item":"https:\/\/artslibris.cat\/ca\/"},{"@type":"ListItem","position":2,"name":"Tenda","item":"https:\/\/artslibris.cat\/ca\/tenda\/"},{"@type":"ListItem","position":3,"name":"DOCUMENTS ON RAPHAEL"}]},{"@type":"WebSite","@id":"https:\/\/artslibris.cat\/ca\/#website","url":"https:\/\/artslibris.cat\/ca\/","name":"ArtsLibris","description":"","publisher":{"@id":"https:\/\/artslibris.cat\/ca\/#organization"},"potentialAction":[{"@type":"SearchAction","target":{"@type":"EntryPoint","urlTemplate":"https:\/\/artslibris.cat\/ca\/?s={search_term_string}"},"query-input":{"@type":"PropertyValueSpecification","valueRequired":true,"valueName":"search_term_string"}}],"inLanguage":"ca"},{"@type":"Organization","@id":"https:\/\/artslibris.cat\/ca\/#organization","name":"ArtsLibris","url":"https:\/\/artslibris.cat\/ca\/","logo":{"@type":"ImageObject","inLanguage":"ca","@id":"https:\/\/artslibris.cat\/ca\/#\/schema\/logo\/image\/","url":"https:\/\/artslibris.cat\/wp-content\/uploads\/2020\/05\/ArtsLibris-logo-black.svg","contentUrl":"https:\/\/artslibris.cat\/wp-content\/uploads\/2020\/05\/ArtsLibris-logo-black.svg","width":521,"height":85,"caption":"ArtsLibris"},"image":{"@id":"https:\/\/artslibris.cat\/ca\/#\/schema\/logo\/image\/"},"sameAs":["https:\/\/www.facebook.com\/artslibris\/","https:\/\/x.com\/ArtsLibris","https:\/\/www.instagram.com\/artslibris\/"]}]}},"_links":{"self":[{"href":"https:\/\/artslibris.cat\/ca\/wp-json\/wp\/v2\/product\/20074","targetHints":{"allow":["GET"]}}],"collection":[{"href":"https:\/\/artslibris.cat\/ca\/wp-json\/wp\/v2\/product"}],"about":[{"href":"https:\/\/artslibris.cat\/ca\/wp-json\/wp\/v2\/types\/product"}],"wp:featuredmedia":[{"embeddable":true,"href":"https:\/\/artslibris.cat\/ca\/wp-json\/wp\/v2\/media\/20056"}],"wp:attachment":[{"href":"https:\/\/artslibris.cat\/ca\/wp-json\/wp\/v2\/media?parent=20074"}],"wp:term":[{"taxonomy":"product_brand","embeddable":true,"href":"https:\/\/artslibris.cat\/ca\/wp-json\/wp\/v2\/product_brand?post=20074"},{"taxonomy":"product_cat","embeddable":true,"href":"https:\/\/artslibris.cat\/ca\/wp-json\/wp\/v2\/product_cat?post=20074"},{"taxonomy":"product_tag","embeddable":true,"href":"https:\/\/artslibris.cat\/ca\/wp-json\/wp\/v2\/product_tag?post=20074"}],"curies":[{"name":"wp","href":"https:\/\/api.w.org\/{rel}","templated":true}]}}