{"id":19405,"date":"2022-09-13T12:19:50","date_gmt":"2022-09-13T12:19:50","guid":{"rendered":"https:\/\/artslibris.cat\/tienda\/Sense%20categoria\/laura-aldridge-things-that-soak-you\/"},"modified":"2025-02-26T17:53:16","modified_gmt":"2025-02-26T17:53:16","slug":"laura-aldridge-things-that-soak-you","status":"publish","type":"product","link":"https:\/\/artslibris.cat\/ca\/tienda\/llibre-dartista\/laura-aldridge-things-that-soak-you\/","title":{"rendered":"Laura Aldridge: Things That Soak You"},"content":{"rendered":"<p>&#8220;Para m\u00ed se trata de la conversaci\u00f3n entre materiales y enfoques, permitiendo que la obra discuta y enfatice las estrategias de creaci\u00f3n y recepci\u00f3n a trav\u00e9s de diferentes elecciones. El tira y afloja entre dualidades como lo sint\u00e9tico y lo natural, el objeto y el sujeto, el interior y el exterior, se extiende por toda mi pr\u00e1ctica y evita que el significado de una obra de arte sea prescriptivo. Esta forma de trabajar permite una especie de lenguaje de comparaci\u00f3n. Me permite articular mis intereses de una manera que no limita el trabajo ni lo explica, sino que me proporciona un marco para arriesgarme con la pr\u00e1ctica. No es tan f\u00e1cil poder decir lo que hace algo mientras lo est\u00e1s haciendo, pero mientras est\u00e9 dentro de esa tensi\u00f3n de la que hablas, s\u00e9 que estoy en algo&#8221;. -Laura Aldridge<\/p>\n<p>Laura Aldridge (1978) trabaja con diversos materiales, como la fotograf\u00eda, la serigraf\u00eda, la cer\u00e1mica, la tela, los objetos encontrados y el cemento. Entre los relieves murales y las instalaciones escult\u00f3ricas, construye una escena que atrae al espectador, jugando con la capacidad del &#8220;collage&#8221; para operar en dos y tres dimensiones. Sus obras exploran el tacto y se centran en la sensaci\u00f3n y el sentimiento, utilizando materiales e im\u00e1genes que tienen matices psicol\u00f3gicos y desaf\u00edan la frontera entre lo natural y lo artificial. Su lenguaje visual y escult\u00f3rico se relaciona con la feminidad a trav\u00e9s de construcciones caseras, casi folcl\u00f3ricas, combinadas con colores pastel, que destacan la energ\u00eda y el juego, al tiempo que apuntan a una extra\u00f1a sensaci\u00f3n de desarraigo.<\/p>\n<p>Este volumen presenta obras recientes y antiguas de Aldridge, e incluye una entrevista y tres ensayos originales sobre su pr\u00e1ctica.<\/p>\n","protected":false},"excerpt":{"rendered":"<div data-v-235b7caa=\"\">\n<p><strong>Autora:<\/strong> Laura Aldridge:<\/p>\n<p><strong>Editorial:<\/strong> Mousse Publishing<\/p>\n<p><strong>Textos:<\/strong> Tina Fiske, Joe Scotland, Louise Shelley, Linsey Young<\/p>\n<p><strong>Publicaci\u00f3n:<\/strong> 2021<\/p>\n<p><strong>Idioma:<\/strong> Ingl\u00e9s<\/p>\n<p><strong>P\u00e1ginas:<\/strong> 176<\/p>\n<p><strong>Encuadernaci\u00f3n:<\/strong> Tapa blanda<\/p>\n<p><strong>Medidas:<\/strong> 17 \u00d7 24 cm<\/p>\n<p><strong>ISBN:<\/strong> 9788867495009<\/p>\n<\/div>\n","protected":false},"featured_media":19402,"template":"","meta":{"_acf_changed":false,"site-sidebar-layout":"default","site-content-layout":"default","ast-site-content-layout":"default","site-content-style":"default","site-sidebar-style":"default","ast-global-header-display":"","ast-banner-title-visibility":"","ast-main-header-display":"","ast-hfb-above-header-display":"","ast-hfb-below-header-display":"","ast-hfb-mobile-header-display":"","site-post-title":"","ast-breadcrumbs-content":"","ast-featured-img":"","footer-sml-layout":"","ast-disable-related-posts":"","theme-transparent-header-meta":"","adv-header-id-meta":"","stick-header-meta":"","header-above-stick-meta":"","header-main-stick-meta":"","header-below-stick-meta":"","astra-migrate-meta-layouts":"default","ast-page-background-enabled":"default","ast-page-background-meta":{"desktop":{"background-color":"","background-image":"","background-repeat":"repeat","background-position":"center center","background-size":"auto","background-attachment":"scroll","background-type":"","background-media":"","overlay-type":"","overlay-color":"","overlay-opacity":"","overlay-gradient":""},"tablet":{"background-color":"","background-image":"","background-repeat":"repeat","background-position":"center center","background-size":"auto","background-attachment":"scroll","background-type":"","background-media":"","overlay-type":"","overlay-color":"","overlay-opacity":"","overlay-gradient":""},"mobile":{"background-color":"","background-image":"","background-repeat":"repeat","background-position":"center center","background-size":"auto","background-attachment":"scroll","background-type":"","background-media":"","overlay-type":"","overlay-color":"","overlay-opacity":"","overlay-gradient":""}},"ast-content-background-meta":{"desktop":{"background-color":"var(--ast-global-color-5)","background-image":"","background-repeat":"repeat","background-position":"center center","background-size":"auto","background-attachment":"scroll","background-type":"","background-media":"","overlay-type":"","overlay-color":"","overlay-opacity":"","overlay-gradient":""},"tablet":{"background-color":"var(--ast-global-color-5)","background-image":"","background-repeat":"repeat","background-position":"center center","background-size":"auto","background-attachment":"scroll","background-type":"","background-media":"","overlay-type":"","overlay-color":"","overlay-opacity":"","overlay-gradient":""},"mobile":{"background-color":"var(--ast-global-color-5)","background-image":"","background-repeat":"repeat","background-position":"center center","background-size":"auto","background-attachment":"scroll","background-type":"","background-media":"","overlay-type":"","overlay-color":"","overlay-opacity":"","overlay-gradient":""}}},"product_brand":[],"product_cat":[101,65],"product_tag":[386],"class_list":{"0":"post-19405","1":"product","2":"type-product","3":"status-publish","4":"has-post-thumbnail","6":"product_cat-destacados-ca","7":"product_cat-llibre-dartista","8":"product_tag-mousse-publishing-ca","9":"desktop-align-left","10":"tablet-align-left","11":"mobile-align-left","13":"first","14":"instock","15":"shipping-taxable","16":"purchasable","17":"product-type-simple"},"acf":[],"yoast_head":"<!-- This site is optimized with the Yoast SEO plugin v27.3 - https:\/\/yoast.com\/product\/yoast-seo-wordpress\/ -->\n<title>Laura Aldridge: Things That Soak You - ArtsLibris<\/title>\n<meta name=\"robots\" content=\"index, follow, max-snippet:-1, max-image-preview:large, max-video-preview:-1\" \/>\n<link rel=\"canonical\" href=\"https:\/\/artslibris.cat\/ca\/tienda\/llibre-dartista\/laura-aldridge-things-that-soak-you\/\" \/>\n<meta property=\"og:locale\" content=\"ca_ES\" \/>\n<meta property=\"og:type\" content=\"article\" \/>\n<meta property=\"og:title\" content=\"Laura Aldridge: Things That Soak You - ArtsLibris\" \/>\n<meta property=\"og:description\" content=\"Autora: Laura Aldridge: Editorial: Mousse Publishing Textos: Tina Fiske, Joe Scotland, Louise Shelley, Linsey Young Publicaci\u00f3n: 2021 Idioma: Ingl\u00e9s P\u00e1ginas: 176 Encuadernaci\u00f3n: Tapa blanda Medidas: 17 \u00d7 24 cm ISBN: 9788867495009\" \/>\n<meta property=\"og:url\" content=\"https:\/\/artslibris.cat\/ca\/tienda\/llibre-dartista\/laura-aldridge-things-that-soak-you\/\" \/>\n<meta property=\"og:site_name\" content=\"ArtsLibris\" \/>\n<meta property=\"article:publisher\" content=\"https:\/\/www.facebook.com\/artslibris\/\" \/>\n<meta property=\"article:modified_time\" content=\"2025-02-26T17:53:16+00:00\" \/>\n<meta property=\"og:image\" content=\"https:\/\/artslibris.cat\/wp-content\/uploads\/2022\/09\/thumb_front-copia-scaled-1.jpeg\" \/>\n\t<meta property=\"og:image:width\" content=\"2560\" \/>\n\t<meta property=\"og:image:height\" content=\"1920\" \/>\n\t<meta property=\"og:image:type\" content=\"image\/jpeg\" \/>\n<meta name=\"twitter:card\" content=\"summary_large_image\" \/>\n<meta name=\"twitter:site\" content=\"@ArtsLibris\" \/>\n<meta name=\"twitter:label1\" content=\"Temps estimat de lectura\" \/>\n\t<meta name=\"twitter:data1\" content=\"2 minuts\" \/>\n<script type=\"application\/ld+json\" class=\"yoast-schema-graph\">{\"@context\":\"https:\\\/\\\/schema.org\",\"@graph\":[{\"@type\":\"WebPage\",\"@id\":\"https:\\\/\\\/artslibris.cat\\\/ca\\\/tienda\\\/llibre-dartista\\\/laura-aldridge-things-that-soak-you\\\/\",\"url\":\"https:\\\/\\\/artslibris.cat\\\/ca\\\/tienda\\\/llibre-dartista\\\/laura-aldridge-things-that-soak-you\\\/\",\"name\":\"Laura Aldridge: Things That Soak You - ArtsLibris\",\"isPartOf\":{\"@id\":\"https:\\\/\\\/artslibris.cat\\\/ca\\\/#website\"},\"primaryImageOfPage\":{\"@id\":\"https:\\\/\\\/artslibris.cat\\\/ca\\\/tienda\\\/llibre-dartista\\\/laura-aldridge-things-that-soak-you\\\/#primaryimage\"},\"image\":{\"@id\":\"https:\\\/\\\/artslibris.cat\\\/ca\\\/tienda\\\/llibre-dartista\\\/laura-aldridge-things-that-soak-you\\\/#primaryimage\"},\"thumbnailUrl\":\"https:\\\/\\\/artslibris.cat\\\/wp-content\\\/uploads\\\/2022\\\/09\\\/thumb_front-copia-scaled-1.jpeg\",\"datePublished\":\"2022-09-13T12:19:50+00:00\",\"dateModified\":\"2025-02-26T17:53:16+00:00\",\"breadcrumb\":{\"@id\":\"https:\\\/\\\/artslibris.cat\\\/ca\\\/tienda\\\/llibre-dartista\\\/laura-aldridge-things-that-soak-you\\\/#breadcrumb\"},\"inLanguage\":\"ca\",\"potentialAction\":[{\"@type\":\"ReadAction\",\"target\":[\"https:\\\/\\\/artslibris.cat\\\/ca\\\/tienda\\\/llibre-dartista\\\/laura-aldridge-things-that-soak-you\\\/\"]}]},{\"@type\":\"ImageObject\",\"inLanguage\":\"ca\",\"@id\":\"https:\\\/\\\/artslibris.cat\\\/ca\\\/tienda\\\/llibre-dartista\\\/laura-aldridge-things-that-soak-you\\\/#primaryimage\",\"url\":\"https:\\\/\\\/artslibris.cat\\\/wp-content\\\/uploads\\\/2022\\\/09\\\/thumb_front-copia-scaled-1.jpeg\",\"contentUrl\":\"https:\\\/\\\/artslibris.cat\\\/wp-content\\\/uploads\\\/2022\\\/09\\\/thumb_front-copia-scaled-1.jpeg\",\"width\":2560,\"height\":1920},{\"@type\":\"BreadcrumbList\",\"@id\":\"https:\\\/\\\/artslibris.cat\\\/ca\\\/tienda\\\/llibre-dartista\\\/laura-aldridge-things-that-soak-you\\\/#breadcrumb\",\"itemListElement\":[{\"@type\":\"ListItem\",\"position\":1,\"name\":\"Portada\",\"item\":\"https:\\\/\\\/artslibris.cat\\\/ca\\\/\"},{\"@type\":\"ListItem\",\"position\":2,\"name\":\"Tenda\",\"item\":\"https:\\\/\\\/artslibris.cat\\\/ca\\\/tenda\\\/\"},{\"@type\":\"ListItem\",\"position\":3,\"name\":\"Laura Aldridge: Things That Soak You\"}]},{\"@type\":\"WebSite\",\"@id\":\"https:\\\/\\\/artslibris.cat\\\/ca\\\/#website\",\"url\":\"https:\\\/\\\/artslibris.cat\\\/ca\\\/\",\"name\":\"ArtsLibris\",\"description\":\"\",\"publisher\":{\"@id\":\"https:\\\/\\\/artslibris.cat\\\/ca\\\/#organization\"},\"potentialAction\":[{\"@type\":\"SearchAction\",\"target\":{\"@type\":\"EntryPoint\",\"urlTemplate\":\"https:\\\/\\\/artslibris.cat\\\/ca\\\/?s={search_term_string}\"},\"query-input\":{\"@type\":\"PropertyValueSpecification\",\"valueRequired\":true,\"valueName\":\"search_term_string\"}}],\"inLanguage\":\"ca\"},{\"@type\":\"Organization\",\"@id\":\"https:\\\/\\\/artslibris.cat\\\/ca\\\/#organization\",\"name\":\"ArtsLibris\",\"url\":\"https:\\\/\\\/artslibris.cat\\\/ca\\\/\",\"logo\":{\"@type\":\"ImageObject\",\"inLanguage\":\"ca\",\"@id\":\"https:\\\/\\\/artslibris.cat\\\/ca\\\/#\\\/schema\\\/logo\\\/image\\\/\",\"url\":\"https:\\\/\\\/artslibris.cat\\\/wp-content\\\/uploads\\\/2020\\\/05\\\/ArtsLibris-logo-black.svg\",\"contentUrl\":\"https:\\\/\\\/artslibris.cat\\\/wp-content\\\/uploads\\\/2020\\\/05\\\/ArtsLibris-logo-black.svg\",\"width\":521,\"height\":85,\"caption\":\"ArtsLibris\"},\"image\":{\"@id\":\"https:\\\/\\\/artslibris.cat\\\/ca\\\/#\\\/schema\\\/logo\\\/image\\\/\"},\"sameAs\":[\"https:\\\/\\\/www.facebook.com\\\/artslibris\\\/\",\"https:\\\/\\\/x.com\\\/ArtsLibris\",\"https:\\\/\\\/www.instagram.com\\\/artslibris\\\/\"]}]}<\/script>\n<!-- \/ Yoast SEO plugin. -->","yoast_head_json":{"title":"Laura Aldridge: Things That Soak You - ArtsLibris","robots":{"index":"index","follow":"follow","max-snippet":"max-snippet:-1","max-image-preview":"max-image-preview:large","max-video-preview":"max-video-preview:-1"},"canonical":"https:\/\/artslibris.cat\/ca\/tienda\/llibre-dartista\/laura-aldridge-things-that-soak-you\/","og_locale":"ca_ES","og_type":"article","og_title":"Laura Aldridge: Things That Soak You - ArtsLibris","og_description":"Autora: Laura Aldridge: Editorial: Mousse Publishing Textos: Tina Fiske, Joe Scotland, Louise Shelley, Linsey Young Publicaci\u00f3n: 2021 Idioma: Ingl\u00e9s P\u00e1ginas: 176 Encuadernaci\u00f3n: Tapa blanda Medidas: 17 \u00d7 24 cm ISBN: 9788867495009","og_url":"https:\/\/artslibris.cat\/ca\/tienda\/llibre-dartista\/laura-aldridge-things-that-soak-you\/","og_site_name":"ArtsLibris","article_publisher":"https:\/\/www.facebook.com\/artslibris\/","article_modified_time":"2025-02-26T17:53:16+00:00","og_image":[{"width":2560,"height":1920,"url":"https:\/\/artslibris.cat\/wp-content\/uploads\/2022\/09\/thumb_front-copia-scaled-1.jpeg","type":"image\/jpeg"}],"twitter_card":"summary_large_image","twitter_site":"@ArtsLibris","twitter_misc":{"Temps estimat de lectura":"2 minuts"},"schema":{"@context":"https:\/\/schema.org","@graph":[{"@type":"WebPage","@id":"https:\/\/artslibris.cat\/ca\/tienda\/llibre-dartista\/laura-aldridge-things-that-soak-you\/","url":"https:\/\/artslibris.cat\/ca\/tienda\/llibre-dartista\/laura-aldridge-things-that-soak-you\/","name":"Laura Aldridge: Things That Soak You - ArtsLibris","isPartOf":{"@id":"https:\/\/artslibris.cat\/ca\/#website"},"primaryImageOfPage":{"@id":"https:\/\/artslibris.cat\/ca\/tienda\/llibre-dartista\/laura-aldridge-things-that-soak-you\/#primaryimage"},"image":{"@id":"https:\/\/artslibris.cat\/ca\/tienda\/llibre-dartista\/laura-aldridge-things-that-soak-you\/#primaryimage"},"thumbnailUrl":"https:\/\/artslibris.cat\/wp-content\/uploads\/2022\/09\/thumb_front-copia-scaled-1.jpeg","datePublished":"2022-09-13T12:19:50+00:00","dateModified":"2025-02-26T17:53:16+00:00","breadcrumb":{"@id":"https:\/\/artslibris.cat\/ca\/tienda\/llibre-dartista\/laura-aldridge-things-that-soak-you\/#breadcrumb"},"inLanguage":"ca","potentialAction":[{"@type":"ReadAction","target":["https:\/\/artslibris.cat\/ca\/tienda\/llibre-dartista\/laura-aldridge-things-that-soak-you\/"]}]},{"@type":"ImageObject","inLanguage":"ca","@id":"https:\/\/artslibris.cat\/ca\/tienda\/llibre-dartista\/laura-aldridge-things-that-soak-you\/#primaryimage","url":"https:\/\/artslibris.cat\/wp-content\/uploads\/2022\/09\/thumb_front-copia-scaled-1.jpeg","contentUrl":"https:\/\/artslibris.cat\/wp-content\/uploads\/2022\/09\/thumb_front-copia-scaled-1.jpeg","width":2560,"height":1920},{"@type":"BreadcrumbList","@id":"https:\/\/artslibris.cat\/ca\/tienda\/llibre-dartista\/laura-aldridge-things-that-soak-you\/#breadcrumb","itemListElement":[{"@type":"ListItem","position":1,"name":"Portada","item":"https:\/\/artslibris.cat\/ca\/"},{"@type":"ListItem","position":2,"name":"Tenda","item":"https:\/\/artslibris.cat\/ca\/tenda\/"},{"@type":"ListItem","position":3,"name":"Laura Aldridge: Things That Soak You"}]},{"@type":"WebSite","@id":"https:\/\/artslibris.cat\/ca\/#website","url":"https:\/\/artslibris.cat\/ca\/","name":"ArtsLibris","description":"","publisher":{"@id":"https:\/\/artslibris.cat\/ca\/#organization"},"potentialAction":[{"@type":"SearchAction","target":{"@type":"EntryPoint","urlTemplate":"https:\/\/artslibris.cat\/ca\/?s={search_term_string}"},"query-input":{"@type":"PropertyValueSpecification","valueRequired":true,"valueName":"search_term_string"}}],"inLanguage":"ca"},{"@type":"Organization","@id":"https:\/\/artslibris.cat\/ca\/#organization","name":"ArtsLibris","url":"https:\/\/artslibris.cat\/ca\/","logo":{"@type":"ImageObject","inLanguage":"ca","@id":"https:\/\/artslibris.cat\/ca\/#\/schema\/logo\/image\/","url":"https:\/\/artslibris.cat\/wp-content\/uploads\/2020\/05\/ArtsLibris-logo-black.svg","contentUrl":"https:\/\/artslibris.cat\/wp-content\/uploads\/2020\/05\/ArtsLibris-logo-black.svg","width":521,"height":85,"caption":"ArtsLibris"},"image":{"@id":"https:\/\/artslibris.cat\/ca\/#\/schema\/logo\/image\/"},"sameAs":["https:\/\/www.facebook.com\/artslibris\/","https:\/\/x.com\/ArtsLibris","https:\/\/www.instagram.com\/artslibris\/"]}]}},"_links":{"self":[{"href":"https:\/\/artslibris.cat\/ca\/wp-json\/wp\/v2\/product\/19405","targetHints":{"allow":["GET"]}}],"collection":[{"href":"https:\/\/artslibris.cat\/ca\/wp-json\/wp\/v2\/product"}],"about":[{"href":"https:\/\/artslibris.cat\/ca\/wp-json\/wp\/v2\/types\/product"}],"wp:featuredmedia":[{"embeddable":true,"href":"https:\/\/artslibris.cat\/ca\/wp-json\/wp\/v2\/media\/19402"}],"wp:attachment":[{"href":"https:\/\/artslibris.cat\/ca\/wp-json\/wp\/v2\/media?parent=19405"}],"wp:term":[{"taxonomy":"product_brand","embeddable":true,"href":"https:\/\/artslibris.cat\/ca\/wp-json\/wp\/v2\/product_brand?post=19405"},{"taxonomy":"product_cat","embeddable":true,"href":"https:\/\/artslibris.cat\/ca\/wp-json\/wp\/v2\/product_cat?post=19405"},{"taxonomy":"product_tag","embeddable":true,"href":"https:\/\/artslibris.cat\/ca\/wp-json\/wp\/v2\/product_tag?post=19405"}],"curies":[{"name":"wp","href":"https:\/\/api.w.org\/{rel}","templated":true}]}}