{"id":18951,"date":"2022-09-09T12:28:15","date_gmt":"2022-09-09T12:28:15","guid":{"rendered":"https:\/\/artslibris.cat\/tienda\/Sense%20categoria\/elif-saydam-two-cents-2\/"},"modified":"2025-12-16T18:01:02","modified_gmt":"2025-12-16T18:01:02","slug":"elif-saydam-two-cents-2","status":"publish","type":"product","link":"https:\/\/artslibris.cat\/ca\/tienda\/llibre-dartista\/elif-saydam-two-cents-2\/","title":{"rendered":"Elif Saydam: Two Cents"},"content":{"rendered":"<p>&#8220;Las obras de Elif Saydam est\u00e1n repletas de pistas: un elenco rotativo de personajes, logotipos y s\u00edmbolos&#8221;, escribe Adam Fearon en su texto Clueless, or There and Back Again. &#8220;Su obra no es figurativa en ning\u00fan sentido normal: no hay representaci\u00f3n de la realidad, ni uso del espacio ilusionista, ni figuraci\u00f3n directa. En su lugar, se construye una especie de l\u00e9xico de s\u00edmbolos: candados, carteles de CERRADO, corazones, una o dos ranas, uvas, limones, fruta fresca, fruta podrida, escaleras, caseros, cromosomas, etiquetas de tarros de miel, esc\u00e1neres cerebrales, cadenas, margaritas, mosquitos, abejas, bichos, caras sonrientes, un est\u00f3mago, anillos de \u00e1nimo, pasta de pajarita, rosas marchitas, esl\u00f3ganes pol\u00edticos cargados, t\u00e9 helado, Antifa, n\u00fameros de tel\u00e9fono 555, mariposas, una estrella de la suerte, ojos inyectados en sangre, trigo, la mano de F\u00e1tima, tr\u00e9boles de cuatro hojas, la emblem\u00e1tica canica azul&#8230; y laberintos&#8221;. Publicado con el Kunstverein Harburger Bahnhof de Hamburgo, este libro exquisitamente ilustrado incluye tambi\u00e9n ensayos en ingl\u00e9s, alem\u00e1n y turco de Maxi Wallenhorst, Asa Seresin, Vera Palme y una contribuci\u00f3n po\u00e9tica del artista.<\/p>\n","protected":false},"excerpt":{"rendered":"<p><strong>Autor:<\/strong> Elif Saydam<\/p>\n<p><strong>Editorial:<\/strong> Mousse Publishing<\/p>\n<p><strong>Edici\u00f3n:<\/strong> Annette Hans, Elif Saydam<\/p>\n<p><strong>Textos:<\/strong> Adam Fearon, Vera Palme, Asa Seresin, Maxi Wallenhorst<\/p>\n<p><strong>Publicaci\u00f3n:<\/strong> 2022<\/p>\n<p><strong>Idiomas:<\/strong> Ingl\u00e9s \/ Alem\u00e1n \/ Turco<\/p>\n<p><strong>P\u00e1ginas:<\/strong> 108<\/p>\n<p><strong>Encuadernaci\u00f3n:<\/strong> Tapa blanda<\/p>\n<p><strong>Medidas:<\/strong> 31,7 x 23,5 cm<\/p>\n<p><strong>ISBN:<\/strong> 978-88-6749-510-8<\/p>\n","protected":false},"featured_media":18944,"template":"","meta":{"_acf_changed":false,"site-sidebar-layout":"default","site-content-layout":"default","ast-site-content-layout":"default","site-content-style":"default","site-sidebar-style":"default","ast-global-header-display":"","ast-banner-title-visibility":"","ast-main-header-display":"","ast-hfb-above-header-display":"","ast-hfb-below-header-display":"","ast-hfb-mobile-header-display":"","site-post-title":"","ast-breadcrumbs-content":"","ast-featured-img":"","footer-sml-layout":"","ast-disable-related-posts":"","theme-transparent-header-meta":"","adv-header-id-meta":"","stick-header-meta":"","header-above-stick-meta":"","header-main-stick-meta":"","header-below-stick-meta":"","astra-migrate-meta-layouts":"default","ast-page-background-enabled":"default","ast-page-background-meta":{"desktop":{"background-color":"","background-image":"","background-repeat":"repeat","background-position":"center center","background-size":"auto","background-attachment":"scroll","background-type":"","background-media":"","overlay-type":"","overlay-color":"","overlay-opacity":"","overlay-gradient":""},"tablet":{"background-color":"","background-image":"","background-repeat":"repeat","background-position":"center center","background-size":"auto","background-attachment":"scroll","background-type":"","background-media":"","overlay-type":"","overlay-color":"","overlay-opacity":"","overlay-gradient":""},"mobile":{"background-color":"","background-image":"","background-repeat":"repeat","background-position":"center center","background-size":"auto","background-attachment":"scroll","background-type":"","background-media":"","overlay-type":"","overlay-color":"","overlay-opacity":"","overlay-gradient":""}},"ast-content-background-meta":{"desktop":{"background-color":"var(--ast-global-color-5)","background-image":"","background-repeat":"repeat","background-position":"center center","background-size":"auto","background-attachment":"scroll","background-type":"","background-media":"","overlay-type":"","overlay-color":"","overlay-opacity":"","overlay-gradient":""},"tablet":{"background-color":"var(--ast-global-color-5)","background-image":"","background-repeat":"repeat","background-position":"center center","background-size":"auto","background-attachment":"scroll","background-type":"","background-media":"","overlay-type":"","overlay-color":"","overlay-opacity":"","overlay-gradient":""},"mobile":{"background-color":"var(--ast-global-color-5)","background-image":"","background-repeat":"repeat","background-position":"center center","background-size":"auto","background-attachment":"scroll","background-type":"","background-media":"","overlay-type":"","overlay-color":"","overlay-opacity":"","overlay-gradient":""}}},"product_brand":[],"product_cat":[101,65],"product_tag":[386],"class_list":{"0":"post-18951","1":"product","2":"type-product","3":"status-publish","4":"has-post-thumbnail","6":"product_cat-destacados-ca","7":"product_cat-llibre-dartista","8":"product_tag-mousse-publishing-ca","9":"desktop-align-left","10":"tablet-align-left","11":"mobile-align-left","13":"first","14":"instock","15":"shipping-taxable","16":"purchasable","17":"product-type-simple"},"acf":[],"yoast_head":"<!-- This site is optimized with the Yoast SEO plugin v27.1.1 - https:\/\/yoast.com\/product\/yoast-seo-wordpress\/ -->\n<title>Elif Saydam: Two Cents - ArtsLibris<\/title>\n<meta name=\"robots\" content=\"index, follow, max-snippet:-1, max-image-preview:large, max-video-preview:-1\" \/>\n<link rel=\"canonical\" href=\"https:\/\/artslibris.cat\/ca\/tienda\/llibre-dartista\/elif-saydam-two-cents-2\/\" \/>\n<meta property=\"og:locale\" content=\"ca_ES\" \/>\n<meta property=\"og:type\" content=\"article\" \/>\n<meta property=\"og:title\" content=\"Elif Saydam: Two Cents - ArtsLibris\" \/>\n<meta property=\"og:description\" content=\"Autor: Elif Saydam Editorial: Mousse Publishing Edici\u00f3n: Annette Hans, Elif Saydam Textos: Adam Fearon, Vera Palme, Asa Seresin, Maxi Wallenhorst Publicaci\u00f3n: 2022 Idiomas: Ingl\u00e9s \/ Alem\u00e1n \/ Turco P\u00e1ginas: 108 Encuadernaci\u00f3n: Tapa blanda Medidas: 31,7 x 23,5 cm ISBN: 978-88-6749-510-8\" \/>\n<meta property=\"og:url\" content=\"https:\/\/artslibris.cat\/ca\/tienda\/llibre-dartista\/elif-saydam-two-cents-2\/\" \/>\n<meta property=\"og:site_name\" content=\"ArtsLibris\" \/>\n<meta property=\"article:publisher\" content=\"https:\/\/www.facebook.com\/artslibris\/\" \/>\n<meta property=\"article:modified_time\" content=\"2025-12-16T18:01:02+00:00\" \/>\n<meta property=\"og:image\" content=\"https:\/\/artslibris.cat\/wp-content\/uploads\/2022\/09\/thumb_front-1-3000x2250-1-scaled.jpeg\" \/>\n\t<meta property=\"og:image:width\" content=\"2560\" \/>\n\t<meta property=\"og:image:height\" content=\"1920\" \/>\n\t<meta property=\"og:image:type\" content=\"image\/jpeg\" \/>\n<meta name=\"twitter:card\" content=\"summary_large_image\" \/>\n<meta name=\"twitter:site\" content=\"@ArtsLibris\" \/>\n<meta name=\"twitter:label1\" content=\"Temps estimat de lectura\" \/>\n\t<meta name=\"twitter:data1\" content=\"1 minut\" \/>\n<script type=\"application\/ld+json\" class=\"yoast-schema-graph\">{\"@context\":\"https:\/\/schema.org\",\"@graph\":[{\"@type\":\"WebPage\",\"@id\":\"https:\/\/artslibris.cat\/ca\/tienda\/llibre-dartista\/elif-saydam-two-cents-2\/\",\"url\":\"https:\/\/artslibris.cat\/ca\/tienda\/llibre-dartista\/elif-saydam-two-cents-2\/\",\"name\":\"Elif Saydam: Two Cents - ArtsLibris\",\"isPartOf\":{\"@id\":\"https:\/\/artslibris.cat\/ca\/#website\"},\"primaryImageOfPage\":{\"@id\":\"https:\/\/artslibris.cat\/ca\/tienda\/llibre-dartista\/elif-saydam-two-cents-2\/#primaryimage\"},\"image\":{\"@id\":\"https:\/\/artslibris.cat\/ca\/tienda\/llibre-dartista\/elif-saydam-two-cents-2\/#primaryimage\"},\"thumbnailUrl\":\"https:\/\/artslibris.cat\/wp-content\/uploads\/2022\/09\/thumb_front-1-3000x2250-1-scaled.jpeg\",\"datePublished\":\"2022-09-09T12:28:15+00:00\",\"dateModified\":\"2025-12-16T18:01:02+00:00\",\"breadcrumb\":{\"@id\":\"https:\/\/artslibris.cat\/ca\/tienda\/llibre-dartista\/elif-saydam-two-cents-2\/#breadcrumb\"},\"inLanguage\":\"ca\",\"potentialAction\":[{\"@type\":\"ReadAction\",\"target\":[\"https:\/\/artslibris.cat\/ca\/tienda\/llibre-dartista\/elif-saydam-two-cents-2\/\"]}]},{\"@type\":\"ImageObject\",\"inLanguage\":\"ca\",\"@id\":\"https:\/\/artslibris.cat\/ca\/tienda\/llibre-dartista\/elif-saydam-two-cents-2\/#primaryimage\",\"url\":\"https:\/\/artslibris.cat\/wp-content\/uploads\/2022\/09\/thumb_front-1-3000x2250-1-scaled.jpeg\",\"contentUrl\":\"https:\/\/artslibris.cat\/wp-content\/uploads\/2022\/09\/thumb_front-1-3000x2250-1-scaled.jpeg\",\"width\":2560,\"height\":1920},{\"@type\":\"BreadcrumbList\",\"@id\":\"https:\/\/artslibris.cat\/ca\/tienda\/llibre-dartista\/elif-saydam-two-cents-2\/#breadcrumb\",\"itemListElement\":[{\"@type\":\"ListItem\",\"position\":1,\"name\":\"Portada\",\"item\":\"https:\/\/artslibris.cat\/ca\/\"},{\"@type\":\"ListItem\",\"position\":2,\"name\":\"Tenda\",\"item\":\"https:\/\/artslibris.cat\/ca\/tenda\/\"},{\"@type\":\"ListItem\",\"position\":3,\"name\":\"Elif Saydam: Two Cents\"}]},{\"@type\":\"WebSite\",\"@id\":\"https:\/\/artslibris.cat\/ca\/#website\",\"url\":\"https:\/\/artslibris.cat\/ca\/\",\"name\":\"ArtsLibris\",\"description\":\"\",\"publisher\":{\"@id\":\"https:\/\/artslibris.cat\/ca\/#organization\"},\"potentialAction\":[{\"@type\":\"SearchAction\",\"target\":{\"@type\":\"EntryPoint\",\"urlTemplate\":\"https:\/\/artslibris.cat\/ca\/?s={search_term_string}\"},\"query-input\":{\"@type\":\"PropertyValueSpecification\",\"valueRequired\":true,\"valueName\":\"search_term_string\"}}],\"inLanguage\":\"ca\"},{\"@type\":\"Organization\",\"@id\":\"https:\/\/artslibris.cat\/ca\/#organization\",\"name\":\"ArtsLibris\",\"url\":\"https:\/\/artslibris.cat\/ca\/\",\"logo\":{\"@type\":\"ImageObject\",\"inLanguage\":\"ca\",\"@id\":\"https:\/\/artslibris.cat\/ca\/#\/schema\/logo\/image\/\",\"url\":\"https:\/\/artslibris.cat\/wp-content\/uploads\/2020\/05\/ArtsLibris-logo-black.svg\",\"contentUrl\":\"https:\/\/artslibris.cat\/wp-content\/uploads\/2020\/05\/ArtsLibris-logo-black.svg\",\"width\":521,\"height\":85,\"caption\":\"ArtsLibris\"},\"image\":{\"@id\":\"https:\/\/artslibris.cat\/ca\/#\/schema\/logo\/image\/\"},\"sameAs\":[\"https:\/\/www.facebook.com\/artslibris\/\",\"https:\/\/x.com\/ArtsLibris\",\"https:\/\/www.instagram.com\/artslibris\/\"]}]}<\/script>\n<!-- \/ Yoast SEO plugin. -->","yoast_head_json":{"title":"Elif Saydam: Two Cents - ArtsLibris","robots":{"index":"index","follow":"follow","max-snippet":"max-snippet:-1","max-image-preview":"max-image-preview:large","max-video-preview":"max-video-preview:-1"},"canonical":"https:\/\/artslibris.cat\/ca\/tienda\/llibre-dartista\/elif-saydam-two-cents-2\/","og_locale":"ca_ES","og_type":"article","og_title":"Elif Saydam: Two Cents - ArtsLibris","og_description":"Autor: Elif Saydam Editorial: Mousse Publishing Edici\u00f3n: Annette Hans, Elif Saydam Textos: Adam Fearon, Vera Palme, Asa Seresin, Maxi Wallenhorst Publicaci\u00f3n: 2022 Idiomas: Ingl\u00e9s \/ Alem\u00e1n \/ Turco P\u00e1ginas: 108 Encuadernaci\u00f3n: Tapa blanda Medidas: 31,7 x 23,5 cm ISBN: 978-88-6749-510-8","og_url":"https:\/\/artslibris.cat\/ca\/tienda\/llibre-dartista\/elif-saydam-two-cents-2\/","og_site_name":"ArtsLibris","article_publisher":"https:\/\/www.facebook.com\/artslibris\/","article_modified_time":"2025-12-16T18:01:02+00:00","og_image":[{"width":2560,"height":1920,"url":"https:\/\/artslibris.cat\/wp-content\/uploads\/2022\/09\/thumb_front-1-3000x2250-1-scaled.jpeg","type":"image\/jpeg"}],"twitter_card":"summary_large_image","twitter_site":"@ArtsLibris","twitter_misc":{"Temps estimat de lectura":"1 minut"},"schema":{"@context":"https:\/\/schema.org","@graph":[{"@type":"WebPage","@id":"https:\/\/artslibris.cat\/ca\/tienda\/llibre-dartista\/elif-saydam-two-cents-2\/","url":"https:\/\/artslibris.cat\/ca\/tienda\/llibre-dartista\/elif-saydam-two-cents-2\/","name":"Elif Saydam: Two Cents - ArtsLibris","isPartOf":{"@id":"https:\/\/artslibris.cat\/ca\/#website"},"primaryImageOfPage":{"@id":"https:\/\/artslibris.cat\/ca\/tienda\/llibre-dartista\/elif-saydam-two-cents-2\/#primaryimage"},"image":{"@id":"https:\/\/artslibris.cat\/ca\/tienda\/llibre-dartista\/elif-saydam-two-cents-2\/#primaryimage"},"thumbnailUrl":"https:\/\/artslibris.cat\/wp-content\/uploads\/2022\/09\/thumb_front-1-3000x2250-1-scaled.jpeg","datePublished":"2022-09-09T12:28:15+00:00","dateModified":"2025-12-16T18:01:02+00:00","breadcrumb":{"@id":"https:\/\/artslibris.cat\/ca\/tienda\/llibre-dartista\/elif-saydam-two-cents-2\/#breadcrumb"},"inLanguage":"ca","potentialAction":[{"@type":"ReadAction","target":["https:\/\/artslibris.cat\/ca\/tienda\/llibre-dartista\/elif-saydam-two-cents-2\/"]}]},{"@type":"ImageObject","inLanguage":"ca","@id":"https:\/\/artslibris.cat\/ca\/tienda\/llibre-dartista\/elif-saydam-two-cents-2\/#primaryimage","url":"https:\/\/artslibris.cat\/wp-content\/uploads\/2022\/09\/thumb_front-1-3000x2250-1-scaled.jpeg","contentUrl":"https:\/\/artslibris.cat\/wp-content\/uploads\/2022\/09\/thumb_front-1-3000x2250-1-scaled.jpeg","width":2560,"height":1920},{"@type":"BreadcrumbList","@id":"https:\/\/artslibris.cat\/ca\/tienda\/llibre-dartista\/elif-saydam-two-cents-2\/#breadcrumb","itemListElement":[{"@type":"ListItem","position":1,"name":"Portada","item":"https:\/\/artslibris.cat\/ca\/"},{"@type":"ListItem","position":2,"name":"Tenda","item":"https:\/\/artslibris.cat\/ca\/tenda\/"},{"@type":"ListItem","position":3,"name":"Elif Saydam: Two Cents"}]},{"@type":"WebSite","@id":"https:\/\/artslibris.cat\/ca\/#website","url":"https:\/\/artslibris.cat\/ca\/","name":"ArtsLibris","description":"","publisher":{"@id":"https:\/\/artslibris.cat\/ca\/#organization"},"potentialAction":[{"@type":"SearchAction","target":{"@type":"EntryPoint","urlTemplate":"https:\/\/artslibris.cat\/ca\/?s={search_term_string}"},"query-input":{"@type":"PropertyValueSpecification","valueRequired":true,"valueName":"search_term_string"}}],"inLanguage":"ca"},{"@type":"Organization","@id":"https:\/\/artslibris.cat\/ca\/#organization","name":"ArtsLibris","url":"https:\/\/artslibris.cat\/ca\/","logo":{"@type":"ImageObject","inLanguage":"ca","@id":"https:\/\/artslibris.cat\/ca\/#\/schema\/logo\/image\/","url":"https:\/\/artslibris.cat\/wp-content\/uploads\/2020\/05\/ArtsLibris-logo-black.svg","contentUrl":"https:\/\/artslibris.cat\/wp-content\/uploads\/2020\/05\/ArtsLibris-logo-black.svg","width":521,"height":85,"caption":"ArtsLibris"},"image":{"@id":"https:\/\/artslibris.cat\/ca\/#\/schema\/logo\/image\/"},"sameAs":["https:\/\/www.facebook.com\/artslibris\/","https:\/\/x.com\/ArtsLibris","https:\/\/www.instagram.com\/artslibris\/"]}]}},"_links":{"self":[{"href":"https:\/\/artslibris.cat\/ca\/wp-json\/wp\/v2\/product\/18951","targetHints":{"allow":["GET"]}}],"collection":[{"href":"https:\/\/artslibris.cat\/ca\/wp-json\/wp\/v2\/product"}],"about":[{"href":"https:\/\/artslibris.cat\/ca\/wp-json\/wp\/v2\/types\/product"}],"wp:featuredmedia":[{"embeddable":true,"href":"https:\/\/artslibris.cat\/ca\/wp-json\/wp\/v2\/media\/18944"}],"wp:attachment":[{"href":"https:\/\/artslibris.cat\/ca\/wp-json\/wp\/v2\/media?parent=18951"}],"wp:term":[{"taxonomy":"product_brand","embeddable":true,"href":"https:\/\/artslibris.cat\/ca\/wp-json\/wp\/v2\/product_brand?post=18951"},{"taxonomy":"product_cat","embeddable":true,"href":"https:\/\/artslibris.cat\/ca\/wp-json\/wp\/v2\/product_cat?post=18951"},{"taxonomy":"product_tag","embeddable":true,"href":"https:\/\/artslibris.cat\/ca\/wp-json\/wp\/v2\/product_tag?post=18951"}],"curies":[{"name":"wp","href":"https:\/\/api.w.org\/{rel}","templated":true}]}}