{"id":17923,"date":"2022-05-03T15:53:02","date_gmt":"2022-05-03T15:53:02","guid":{"rendered":"https:\/\/artslibris.cat\/?post_type=product&#038;p=17923"},"modified":"2022-05-03T16:20:17","modified_gmt":"2022-05-03T16:20:17","slug":"umbigo-numero-80","status":"publish","type":"product","link":"https:\/\/artslibris.cat\/ca\/tienda\/destacados-ca\/umbigo-numero-80\/","title":{"rendered":"Umbigo &#8211; N\u00famero #80"},"content":{"rendered":"<p>El mar\u00e7 \u00e9s l&#8217;inici d&#8217;una nova temporada i, com \u00e9s habitual, el primer n\u00famero d&#8217;Umbigo de l&#8217;any. L&#8217;any 2022 celebrem dues d\u00e8cades de vida amb una renovaci\u00f3 de la nostra imatge i la publicaci\u00f3 de quatre revistes in\u00e8dites dedicades a temes pol\u00edtics, socials i ecol\u00f2gics que considerem determinants en el pensament contemporani, tenint en compte la seva vinculaci\u00f3 amb el context art\u00edstic i cultural. Quatre revistes, quatre cap\u00edtols que sortiran en cada nova temporada, on estimulem la reflexi\u00f3 amb un nombre encara m\u00e9s gran de p\u00e0gines.<\/p>\n<p>Sobre el tema de la Natura, aquest primer episodi, el n\u00famero 80 inclou articles, projectes art\u00edstics i assajos que intenten sondejar noves pr\u00e0ctiques i perspectives sobre l&#8217;ecologia i la comunitat dins de l&#8217;art, la filosofia i l&#8217;espiritualitat, temes f\u00e8rtils en debats i desenvolupaments \u00e8tics i est\u00e8tics, que han alimentat les narracions de molts artistes i institucions.<\/p>\n<p>Mariana Pestana \u00e9s la comiss\u00e0ria responsable de l&#8217;exposici\u00f3 impresa d&#8217;aquesta edici\u00f3, titulada empatia mais que humana, per a la qual va convidar els col\u00b7lectius The Rodina, Practice Architecture, Studio Ossidiana i Orkan Telhan + elli, i l&#8217;artista Calum Bowden. A empatia mais que humana, artistes i comissaris q\u00fcestionen conceptes d&#8217;empatia entre esp\u00e8cies, interdepend\u00e8ncia i conviv\u00e8ncia, proposant una guia per a la \u201cdesencarnaci\u00f3\u201d i la \u201cdescentralitzaci\u00f3\u201d.<\/p>\n<p>En aquest n\u00famero s\u00f3n imprescindibles el Projecte d&#8217;Art i la portada dissenyada per Gabriela Albergaria, aix\u00ed com una entrevista on l&#8217;artista parla de la seva obra i de la import\u00e0ncia del contacte amb la natura, els estudis del paisatge i la recerca sobre els jardins i la pr\u00e0ctica del dibuix.<\/p>\n<p>A l&#8217;apartat Assajos, tenim quatre articles: Alice Bonnot parla de Produ\u00e7\u00e3o de Arte Permacultural; Michael Marder interconnecta fenomenologia, filosofia i ecologia a O Futuro \u00e9 Vegetal!; Renny Pritikin reflexiona sobre l&#8217;ampli camp de la fotografia i la manera com Klea McKenna i Meghann Riepenhoff treballen amb la mat\u00e8ria i la tecnologia m\u00e9s primitiva de la fotografia; i Catarina Rosendo recorda la presci\u00e8ncia de l&#8217;obra d&#8217;Alberto Carneiro en ecologia i art.<\/p>\n<p>Pedro Vaz i Juliane T\u00fcbke s\u00f3n els artistes convidats per als Assajos Visuals: els primers sobre la construcci\u00f3, mecanitzaci\u00f3 i transformaci\u00f3 del paisatge; aquest \u00faltim sobre la meteorologia, la pluja i les geografies f\u00edsiques i de proximitat de Kochi, \u00cdndia.<\/p>\n<p>Tres entrevistes debaten sobre els temes del canvi clim\u00e0tic, la just\u00edcia clim\u00e0tica, les pol\u00edtiques ambientals, per\u00f2 tamb\u00e9 la geologia i les ecologies culturals. Els convidats s\u00f3n els moviments i col\u00b7lectius Extinction Rebellion i Climate Collective, representats per T.J. Demos, i l&#8217;artista Miguel Sbastida.<\/p>\n<p>Umbigo tamb\u00e9 destaca la biennal d&#8217;art i tecnologia INDEX, a Braga, l&#8217;entrevista a Vicente Todol\u00ed i Fiammetta Griccioli sobre Metaspore d&#8217;Anicka Yi, a HangarBicocca, i el \u201cgir material\u201d proposat per Beyond Matter.<\/p>\n<p>La quinzena edici\u00f3 de Di\u00e0legs proposa trencar amb el projecte art\u00edstic habitual per convidar la il\u00b7lustradora cient\u00edfica i dissenyadora Raquel Raimundo, ja que desenvolupa una aproximaci\u00f3 did\u00e0ctica al projecte, recordant la pedagogia de les visites guiades, els programes escolars i els exercicis peripat\u00e8tics individuals pels jardins. .<\/p>\n<p>A la secci\u00f3 Partida B\u00e9lgica, Francisco Pinheiro conversa amb Magali Reus amb motiu de Shadow Tonics, a la galeria Fons Welters, Amsterdam, i repassa l&#8217;exposici\u00f3 Pandemic Pandemonium de Ne\u00efl Beloufa, al C L E A R I N G.<\/p>\n<p>El n\u00famero 80 d&#8217;Umbigo tamb\u00e9 presenta sis noves seccions: pov (punt de vista), a c\u00e0rrec d&#8217;Henrique Machado da Silva, migra de la nostra plataforma en l\u00ednia a una entrevista al col\u00b7lectiu Climaximo; Walking Conversations, un projecte de Carolina Trigueiros, convida a Ant\u00f3nio Poppe a una introspecci\u00f3 pel camp; la col\u00b7laboraci\u00f3 entre Umbigo i Brot\u00e9ria, aquesta vegada entre el sacerdot jesu\u00efta Jos\u00e9 Fraz\u00e3o Correia i Margarida Alvim, fundadora de Casa Velha; Genealogias, de Carolina Machado, \u201csobre la g\u00e8nesi d\u2019una \u2018[aest]ethic\u2019 afirmativa en el context portugu\u00e8s\u201d; The Velvet Room, dirigida per Colin Ginks, desafia quatre artistes queer grecs a crear quatre Postais da Periferia; i Conversation Piece, amb el suport de la Fundaci\u00f3 PLMJ i desenvolupat pel comissari Jo\u00e3o Silv\u00e9rio, parla de les obres d&#8217;Ana P\u00e9rez-Quiroga i Jo\u00e3o Leonardo, tots dos que formen part de la col\u00b7lecci\u00f3 de la Fundaci\u00f3 PLMJ i en els quals se centra aquesta secci\u00f3.<\/p>\n<p>Finalment, UmbigoLAB #11 parla del perfil de Pedro Gramaxo en aquesta plataforma de networking per a l&#8217;art patrocinada per la Fundaci\u00f3 Millennium bcp.<\/p>\n<p>Tenint en compte la invasi\u00f3 russa d&#8217;Ucra\u00efna, Umbigo va convidar S\u00e9rgio Fernandes a dissenyar una contraportada que subratlla el missatge de solidaritat d&#8217;Umbigo amb el poble ucra\u00efn\u00e8s.<\/p>\n","protected":false},"excerpt":{"rendered":"<div class=\"page\" title=\"Page 3\">\n<div class=\"layoutArea\">\n<div class=\"column\">\n<p>PES 620g<br \/>\nDIMENSIONS (L X AN X AL) 20 \u00d7 27 \u00d7 1,4 cm<\/p>\n<\/div>\n<\/div>\n<\/div>\n","protected":false},"featured_media":17971,"template":"","meta":{"_acf_changed":false,"site-sidebar-layout":"default","site-content-layout":"default","ast-site-content-layout":"default","site-content-style":"default","site-sidebar-style":"default","ast-global-header-display":"","ast-banner-title-visibility":"","ast-main-header-display":"","ast-hfb-above-header-display":"","ast-hfb-below-header-display":"","ast-hfb-mobile-header-display":"","site-post-title":"","ast-breadcrumbs-content":"","ast-featured-img":"","footer-sml-layout":"","ast-disable-related-posts":"","theme-transparent-header-meta":"","adv-header-id-meta":"","stick-header-meta":"","header-above-stick-meta":"","header-main-stick-meta":"","header-below-stick-meta":"","astra-migrate-meta-layouts":"default","ast-page-background-enabled":"default","ast-page-background-meta":{"desktop":{"background-color":"","background-image":"","background-repeat":"repeat","background-position":"center center","background-size":"auto","background-attachment":"scroll","background-type":"","background-media":"","overlay-type":"","overlay-color":"","overlay-opacity":"","overlay-gradient":""},"tablet":{"background-color":"","background-image":"","background-repeat":"repeat","background-position":"center center","background-size":"auto","background-attachment":"scroll","background-type":"","background-media":"","overlay-type":"","overlay-color":"","overlay-opacity":"","overlay-gradient":""},"mobile":{"background-color":"","background-image":"","background-repeat":"repeat","background-position":"center center","background-size":"auto","background-attachment":"scroll","background-type":"","background-media":"","overlay-type":"","overlay-color":"","overlay-opacity":"","overlay-gradient":""}},"ast-content-background-meta":{"desktop":{"background-color":"var(--ast-global-color-5)","background-image":"","background-repeat":"repeat","background-position":"center center","background-size":"auto","background-attachment":"scroll","background-type":"","background-media":"","overlay-type":"","overlay-color":"","overlay-opacity":"","overlay-gradient":""},"tablet":{"background-color":"var(--ast-global-color-5)","background-image":"","background-repeat":"repeat","background-position":"center center","background-size":"auto","background-attachment":"scroll","background-type":"","background-media":"","overlay-type":"","overlay-color":"","overlay-opacity":"","overlay-gradient":""},"mobile":{"background-color":"var(--ast-global-color-5)","background-image":"","background-repeat":"repeat","background-position":"center center","background-size":"auto","background-attachment":"scroll","background-type":"","background-media":"","overlay-type":"","overlay-color":"","overlay-opacity":"","overlay-gradient":""}}},"product_brand":[],"product_cat":[141,101],"product_tag":[192],"class_list":{"0":"post-17923","1":"product","2":"type-product","3":"status-publish","4":"has-post-thumbnail","6":"product_cat-revista-ca","7":"product_cat-destacados-ca","8":"product_tag-umbigo-ca","9":"desktop-align-left","10":"tablet-align-left","11":"mobile-align-left","13":"first","14":"instock","15":"shipping-taxable","16":"purchasable","17":"product-type-simple"},"acf":[],"yoast_head":"<!-- This site is optimized with the Yoast SEO plugin v27.1.1 - https:\/\/yoast.com\/product\/yoast-seo-wordpress\/ -->\n<title>Umbigo - N\u00famero #80 - ArtsLibris<\/title>\n<meta name=\"robots\" content=\"index, follow, max-snippet:-1, max-image-preview:large, max-video-preview:-1\" \/>\n<link rel=\"canonical\" href=\"https:\/\/artslibris.cat\/ca\/tienda\/destacados-ca\/umbigo-numero-80\/\" \/>\n<meta property=\"og:locale\" content=\"ca_ES\" \/>\n<meta property=\"og:type\" content=\"article\" \/>\n<meta property=\"og:title\" content=\"Umbigo - N\u00famero #80 - ArtsLibris\" \/>\n<meta property=\"og:description\" content=\"PES 620g DIMENSIONS (L X AN X AL) 20 \u00d7 27 \u00d7 1,4 cm\" \/>\n<meta property=\"og:url\" content=\"https:\/\/artslibris.cat\/ca\/tienda\/destacados-ca\/umbigo-numero-80\/\" \/>\n<meta property=\"og:site_name\" content=\"ArtsLibris\" \/>\n<meta property=\"article:publisher\" content=\"https:\/\/www.facebook.com\/artslibris\/\" \/>\n<meta property=\"article:modified_time\" content=\"2022-05-03T16:20:17+00:00\" \/>\n<meta property=\"og:image\" content=\"https:\/\/artslibris.cat\/wp-content\/uploads\/2022\/05\/capa80-en-1_page-0001.jpg\" \/>\n\t<meta property=\"og:image:width\" content=\"1182\" \/>\n\t<meta property=\"og:image:height\" content=\"1595\" \/>\n\t<meta property=\"og:image:type\" content=\"image\/jpeg\" \/>\n<meta name=\"twitter:card\" content=\"summary_large_image\" \/>\n<meta name=\"twitter:site\" content=\"@ArtsLibris\" \/>\n<meta name=\"twitter:label1\" content=\"Temps estimat de lectura\" \/>\n\t<meta name=\"twitter:data1\" content=\"4 minuts\" \/>\n<script type=\"application\/ld+json\" class=\"yoast-schema-graph\">{\"@context\":\"https:\/\/schema.org\",\"@graph\":[{\"@type\":\"WebPage\",\"@id\":\"https:\/\/artslibris.cat\/ca\/tienda\/destacados-ca\/umbigo-numero-80\/\",\"url\":\"https:\/\/artslibris.cat\/ca\/tienda\/destacados-ca\/umbigo-numero-80\/\",\"name\":\"Umbigo - N\u00famero #80 - ArtsLibris\",\"isPartOf\":{\"@id\":\"https:\/\/artslibris.cat\/ca\/#website\"},\"primaryImageOfPage\":{\"@id\":\"https:\/\/artslibris.cat\/ca\/tienda\/destacados-ca\/umbigo-numero-80\/#primaryimage\"},\"image\":{\"@id\":\"https:\/\/artslibris.cat\/ca\/tienda\/destacados-ca\/umbigo-numero-80\/#primaryimage\"},\"thumbnailUrl\":\"https:\/\/artslibris.cat\/wp-content\/uploads\/2022\/05\/capa80-en-1_page-0001.jpg\",\"datePublished\":\"2022-05-03T15:53:02+00:00\",\"dateModified\":\"2022-05-03T16:20:17+00:00\",\"breadcrumb\":{\"@id\":\"https:\/\/artslibris.cat\/ca\/tienda\/destacados-ca\/umbigo-numero-80\/#breadcrumb\"},\"inLanguage\":\"ca\",\"potentialAction\":[{\"@type\":\"ReadAction\",\"target\":[\"https:\/\/artslibris.cat\/ca\/tienda\/destacados-ca\/umbigo-numero-80\/\"]}]},{\"@type\":\"ImageObject\",\"inLanguage\":\"ca\",\"@id\":\"https:\/\/artslibris.cat\/ca\/tienda\/destacados-ca\/umbigo-numero-80\/#primaryimage\",\"url\":\"https:\/\/artslibris.cat\/wp-content\/uploads\/2022\/05\/capa80-en-1_page-0001.jpg\",\"contentUrl\":\"https:\/\/artslibris.cat\/wp-content\/uploads\/2022\/05\/capa80-en-1_page-0001.jpg\",\"width\":1182,\"height\":1595},{\"@type\":\"BreadcrumbList\",\"@id\":\"https:\/\/artslibris.cat\/ca\/tienda\/destacados-ca\/umbigo-numero-80\/#breadcrumb\",\"itemListElement\":[{\"@type\":\"ListItem\",\"position\":1,\"name\":\"Portada\",\"item\":\"https:\/\/artslibris.cat\/ca\/\"},{\"@type\":\"ListItem\",\"position\":2,\"name\":\"Tenda\",\"item\":\"https:\/\/artslibris.cat\/ca\/tenda\/\"},{\"@type\":\"ListItem\",\"position\":3,\"name\":\"Umbigo &#8211; N\u00famero #80\"}]},{\"@type\":\"WebSite\",\"@id\":\"https:\/\/artslibris.cat\/ca\/#website\",\"url\":\"https:\/\/artslibris.cat\/ca\/\",\"name\":\"ArtsLibris\",\"description\":\"\",\"publisher\":{\"@id\":\"https:\/\/artslibris.cat\/ca\/#organization\"},\"potentialAction\":[{\"@type\":\"SearchAction\",\"target\":{\"@type\":\"EntryPoint\",\"urlTemplate\":\"https:\/\/artslibris.cat\/ca\/?s={search_term_string}\"},\"query-input\":{\"@type\":\"PropertyValueSpecification\",\"valueRequired\":true,\"valueName\":\"search_term_string\"}}],\"inLanguage\":\"ca\"},{\"@type\":\"Organization\",\"@id\":\"https:\/\/artslibris.cat\/ca\/#organization\",\"name\":\"ArtsLibris\",\"url\":\"https:\/\/artslibris.cat\/ca\/\",\"logo\":{\"@type\":\"ImageObject\",\"inLanguage\":\"ca\",\"@id\":\"https:\/\/artslibris.cat\/ca\/#\/schema\/logo\/image\/\",\"url\":\"https:\/\/artslibris.cat\/wp-content\/uploads\/2020\/05\/ArtsLibris-logo-black.svg\",\"contentUrl\":\"https:\/\/artslibris.cat\/wp-content\/uploads\/2020\/05\/ArtsLibris-logo-black.svg\",\"width\":521,\"height\":85,\"caption\":\"ArtsLibris\"},\"image\":{\"@id\":\"https:\/\/artslibris.cat\/ca\/#\/schema\/logo\/image\/\"},\"sameAs\":[\"https:\/\/www.facebook.com\/artslibris\/\",\"https:\/\/x.com\/ArtsLibris\",\"https:\/\/www.instagram.com\/artslibris\/\"]}]}<\/script>\n<!-- \/ Yoast SEO plugin. -->","yoast_head_json":{"title":"Umbigo - N\u00famero #80 - ArtsLibris","robots":{"index":"index","follow":"follow","max-snippet":"max-snippet:-1","max-image-preview":"max-image-preview:large","max-video-preview":"max-video-preview:-1"},"canonical":"https:\/\/artslibris.cat\/ca\/tienda\/destacados-ca\/umbigo-numero-80\/","og_locale":"ca_ES","og_type":"article","og_title":"Umbigo - N\u00famero #80 - ArtsLibris","og_description":"PES 620g DIMENSIONS (L X AN X AL) 20 \u00d7 27 \u00d7 1,4 cm","og_url":"https:\/\/artslibris.cat\/ca\/tienda\/destacados-ca\/umbigo-numero-80\/","og_site_name":"ArtsLibris","article_publisher":"https:\/\/www.facebook.com\/artslibris\/","article_modified_time":"2022-05-03T16:20:17+00:00","og_image":[{"width":1182,"height":1595,"url":"https:\/\/artslibris.cat\/wp-content\/uploads\/2022\/05\/capa80-en-1_page-0001.jpg","type":"image\/jpeg"}],"twitter_card":"summary_large_image","twitter_site":"@ArtsLibris","twitter_misc":{"Temps estimat de lectura":"4 minuts"},"schema":{"@context":"https:\/\/schema.org","@graph":[{"@type":"WebPage","@id":"https:\/\/artslibris.cat\/ca\/tienda\/destacados-ca\/umbigo-numero-80\/","url":"https:\/\/artslibris.cat\/ca\/tienda\/destacados-ca\/umbigo-numero-80\/","name":"Umbigo - N\u00famero #80 - ArtsLibris","isPartOf":{"@id":"https:\/\/artslibris.cat\/ca\/#website"},"primaryImageOfPage":{"@id":"https:\/\/artslibris.cat\/ca\/tienda\/destacados-ca\/umbigo-numero-80\/#primaryimage"},"image":{"@id":"https:\/\/artslibris.cat\/ca\/tienda\/destacados-ca\/umbigo-numero-80\/#primaryimage"},"thumbnailUrl":"https:\/\/artslibris.cat\/wp-content\/uploads\/2022\/05\/capa80-en-1_page-0001.jpg","datePublished":"2022-05-03T15:53:02+00:00","dateModified":"2022-05-03T16:20:17+00:00","breadcrumb":{"@id":"https:\/\/artslibris.cat\/ca\/tienda\/destacados-ca\/umbigo-numero-80\/#breadcrumb"},"inLanguage":"ca","potentialAction":[{"@type":"ReadAction","target":["https:\/\/artslibris.cat\/ca\/tienda\/destacados-ca\/umbigo-numero-80\/"]}]},{"@type":"ImageObject","inLanguage":"ca","@id":"https:\/\/artslibris.cat\/ca\/tienda\/destacados-ca\/umbigo-numero-80\/#primaryimage","url":"https:\/\/artslibris.cat\/wp-content\/uploads\/2022\/05\/capa80-en-1_page-0001.jpg","contentUrl":"https:\/\/artslibris.cat\/wp-content\/uploads\/2022\/05\/capa80-en-1_page-0001.jpg","width":1182,"height":1595},{"@type":"BreadcrumbList","@id":"https:\/\/artslibris.cat\/ca\/tienda\/destacados-ca\/umbigo-numero-80\/#breadcrumb","itemListElement":[{"@type":"ListItem","position":1,"name":"Portada","item":"https:\/\/artslibris.cat\/ca\/"},{"@type":"ListItem","position":2,"name":"Tenda","item":"https:\/\/artslibris.cat\/ca\/tenda\/"},{"@type":"ListItem","position":3,"name":"Umbigo &#8211; N\u00famero #80"}]},{"@type":"WebSite","@id":"https:\/\/artslibris.cat\/ca\/#website","url":"https:\/\/artslibris.cat\/ca\/","name":"ArtsLibris","description":"","publisher":{"@id":"https:\/\/artslibris.cat\/ca\/#organization"},"potentialAction":[{"@type":"SearchAction","target":{"@type":"EntryPoint","urlTemplate":"https:\/\/artslibris.cat\/ca\/?s={search_term_string}"},"query-input":{"@type":"PropertyValueSpecification","valueRequired":true,"valueName":"search_term_string"}}],"inLanguage":"ca"},{"@type":"Organization","@id":"https:\/\/artslibris.cat\/ca\/#organization","name":"ArtsLibris","url":"https:\/\/artslibris.cat\/ca\/","logo":{"@type":"ImageObject","inLanguage":"ca","@id":"https:\/\/artslibris.cat\/ca\/#\/schema\/logo\/image\/","url":"https:\/\/artslibris.cat\/wp-content\/uploads\/2020\/05\/ArtsLibris-logo-black.svg","contentUrl":"https:\/\/artslibris.cat\/wp-content\/uploads\/2020\/05\/ArtsLibris-logo-black.svg","width":521,"height":85,"caption":"ArtsLibris"},"image":{"@id":"https:\/\/artslibris.cat\/ca\/#\/schema\/logo\/image\/"},"sameAs":["https:\/\/www.facebook.com\/artslibris\/","https:\/\/x.com\/ArtsLibris","https:\/\/www.instagram.com\/artslibris\/"]}]}},"_links":{"self":[{"href":"https:\/\/artslibris.cat\/ca\/wp-json\/wp\/v2\/product\/17923","targetHints":{"allow":["GET"]}}],"collection":[{"href":"https:\/\/artslibris.cat\/ca\/wp-json\/wp\/v2\/product"}],"about":[{"href":"https:\/\/artslibris.cat\/ca\/wp-json\/wp\/v2\/types\/product"}],"wp:featuredmedia":[{"embeddable":true,"href":"https:\/\/artslibris.cat\/ca\/wp-json\/wp\/v2\/media\/17971"}],"wp:attachment":[{"href":"https:\/\/artslibris.cat\/ca\/wp-json\/wp\/v2\/media?parent=17923"}],"wp:term":[{"taxonomy":"product_brand","embeddable":true,"href":"https:\/\/artslibris.cat\/ca\/wp-json\/wp\/v2\/product_brand?post=17923"},{"taxonomy":"product_cat","embeddable":true,"href":"https:\/\/artslibris.cat\/ca\/wp-json\/wp\/v2\/product_cat?post=17923"},{"taxonomy":"product_tag","embeddable":true,"href":"https:\/\/artslibris.cat\/ca\/wp-json\/wp\/v2\/product_tag?post=17923"}],"curies":[{"name":"wp","href":"https:\/\/api.w.org\/{rel}","templated":true}]}}