{"id":17163,"date":"2022-04-08T18:36:14","date_gmt":"2022-04-08T18:36:14","guid":{"rendered":"https:\/\/artslibris.cat\/?post_type=product&#038;p=17163"},"modified":"2022-04-20T15:13:51","modified_gmt":"2022-04-20T15:13:51","slug":"zeitgesit-variations-repetitions-erratum","status":"publish","type":"product","link":"https:\/\/artslibris.cat\/ca\/tienda\/llibre-dartista\/zeitgesit-variations-repetitions-erratum\/","title":{"rendered":"Zeitgesit. Variations &#038; Repetitions + Erratum"},"content":{"rendered":"<div class=\"page\" title=\"Page 2\">\n<div class=\"layoutArea\">\n<div class=\"column\">\n<p>Al maig de 2010 vam publicar Zeitgeist. Variations &amp; Repetitions, una edici\u00f3 amb una tirada de 4.000 exemplars impresa en rotativa que, pel seu car\u00e0cter d&#8217;almanac dels nostres gustos i interessos, va funcionar com a estatement de nosaltres mateixos. Una col\u00b7lecci\u00f3 de treballs pels quals sentim admiraci\u00f3 i que ens han influenciat la major part dels que treballem avui dia. Inevitablement, les idees de \u201capropiaci\u00f3\u201d i \u201capropiaci\u00f3 com a recurs\u201d s\u00f3n molt presents, per ser una pr\u00e0ctica amb qu\u00e8 ens sentim afins i per la naturalesa de l&#8217;acte de publicar: \u201creproduir\u201d o \u201ccitar\u201d.<\/p>\n<p>Amb el pas del temps va sorgir la necessitat de rellegir aquest primer compendi i d&#8217;aquesta necessitat sorgeix Erratum. Hem recuperat 400 d&#8217;aquells diaris i hem encartat aquesta nova publicaci\u00f3, que suposa la correcci\u00f3 i ampliaci\u00f3 de les distraccions detectades amb el pas del temps. Una publicaci\u00f3 que entenem com una nota al peu que s&#8217;hi afegeix com a comentari.<\/p>\n<p>Aquesta publicaci\u00f3 \u00e9s tamb\u00e9 la nostra darrera proposta editorial i d&#8217;alguna manera d\u00f3na per acabat el projecte que vam comen\u00e7ar fa sis anys. No obstant aix\u00f2, entenem que un projecte editorial sempre t\u00e9 impl\u00edcita la idea de creixement aplicat i des del moment en qu\u00e8 un llibre surt d&#8217;impremta, aquest mai no deixa de cr\u00e9ixer. L&#8217;\u00fanica manera d&#8217;evitar-ne l&#8217;extinci\u00f3 \u00e9s propiciar-ne el desenvolupament i reactivar-lo.<\/p>\n<p>Els continguts de totes dues publicacions responen a la voluntat de compartir amb els seus autors creences i inquietuds. S\u00f3n enunciats que hem pres prestats per definir-nos perqu\u00e8 s\u00f3n afins a la nostra manera d&#8217;entendre la pr\u00e0ctica art\u00edstica i perqu\u00e8 demostren moltes de les actituds que ens van motivar a desenvolupar Save As&#8230; Publications. I amb aquesta publicaci\u00f3 volem contribuir humilment i des de les nostres possibilitats, que el creixement de totes aquestes propostes no cessi, col\u00b7laborar a evitar-ne l&#8217;extinci\u00f3: parlar-ne.<\/p>\n<\/div>\n<\/div>\n<\/div>\n","protected":false},"excerpt":{"rendered":"<div class=\"page\" title=\"Page 3\">\n<div class=\"layoutArea\">\n<div class=\"column\">\n<p><span class=\"JLqJ4b ChMk0b\" data-language-for-alternatives=\"ca\" data-language-to-translate-into=\"es\" data-phrase-index=\"0\" data-number-of-phrases=\"15\"><span class=\"Q4iAWc\">Autor: VV.AA.<\/span><\/span><br \/>\n<span class=\"JLqJ4b ChMk0b\" data-language-for-alternatives=\"ca\" data-language-to-translate-into=\"es\" data-phrase-index=\"2\" data-number-of-phrases=\"15\"><span class=\"Q4iAWc\">Editorial: Save As\u2026 Publications<\/span><\/span><br \/>\n<span class=\"JLqJ4b ChMk0b\" data-language-for-alternatives=\"ca\" data-language-to-translate-into=\"es\" data-phrase-index=\"4\" data-number-of-phrases=\"15\"><span class=\"Q4iAWc\">Data: Maig 2010 + Maig 2013<\/span><\/span><br \/>\n<span class=\"JLqJ4b ChMk0b\" data-language-for-alternatives=\"ca\" data-language-to-translate-into=\"es\" data-phrase-index=\"6\" data-number-of-phrases=\"15\"><span class=\"Q4iAWc\">Idioma: Espanyol \/ Angl\u00e8s<\/span><\/span><br \/>\n<span class=\"JLqJ4b ChMk0b\" data-language-for-alternatives=\"ca\" data-language-to-translate-into=\"es\" data-phrase-index=\"8\" data-number-of-phrases=\"15\"><span class=\"Q4iAWc\">Format: 29 x 41 cm + 20.5 x 29 cm<\/span><\/span><br \/>\n<span class=\"JLqJ4b ChMk0b\" data-language-for-alternatives=\"ca\" data-language-to-translate-into=\"es\" data-phrase-index=\"10\" data-number-of-phrases=\"15\"><span class=\"Q4iAWc\">P\u00e0gines: 64 pp.<\/span><\/span> <span class=\"JLqJ4b ChMk0b\" data-language-for-alternatives=\"ca\" data-language-to-translate-into=\"es\" data-phrase-index=\"11\" data-number-of-phrases=\"15\"><span class=\"Q4iAWc\">+ ;<\/span><\/span> <span class=\"JLqJ4b ChMk0b\" data-language-for-alternatives=\"ca\" data-language-to-translate-into=\"es\" data-phrase-index=\"12\" data-number-of-phrases=\"15\"><span class=\"Q4iAWc\">88 pp.<\/span><\/span><br \/>\n<span class=\"JLqJ4b ChMk0b\" data-language-for-alternatives=\"ca\" data-language-to-translate-into=\"es\" data-phrase-index=\"14\" data-number-of-phrases=\"15\"><span class=\"Q4iAWc\">ISBN: 978\u201384\u2013936956\u20137\u20135 + 978\u201384\u2013938430\u20137\u20136<\/span><\/span><\/p>\n<\/div>\n<\/div>\n<\/div>\n","protected":false},"featured_media":17449,"template":"","meta":{"_acf_changed":false,"site-sidebar-layout":"default","site-content-layout":"default","ast-site-content-layout":"default","site-content-style":"default","site-sidebar-style":"default","ast-global-header-display":"","ast-banner-title-visibility":"","ast-main-header-display":"","ast-hfb-above-header-display":"","ast-hfb-below-header-display":"","ast-hfb-mobile-header-display":"","site-post-title":"","ast-breadcrumbs-content":"","ast-featured-img":"","footer-sml-layout":"","ast-disable-related-posts":"","theme-transparent-header-meta":"","adv-header-id-meta":"","stick-header-meta":"","header-above-stick-meta":"","header-main-stick-meta":"","header-below-stick-meta":"","astra-migrate-meta-layouts":"default","ast-page-background-enabled":"default","ast-page-background-meta":{"desktop":{"background-color":"","background-image":"","background-repeat":"repeat","background-position":"center center","background-size":"auto","background-attachment":"scroll","background-type":"","background-media":"","overlay-type":"","overlay-color":"","overlay-opacity":"","overlay-gradient":""},"tablet":{"background-color":"","background-image":"","background-repeat":"repeat","background-position":"center center","background-size":"auto","background-attachment":"scroll","background-type":"","background-media":"","overlay-type":"","overlay-color":"","overlay-opacity":"","overlay-gradient":""},"mobile":{"background-color":"","background-image":"","background-repeat":"repeat","background-position":"center center","background-size":"auto","background-attachment":"scroll","background-type":"","background-media":"","overlay-type":"","overlay-color":"","overlay-opacity":"","overlay-gradient":""}},"ast-content-background-meta":{"desktop":{"background-color":"var(--ast-global-color-5)","background-image":"","background-repeat":"repeat","background-position":"center center","background-size":"auto","background-attachment":"scroll","background-type":"","background-media":"","overlay-type":"","overlay-color":"","overlay-opacity":"","overlay-gradient":""},"tablet":{"background-color":"var(--ast-global-color-5)","background-image":"","background-repeat":"repeat","background-position":"center center","background-size":"auto","background-attachment":"scroll","background-type":"","background-media":"","overlay-type":"","overlay-color":"","overlay-opacity":"","overlay-gradient":""},"mobile":{"background-color":"var(--ast-global-color-5)","background-image":"","background-repeat":"repeat","background-position":"center center","background-size":"auto","background-attachment":"scroll","background-type":"","background-media":"","overlay-type":"","overlay-color":"","overlay-opacity":"","overlay-gradient":""}}},"product_brand":[],"product_cat":[101,65],"product_tag":[363],"class_list":{"0":"post-17163","1":"product","2":"type-product","3":"status-publish","4":"has-post-thumbnail","6":"product_cat-destacados-ca","7":"product_cat-llibre-dartista","8":"product_tag-save-as-publications-ca","9":"desktop-align-left","10":"tablet-align-left","11":"mobile-align-left","13":"first","14":"outofstock","15":"shipping-taxable","16":"purchasable","17":"product-type-simple"},"acf":[],"yoast_head":"<!-- This site is optimized with the Yoast SEO plugin v27.1.1 - https:\/\/yoast.com\/product\/yoast-seo-wordpress\/ -->\n<title>Zeitgesit. Variations &amp; Repetitions + Erratum - ArtsLibris<\/title>\n<meta name=\"robots\" content=\"index, follow, max-snippet:-1, max-image-preview:large, max-video-preview:-1\" \/>\n<link rel=\"canonical\" href=\"https:\/\/artslibris.cat\/ca\/tienda\/llibre-dartista\/zeitgesit-variations-repetitions-erratum\/\" \/>\n<meta property=\"og:locale\" content=\"ca_ES\" \/>\n<meta property=\"og:type\" content=\"article\" \/>\n<meta property=\"og:title\" content=\"Zeitgesit. Variations &amp; Repetitions + Erratum - ArtsLibris\" \/>\n<meta property=\"og:description\" content=\"Autor: VV.AA. Editorial: Save As\u2026 Publications Data: Maig 2010 + Maig 2013 Idioma: Espanyol \/ Angl\u00e8s Format: 29 x 41 cm + 20.5 x 29 cm P\u00e0gines: 64 pp. + ; 88 pp. ISBN: 978\u201384\u2013936956\u20137\u20135 + 978\u201384\u2013938430\u20137\u20136\" \/>\n<meta property=\"og:url\" content=\"https:\/\/artslibris.cat\/ca\/tienda\/llibre-dartista\/zeitgesit-variations-repetitions-erratum\/\" \/>\n<meta property=\"og:site_name\" content=\"ArtsLibris\" \/>\n<meta property=\"article:publisher\" content=\"https:\/\/www.facebook.com\/artslibris\/\" \/>\n<meta property=\"article:modified_time\" content=\"2022-04-20T15:13:51+00:00\" \/>\n<meta property=\"og:image\" content=\"https:\/\/artslibris.cat\/wp-content\/uploads\/2022\/04\/VV.AA_.-\u2014-Zeitgesit.-Variations-Repetitions-Erratum-Save-As...-Publications.jpg\" \/>\n\t<meta property=\"og:image:width\" content=\"1653\" \/>\n\t<meta property=\"og:image:height\" content=\"1181\" \/>\n\t<meta property=\"og:image:type\" content=\"image\/jpeg\" \/>\n<meta name=\"twitter:card\" content=\"summary_large_image\" \/>\n<meta name=\"twitter:site\" content=\"@ArtsLibris\" \/>\n<meta name=\"twitter:label1\" content=\"Temps estimat de lectura\" \/>\n\t<meta name=\"twitter:data1\" content=\"2 minuts\" \/>\n<script type=\"application\/ld+json\" class=\"yoast-schema-graph\">{\"@context\":\"https:\/\/schema.org\",\"@graph\":[{\"@type\":\"WebPage\",\"@id\":\"https:\/\/artslibris.cat\/ca\/tienda\/llibre-dartista\/zeitgesit-variations-repetitions-erratum\/\",\"url\":\"https:\/\/artslibris.cat\/ca\/tienda\/llibre-dartista\/zeitgesit-variations-repetitions-erratum\/\",\"name\":\"Zeitgesit. Variations & Repetitions + Erratum - ArtsLibris\",\"isPartOf\":{\"@id\":\"https:\/\/artslibris.cat\/ca\/#website\"},\"primaryImageOfPage\":{\"@id\":\"https:\/\/artslibris.cat\/ca\/tienda\/llibre-dartista\/zeitgesit-variations-repetitions-erratum\/#primaryimage\"},\"image\":{\"@id\":\"https:\/\/artslibris.cat\/ca\/tienda\/llibre-dartista\/zeitgesit-variations-repetitions-erratum\/#primaryimage\"},\"thumbnailUrl\":\"https:\/\/artslibris.cat\/wp-content\/uploads\/2022\/04\/VV.AA_.-\u2014-Zeitgesit.-Variations-Repetitions-Erratum-Save-As...-Publications.jpg\",\"datePublished\":\"2022-04-08T18:36:14+00:00\",\"dateModified\":\"2022-04-20T15:13:51+00:00\",\"breadcrumb\":{\"@id\":\"https:\/\/artslibris.cat\/ca\/tienda\/llibre-dartista\/zeitgesit-variations-repetitions-erratum\/#breadcrumb\"},\"inLanguage\":\"ca\",\"potentialAction\":[{\"@type\":\"ReadAction\",\"target\":[\"https:\/\/artslibris.cat\/ca\/tienda\/llibre-dartista\/zeitgesit-variations-repetitions-erratum\/\"]}]},{\"@type\":\"ImageObject\",\"inLanguage\":\"ca\",\"@id\":\"https:\/\/artslibris.cat\/ca\/tienda\/llibre-dartista\/zeitgesit-variations-repetitions-erratum\/#primaryimage\",\"url\":\"https:\/\/artslibris.cat\/wp-content\/uploads\/2022\/04\/VV.AA_.-\u2014-Zeitgesit.-Variations-Repetitions-Erratum-Save-As...-Publications.jpg\",\"contentUrl\":\"https:\/\/artslibris.cat\/wp-content\/uploads\/2022\/04\/VV.AA_.-\u2014-Zeitgesit.-Variations-Repetitions-Erratum-Save-As...-Publications.jpg\",\"width\":1653,\"height\":1181},{\"@type\":\"BreadcrumbList\",\"@id\":\"https:\/\/artslibris.cat\/ca\/tienda\/llibre-dartista\/zeitgesit-variations-repetitions-erratum\/#breadcrumb\",\"itemListElement\":[{\"@type\":\"ListItem\",\"position\":1,\"name\":\"Portada\",\"item\":\"https:\/\/artslibris.cat\/ca\/\"},{\"@type\":\"ListItem\",\"position\":2,\"name\":\"Tenda\",\"item\":\"https:\/\/artslibris.cat\/ca\/tenda\/\"},{\"@type\":\"ListItem\",\"position\":3,\"name\":\"Zeitgesit. Variations &#038; Repetitions + Erratum\"}]},{\"@type\":\"WebSite\",\"@id\":\"https:\/\/artslibris.cat\/ca\/#website\",\"url\":\"https:\/\/artslibris.cat\/ca\/\",\"name\":\"ArtsLibris\",\"description\":\"\",\"publisher\":{\"@id\":\"https:\/\/artslibris.cat\/ca\/#organization\"},\"potentialAction\":[{\"@type\":\"SearchAction\",\"target\":{\"@type\":\"EntryPoint\",\"urlTemplate\":\"https:\/\/artslibris.cat\/ca\/?s={search_term_string}\"},\"query-input\":{\"@type\":\"PropertyValueSpecification\",\"valueRequired\":true,\"valueName\":\"search_term_string\"}}],\"inLanguage\":\"ca\"},{\"@type\":\"Organization\",\"@id\":\"https:\/\/artslibris.cat\/ca\/#organization\",\"name\":\"ArtsLibris\",\"url\":\"https:\/\/artslibris.cat\/ca\/\",\"logo\":{\"@type\":\"ImageObject\",\"inLanguage\":\"ca\",\"@id\":\"https:\/\/artslibris.cat\/ca\/#\/schema\/logo\/image\/\",\"url\":\"https:\/\/artslibris.cat\/wp-content\/uploads\/2020\/05\/ArtsLibris-logo-black.svg\",\"contentUrl\":\"https:\/\/artslibris.cat\/wp-content\/uploads\/2020\/05\/ArtsLibris-logo-black.svg\",\"width\":521,\"height\":85,\"caption\":\"ArtsLibris\"},\"image\":{\"@id\":\"https:\/\/artslibris.cat\/ca\/#\/schema\/logo\/image\/\"},\"sameAs\":[\"https:\/\/www.facebook.com\/artslibris\/\",\"https:\/\/x.com\/ArtsLibris\",\"https:\/\/www.instagram.com\/artslibris\/\"]}]}<\/script>\n<!-- \/ Yoast SEO plugin. -->","yoast_head_json":{"title":"Zeitgesit. Variations & Repetitions + Erratum - ArtsLibris","robots":{"index":"index","follow":"follow","max-snippet":"max-snippet:-1","max-image-preview":"max-image-preview:large","max-video-preview":"max-video-preview:-1"},"canonical":"https:\/\/artslibris.cat\/ca\/tienda\/llibre-dartista\/zeitgesit-variations-repetitions-erratum\/","og_locale":"ca_ES","og_type":"article","og_title":"Zeitgesit. Variations & Repetitions + Erratum - ArtsLibris","og_description":"Autor: VV.AA. Editorial: Save As\u2026 Publications Data: Maig 2010 + Maig 2013 Idioma: Espanyol \/ Angl\u00e8s Format: 29 x 41 cm + 20.5 x 29 cm P\u00e0gines: 64 pp. + ; 88 pp. ISBN: 978\u201384\u2013936956\u20137\u20135 + 978\u201384\u2013938430\u20137\u20136","og_url":"https:\/\/artslibris.cat\/ca\/tienda\/llibre-dartista\/zeitgesit-variations-repetitions-erratum\/","og_site_name":"ArtsLibris","article_publisher":"https:\/\/www.facebook.com\/artslibris\/","article_modified_time":"2022-04-20T15:13:51+00:00","og_image":[{"width":1653,"height":1181,"url":"https:\/\/artslibris.cat\/wp-content\/uploads\/2022\/04\/VV.AA_.-\u2014-Zeitgesit.-Variations-Repetitions-Erratum-Save-As...-Publications.jpg","type":"image\/jpeg"}],"twitter_card":"summary_large_image","twitter_site":"@ArtsLibris","twitter_misc":{"Temps estimat de lectura":"2 minuts"},"schema":{"@context":"https:\/\/schema.org","@graph":[{"@type":"WebPage","@id":"https:\/\/artslibris.cat\/ca\/tienda\/llibre-dartista\/zeitgesit-variations-repetitions-erratum\/","url":"https:\/\/artslibris.cat\/ca\/tienda\/llibre-dartista\/zeitgesit-variations-repetitions-erratum\/","name":"Zeitgesit. Variations & Repetitions + Erratum - ArtsLibris","isPartOf":{"@id":"https:\/\/artslibris.cat\/ca\/#website"},"primaryImageOfPage":{"@id":"https:\/\/artslibris.cat\/ca\/tienda\/llibre-dartista\/zeitgesit-variations-repetitions-erratum\/#primaryimage"},"image":{"@id":"https:\/\/artslibris.cat\/ca\/tienda\/llibre-dartista\/zeitgesit-variations-repetitions-erratum\/#primaryimage"},"thumbnailUrl":"https:\/\/artslibris.cat\/wp-content\/uploads\/2022\/04\/VV.AA_.-\u2014-Zeitgesit.-Variations-Repetitions-Erratum-Save-As...-Publications.jpg","datePublished":"2022-04-08T18:36:14+00:00","dateModified":"2022-04-20T15:13:51+00:00","breadcrumb":{"@id":"https:\/\/artslibris.cat\/ca\/tienda\/llibre-dartista\/zeitgesit-variations-repetitions-erratum\/#breadcrumb"},"inLanguage":"ca","potentialAction":[{"@type":"ReadAction","target":["https:\/\/artslibris.cat\/ca\/tienda\/llibre-dartista\/zeitgesit-variations-repetitions-erratum\/"]}]},{"@type":"ImageObject","inLanguage":"ca","@id":"https:\/\/artslibris.cat\/ca\/tienda\/llibre-dartista\/zeitgesit-variations-repetitions-erratum\/#primaryimage","url":"https:\/\/artslibris.cat\/wp-content\/uploads\/2022\/04\/VV.AA_.-\u2014-Zeitgesit.-Variations-Repetitions-Erratum-Save-As...-Publications.jpg","contentUrl":"https:\/\/artslibris.cat\/wp-content\/uploads\/2022\/04\/VV.AA_.-\u2014-Zeitgesit.-Variations-Repetitions-Erratum-Save-As...-Publications.jpg","width":1653,"height":1181},{"@type":"BreadcrumbList","@id":"https:\/\/artslibris.cat\/ca\/tienda\/llibre-dartista\/zeitgesit-variations-repetitions-erratum\/#breadcrumb","itemListElement":[{"@type":"ListItem","position":1,"name":"Portada","item":"https:\/\/artslibris.cat\/ca\/"},{"@type":"ListItem","position":2,"name":"Tenda","item":"https:\/\/artslibris.cat\/ca\/tenda\/"},{"@type":"ListItem","position":3,"name":"Zeitgesit. Variations &#038; Repetitions + Erratum"}]},{"@type":"WebSite","@id":"https:\/\/artslibris.cat\/ca\/#website","url":"https:\/\/artslibris.cat\/ca\/","name":"ArtsLibris","description":"","publisher":{"@id":"https:\/\/artslibris.cat\/ca\/#organization"},"potentialAction":[{"@type":"SearchAction","target":{"@type":"EntryPoint","urlTemplate":"https:\/\/artslibris.cat\/ca\/?s={search_term_string}"},"query-input":{"@type":"PropertyValueSpecification","valueRequired":true,"valueName":"search_term_string"}}],"inLanguage":"ca"},{"@type":"Organization","@id":"https:\/\/artslibris.cat\/ca\/#organization","name":"ArtsLibris","url":"https:\/\/artslibris.cat\/ca\/","logo":{"@type":"ImageObject","inLanguage":"ca","@id":"https:\/\/artslibris.cat\/ca\/#\/schema\/logo\/image\/","url":"https:\/\/artslibris.cat\/wp-content\/uploads\/2020\/05\/ArtsLibris-logo-black.svg","contentUrl":"https:\/\/artslibris.cat\/wp-content\/uploads\/2020\/05\/ArtsLibris-logo-black.svg","width":521,"height":85,"caption":"ArtsLibris"},"image":{"@id":"https:\/\/artslibris.cat\/ca\/#\/schema\/logo\/image\/"},"sameAs":["https:\/\/www.facebook.com\/artslibris\/","https:\/\/x.com\/ArtsLibris","https:\/\/www.instagram.com\/artslibris\/"]}]}},"_links":{"self":[{"href":"https:\/\/artslibris.cat\/ca\/wp-json\/wp\/v2\/product\/17163","targetHints":{"allow":["GET"]}}],"collection":[{"href":"https:\/\/artslibris.cat\/ca\/wp-json\/wp\/v2\/product"}],"about":[{"href":"https:\/\/artslibris.cat\/ca\/wp-json\/wp\/v2\/types\/product"}],"wp:featuredmedia":[{"embeddable":true,"href":"https:\/\/artslibris.cat\/ca\/wp-json\/wp\/v2\/media\/17449"}],"wp:attachment":[{"href":"https:\/\/artslibris.cat\/ca\/wp-json\/wp\/v2\/media?parent=17163"}],"wp:term":[{"taxonomy":"product_brand","embeddable":true,"href":"https:\/\/artslibris.cat\/ca\/wp-json\/wp\/v2\/product_brand?post=17163"},{"taxonomy":"product_cat","embeddable":true,"href":"https:\/\/artslibris.cat\/ca\/wp-json\/wp\/v2\/product_cat?post=17163"},{"taxonomy":"product_tag","embeddable":true,"href":"https:\/\/artslibris.cat\/ca\/wp-json\/wp\/v2\/product_tag?post=17163"}],"curies":[{"name":"wp","href":"https:\/\/api.w.org\/{rel}","templated":true}]}}