{"id":16992,"date":"2022-04-08T16:47:27","date_gmt":"2022-04-08T16:47:27","guid":{"rendered":"https:\/\/artslibris.cat\/?post_type=product&#038;p=16992"},"modified":"2022-04-20T16:09:22","modified_gmt":"2022-04-20T16:09:22","slug":"buscando-el-atardecer","status":"publish","type":"product","link":"https:\/\/artslibris.cat\/ca\/tienda\/llibre-dartista\/buscando-el-atardecer\/","title":{"rendered":"Buscando el atardecer"},"content":{"rendered":"<div class=\"page\" title=\"Page 2\">\n<div class=\"layoutArea\">\n<div class=\"column\">\n<p><span class=\"JLqJ4b ChMk0b\" data-language-for-alternatives=\"ca\" data-language-to-translate-into=\"es\" data-phrase-index=\"0\" data-number-of-phrases=\"6\"><span class=\"Q4iAWc\">Aquesta publicaci\u00f3 \u00e9s el resultat d&#8217;una investigaci\u00f3 sobre els postulats del Modernisme al camp de la fotografia art\u00edstica.<\/span><\/span> <span class=\"JLqJ4b ChMk0b\" data-language-for-alternatives=\"ca\" data-language-to-translate-into=\"es\" data-phrase-index=\"1\" data-number-of-phrases=\"6\"><span class=\"Q4iAWc\">A partir d&#8217;una selecci\u00f3 d&#8217;imatges extretes de c\u00e0meres de seguretat, a les quals es pot accedir remotament per internet, es fa un recorregut per diferents ciutats del planeta seguint el moviment de rotaci\u00f3 de la Terra, per capturar-ne l&#8217;oc\u00e0s, moment en qu\u00e8<\/span><\/span> <span class=\"JLqJ4b ChMk0b\" data-language-for-alternatives=\"ca\" data-language-to-translate-into=\"es\" data-phrase-index=\"2\" data-number-of-phrases=\"6\"><span class=\"Q4iAWc\">el sol travessa el pla de l&#8217;horitz\u00f3 i passa de l&#8217;hemisferi visible al no visible.<\/span><\/span><\/p>\n<p><span class=\"JLqJ4b ChMk0b\" data-language-for-alternatives=\"ca\" data-language-to-translate-into=\"es\" data-phrase-index=\"4\" data-number-of-phrases=\"6\"><span class=\"Q4iAWc\">Aquestes imatges, de baixa resoluci\u00f3, dubt\u00f3s enquadrament i autor desconegut, anuncien l&#8217;esgotament del projecte de la modernitat.<\/span><\/span> <span class=\"JLqJ4b ChMk0b\" data-language-for-alternatives=\"ca\" data-language-to-translate-into=\"es\" data-phrase-index=\"5\" data-number-of-phrases=\"6\"><span class=\"Q4iAWc\">La publicaci\u00f3 resultant posa a debat la hist\u00f2ria del mitj\u00e0 fotogr\u00e0fic i ho fa reapropiant-se de manifestacions existents per\u00f2 col\u00b7locant-les en un context nou que permeten a l&#8217;autor descodificar els preceptes existents que postulava la crisi de la Postmodernitat.<\/span><\/span><\/p>\n<\/div>\n<\/div>\n<\/div>\n","protected":false},"excerpt":{"rendered":"<div class=\"page\" title=\"Page 3\">\n<div class=\"layoutArea\">\n<div class=\"column\">\n<p><span class=\"JLqJ4b ChMk0b\" data-language-for-alternatives=\"ca\" data-language-to-translate-into=\"es\" data-phrase-index=\"0\" data-number-of-phrases=\"13\"><span class=\"Q4iAWc\">Autor: David Guti\u00e9rrez<\/span><\/span><br \/>\n<span class=\"JLqJ4b ChMk0b\" data-language-for-alternatives=\"ca\" data-language-to-translate-into=\"es\" data-phrase-index=\"2\" data-number-of-phrases=\"13\"><span class=\"Q4iAWc\">Editorial: ferranElOtro Editor<\/span><\/span><br \/>\n<span class=\"JLqJ4b ChMk0b\" data-language-for-alternatives=\"ca\" data-language-to-translate-into=\"es\" data-phrase-index=\"4\" data-number-of-phrases=\"13\"><span class=\"Q4iAWc\">Data: Novembre 2020<\/span><\/span><br \/>\n<span class=\"JLqJ4b ChMk0b\" data-language-for-alternatives=\"ca\" data-language-to-translate-into=\"es\" data-phrase-index=\"6\" data-number-of-phrases=\"13\"><span class=\"Q4iAWc\">Idioma: Espanyol \/ Angl\u00e8s<\/span><\/span><br \/>\n<span class=\"JLqJ4b ChMk0b\" data-language-for-alternatives=\"ca\" data-language-to-translate-into=\"es\" data-phrase-index=\"8\" data-number-of-phrases=\"13\"><span class=\"Q4iAWc\">Format: 16.5 x 22 cm<\/span><\/span><br \/>\n<span class=\"JLqJ4b ChMk0b\" data-language-for-alternatives=\"ca\" data-language-to-translate-into=\"es\" data-phrase-index=\"10\" data-number-of-phrases=\"13\"><span class=\"Q4iAWc\">P\u00e0gines: 52 pp.<\/span><\/span><br \/>\n<span class=\"JLqJ4b ChMk0b\" data-language-for-alternatives=\"ca\" data-language-to-translate-into=\"es\" data-phrase-index=\"12\" data-number-of-phrases=\"13\"><span class=\"Q4iAWc\">ISBN: 978\u2013958\u201349\u20130111\u20138<\/span><\/span><\/p>\n<\/div>\n<\/div>\n<\/div>\n","protected":false},"featured_media":17512,"template":"","meta":{"_acf_changed":false,"site-sidebar-layout":"default","site-content-layout":"default","ast-site-content-layout":"default","site-content-style":"default","site-sidebar-style":"default","ast-global-header-display":"","ast-banner-title-visibility":"","ast-main-header-display":"","ast-hfb-above-header-display":"","ast-hfb-below-header-display":"","ast-hfb-mobile-header-display":"","site-post-title":"","ast-breadcrumbs-content":"","ast-featured-img":"","footer-sml-layout":"","ast-disable-related-posts":"","theme-transparent-header-meta":"","adv-header-id-meta":"","stick-header-meta":"","header-above-stick-meta":"","header-main-stick-meta":"","header-below-stick-meta":"","astra-migrate-meta-layouts":"default","ast-page-background-enabled":"default","ast-page-background-meta":{"desktop":{"background-color":"","background-image":"","background-repeat":"repeat","background-position":"center center","background-size":"auto","background-attachment":"scroll","background-type":"","background-media":"","overlay-type":"","overlay-color":"","overlay-opacity":"","overlay-gradient":""},"tablet":{"background-color":"","background-image":"","background-repeat":"repeat","background-position":"center center","background-size":"auto","background-attachment":"scroll","background-type":"","background-media":"","overlay-type":"","overlay-color":"","overlay-opacity":"","overlay-gradient":""},"mobile":{"background-color":"","background-image":"","background-repeat":"repeat","background-position":"center center","background-size":"auto","background-attachment":"scroll","background-type":"","background-media":"","overlay-type":"","overlay-color":"","overlay-opacity":"","overlay-gradient":""}},"ast-content-background-meta":{"desktop":{"background-color":"var(--ast-global-color-5)","background-image":"","background-repeat":"repeat","background-position":"center center","background-size":"auto","background-attachment":"scroll","background-type":"","background-media":"","overlay-type":"","overlay-color":"","overlay-opacity":"","overlay-gradient":""},"tablet":{"background-color":"var(--ast-global-color-5)","background-image":"","background-repeat":"repeat","background-position":"center center","background-size":"auto","background-attachment":"scroll","background-type":"","background-media":"","overlay-type":"","overlay-color":"","overlay-opacity":"","overlay-gradient":""},"mobile":{"background-color":"var(--ast-global-color-5)","background-image":"","background-repeat":"repeat","background-position":"center center","background-size":"auto","background-attachment":"scroll","background-type":"","background-media":"","overlay-type":"","overlay-color":"","overlay-opacity":"","overlay-gradient":""}}},"product_brand":[],"product_cat":[101,65],"product_tag":[360],"class_list":{"0":"post-16992","1":"product","2":"type-product","3":"status-publish","4":"has-post-thumbnail","6":"product_cat-destacados-ca","7":"product_cat-llibre-dartista","8":"product_tag-ferran-el-otro-ca","9":"desktop-align-left","10":"tablet-align-left","11":"mobile-align-left","13":"first","14":"outofstock","15":"shipping-taxable","16":"purchasable","17":"product-type-simple"},"acf":[],"yoast_head":"<!-- This site is optimized with the Yoast SEO plugin v27.1.1 - https:\/\/yoast.com\/product\/yoast-seo-wordpress\/ -->\n<title>Buscando el atardecer - ArtsLibris<\/title>\n<meta name=\"robots\" content=\"index, follow, max-snippet:-1, max-image-preview:large, max-video-preview:-1\" \/>\n<link rel=\"canonical\" href=\"https:\/\/artslibris.cat\/ca\/tienda\/llibre-dartista\/buscando-el-atardecer\/\" \/>\n<meta property=\"og:locale\" content=\"ca_ES\" \/>\n<meta property=\"og:type\" content=\"article\" \/>\n<meta property=\"og:title\" content=\"Buscando el atardecer - ArtsLibris\" \/>\n<meta property=\"og:description\" content=\"Autor: David Guti\u00e9rrez Editorial: ferranElOtro Editor Data: Novembre 2020 Idioma: Espanyol \/ Angl\u00e8s Format: 16.5 x 22 cm P\u00e0gines: 52 pp. ISBN: 978\u2013958\u201349\u20130111\u20138\" \/>\n<meta property=\"og:url\" content=\"https:\/\/artslibris.cat\/ca\/tienda\/llibre-dartista\/buscando-el-atardecer\/\" \/>\n<meta property=\"og:site_name\" content=\"ArtsLibris\" \/>\n<meta property=\"article:publisher\" content=\"https:\/\/www.facebook.com\/artslibris\/\" \/>\n<meta property=\"article:modified_time\" content=\"2022-04-20T16:09:22+00:00\" \/>\n<meta property=\"og:image\" content=\"https:\/\/artslibris.cat\/wp-content\/uploads\/2022\/04\/David-Gutie\u0301rrez-\u2014-Buscando-el-atardecer-ferranElOtro-Editor.jpg\" \/>\n\t<meta property=\"og:image:width\" content=\"1654\" \/>\n\t<meta property=\"og:image:height\" content=\"1181\" \/>\n\t<meta property=\"og:image:type\" content=\"image\/jpeg\" \/>\n<meta name=\"twitter:card\" content=\"summary_large_image\" \/>\n<meta name=\"twitter:site\" content=\"@ArtsLibris\" \/>\n<meta name=\"twitter:label1\" content=\"Temps estimat de lectura\" \/>\n\t<meta name=\"twitter:data1\" content=\"1 minut\" \/>\n<script type=\"application\/ld+json\" class=\"yoast-schema-graph\">{\"@context\":\"https:\/\/schema.org\",\"@graph\":[{\"@type\":\"WebPage\",\"@id\":\"https:\/\/artslibris.cat\/ca\/tienda\/llibre-dartista\/buscando-el-atardecer\/\",\"url\":\"https:\/\/artslibris.cat\/ca\/tienda\/llibre-dartista\/buscando-el-atardecer\/\",\"name\":\"Buscando el atardecer - ArtsLibris\",\"isPartOf\":{\"@id\":\"https:\/\/artslibris.cat\/ca\/#website\"},\"primaryImageOfPage\":{\"@id\":\"https:\/\/artslibris.cat\/ca\/tienda\/llibre-dartista\/buscando-el-atardecer\/#primaryimage\"},\"image\":{\"@id\":\"https:\/\/artslibris.cat\/ca\/tienda\/llibre-dartista\/buscando-el-atardecer\/#primaryimage\"},\"thumbnailUrl\":\"https:\/\/artslibris.cat\/wp-content\/uploads\/2022\/04\/David-Gutie\u0301rrez-\u2014-Buscando-el-atardecer-ferranElOtro-Editor.jpg\",\"datePublished\":\"2022-04-08T16:47:27+00:00\",\"dateModified\":\"2022-04-20T16:09:22+00:00\",\"breadcrumb\":{\"@id\":\"https:\/\/artslibris.cat\/ca\/tienda\/llibre-dartista\/buscando-el-atardecer\/#breadcrumb\"},\"inLanguage\":\"ca\",\"potentialAction\":[{\"@type\":\"ReadAction\",\"target\":[\"https:\/\/artslibris.cat\/ca\/tienda\/llibre-dartista\/buscando-el-atardecer\/\"]}]},{\"@type\":\"ImageObject\",\"inLanguage\":\"ca\",\"@id\":\"https:\/\/artslibris.cat\/ca\/tienda\/llibre-dartista\/buscando-el-atardecer\/#primaryimage\",\"url\":\"https:\/\/artslibris.cat\/wp-content\/uploads\/2022\/04\/David-Gutie\u0301rrez-\u2014-Buscando-el-atardecer-ferranElOtro-Editor.jpg\",\"contentUrl\":\"https:\/\/artslibris.cat\/wp-content\/uploads\/2022\/04\/David-Gutie\u0301rrez-\u2014-Buscando-el-atardecer-ferranElOtro-Editor.jpg\",\"width\":1654,\"height\":1181},{\"@type\":\"BreadcrumbList\",\"@id\":\"https:\/\/artslibris.cat\/ca\/tienda\/llibre-dartista\/buscando-el-atardecer\/#breadcrumb\",\"itemListElement\":[{\"@type\":\"ListItem\",\"position\":1,\"name\":\"Portada\",\"item\":\"https:\/\/artslibris.cat\/ca\/\"},{\"@type\":\"ListItem\",\"position\":2,\"name\":\"Tenda\",\"item\":\"https:\/\/artslibris.cat\/ca\/tenda\/\"},{\"@type\":\"ListItem\",\"position\":3,\"name\":\"Buscando el atardecer\"}]},{\"@type\":\"WebSite\",\"@id\":\"https:\/\/artslibris.cat\/ca\/#website\",\"url\":\"https:\/\/artslibris.cat\/ca\/\",\"name\":\"ArtsLibris\",\"description\":\"\",\"publisher\":{\"@id\":\"https:\/\/artslibris.cat\/ca\/#organization\"},\"potentialAction\":[{\"@type\":\"SearchAction\",\"target\":{\"@type\":\"EntryPoint\",\"urlTemplate\":\"https:\/\/artslibris.cat\/ca\/?s={search_term_string}\"},\"query-input\":{\"@type\":\"PropertyValueSpecification\",\"valueRequired\":true,\"valueName\":\"search_term_string\"}}],\"inLanguage\":\"ca\"},{\"@type\":\"Organization\",\"@id\":\"https:\/\/artslibris.cat\/ca\/#organization\",\"name\":\"ArtsLibris\",\"url\":\"https:\/\/artslibris.cat\/ca\/\",\"logo\":{\"@type\":\"ImageObject\",\"inLanguage\":\"ca\",\"@id\":\"https:\/\/artslibris.cat\/ca\/#\/schema\/logo\/image\/\",\"url\":\"https:\/\/artslibris.cat\/wp-content\/uploads\/2020\/05\/ArtsLibris-logo-black.svg\",\"contentUrl\":\"https:\/\/artslibris.cat\/wp-content\/uploads\/2020\/05\/ArtsLibris-logo-black.svg\",\"width\":521,\"height\":85,\"caption\":\"ArtsLibris\"},\"image\":{\"@id\":\"https:\/\/artslibris.cat\/ca\/#\/schema\/logo\/image\/\"},\"sameAs\":[\"https:\/\/www.facebook.com\/artslibris\/\",\"https:\/\/x.com\/ArtsLibris\",\"https:\/\/www.instagram.com\/artslibris\/\"]}]}<\/script>\n<!-- \/ Yoast SEO plugin. -->","yoast_head_json":{"title":"Buscando el atardecer - ArtsLibris","robots":{"index":"index","follow":"follow","max-snippet":"max-snippet:-1","max-image-preview":"max-image-preview:large","max-video-preview":"max-video-preview:-1"},"canonical":"https:\/\/artslibris.cat\/ca\/tienda\/llibre-dartista\/buscando-el-atardecer\/","og_locale":"ca_ES","og_type":"article","og_title":"Buscando el atardecer - ArtsLibris","og_description":"Autor: David Guti\u00e9rrez Editorial: ferranElOtro Editor Data: Novembre 2020 Idioma: Espanyol \/ Angl\u00e8s Format: 16.5 x 22 cm P\u00e0gines: 52 pp. ISBN: 978\u2013958\u201349\u20130111\u20138","og_url":"https:\/\/artslibris.cat\/ca\/tienda\/llibre-dartista\/buscando-el-atardecer\/","og_site_name":"ArtsLibris","article_publisher":"https:\/\/www.facebook.com\/artslibris\/","article_modified_time":"2022-04-20T16:09:22+00:00","og_image":[{"width":1654,"height":1181,"url":"https:\/\/artslibris.cat\/wp-content\/uploads\/2022\/04\/David-Gutie\u0301rrez-\u2014-Buscando-el-atardecer-ferranElOtro-Editor.jpg","type":"image\/jpeg"}],"twitter_card":"summary_large_image","twitter_site":"@ArtsLibris","twitter_misc":{"Temps estimat de lectura":"1 minut"},"schema":{"@context":"https:\/\/schema.org","@graph":[{"@type":"WebPage","@id":"https:\/\/artslibris.cat\/ca\/tienda\/llibre-dartista\/buscando-el-atardecer\/","url":"https:\/\/artslibris.cat\/ca\/tienda\/llibre-dartista\/buscando-el-atardecer\/","name":"Buscando el atardecer - ArtsLibris","isPartOf":{"@id":"https:\/\/artslibris.cat\/ca\/#website"},"primaryImageOfPage":{"@id":"https:\/\/artslibris.cat\/ca\/tienda\/llibre-dartista\/buscando-el-atardecer\/#primaryimage"},"image":{"@id":"https:\/\/artslibris.cat\/ca\/tienda\/llibre-dartista\/buscando-el-atardecer\/#primaryimage"},"thumbnailUrl":"https:\/\/artslibris.cat\/wp-content\/uploads\/2022\/04\/David-Gutie\u0301rrez-\u2014-Buscando-el-atardecer-ferranElOtro-Editor.jpg","datePublished":"2022-04-08T16:47:27+00:00","dateModified":"2022-04-20T16:09:22+00:00","breadcrumb":{"@id":"https:\/\/artslibris.cat\/ca\/tienda\/llibre-dartista\/buscando-el-atardecer\/#breadcrumb"},"inLanguage":"ca","potentialAction":[{"@type":"ReadAction","target":["https:\/\/artslibris.cat\/ca\/tienda\/llibre-dartista\/buscando-el-atardecer\/"]}]},{"@type":"ImageObject","inLanguage":"ca","@id":"https:\/\/artslibris.cat\/ca\/tienda\/llibre-dartista\/buscando-el-atardecer\/#primaryimage","url":"https:\/\/artslibris.cat\/wp-content\/uploads\/2022\/04\/David-Gutie\u0301rrez-\u2014-Buscando-el-atardecer-ferranElOtro-Editor.jpg","contentUrl":"https:\/\/artslibris.cat\/wp-content\/uploads\/2022\/04\/David-Gutie\u0301rrez-\u2014-Buscando-el-atardecer-ferranElOtro-Editor.jpg","width":1654,"height":1181},{"@type":"BreadcrumbList","@id":"https:\/\/artslibris.cat\/ca\/tienda\/llibre-dartista\/buscando-el-atardecer\/#breadcrumb","itemListElement":[{"@type":"ListItem","position":1,"name":"Portada","item":"https:\/\/artslibris.cat\/ca\/"},{"@type":"ListItem","position":2,"name":"Tenda","item":"https:\/\/artslibris.cat\/ca\/tenda\/"},{"@type":"ListItem","position":3,"name":"Buscando el atardecer"}]},{"@type":"WebSite","@id":"https:\/\/artslibris.cat\/ca\/#website","url":"https:\/\/artslibris.cat\/ca\/","name":"ArtsLibris","description":"","publisher":{"@id":"https:\/\/artslibris.cat\/ca\/#organization"},"potentialAction":[{"@type":"SearchAction","target":{"@type":"EntryPoint","urlTemplate":"https:\/\/artslibris.cat\/ca\/?s={search_term_string}"},"query-input":{"@type":"PropertyValueSpecification","valueRequired":true,"valueName":"search_term_string"}}],"inLanguage":"ca"},{"@type":"Organization","@id":"https:\/\/artslibris.cat\/ca\/#organization","name":"ArtsLibris","url":"https:\/\/artslibris.cat\/ca\/","logo":{"@type":"ImageObject","inLanguage":"ca","@id":"https:\/\/artslibris.cat\/ca\/#\/schema\/logo\/image\/","url":"https:\/\/artslibris.cat\/wp-content\/uploads\/2020\/05\/ArtsLibris-logo-black.svg","contentUrl":"https:\/\/artslibris.cat\/wp-content\/uploads\/2020\/05\/ArtsLibris-logo-black.svg","width":521,"height":85,"caption":"ArtsLibris"},"image":{"@id":"https:\/\/artslibris.cat\/ca\/#\/schema\/logo\/image\/"},"sameAs":["https:\/\/www.facebook.com\/artslibris\/","https:\/\/x.com\/ArtsLibris","https:\/\/www.instagram.com\/artslibris\/"]}]}},"_links":{"self":[{"href":"https:\/\/artslibris.cat\/ca\/wp-json\/wp\/v2\/product\/16992","targetHints":{"allow":["GET"]}}],"collection":[{"href":"https:\/\/artslibris.cat\/ca\/wp-json\/wp\/v2\/product"}],"about":[{"href":"https:\/\/artslibris.cat\/ca\/wp-json\/wp\/v2\/types\/product"}],"wp:featuredmedia":[{"embeddable":true,"href":"https:\/\/artslibris.cat\/ca\/wp-json\/wp\/v2\/media\/17512"}],"wp:attachment":[{"href":"https:\/\/artslibris.cat\/ca\/wp-json\/wp\/v2\/media?parent=16992"}],"wp:term":[{"taxonomy":"product_brand","embeddable":true,"href":"https:\/\/artslibris.cat\/ca\/wp-json\/wp\/v2\/product_brand?post=16992"},{"taxonomy":"product_cat","embeddable":true,"href":"https:\/\/artslibris.cat\/ca\/wp-json\/wp\/v2\/product_cat?post=16992"},{"taxonomy":"product_tag","embeddable":true,"href":"https:\/\/artslibris.cat\/ca\/wp-json\/wp\/v2\/product_tag?post=16992"}],"curies":[{"name":"wp","href":"https:\/\/api.w.org\/{rel}","templated":true}]}}