{"id":15658,"date":"2021-12-14T16:17:04","date_gmt":"2021-12-14T16:17:04","guid":{"rendered":"https:\/\/artslibris.cat\/?post_type=product&#038;p=15658"},"modified":"2022-02-09T10:52:07","modified_gmt":"2022-02-09T10:52:07","slug":"cosmismo-ruso","status":"publish","type":"product","link":"https:\/\/artslibris.cat\/ca\/tienda\/pensamiento-ca\/cosmismo-ruso\/","title":{"rendered":"Cosmismo ruso"},"content":{"rendered":"<p>\u201cImmortalitat per a tots!\u201d, \u201cLa nostra tasca \u00e9s la resurrecci\u00f3 dels morts!\u201d, \u201cLa societat comunista ha de ser tamb\u00e9 interplanet\u00e0ria!\u201d. Aqu\u00ed tenim algunes consignes que sintetitzen el programa d&#8217;acci\u00f3 que va nuclear a finals del segle XIX i principis del segle XX a un moviment heterogeni integrat per anarquistes radicals, activistes revolucionaris, poetes afins a all\u00f2 ocult, fil\u00f2sofs, novel\u00b7listes ut\u00f2pics, cient\u00edfics i pioners de la astron\u00e0utica. Es tractava d&#8217;un cercle d&#8217;autors russos per als quals tots mals com la desigualtat, la injust\u00edcia i el patiment tenien la seva arrel en un problema m\u00e9s gran: la mort, un luxe innecessari que es podria evitar mitjan\u00e7ant el millorament tecnol\u00f2gic de la natura. Segons els principis cosmistes, els \u00e9ssers humans havien de deixar enrere les seves difer\u00e8ncies i organitzar els seus esfor\u00e7os darrere aquest objectiu com\u00fa, al qual seguiria un no menys ambici\u00f3s: la interplanetarietat. Un cop superats els l\u00edmits temporals de la vida, estar\u00edem llestos per trencar els nostres lligams espacials i disseminar la revoluci\u00f3 per tot l&#8217;univers.<\/p>\n<p>Aquests textos, condemnats a l&#8217;oblit durant anys i als quals podem accedir per primera vegada en llengua castellana amb traducci\u00f3 directa del rus, sorprenen tant per l&#8217;aud\u00e0cia dels seus plantejos com per les resson\u00e0ncies inesperades que tenen en el present. Gran part dels projectes del cosmisme es reflecteixen a l&#8217;agenda dels titans de Silicon Valley \u2013que financen programes per revertir l&#8217;envelliment cel\u00b7lular o implementar la criog\u00e8nia\u2013 i en corrents de pensament tan actuals com el posthumanisme o el ciberfeminisme, per als quals tamb\u00e9 el cos \u00e9s un dispositiu pl\u00e0stic que podem modificar per superar els seus l\u00edmits. Fins i tot el temor del primer cosmista, Fi\u00f3dorov, que \u201cels milionaris poguessin infectar altres planetes amb la seva explotaci\u00f3 extractivista\u201d sembla materialitzar-se en la privatitzaci\u00f3 de la carrera espacial operada per Elon Musk i Jeff Bezos. En aquest escenari, recuperar la tradici\u00f3 del cosmisme rus ens pot servir per recrear avui aquesta conflu\u00e8ncia tan necess\u00e0ria entre desenvolupament tecnocient\u00edfic i pol\u00edtiques emancipat\u00f2ries.<\/p>\n","protected":false},"excerpt":{"rendered":"<p>T\u00edtol: Cosmismo ruso &#8211; Tecnolog\u00edas de la inmortalidad antes y despu\u00e9s de la revoluci\u00f3n de octubre<br \/>\nAutor: Boris Groys (COMP.)<br \/>\nEditorial: Caja Negra<br \/>\nN\u00ba p\u00e0gines: 320<br \/>\nEdici\u00f3: 2021<br \/>\nTraducci\u00f3: Fulvio Franchi<br \/>\nISBN: 978-987-48226-0-4<\/p>\n","protected":false},"featured_media":15661,"template":"","meta":{"_acf_changed":false,"site-sidebar-layout":"default","site-content-layout":"default","ast-site-content-layout":"default","site-content-style":"default","site-sidebar-style":"default","ast-global-header-display":"","ast-banner-title-visibility":"","ast-main-header-display":"","ast-hfb-above-header-display":"","ast-hfb-below-header-display":"","ast-hfb-mobile-header-display":"","site-post-title":"","ast-breadcrumbs-content":"","ast-featured-img":"","footer-sml-layout":"","ast-disable-related-posts":"","theme-transparent-header-meta":"default","adv-header-id-meta":"","stick-header-meta":"","header-above-stick-meta":"","header-main-stick-meta":"","header-below-stick-meta":"","astra-migrate-meta-layouts":"default","ast-page-background-enabled":"default","ast-page-background-meta":{"desktop":{"background-color":"","background-image":"","background-repeat":"repeat","background-position":"center center","background-size":"auto","background-attachment":"scroll","background-type":"","background-media":"","overlay-type":"","overlay-color":"","overlay-opacity":"","overlay-gradient":""},"tablet":{"background-color":"","background-image":"","background-repeat":"repeat","background-position":"center center","background-size":"auto","background-attachment":"scroll","background-type":"","background-media":"","overlay-type":"","overlay-color":"","overlay-opacity":"","overlay-gradient":""},"mobile":{"background-color":"","background-image":"","background-repeat":"repeat","background-position":"center center","background-size":"auto","background-attachment":"scroll","background-type":"","background-media":"","overlay-type":"","overlay-color":"","overlay-opacity":"","overlay-gradient":""}},"ast-content-background-meta":{"desktop":{"background-color":"var(--ast-global-color-5)","background-image":"","background-repeat":"repeat","background-position":"center center","background-size":"auto","background-attachment":"scroll","background-type":"","background-media":"","overlay-type":"","overlay-color":"","overlay-opacity":"","overlay-gradient":""},"tablet":{"background-color":"var(--ast-global-color-5)","background-image":"","background-repeat":"repeat","background-position":"center center","background-size":"auto","background-attachment":"scroll","background-type":"","background-media":"","overlay-type":"","overlay-color":"","overlay-opacity":"","overlay-gradient":""},"mobile":{"background-color":"var(--ast-global-color-5)","background-image":"","background-repeat":"repeat","background-position":"center center","background-size":"auto","background-attachment":"scroll","background-type":"","background-media":"","overlay-type":"","overlay-color":"","overlay-opacity":"","overlay-gradient":""}}},"product_brand":[],"product_cat":[101,82],"product_tag":[208],"class_list":{"0":"post-15658","1":"product","2":"type-product","3":"status-publish","4":"has-post-thumbnail","6":"product_cat-destacados-ca","7":"product_cat-pensamiento-ca","8":"product_tag-caja-negra-ca","9":"desktop-align-left","10":"tablet-align-left","11":"mobile-align-left","13":"first","14":"outofstock","15":"shipping-taxable","16":"purchasable","17":"product-type-simple"},"acf":[],"yoast_head":"<!-- This site is optimized with the Yoast SEO plugin v27.1.1 - https:\/\/yoast.com\/product\/yoast-seo-wordpress\/ -->\n<title>Cosmismo ruso - ArtsLibris<\/title>\n<meta name=\"description\" content=\"Botiga-Arts-Libris-cosmismo-ruso-boris-groys-Caja-Negra\" \/>\n<meta name=\"robots\" content=\"index, follow, max-snippet:-1, max-image-preview:large, max-video-preview:-1\" \/>\n<link rel=\"canonical\" href=\"https:\/\/artslibris.cat\/ca\/tienda\/pensamiento-ca\/cosmismo-ruso\/\" \/>\n<meta property=\"og:locale\" content=\"ca_ES\" \/>\n<meta property=\"og:type\" content=\"article\" \/>\n<meta property=\"og:title\" content=\"Cosmismo ruso - ArtsLibris\" \/>\n<meta property=\"og:description\" content=\"Botiga-Arts-Libris-cosmismo-ruso-boris-groys-Caja-Negra\" \/>\n<meta property=\"og:url\" content=\"https:\/\/artslibris.cat\/ca\/tienda\/pensamiento-ca\/cosmismo-ruso\/\" \/>\n<meta property=\"og:site_name\" content=\"ArtsLibris\" \/>\n<meta property=\"article:publisher\" content=\"https:\/\/www.facebook.com\/artslibris\/\" \/>\n<meta property=\"article:modified_time\" content=\"2022-02-09T10:52:07+00:00\" \/>\n<meta property=\"og:image\" content=\"https:\/\/artslibris.cat\/wp-content\/uploads\/2021\/12\/Captura-de-pantalla-2021-12-14-a-las-17.19.05.png\" \/>\n\t<meta property=\"og:image:width\" content=\"451\" \/>\n\t<meta property=\"og:image:height\" content=\"687\" \/>\n\t<meta property=\"og:image:type\" content=\"image\/png\" \/>\n<meta name=\"twitter:card\" content=\"summary_large_image\" \/>\n<meta name=\"twitter:site\" content=\"@ArtsLibris\" \/>\n<meta name=\"twitter:label1\" content=\"Temps estimat de lectura\" \/>\n\t<meta name=\"twitter:data1\" content=\"2 minuts\" \/>\n<script type=\"application\/ld+json\" class=\"yoast-schema-graph\">{\"@context\":\"https:\/\/schema.org\",\"@graph\":[{\"@type\":\"WebPage\",\"@id\":\"https:\/\/artslibris.cat\/ca\/tienda\/pensamiento-ca\/cosmismo-ruso\/\",\"url\":\"https:\/\/artslibris.cat\/ca\/tienda\/pensamiento-ca\/cosmismo-ruso\/\",\"name\":\"Cosmismo ruso - ArtsLibris\",\"isPartOf\":{\"@id\":\"https:\/\/artslibris.cat\/ca\/#website\"},\"primaryImageOfPage\":{\"@id\":\"https:\/\/artslibris.cat\/ca\/tienda\/pensamiento-ca\/cosmismo-ruso\/#primaryimage\"},\"image\":{\"@id\":\"https:\/\/artslibris.cat\/ca\/tienda\/pensamiento-ca\/cosmismo-ruso\/#primaryimage\"},\"thumbnailUrl\":\"https:\/\/artslibris.cat\/wp-content\/uploads\/2021\/12\/Captura-de-pantalla-2021-12-14-a-las-17.19.05.png\",\"datePublished\":\"2021-12-14T16:17:04+00:00\",\"dateModified\":\"2022-02-09T10:52:07+00:00\",\"description\":\"Botiga-Arts-Libris-cosmismo-ruso-boris-groys-Caja-Negra\",\"breadcrumb\":{\"@id\":\"https:\/\/artslibris.cat\/ca\/tienda\/pensamiento-ca\/cosmismo-ruso\/#breadcrumb\"},\"inLanguage\":\"ca\",\"potentialAction\":[{\"@type\":\"ReadAction\",\"target\":[\"https:\/\/artslibris.cat\/ca\/tienda\/pensamiento-ca\/cosmismo-ruso\/\"]}]},{\"@type\":\"ImageObject\",\"inLanguage\":\"ca\",\"@id\":\"https:\/\/artslibris.cat\/ca\/tienda\/pensamiento-ca\/cosmismo-ruso\/#primaryimage\",\"url\":\"https:\/\/artslibris.cat\/wp-content\/uploads\/2021\/12\/Captura-de-pantalla-2021-12-14-a-las-17.19.05.png\",\"contentUrl\":\"https:\/\/artslibris.cat\/wp-content\/uploads\/2021\/12\/Captura-de-pantalla-2021-12-14-a-las-17.19.05.png\",\"width\":451,\"height\":687},{\"@type\":\"BreadcrumbList\",\"@id\":\"https:\/\/artslibris.cat\/ca\/tienda\/pensamiento-ca\/cosmismo-ruso\/#breadcrumb\",\"itemListElement\":[{\"@type\":\"ListItem\",\"position\":1,\"name\":\"Portada\",\"item\":\"https:\/\/artslibris.cat\/ca\/\"},{\"@type\":\"ListItem\",\"position\":2,\"name\":\"Tenda\",\"item\":\"https:\/\/artslibris.cat\/ca\/tenda\/\"},{\"@type\":\"ListItem\",\"position\":3,\"name\":\"Cosmismo ruso\"}]},{\"@type\":\"WebSite\",\"@id\":\"https:\/\/artslibris.cat\/ca\/#website\",\"url\":\"https:\/\/artslibris.cat\/ca\/\",\"name\":\"ArtsLibris\",\"description\":\"\",\"publisher\":{\"@id\":\"https:\/\/artslibris.cat\/ca\/#organization\"},\"potentialAction\":[{\"@type\":\"SearchAction\",\"target\":{\"@type\":\"EntryPoint\",\"urlTemplate\":\"https:\/\/artslibris.cat\/ca\/?s={search_term_string}\"},\"query-input\":{\"@type\":\"PropertyValueSpecification\",\"valueRequired\":true,\"valueName\":\"search_term_string\"}}],\"inLanguage\":\"ca\"},{\"@type\":\"Organization\",\"@id\":\"https:\/\/artslibris.cat\/ca\/#organization\",\"name\":\"ArtsLibris\",\"url\":\"https:\/\/artslibris.cat\/ca\/\",\"logo\":{\"@type\":\"ImageObject\",\"inLanguage\":\"ca\",\"@id\":\"https:\/\/artslibris.cat\/ca\/#\/schema\/logo\/image\/\",\"url\":\"https:\/\/artslibris.cat\/wp-content\/uploads\/2020\/05\/ArtsLibris-logo-black.svg\",\"contentUrl\":\"https:\/\/artslibris.cat\/wp-content\/uploads\/2020\/05\/ArtsLibris-logo-black.svg\",\"width\":521,\"height\":85,\"caption\":\"ArtsLibris\"},\"image\":{\"@id\":\"https:\/\/artslibris.cat\/ca\/#\/schema\/logo\/image\/\"},\"sameAs\":[\"https:\/\/www.facebook.com\/artslibris\/\",\"https:\/\/x.com\/ArtsLibris\",\"https:\/\/www.instagram.com\/artslibris\/\"]}]}<\/script>\n<!-- \/ Yoast SEO plugin. -->","yoast_head_json":{"title":"Cosmismo ruso - ArtsLibris","description":"Botiga-Arts-Libris-cosmismo-ruso-boris-groys-Caja-Negra","robots":{"index":"index","follow":"follow","max-snippet":"max-snippet:-1","max-image-preview":"max-image-preview:large","max-video-preview":"max-video-preview:-1"},"canonical":"https:\/\/artslibris.cat\/ca\/tienda\/pensamiento-ca\/cosmismo-ruso\/","og_locale":"ca_ES","og_type":"article","og_title":"Cosmismo ruso - ArtsLibris","og_description":"Botiga-Arts-Libris-cosmismo-ruso-boris-groys-Caja-Negra","og_url":"https:\/\/artslibris.cat\/ca\/tienda\/pensamiento-ca\/cosmismo-ruso\/","og_site_name":"ArtsLibris","article_publisher":"https:\/\/www.facebook.com\/artslibris\/","article_modified_time":"2022-02-09T10:52:07+00:00","og_image":[{"width":451,"height":687,"url":"https:\/\/artslibris.cat\/wp-content\/uploads\/2021\/12\/Captura-de-pantalla-2021-12-14-a-las-17.19.05.png","type":"image\/png"}],"twitter_card":"summary_large_image","twitter_site":"@ArtsLibris","twitter_misc":{"Temps estimat de lectura":"2 minuts"},"schema":{"@context":"https:\/\/schema.org","@graph":[{"@type":"WebPage","@id":"https:\/\/artslibris.cat\/ca\/tienda\/pensamiento-ca\/cosmismo-ruso\/","url":"https:\/\/artslibris.cat\/ca\/tienda\/pensamiento-ca\/cosmismo-ruso\/","name":"Cosmismo ruso - ArtsLibris","isPartOf":{"@id":"https:\/\/artslibris.cat\/ca\/#website"},"primaryImageOfPage":{"@id":"https:\/\/artslibris.cat\/ca\/tienda\/pensamiento-ca\/cosmismo-ruso\/#primaryimage"},"image":{"@id":"https:\/\/artslibris.cat\/ca\/tienda\/pensamiento-ca\/cosmismo-ruso\/#primaryimage"},"thumbnailUrl":"https:\/\/artslibris.cat\/wp-content\/uploads\/2021\/12\/Captura-de-pantalla-2021-12-14-a-las-17.19.05.png","datePublished":"2021-12-14T16:17:04+00:00","dateModified":"2022-02-09T10:52:07+00:00","description":"Botiga-Arts-Libris-cosmismo-ruso-boris-groys-Caja-Negra","breadcrumb":{"@id":"https:\/\/artslibris.cat\/ca\/tienda\/pensamiento-ca\/cosmismo-ruso\/#breadcrumb"},"inLanguage":"ca","potentialAction":[{"@type":"ReadAction","target":["https:\/\/artslibris.cat\/ca\/tienda\/pensamiento-ca\/cosmismo-ruso\/"]}]},{"@type":"ImageObject","inLanguage":"ca","@id":"https:\/\/artslibris.cat\/ca\/tienda\/pensamiento-ca\/cosmismo-ruso\/#primaryimage","url":"https:\/\/artslibris.cat\/wp-content\/uploads\/2021\/12\/Captura-de-pantalla-2021-12-14-a-las-17.19.05.png","contentUrl":"https:\/\/artslibris.cat\/wp-content\/uploads\/2021\/12\/Captura-de-pantalla-2021-12-14-a-las-17.19.05.png","width":451,"height":687},{"@type":"BreadcrumbList","@id":"https:\/\/artslibris.cat\/ca\/tienda\/pensamiento-ca\/cosmismo-ruso\/#breadcrumb","itemListElement":[{"@type":"ListItem","position":1,"name":"Portada","item":"https:\/\/artslibris.cat\/ca\/"},{"@type":"ListItem","position":2,"name":"Tenda","item":"https:\/\/artslibris.cat\/ca\/tenda\/"},{"@type":"ListItem","position":3,"name":"Cosmismo ruso"}]},{"@type":"WebSite","@id":"https:\/\/artslibris.cat\/ca\/#website","url":"https:\/\/artslibris.cat\/ca\/","name":"ArtsLibris","description":"","publisher":{"@id":"https:\/\/artslibris.cat\/ca\/#organization"},"potentialAction":[{"@type":"SearchAction","target":{"@type":"EntryPoint","urlTemplate":"https:\/\/artslibris.cat\/ca\/?s={search_term_string}"},"query-input":{"@type":"PropertyValueSpecification","valueRequired":true,"valueName":"search_term_string"}}],"inLanguage":"ca"},{"@type":"Organization","@id":"https:\/\/artslibris.cat\/ca\/#organization","name":"ArtsLibris","url":"https:\/\/artslibris.cat\/ca\/","logo":{"@type":"ImageObject","inLanguage":"ca","@id":"https:\/\/artslibris.cat\/ca\/#\/schema\/logo\/image\/","url":"https:\/\/artslibris.cat\/wp-content\/uploads\/2020\/05\/ArtsLibris-logo-black.svg","contentUrl":"https:\/\/artslibris.cat\/wp-content\/uploads\/2020\/05\/ArtsLibris-logo-black.svg","width":521,"height":85,"caption":"ArtsLibris"},"image":{"@id":"https:\/\/artslibris.cat\/ca\/#\/schema\/logo\/image\/"},"sameAs":["https:\/\/www.facebook.com\/artslibris\/","https:\/\/x.com\/ArtsLibris","https:\/\/www.instagram.com\/artslibris\/"]}]}},"_links":{"self":[{"href":"https:\/\/artslibris.cat\/ca\/wp-json\/wp\/v2\/product\/15658","targetHints":{"allow":["GET"]}}],"collection":[{"href":"https:\/\/artslibris.cat\/ca\/wp-json\/wp\/v2\/product"}],"about":[{"href":"https:\/\/artslibris.cat\/ca\/wp-json\/wp\/v2\/types\/product"}],"wp:featuredmedia":[{"embeddable":true,"href":"https:\/\/artslibris.cat\/ca\/wp-json\/wp\/v2\/media\/15661"}],"wp:attachment":[{"href":"https:\/\/artslibris.cat\/ca\/wp-json\/wp\/v2\/media?parent=15658"}],"wp:term":[{"taxonomy":"product_brand","embeddable":true,"href":"https:\/\/artslibris.cat\/ca\/wp-json\/wp\/v2\/product_brand?post=15658"},{"taxonomy":"product_cat","embeddable":true,"href":"https:\/\/artslibris.cat\/ca\/wp-json\/wp\/v2\/product_cat?post=15658"},{"taxonomy":"product_tag","embeddable":true,"href":"https:\/\/artslibris.cat\/ca\/wp-json\/wp\/v2\/product_tag?post=15658"}],"curies":[{"name":"wp","href":"https:\/\/api.w.org\/{rel}","templated":true}]}}