{"id":14093,"date":"2021-09-08T17:42:31","date_gmt":"2021-09-08T17:42:31","guid":{"rendered":"https:\/\/artslibris.cat\/tienda\/Sense categoria\/atlas-menor-01-disidencia-sexual-desde-la-vulnerabilidad-y-la-resistencia\/"},"modified":"2021-09-08T17:42:31","modified_gmt":"2021-09-08T17:42:31","slug":"atlas-menor-01-disidencia-sexual-desde-la-vulnerabilidad-y-la-resistencia","status":"publish","type":"product","link":"https:\/\/artslibris.cat\/ca\/tienda\/llibre-dartista\/atlas-menor-01-disidencia-sexual-desde-la-vulnerabilidad-y-la-resistencia\/","title":{"rendered":"Atlas Menor #01. Disidencia sexual, desde la vulnerabilidad y la resistencia"},"content":{"rendered":"<p>Mirar a la cartografia des de les dissid\u00e8ncies sexuals possibilita un proc\u00e9s de resignificaci\u00f3 que parla en altres termes, tracta altres territoris i trenca amb els ideals hegem\u00f2nics del cartogr\u00e0fic. Aquest eix travessa el treball de lxs tres autorxs participants, per a trobar un potencial que permeti q\u00fcestionar, remoure i imaginar altres viv\u00e8ncies possibles. Aix\u00f2 significa donar compte del subjectiu i activar eines que denoten una voluntat pol\u00edtica. I \u00e9s que tractar un altre tipus d&#8217;experi\u00e8ncies que s&#8217;allunyen de la norma requereix altres maneres de fer que possibiliten nous imaginaris per\u00f2 no obliden les relacions de poder i les desigualtats que els inscriuen. En definitiva, demostren que podem fer cartografies en els nostres propis termes.<\/p>\n<p>El treball de Kyle Lasky (Lesbian Bedrooms II), nucbeade (Lesboanimitas) i Lucas Larochelle (qt.bot) formen aquesta primera aproximaci\u00f3 cartogr\u00e0fica acompanyats d&#8217;un text de Yera Moreno. S\u00f3n mapes que estan constru\u00efts amb argamassa de mem\u00f2ria col\u00b7lectiva, experi\u00e8ncies personals, desitjos entrella\u00e7ats i relats ficcionados. Fan refer\u00e8ncia a les diferents maneres de viure i habitar l&#8217;espai a trav\u00e9s de testimoniatges, fotografies o altres registres que conten hist\u00f2ries; hist\u00f2ries que parlen des de la mem\u00f2ria, la intimitat i la ficci\u00f3, des de llocs de resist\u00e8ncia i de vulnerabilitat.<\/p>\n","protected":false},"excerpt":{"rendered":"<p>T\u00edtol: Atlas Menor #01. Disidencia sexual, desde la vulnerabilidad y la resistencia<br \/>\nAutors: Kyle Lasky, nucbeade, Lucas Larochelle<br \/>\nEditorial: Bartlebooth<br \/>\nEdici\u00f3: 2020<br \/>\nDisseny y edici\u00f3: Antonio Gir\u00e1ldez L\u00f3pez, Pablo Ib\u00e1\u00f1ez Ferrera<br \/>\nTraducci\u00f3: Akshid Rajendran<br \/>\nISBN: 9789213580202<\/p>\n","protected":false},"featured_media":14081,"template":"","meta":{"_acf_changed":false,"site-sidebar-layout":"default","site-content-layout":"default","ast-site-content-layout":"default","site-content-style":"default","site-sidebar-style":"default","ast-global-header-display":"","ast-banner-title-visibility":"","ast-main-header-display":"","ast-hfb-above-header-display":"","ast-hfb-below-header-display":"","ast-hfb-mobile-header-display":"","site-post-title":"","ast-breadcrumbs-content":"","ast-featured-img":"","footer-sml-layout":"","ast-disable-related-posts":"","theme-transparent-header-meta":"default","adv-header-id-meta":"","stick-header-meta":"","header-above-stick-meta":"","header-main-stick-meta":"","header-below-stick-meta":"","astra-migrate-meta-layouts":"default","ast-page-background-enabled":"default","ast-page-background-meta":{"desktop":{"background-color":"","background-image":"","background-repeat":"repeat","background-position":"center center","background-size":"auto","background-attachment":"scroll","background-type":"","background-media":"","overlay-type":"","overlay-color":"","overlay-opacity":"","overlay-gradient":""},"tablet":{"background-color":"","background-image":"","background-repeat":"repeat","background-position":"center center","background-size":"auto","background-attachment":"scroll","background-type":"","background-media":"","overlay-type":"","overlay-color":"","overlay-opacity":"","overlay-gradient":""},"mobile":{"background-color":"","background-image":"","background-repeat":"repeat","background-position":"center center","background-size":"auto","background-attachment":"scroll","background-type":"","background-media":"","overlay-type":"","overlay-color":"","overlay-opacity":"","overlay-gradient":""}},"ast-content-background-meta":{"desktop":{"background-color":"var(--ast-global-color-5)","background-image":"","background-repeat":"repeat","background-position":"center center","background-size":"auto","background-attachment":"scroll","background-type":"","background-media":"","overlay-type":"","overlay-color":"","overlay-opacity":"","overlay-gradient":""},"tablet":{"background-color":"var(--ast-global-color-5)","background-image":"","background-repeat":"repeat","background-position":"center center","background-size":"auto","background-attachment":"scroll","background-type":"","background-media":"","overlay-type":"","overlay-color":"","overlay-opacity":"","overlay-gradient":""},"mobile":{"background-color":"var(--ast-global-color-5)","background-image":"","background-repeat":"repeat","background-position":"center center","background-size":"auto","background-attachment":"scroll","background-type":"","background-media":"","overlay-type":"","overlay-color":"","overlay-opacity":"","overlay-gradient":""}}},"product_brand":[],"product_cat":[82,84,65],"product_tag":[87],"class_list":{"0":"post-14093","1":"product","2":"type-product","3":"status-publish","4":"has-post-thumbnail","6":"product_cat-pensamiento-ca","7":"product_cat-estetica-ca","8":"product_cat-llibre-dartista","9":"product_tag-bartlebooth-ca","10":"desktop-align-left","11":"tablet-align-left","12":"mobile-align-left","14":"first","15":"instock","16":"shipping-taxable","17":"purchasable","18":"product-type-simple"},"acf":[],"yoast_head":"<!-- This site is optimized with the Yoast SEO plugin v27.1.1 - https:\/\/yoast.com\/product\/yoast-seo-wordpress\/ -->\n<title>Atlas Menor #01. Disidencia sexual, desde la vulnerabilidad y la resistencia - ArtsLibris<\/title>\n<meta name=\"description\" content=\"Botiga-Arts-Libris-Atlas-Menor-Disidencia-Sexual-desde-la-vulnerabilidad-y-la-resistencia-bartlebooth\" \/>\n<meta name=\"robots\" content=\"index, follow, max-snippet:-1, max-image-preview:large, max-video-preview:-1\" \/>\n<link rel=\"canonical\" href=\"https:\/\/artslibris.cat\/ca\/tienda\/llibre-dartista\/atlas-menor-01-disidencia-sexual-desde-la-vulnerabilidad-y-la-resistencia\/\" \/>\n<meta property=\"og:locale\" content=\"ca_ES\" \/>\n<meta property=\"og:type\" content=\"article\" \/>\n<meta property=\"og:title\" content=\"Atlas Menor #01. Disidencia sexual, desde la vulnerabilidad y la resistencia - ArtsLibris\" \/>\n<meta property=\"og:description\" content=\"Botiga-Arts-Libris-Atlas-Menor-Disidencia-Sexual-desde-la-vulnerabilidad-y-la-resistencia-bartlebooth\" \/>\n<meta property=\"og:url\" content=\"https:\/\/artslibris.cat\/ca\/tienda\/llibre-dartista\/atlas-menor-01-disidencia-sexual-desde-la-vulnerabilidad-y-la-resistencia\/\" \/>\n<meta property=\"og:site_name\" content=\"ArtsLibris\" \/>\n<meta property=\"article:publisher\" content=\"https:\/\/www.facebook.com\/artslibris\/\" \/>\n<meta property=\"og:image\" content=\"https:\/\/artslibris.cat\/wp-content\/uploads\/2021\/09\/Captura-de-pantalla-2021-09-08-a-las-19.29.55.png\" \/>\n\t<meta property=\"og:image:width\" content=\"349\" \/>\n\t<meta property=\"og:image:height\" content=\"721\" \/>\n\t<meta property=\"og:image:type\" content=\"image\/png\" \/>\n<meta name=\"twitter:card\" content=\"summary_large_image\" \/>\n<meta name=\"twitter:site\" content=\"@ArtsLibris\" \/>\n<meta name=\"twitter:label1\" content=\"Temps estimat de lectura\" \/>\n\t<meta name=\"twitter:data1\" content=\"1 minut\" \/>\n<script type=\"application\/ld+json\" class=\"yoast-schema-graph\">{\"@context\":\"https:\/\/schema.org\",\"@graph\":[{\"@type\":\"WebPage\",\"@id\":\"https:\/\/artslibris.cat\/ca\/tienda\/llibre-dartista\/atlas-menor-01-disidencia-sexual-desde-la-vulnerabilidad-y-la-resistencia\/\",\"url\":\"https:\/\/artslibris.cat\/ca\/tienda\/llibre-dartista\/atlas-menor-01-disidencia-sexual-desde-la-vulnerabilidad-y-la-resistencia\/\",\"name\":\"Atlas Menor #01. Disidencia sexual, desde la vulnerabilidad y la resistencia - ArtsLibris\",\"isPartOf\":{\"@id\":\"https:\/\/artslibris.cat\/ca\/#website\"},\"primaryImageOfPage\":{\"@id\":\"https:\/\/artslibris.cat\/ca\/tienda\/llibre-dartista\/atlas-menor-01-disidencia-sexual-desde-la-vulnerabilidad-y-la-resistencia\/#primaryimage\"},\"image\":{\"@id\":\"https:\/\/artslibris.cat\/ca\/tienda\/llibre-dartista\/atlas-menor-01-disidencia-sexual-desde-la-vulnerabilidad-y-la-resistencia\/#primaryimage\"},\"thumbnailUrl\":\"https:\/\/artslibris.cat\/wp-content\/uploads\/2021\/09\/Captura-de-pantalla-2021-09-08-a-las-19.29.55.png\",\"datePublished\":\"2021-09-08T17:42:31+00:00\",\"description\":\"Botiga-Arts-Libris-Atlas-Menor-Disidencia-Sexual-desde-la-vulnerabilidad-y-la-resistencia-bartlebooth\",\"breadcrumb\":{\"@id\":\"https:\/\/artslibris.cat\/ca\/tienda\/llibre-dartista\/atlas-menor-01-disidencia-sexual-desde-la-vulnerabilidad-y-la-resistencia\/#breadcrumb\"},\"inLanguage\":\"ca\",\"potentialAction\":[{\"@type\":\"ReadAction\",\"target\":[\"https:\/\/artslibris.cat\/ca\/tienda\/llibre-dartista\/atlas-menor-01-disidencia-sexual-desde-la-vulnerabilidad-y-la-resistencia\/\"]}]},{\"@type\":\"ImageObject\",\"inLanguage\":\"ca\",\"@id\":\"https:\/\/artslibris.cat\/ca\/tienda\/llibre-dartista\/atlas-menor-01-disidencia-sexual-desde-la-vulnerabilidad-y-la-resistencia\/#primaryimage\",\"url\":\"https:\/\/artslibris.cat\/wp-content\/uploads\/2021\/09\/Captura-de-pantalla-2021-09-08-a-las-19.29.55.png\",\"contentUrl\":\"https:\/\/artslibris.cat\/wp-content\/uploads\/2021\/09\/Captura-de-pantalla-2021-09-08-a-las-19.29.55.png\",\"width\":349,\"height\":721},{\"@type\":\"BreadcrumbList\",\"@id\":\"https:\/\/artslibris.cat\/ca\/tienda\/llibre-dartista\/atlas-menor-01-disidencia-sexual-desde-la-vulnerabilidad-y-la-resistencia\/#breadcrumb\",\"itemListElement\":[{\"@type\":\"ListItem\",\"position\":1,\"name\":\"Portada\",\"item\":\"https:\/\/artslibris.cat\/ca\/\"},{\"@type\":\"ListItem\",\"position\":2,\"name\":\"Tenda\",\"item\":\"https:\/\/artslibris.cat\/ca\/tenda\/\"},{\"@type\":\"ListItem\",\"position\":3,\"name\":\"Atlas Menor #01. Disidencia sexual, desde la vulnerabilidad y la resistencia\"}]},{\"@type\":\"WebSite\",\"@id\":\"https:\/\/artslibris.cat\/ca\/#website\",\"url\":\"https:\/\/artslibris.cat\/ca\/\",\"name\":\"ArtsLibris\",\"description\":\"\",\"publisher\":{\"@id\":\"https:\/\/artslibris.cat\/ca\/#organization\"},\"potentialAction\":[{\"@type\":\"SearchAction\",\"target\":{\"@type\":\"EntryPoint\",\"urlTemplate\":\"https:\/\/artslibris.cat\/ca\/?s={search_term_string}\"},\"query-input\":{\"@type\":\"PropertyValueSpecification\",\"valueRequired\":true,\"valueName\":\"search_term_string\"}}],\"inLanguage\":\"ca\"},{\"@type\":\"Organization\",\"@id\":\"https:\/\/artslibris.cat\/ca\/#organization\",\"name\":\"ArtsLibris\",\"url\":\"https:\/\/artslibris.cat\/ca\/\",\"logo\":{\"@type\":\"ImageObject\",\"inLanguage\":\"ca\",\"@id\":\"https:\/\/artslibris.cat\/ca\/#\/schema\/logo\/image\/\",\"url\":\"https:\/\/artslibris.cat\/wp-content\/uploads\/2020\/05\/ArtsLibris-logo-black.svg\",\"contentUrl\":\"https:\/\/artslibris.cat\/wp-content\/uploads\/2020\/05\/ArtsLibris-logo-black.svg\",\"width\":521,\"height\":85,\"caption\":\"ArtsLibris\"},\"image\":{\"@id\":\"https:\/\/artslibris.cat\/ca\/#\/schema\/logo\/image\/\"},\"sameAs\":[\"https:\/\/www.facebook.com\/artslibris\/\",\"https:\/\/x.com\/ArtsLibris\",\"https:\/\/www.instagram.com\/artslibris\/\"]}]}<\/script>\n<!-- \/ Yoast SEO plugin. -->","yoast_head_json":{"title":"Atlas Menor #01. Disidencia sexual, desde la vulnerabilidad y la resistencia - ArtsLibris","description":"Botiga-Arts-Libris-Atlas-Menor-Disidencia-Sexual-desde-la-vulnerabilidad-y-la-resistencia-bartlebooth","robots":{"index":"index","follow":"follow","max-snippet":"max-snippet:-1","max-image-preview":"max-image-preview:large","max-video-preview":"max-video-preview:-1"},"canonical":"https:\/\/artslibris.cat\/ca\/tienda\/llibre-dartista\/atlas-menor-01-disidencia-sexual-desde-la-vulnerabilidad-y-la-resistencia\/","og_locale":"ca_ES","og_type":"article","og_title":"Atlas Menor #01. Disidencia sexual, desde la vulnerabilidad y la resistencia - ArtsLibris","og_description":"Botiga-Arts-Libris-Atlas-Menor-Disidencia-Sexual-desde-la-vulnerabilidad-y-la-resistencia-bartlebooth","og_url":"https:\/\/artslibris.cat\/ca\/tienda\/llibre-dartista\/atlas-menor-01-disidencia-sexual-desde-la-vulnerabilidad-y-la-resistencia\/","og_site_name":"ArtsLibris","article_publisher":"https:\/\/www.facebook.com\/artslibris\/","og_image":[{"width":349,"height":721,"url":"https:\/\/artslibris.cat\/wp-content\/uploads\/2021\/09\/Captura-de-pantalla-2021-09-08-a-las-19.29.55.png","type":"image\/png"}],"twitter_card":"summary_large_image","twitter_site":"@ArtsLibris","twitter_misc":{"Temps estimat de lectura":"1 minut"},"schema":{"@context":"https:\/\/schema.org","@graph":[{"@type":"WebPage","@id":"https:\/\/artslibris.cat\/ca\/tienda\/llibre-dartista\/atlas-menor-01-disidencia-sexual-desde-la-vulnerabilidad-y-la-resistencia\/","url":"https:\/\/artslibris.cat\/ca\/tienda\/llibre-dartista\/atlas-menor-01-disidencia-sexual-desde-la-vulnerabilidad-y-la-resistencia\/","name":"Atlas Menor #01. Disidencia sexual, desde la vulnerabilidad y la resistencia - ArtsLibris","isPartOf":{"@id":"https:\/\/artslibris.cat\/ca\/#website"},"primaryImageOfPage":{"@id":"https:\/\/artslibris.cat\/ca\/tienda\/llibre-dartista\/atlas-menor-01-disidencia-sexual-desde-la-vulnerabilidad-y-la-resistencia\/#primaryimage"},"image":{"@id":"https:\/\/artslibris.cat\/ca\/tienda\/llibre-dartista\/atlas-menor-01-disidencia-sexual-desde-la-vulnerabilidad-y-la-resistencia\/#primaryimage"},"thumbnailUrl":"https:\/\/artslibris.cat\/wp-content\/uploads\/2021\/09\/Captura-de-pantalla-2021-09-08-a-las-19.29.55.png","datePublished":"2021-09-08T17:42:31+00:00","description":"Botiga-Arts-Libris-Atlas-Menor-Disidencia-Sexual-desde-la-vulnerabilidad-y-la-resistencia-bartlebooth","breadcrumb":{"@id":"https:\/\/artslibris.cat\/ca\/tienda\/llibre-dartista\/atlas-menor-01-disidencia-sexual-desde-la-vulnerabilidad-y-la-resistencia\/#breadcrumb"},"inLanguage":"ca","potentialAction":[{"@type":"ReadAction","target":["https:\/\/artslibris.cat\/ca\/tienda\/llibre-dartista\/atlas-menor-01-disidencia-sexual-desde-la-vulnerabilidad-y-la-resistencia\/"]}]},{"@type":"ImageObject","inLanguage":"ca","@id":"https:\/\/artslibris.cat\/ca\/tienda\/llibre-dartista\/atlas-menor-01-disidencia-sexual-desde-la-vulnerabilidad-y-la-resistencia\/#primaryimage","url":"https:\/\/artslibris.cat\/wp-content\/uploads\/2021\/09\/Captura-de-pantalla-2021-09-08-a-las-19.29.55.png","contentUrl":"https:\/\/artslibris.cat\/wp-content\/uploads\/2021\/09\/Captura-de-pantalla-2021-09-08-a-las-19.29.55.png","width":349,"height":721},{"@type":"BreadcrumbList","@id":"https:\/\/artslibris.cat\/ca\/tienda\/llibre-dartista\/atlas-menor-01-disidencia-sexual-desde-la-vulnerabilidad-y-la-resistencia\/#breadcrumb","itemListElement":[{"@type":"ListItem","position":1,"name":"Portada","item":"https:\/\/artslibris.cat\/ca\/"},{"@type":"ListItem","position":2,"name":"Tenda","item":"https:\/\/artslibris.cat\/ca\/tenda\/"},{"@type":"ListItem","position":3,"name":"Atlas Menor #01. Disidencia sexual, desde la vulnerabilidad y la resistencia"}]},{"@type":"WebSite","@id":"https:\/\/artslibris.cat\/ca\/#website","url":"https:\/\/artslibris.cat\/ca\/","name":"ArtsLibris","description":"","publisher":{"@id":"https:\/\/artslibris.cat\/ca\/#organization"},"potentialAction":[{"@type":"SearchAction","target":{"@type":"EntryPoint","urlTemplate":"https:\/\/artslibris.cat\/ca\/?s={search_term_string}"},"query-input":{"@type":"PropertyValueSpecification","valueRequired":true,"valueName":"search_term_string"}}],"inLanguage":"ca"},{"@type":"Organization","@id":"https:\/\/artslibris.cat\/ca\/#organization","name":"ArtsLibris","url":"https:\/\/artslibris.cat\/ca\/","logo":{"@type":"ImageObject","inLanguage":"ca","@id":"https:\/\/artslibris.cat\/ca\/#\/schema\/logo\/image\/","url":"https:\/\/artslibris.cat\/wp-content\/uploads\/2020\/05\/ArtsLibris-logo-black.svg","contentUrl":"https:\/\/artslibris.cat\/wp-content\/uploads\/2020\/05\/ArtsLibris-logo-black.svg","width":521,"height":85,"caption":"ArtsLibris"},"image":{"@id":"https:\/\/artslibris.cat\/ca\/#\/schema\/logo\/image\/"},"sameAs":["https:\/\/www.facebook.com\/artslibris\/","https:\/\/x.com\/ArtsLibris","https:\/\/www.instagram.com\/artslibris\/"]}]}},"_links":{"self":[{"href":"https:\/\/artslibris.cat\/ca\/wp-json\/wp\/v2\/product\/14093","targetHints":{"allow":["GET"]}}],"collection":[{"href":"https:\/\/artslibris.cat\/ca\/wp-json\/wp\/v2\/product"}],"about":[{"href":"https:\/\/artslibris.cat\/ca\/wp-json\/wp\/v2\/types\/product"}],"wp:featuredmedia":[{"embeddable":true,"href":"https:\/\/artslibris.cat\/ca\/wp-json\/wp\/v2\/media\/14081"}],"wp:attachment":[{"href":"https:\/\/artslibris.cat\/ca\/wp-json\/wp\/v2\/media?parent=14093"}],"wp:term":[{"taxonomy":"product_brand","embeddable":true,"href":"https:\/\/artslibris.cat\/ca\/wp-json\/wp\/v2\/product_brand?post=14093"},{"taxonomy":"product_cat","embeddable":true,"href":"https:\/\/artslibris.cat\/ca\/wp-json\/wp\/v2\/product_cat?post=14093"},{"taxonomy":"product_tag","embeddable":true,"href":"https:\/\/artslibris.cat\/ca\/wp-json\/wp\/v2\/product_tag?post=14093"}],"curies":[{"name":"wp","href":"https:\/\/api.w.org\/{rel}","templated":true}]}}