{"id":13845,"date":"2021-09-06T15:56:53","date_gmt":"2021-09-06T15:56:53","guid":{"rendered":"https:\/\/artslibris.cat\/?post_type=product&#038;p=13845"},"modified":"2026-02-19T12:29:08","modified_gmt":"2026-02-19T12:29:08","slug":"olafur-eliasson-green-light-an-artistic-workshop","status":"publish","type":"product","link":"https:\/\/artslibris.cat\/ca\/tienda\/pensamiento-ca\/olafur-eliasson-green-light-an-artistic-workshop\/","title":{"rendered":"NOVETAT \/ Olafur Eliasson \u2013 Green light | An artistic workshop"},"content":{"rendered":"<p>Iniciat per l&#8217;artista Olafur Eliasson en col\u00b7laboraci\u00f3 amb el Thyssen-Bornemisza Art Contemporary de Viena, <em>Green light &#8211; An artistic workshop<\/em> ha estat concebut com un camp de m\u00faltiples impulsos de producci\u00f3 i aprenentatge mutu, intercanvis i trobades entorn de la fabricaci\u00f3 d&#8217;una edici\u00f3 il\u00b7limitada de m\u00f2duls geom\u00e8trics apilables equipats amb una metaf\u00f2rica llum verda de benvinguda. Si b\u00e9 la seva primera iteraci\u00f3 va tenir lloc a Viena (\u00c0ustria) en 2016, aquest programa multifac\u00e8tic de fabricaci\u00f3 i aprenentatge ha emigrat entretant a Houston (Texas) i a la 57a edici\u00f3 de la Biennal de Ven\u00e8cia.<\/p>\n<p>Enfront dels creixents desitjos d&#8217;impedir els moviments migratoris i els obstacles legals i socials cada vegada m\u00e9s restrictius perqu\u00e8 els refugiats i sol\u00b7licitants d&#8217;asil accedeixin a l&#8217;educaci\u00f3, aix\u00ed com al mercat laboral i, per tant, a la vida social en els seus nous entorns, <em>Green light<\/em> s&#8217;expressa com un comentari i una resposta activa. Aquest experiment social i art\u00edstic es proposa explorar les possibilitats i la capacitat d&#8217;acci\u00f3 de les institucions art\u00edstiques i culturals davant els reptes i les possibilitats que planteja la migraci\u00f3. Aix\u00ed mateix, la publicaci\u00f3 pret\u00e9n posar a prova les q\u00fcestions del que ve despr\u00e9s de l&#8217;arribada com el que Giorgio Agamben designa la comunitat esdevenidora que encara no ha estat. Com pensar i promulgar espais compartits i processos d&#8217;aprenentatge produ\u00efts col\u00b7lectivament cap a una societat pluralista per venir?<\/p>\n<p>Al llarg de tot el llibre, s&#8217;entrellacen i superposen testimoniatges, hist\u00f2ries, records, compartits pels participants de Green light -sol\u00b7licitants d&#8217;asil i migrants de l&#8217;Afganistan, S\u00edria, l&#8217;Iraq, Eritrea, Som\u00e0lia, Tadjikistan i Nig\u00e8ria-: compartint el significat del que la participaci\u00f3 en el taller art\u00edstic representa per a cadascun individualment, desplegant els mons creats al llarg i al voltant de Green light mentre es desentranya una trobada del quotidi\u00e0, el pol\u00edtic, el personal, l&#8217;art\u00edstic, el passat i el futur en relacions recentment fabricades.<\/p>\n","protected":false},"excerpt":{"rendered":"<p>T\u00edtulo: Olafur Eliasson \u2013 Green light | An artistic workshop<br \/>\nAutor: Daniela Zyman, Eva Ebersberger<br \/>\nEditorial: TBA21 I Thyssen-Bornemisza Art Contemporary<br \/>\nMesures: 16,5 x 24 cm<br \/>\nEdici\u00f3: 2017<br \/>\nISBN: 978-3-95679-333-2<\/p>\n","protected":false},"featured_media":13848,"template":"","meta":{"_acf_changed":false,"site-sidebar-layout":"default","site-content-layout":"default","ast-site-content-layout":"default","site-content-style":"default","site-sidebar-style":"default","ast-global-header-display":"","ast-banner-title-visibility":"","ast-main-header-display":"","ast-hfb-above-header-display":"","ast-hfb-below-header-display":"","ast-hfb-mobile-header-display":"","site-post-title":"","ast-breadcrumbs-content":"","ast-featured-img":"","footer-sml-layout":"","ast-disable-related-posts":"","theme-transparent-header-meta":"default","adv-header-id-meta":"","stick-header-meta":"","header-above-stick-meta":"","header-main-stick-meta":"","header-below-stick-meta":"","astra-migrate-meta-layouts":"set","ast-page-background-enabled":"default","ast-page-background-meta":{"desktop":{"background-color":"","background-image":"","background-repeat":"repeat","background-position":"center center","background-size":"auto","background-attachment":"scroll","background-type":"","background-media":"","overlay-type":"","overlay-color":"","overlay-opacity":"","overlay-gradient":""},"tablet":{"background-color":"","background-image":"","background-repeat":"repeat","background-position":"center center","background-size":"auto","background-attachment":"scroll","background-type":"","background-media":"","overlay-type":"","overlay-color":"","overlay-opacity":"","overlay-gradient":""},"mobile":{"background-color":"","background-image":"","background-repeat":"repeat","background-position":"center center","background-size":"auto","background-attachment":"scroll","background-type":"","background-media":"","overlay-type":"","overlay-color":"","overlay-opacity":"","overlay-gradient":""}},"ast-content-background-meta":{"desktop":{"background-color":"var(--ast-global-color-5)","background-image":"","background-repeat":"repeat","background-position":"center center","background-size":"auto","background-attachment":"scroll","background-type":"","background-media":"","overlay-type":"","overlay-color":"","overlay-opacity":"","overlay-gradient":""},"tablet":{"background-color":"var(--ast-global-color-5)","background-image":"","background-repeat":"repeat","background-position":"center center","background-size":"auto","background-attachment":"scroll","background-type":"","background-media":"","overlay-type":"","overlay-color":"","overlay-opacity":"","overlay-gradient":""},"mobile":{"background-color":"var(--ast-global-color-5)","background-image":"","background-repeat":"repeat","background-position":"center center","background-size":"auto","background-attachment":"scroll","background-type":"","background-media":"","overlay-type":"","overlay-color":"","overlay-opacity":"","overlay-gradient":""}}},"product_brand":[],"product_cat":[181,101,82],"product_tag":[317],"class_list":{"0":"post-13845","1":"product","2":"type-product","3":"status-publish","4":"has-post-thumbnail","6":"product_cat-edicions-dartistes","7":"product_cat-destacados-ca","8":"product_cat-pensamiento-ca","9":"product_tag-thyssen-bornemisza-art-contemporary-ca","10":"desktop-align-left","11":"tablet-align-left","12":"mobile-align-left","14":"first","15":"instock","16":"shipping-taxable","17":"purchasable","18":"product-type-simple"},"acf":[],"yoast_head":"<!-- This site is optimized with the Yoast SEO plugin v27.1.1 - https:\/\/yoast.com\/product\/yoast-seo-wordpress\/ -->\n<title>NOVETAT \/ Olafur Eliasson \u2013 Green light | An artistic workshop - ArtsLibris<\/title>\n<meta name=\"description\" content=\"Botiga-Arts-Libris-Daniela-Zyman-Eva-Ebersberger-Olafur-Eliasson-Green-light-Thyssen-Bornemisza-Art-Contemporary\" \/>\n<meta name=\"robots\" content=\"index, follow, max-snippet:-1, max-image-preview:large, max-video-preview:-1\" \/>\n<link rel=\"canonical\" href=\"https:\/\/artslibris.cat\/ca\/tienda\/pensamiento-ca\/olafur-eliasson-green-light-an-artistic-workshop\/\" \/>\n<meta property=\"og:locale\" content=\"ca_ES\" \/>\n<meta property=\"og:type\" content=\"article\" \/>\n<meta property=\"og:title\" content=\"NOVETAT \/ Olafur Eliasson \u2013 Green light | An artistic workshop - ArtsLibris\" \/>\n<meta property=\"og:description\" content=\"Botiga-Arts-Libris-Daniela-Zyman-Eva-Ebersberger-Olafur-Eliasson-Green-light-Thyssen-Bornemisza-Art-Contemporary\" \/>\n<meta property=\"og:url\" content=\"https:\/\/artslibris.cat\/ca\/tienda\/pensamiento-ca\/olafur-eliasson-green-light-an-artistic-workshop\/\" \/>\n<meta property=\"og:site_name\" content=\"ArtsLibris\" \/>\n<meta property=\"article:publisher\" content=\"https:\/\/www.facebook.com\/artslibris\/\" \/>\n<meta property=\"article:modified_time\" content=\"2026-02-19T12:29:08+00:00\" \/>\n<meta property=\"og:image\" content=\"https:\/\/artslibris.cat\/wp-content\/uploads\/2021\/09\/Eliasson_Green-light_cover.jpg\" \/>\n\t<meta property=\"og:image:width\" content=\"364\" \/>\n\t<meta property=\"og:image:height\" content=\"485\" \/>\n\t<meta property=\"og:image:type\" content=\"image\/jpeg\" \/>\n<meta name=\"twitter:card\" content=\"summary_large_image\" \/>\n<meta name=\"twitter:site\" content=\"@ArtsLibris\" \/>\n<meta name=\"twitter:label1\" content=\"Temps estimat de lectura\" \/>\n\t<meta name=\"twitter:data1\" content=\"2 minuts\" \/>\n<script type=\"application\/ld+json\" class=\"yoast-schema-graph\">{\"@context\":\"https:\/\/schema.org\",\"@graph\":[{\"@type\":\"WebPage\",\"@id\":\"https:\/\/artslibris.cat\/ca\/tienda\/pensamiento-ca\/olafur-eliasson-green-light-an-artistic-workshop\/\",\"url\":\"https:\/\/artslibris.cat\/ca\/tienda\/pensamiento-ca\/olafur-eliasson-green-light-an-artistic-workshop\/\",\"name\":\"NOVETAT \/ Olafur Eliasson \u2013 Green light | An artistic workshop - ArtsLibris\",\"isPartOf\":{\"@id\":\"https:\/\/artslibris.cat\/ca\/#website\"},\"primaryImageOfPage\":{\"@id\":\"https:\/\/artslibris.cat\/ca\/tienda\/pensamiento-ca\/olafur-eliasson-green-light-an-artistic-workshop\/#primaryimage\"},\"image\":{\"@id\":\"https:\/\/artslibris.cat\/ca\/tienda\/pensamiento-ca\/olafur-eliasson-green-light-an-artistic-workshop\/#primaryimage\"},\"thumbnailUrl\":\"https:\/\/artslibris.cat\/wp-content\/uploads\/2021\/09\/Eliasson_Green-light_cover.jpg\",\"datePublished\":\"2021-09-06T15:56:53+00:00\",\"dateModified\":\"2026-02-19T12:29:08+00:00\",\"description\":\"Botiga-Arts-Libris-Daniela-Zyman-Eva-Ebersberger-Olafur-Eliasson-Green-light-Thyssen-Bornemisza-Art-Contemporary\",\"breadcrumb\":{\"@id\":\"https:\/\/artslibris.cat\/ca\/tienda\/pensamiento-ca\/olafur-eliasson-green-light-an-artistic-workshop\/#breadcrumb\"},\"inLanguage\":\"ca\",\"potentialAction\":[{\"@type\":\"ReadAction\",\"target\":[\"https:\/\/artslibris.cat\/ca\/tienda\/pensamiento-ca\/olafur-eliasson-green-light-an-artistic-workshop\/\"]}]},{\"@type\":\"ImageObject\",\"inLanguage\":\"ca\",\"@id\":\"https:\/\/artslibris.cat\/ca\/tienda\/pensamiento-ca\/olafur-eliasson-green-light-an-artistic-workshop\/#primaryimage\",\"url\":\"https:\/\/artslibris.cat\/wp-content\/uploads\/2021\/09\/Eliasson_Green-light_cover.jpg\",\"contentUrl\":\"https:\/\/artslibris.cat\/wp-content\/uploads\/2021\/09\/Eliasson_Green-light_cover.jpg\",\"width\":364,\"height\":485},{\"@type\":\"BreadcrumbList\",\"@id\":\"https:\/\/artslibris.cat\/ca\/tienda\/pensamiento-ca\/olafur-eliasson-green-light-an-artistic-workshop\/#breadcrumb\",\"itemListElement\":[{\"@type\":\"ListItem\",\"position\":1,\"name\":\"Portada\",\"item\":\"https:\/\/artslibris.cat\/ca\/\"},{\"@type\":\"ListItem\",\"position\":2,\"name\":\"Tenda\",\"item\":\"https:\/\/artslibris.cat\/ca\/tenda\/\"},{\"@type\":\"ListItem\",\"position\":3,\"name\":\"NOVETAT \/ Olafur Eliasson \u2013 Green light | An artistic workshop\"}]},{\"@type\":\"WebSite\",\"@id\":\"https:\/\/artslibris.cat\/ca\/#website\",\"url\":\"https:\/\/artslibris.cat\/ca\/\",\"name\":\"ArtsLibris\",\"description\":\"\",\"publisher\":{\"@id\":\"https:\/\/artslibris.cat\/ca\/#organization\"},\"potentialAction\":[{\"@type\":\"SearchAction\",\"target\":{\"@type\":\"EntryPoint\",\"urlTemplate\":\"https:\/\/artslibris.cat\/ca\/?s={search_term_string}\"},\"query-input\":{\"@type\":\"PropertyValueSpecification\",\"valueRequired\":true,\"valueName\":\"search_term_string\"}}],\"inLanguage\":\"ca\"},{\"@type\":\"Organization\",\"@id\":\"https:\/\/artslibris.cat\/ca\/#organization\",\"name\":\"ArtsLibris\",\"url\":\"https:\/\/artslibris.cat\/ca\/\",\"logo\":{\"@type\":\"ImageObject\",\"inLanguage\":\"ca\",\"@id\":\"https:\/\/artslibris.cat\/ca\/#\/schema\/logo\/image\/\",\"url\":\"https:\/\/artslibris.cat\/wp-content\/uploads\/2020\/05\/ArtsLibris-logo-black.svg\",\"contentUrl\":\"https:\/\/artslibris.cat\/wp-content\/uploads\/2020\/05\/ArtsLibris-logo-black.svg\",\"width\":521,\"height\":85,\"caption\":\"ArtsLibris\"},\"image\":{\"@id\":\"https:\/\/artslibris.cat\/ca\/#\/schema\/logo\/image\/\"},\"sameAs\":[\"https:\/\/www.facebook.com\/artslibris\/\",\"https:\/\/x.com\/ArtsLibris\",\"https:\/\/www.instagram.com\/artslibris\/\"]}]}<\/script>\n<!-- \/ Yoast SEO plugin. -->","yoast_head_json":{"title":"NOVETAT \/ Olafur Eliasson \u2013 Green light | An artistic workshop - ArtsLibris","description":"Botiga-Arts-Libris-Daniela-Zyman-Eva-Ebersberger-Olafur-Eliasson-Green-light-Thyssen-Bornemisza-Art-Contemporary","robots":{"index":"index","follow":"follow","max-snippet":"max-snippet:-1","max-image-preview":"max-image-preview:large","max-video-preview":"max-video-preview:-1"},"canonical":"https:\/\/artslibris.cat\/ca\/tienda\/pensamiento-ca\/olafur-eliasson-green-light-an-artistic-workshop\/","og_locale":"ca_ES","og_type":"article","og_title":"NOVETAT \/ Olafur Eliasson \u2013 Green light | An artistic workshop - ArtsLibris","og_description":"Botiga-Arts-Libris-Daniela-Zyman-Eva-Ebersberger-Olafur-Eliasson-Green-light-Thyssen-Bornemisza-Art-Contemporary","og_url":"https:\/\/artslibris.cat\/ca\/tienda\/pensamiento-ca\/olafur-eliasson-green-light-an-artistic-workshop\/","og_site_name":"ArtsLibris","article_publisher":"https:\/\/www.facebook.com\/artslibris\/","article_modified_time":"2026-02-19T12:29:08+00:00","og_image":[{"width":364,"height":485,"url":"https:\/\/artslibris.cat\/wp-content\/uploads\/2021\/09\/Eliasson_Green-light_cover.jpg","type":"image\/jpeg"}],"twitter_card":"summary_large_image","twitter_site":"@ArtsLibris","twitter_misc":{"Temps estimat de lectura":"2 minuts"},"schema":{"@context":"https:\/\/schema.org","@graph":[{"@type":"WebPage","@id":"https:\/\/artslibris.cat\/ca\/tienda\/pensamiento-ca\/olafur-eliasson-green-light-an-artistic-workshop\/","url":"https:\/\/artslibris.cat\/ca\/tienda\/pensamiento-ca\/olafur-eliasson-green-light-an-artistic-workshop\/","name":"NOVETAT \/ Olafur Eliasson \u2013 Green light | An artistic workshop - ArtsLibris","isPartOf":{"@id":"https:\/\/artslibris.cat\/ca\/#website"},"primaryImageOfPage":{"@id":"https:\/\/artslibris.cat\/ca\/tienda\/pensamiento-ca\/olafur-eliasson-green-light-an-artistic-workshop\/#primaryimage"},"image":{"@id":"https:\/\/artslibris.cat\/ca\/tienda\/pensamiento-ca\/olafur-eliasson-green-light-an-artistic-workshop\/#primaryimage"},"thumbnailUrl":"https:\/\/artslibris.cat\/wp-content\/uploads\/2021\/09\/Eliasson_Green-light_cover.jpg","datePublished":"2021-09-06T15:56:53+00:00","dateModified":"2026-02-19T12:29:08+00:00","description":"Botiga-Arts-Libris-Daniela-Zyman-Eva-Ebersberger-Olafur-Eliasson-Green-light-Thyssen-Bornemisza-Art-Contemporary","breadcrumb":{"@id":"https:\/\/artslibris.cat\/ca\/tienda\/pensamiento-ca\/olafur-eliasson-green-light-an-artistic-workshop\/#breadcrumb"},"inLanguage":"ca","potentialAction":[{"@type":"ReadAction","target":["https:\/\/artslibris.cat\/ca\/tienda\/pensamiento-ca\/olafur-eliasson-green-light-an-artistic-workshop\/"]}]},{"@type":"ImageObject","inLanguage":"ca","@id":"https:\/\/artslibris.cat\/ca\/tienda\/pensamiento-ca\/olafur-eliasson-green-light-an-artistic-workshop\/#primaryimage","url":"https:\/\/artslibris.cat\/wp-content\/uploads\/2021\/09\/Eliasson_Green-light_cover.jpg","contentUrl":"https:\/\/artslibris.cat\/wp-content\/uploads\/2021\/09\/Eliasson_Green-light_cover.jpg","width":364,"height":485},{"@type":"BreadcrumbList","@id":"https:\/\/artslibris.cat\/ca\/tienda\/pensamiento-ca\/olafur-eliasson-green-light-an-artistic-workshop\/#breadcrumb","itemListElement":[{"@type":"ListItem","position":1,"name":"Portada","item":"https:\/\/artslibris.cat\/ca\/"},{"@type":"ListItem","position":2,"name":"Tenda","item":"https:\/\/artslibris.cat\/ca\/tenda\/"},{"@type":"ListItem","position":3,"name":"NOVETAT \/ Olafur Eliasson \u2013 Green light | An artistic workshop"}]},{"@type":"WebSite","@id":"https:\/\/artslibris.cat\/ca\/#website","url":"https:\/\/artslibris.cat\/ca\/","name":"ArtsLibris","description":"","publisher":{"@id":"https:\/\/artslibris.cat\/ca\/#organization"},"potentialAction":[{"@type":"SearchAction","target":{"@type":"EntryPoint","urlTemplate":"https:\/\/artslibris.cat\/ca\/?s={search_term_string}"},"query-input":{"@type":"PropertyValueSpecification","valueRequired":true,"valueName":"search_term_string"}}],"inLanguage":"ca"},{"@type":"Organization","@id":"https:\/\/artslibris.cat\/ca\/#organization","name":"ArtsLibris","url":"https:\/\/artslibris.cat\/ca\/","logo":{"@type":"ImageObject","inLanguage":"ca","@id":"https:\/\/artslibris.cat\/ca\/#\/schema\/logo\/image\/","url":"https:\/\/artslibris.cat\/wp-content\/uploads\/2020\/05\/ArtsLibris-logo-black.svg","contentUrl":"https:\/\/artslibris.cat\/wp-content\/uploads\/2020\/05\/ArtsLibris-logo-black.svg","width":521,"height":85,"caption":"ArtsLibris"},"image":{"@id":"https:\/\/artslibris.cat\/ca\/#\/schema\/logo\/image\/"},"sameAs":["https:\/\/www.facebook.com\/artslibris\/","https:\/\/x.com\/ArtsLibris","https:\/\/www.instagram.com\/artslibris\/"]}]}},"_links":{"self":[{"href":"https:\/\/artslibris.cat\/ca\/wp-json\/wp\/v2\/product\/13845","targetHints":{"allow":["GET"]}}],"collection":[{"href":"https:\/\/artslibris.cat\/ca\/wp-json\/wp\/v2\/product"}],"about":[{"href":"https:\/\/artslibris.cat\/ca\/wp-json\/wp\/v2\/types\/product"}],"wp:featuredmedia":[{"embeddable":true,"href":"https:\/\/artslibris.cat\/ca\/wp-json\/wp\/v2\/media\/13848"}],"wp:attachment":[{"href":"https:\/\/artslibris.cat\/ca\/wp-json\/wp\/v2\/media?parent=13845"}],"wp:term":[{"taxonomy":"product_brand","embeddable":true,"href":"https:\/\/artslibris.cat\/ca\/wp-json\/wp\/v2\/product_brand?post=13845"},{"taxonomy":"product_cat","embeddable":true,"href":"https:\/\/artslibris.cat\/ca\/wp-json\/wp\/v2\/product_cat?post=13845"},{"taxonomy":"product_tag","embeddable":true,"href":"https:\/\/artslibris.cat\/ca\/wp-json\/wp\/v2\/product_tag?post=13845"}],"curies":[{"name":"wp","href":"https:\/\/api.w.org\/{rel}","templated":true}]}}