{"id":13440,"date":"2021-07-26T15:58:13","date_gmt":"2021-07-26T15:58:13","guid":{"rendered":"https:\/\/artslibris.cat\/tienda\/Sense categoria\/los-manuscritos-del-fongus\/"},"modified":"2021-07-26T15:58:13","modified_gmt":"2021-07-26T15:58:13","slug":"los-manuscritos-del-fongus","status":"publish","type":"product","link":"https:\/\/artslibris.cat\/ca\/tienda\/narrativa-ca\/los-manuscritos-del-fongus\/","title":{"rendered":"Los manuscritos del Fongus"},"content":{"rendered":"<p><em>Los manuscritos del Fongus<\/em> de Jis va ser editat originalment per Colomos en 1983, es tracta de la compilaci\u00f3 d&#8217;una s\u00e8rie de tires c\u00f2miques que el monero mexic\u00e0 va lliurar peri\u00f2dicament al suplement <em>M\u00e1somenos<\/em> del diari <em>Uno mas uno<\/em> en 1981, per invitaci\u00f3 del caricaturista Bulmaro Castellanos (Mag\u00fa).<\/p>\n<p>Amb tot just setze anys, Jis va crear aquestes rondalles i llegendes curtes que van marcar un punt de partida per a la seva explosiva carrera dins la caricatura mexicana. \u201c\u00c9s un dibuix encara vacil\u00b7lant per\u00f2 ple de frescor \u2013apunta Bernardo Fernandez (Bef). S&#8217;endevina un \u00e0nim experimental, on Jis haur\u00e0 de trobar-se amb el seu humor metaf\u00edsic, petits episodis d&#8217;atmosfera on\u00edrica amb gran afinitat per l&#8217;absurd i el <em>nonsense<\/em>.\u201d<\/p>\n","protected":false},"excerpt":{"rendered":"<p>T\u00edtol: Los manuscritos del Fongus<br \/>\nAutor: Jos\u00e9 Ignacio Sol\u00f3rzano<br \/>\nEditorial: Alias<br \/>\nMesures: 20.5 x 26 cm<br \/>\nN\u00ba p\u00e0gines: 80<br \/>\nEnquadernaci\u00f3: R\u00fastica<br \/>\nISBN<strong>:\u00a0<\/strong>978-607-7985-32-7<\/p>\n","protected":false},"featured_media":13437,"template":"","meta":{"_acf_changed":false,"site-sidebar-layout":"default","site-content-layout":"default","ast-site-content-layout":"default","site-content-style":"default","site-sidebar-style":"default","ast-global-header-display":"","ast-banner-title-visibility":"","ast-main-header-display":"","ast-hfb-above-header-display":"","ast-hfb-below-header-display":"","ast-hfb-mobile-header-display":"","site-post-title":"","ast-breadcrumbs-content":"","ast-featured-img":"","footer-sml-layout":"","ast-disable-related-posts":"","theme-transparent-header-meta":"default","adv-header-id-meta":"","stick-header-meta":"","header-above-stick-meta":"","header-main-stick-meta":"","header-below-stick-meta":"","astra-migrate-meta-layouts":"default","ast-page-background-enabled":"default","ast-page-background-meta":{"desktop":{"background-color":"","background-image":"","background-repeat":"repeat","background-position":"center center","background-size":"auto","background-attachment":"scroll","background-type":"","background-media":"","overlay-type":"","overlay-color":"","overlay-opacity":"","overlay-gradient":""},"tablet":{"background-color":"","background-image":"","background-repeat":"repeat","background-position":"center center","background-size":"auto","background-attachment":"scroll","background-type":"","background-media":"","overlay-type":"","overlay-color":"","overlay-opacity":"","overlay-gradient":""},"mobile":{"background-color":"","background-image":"","background-repeat":"repeat","background-position":"center center","background-size":"auto","background-attachment":"scroll","background-type":"","background-media":"","overlay-type":"","overlay-color":"","overlay-opacity":"","overlay-gradient":""}},"ast-content-background-meta":{"desktop":{"background-color":"var(--ast-global-color-5)","background-image":"","background-repeat":"repeat","background-position":"center center","background-size":"auto","background-attachment":"scroll","background-type":"","background-media":"","overlay-type":"","overlay-color":"","overlay-opacity":"","overlay-gradient":""},"tablet":{"background-color":"var(--ast-global-color-5)","background-image":"","background-repeat":"repeat","background-position":"center center","background-size":"auto","background-attachment":"scroll","background-type":"","background-media":"","overlay-type":"","overlay-color":"","overlay-opacity":"","overlay-gradient":""},"mobile":{"background-color":"var(--ast-global-color-5)","background-image":"","background-repeat":"repeat","background-position":"center center","background-size":"auto","background-attachment":"scroll","background-type":"","background-media":"","overlay-type":"","overlay-color":"","overlay-opacity":"","overlay-gradient":""}}},"product_brand":[],"product_cat":[253],"product_tag":[108],"class_list":{"0":"post-13440","1":"product","2":"type-product","3":"status-publish","4":"has-post-thumbnail","6":"product_cat-narrativa-ca","7":"product_tag-alias-editorial-ca","8":"desktop-align-left","9":"tablet-align-left","10":"mobile-align-left","12":"first","13":"instock","14":"shipping-taxable","15":"purchasable","16":"product-type-simple"},"acf":[],"yoast_head":"<!-- This site is optimized with the Yoast SEO plugin v27.1.1 - https:\/\/yoast.com\/product\/yoast-seo-wordpress\/ -->\n<title>Los manuscritos del Fongus - ArtsLibris<\/title>\n<meta name=\"description\" content=\"Botiga-Arts-Libris-Los-manuscritos-del-fongus-alias-editorial-jose-ignacio-solorzano\" \/>\n<meta name=\"robots\" content=\"index, follow, max-snippet:-1, max-image-preview:large, max-video-preview:-1\" \/>\n<link rel=\"canonical\" href=\"https:\/\/artslibris.cat\/ca\/tienda\/narrativa-ca\/los-manuscritos-del-fongus\/\" \/>\n<meta property=\"og:locale\" content=\"ca_ES\" \/>\n<meta property=\"og:type\" content=\"article\" \/>\n<meta property=\"og:title\" content=\"Los manuscritos del Fongus - ArtsLibris\" \/>\n<meta property=\"og:description\" content=\"Botiga-Arts-Libris-Los-manuscritos-del-fongus-alias-editorial-jose-ignacio-solorzano\" \/>\n<meta property=\"og:url\" content=\"https:\/\/artslibris.cat\/ca\/tienda\/narrativa-ca\/los-manuscritos-del-fongus\/\" \/>\n<meta property=\"og:site_name\" content=\"ArtsLibris\" \/>\n<meta property=\"article:publisher\" content=\"https:\/\/www.facebook.com\/artslibris\/\" \/>\n<meta property=\"og:image\" content=\"https:\/\/artslibris.cat\/wp-content\/uploads\/2021\/07\/Arts_Libris_Los_manuscritos_del_fongus_01.png\" \/>\n\t<meta property=\"og:image:width\" content=\"382\" \/>\n\t<meta property=\"og:image:height\" content=\"486\" \/>\n\t<meta property=\"og:image:type\" content=\"image\/png\" \/>\n<meta name=\"twitter:card\" content=\"summary_large_image\" \/>\n<meta name=\"twitter:site\" content=\"@ArtsLibris\" \/>\n<meta name=\"twitter:label1\" content=\"Temps estimat de lectura\" \/>\n\t<meta name=\"twitter:data1\" content=\"1 minut\" \/>\n<script type=\"application\/ld+json\" class=\"yoast-schema-graph\">{\"@context\":\"https:\/\/schema.org\",\"@graph\":[{\"@type\":\"WebPage\",\"@id\":\"https:\/\/artslibris.cat\/ca\/tienda\/narrativa-ca\/los-manuscritos-del-fongus\/\",\"url\":\"https:\/\/artslibris.cat\/ca\/tienda\/narrativa-ca\/los-manuscritos-del-fongus\/\",\"name\":\"Los manuscritos del Fongus - ArtsLibris\",\"isPartOf\":{\"@id\":\"https:\/\/artslibris.cat\/ca\/#website\"},\"primaryImageOfPage\":{\"@id\":\"https:\/\/artslibris.cat\/ca\/tienda\/narrativa-ca\/los-manuscritos-del-fongus\/#primaryimage\"},\"image\":{\"@id\":\"https:\/\/artslibris.cat\/ca\/tienda\/narrativa-ca\/los-manuscritos-del-fongus\/#primaryimage\"},\"thumbnailUrl\":\"https:\/\/artslibris.cat\/wp-content\/uploads\/2021\/07\/Arts_Libris_Los_manuscritos_del_fongus_01.png\",\"datePublished\":\"2021-07-26T15:58:13+00:00\",\"description\":\"Botiga-Arts-Libris-Los-manuscritos-del-fongus-alias-editorial-jose-ignacio-solorzano\",\"breadcrumb\":{\"@id\":\"https:\/\/artslibris.cat\/ca\/tienda\/narrativa-ca\/los-manuscritos-del-fongus\/#breadcrumb\"},\"inLanguage\":\"ca\",\"potentialAction\":[{\"@type\":\"ReadAction\",\"target\":[\"https:\/\/artslibris.cat\/ca\/tienda\/narrativa-ca\/los-manuscritos-del-fongus\/\"]}]},{\"@type\":\"ImageObject\",\"inLanguage\":\"ca\",\"@id\":\"https:\/\/artslibris.cat\/ca\/tienda\/narrativa-ca\/los-manuscritos-del-fongus\/#primaryimage\",\"url\":\"https:\/\/artslibris.cat\/wp-content\/uploads\/2021\/07\/Arts_Libris_Los_manuscritos_del_fongus_01.png\",\"contentUrl\":\"https:\/\/artslibris.cat\/wp-content\/uploads\/2021\/07\/Arts_Libris_Los_manuscritos_del_fongus_01.png\",\"width\":382,\"height\":486},{\"@type\":\"BreadcrumbList\",\"@id\":\"https:\/\/artslibris.cat\/ca\/tienda\/narrativa-ca\/los-manuscritos-del-fongus\/#breadcrumb\",\"itemListElement\":[{\"@type\":\"ListItem\",\"position\":1,\"name\":\"Portada\",\"item\":\"https:\/\/artslibris.cat\/ca\/\"},{\"@type\":\"ListItem\",\"position\":2,\"name\":\"Tenda\",\"item\":\"https:\/\/artslibris.cat\/ca\/tenda\/\"},{\"@type\":\"ListItem\",\"position\":3,\"name\":\"Los manuscritos del Fongus\"}]},{\"@type\":\"WebSite\",\"@id\":\"https:\/\/artslibris.cat\/ca\/#website\",\"url\":\"https:\/\/artslibris.cat\/ca\/\",\"name\":\"ArtsLibris\",\"description\":\"\",\"publisher\":{\"@id\":\"https:\/\/artslibris.cat\/ca\/#organization\"},\"potentialAction\":[{\"@type\":\"SearchAction\",\"target\":{\"@type\":\"EntryPoint\",\"urlTemplate\":\"https:\/\/artslibris.cat\/ca\/?s={search_term_string}\"},\"query-input\":{\"@type\":\"PropertyValueSpecification\",\"valueRequired\":true,\"valueName\":\"search_term_string\"}}],\"inLanguage\":\"ca\"},{\"@type\":\"Organization\",\"@id\":\"https:\/\/artslibris.cat\/ca\/#organization\",\"name\":\"ArtsLibris\",\"url\":\"https:\/\/artslibris.cat\/ca\/\",\"logo\":{\"@type\":\"ImageObject\",\"inLanguage\":\"ca\",\"@id\":\"https:\/\/artslibris.cat\/ca\/#\/schema\/logo\/image\/\",\"url\":\"https:\/\/artslibris.cat\/wp-content\/uploads\/2020\/05\/ArtsLibris-logo-black.svg\",\"contentUrl\":\"https:\/\/artslibris.cat\/wp-content\/uploads\/2020\/05\/ArtsLibris-logo-black.svg\",\"width\":521,\"height\":85,\"caption\":\"ArtsLibris\"},\"image\":{\"@id\":\"https:\/\/artslibris.cat\/ca\/#\/schema\/logo\/image\/\"},\"sameAs\":[\"https:\/\/www.facebook.com\/artslibris\/\",\"https:\/\/x.com\/ArtsLibris\",\"https:\/\/www.instagram.com\/artslibris\/\"]}]}<\/script>\n<!-- \/ Yoast SEO plugin. -->","yoast_head_json":{"title":"Los manuscritos del Fongus - ArtsLibris","description":"Botiga-Arts-Libris-Los-manuscritos-del-fongus-alias-editorial-jose-ignacio-solorzano","robots":{"index":"index","follow":"follow","max-snippet":"max-snippet:-1","max-image-preview":"max-image-preview:large","max-video-preview":"max-video-preview:-1"},"canonical":"https:\/\/artslibris.cat\/ca\/tienda\/narrativa-ca\/los-manuscritos-del-fongus\/","og_locale":"ca_ES","og_type":"article","og_title":"Los manuscritos del Fongus - ArtsLibris","og_description":"Botiga-Arts-Libris-Los-manuscritos-del-fongus-alias-editorial-jose-ignacio-solorzano","og_url":"https:\/\/artslibris.cat\/ca\/tienda\/narrativa-ca\/los-manuscritos-del-fongus\/","og_site_name":"ArtsLibris","article_publisher":"https:\/\/www.facebook.com\/artslibris\/","og_image":[{"width":382,"height":486,"url":"https:\/\/artslibris.cat\/wp-content\/uploads\/2021\/07\/Arts_Libris_Los_manuscritos_del_fongus_01.png","type":"image\/png"}],"twitter_card":"summary_large_image","twitter_site":"@ArtsLibris","twitter_misc":{"Temps estimat de lectura":"1 minut"},"schema":{"@context":"https:\/\/schema.org","@graph":[{"@type":"WebPage","@id":"https:\/\/artslibris.cat\/ca\/tienda\/narrativa-ca\/los-manuscritos-del-fongus\/","url":"https:\/\/artslibris.cat\/ca\/tienda\/narrativa-ca\/los-manuscritos-del-fongus\/","name":"Los manuscritos del Fongus - ArtsLibris","isPartOf":{"@id":"https:\/\/artslibris.cat\/ca\/#website"},"primaryImageOfPage":{"@id":"https:\/\/artslibris.cat\/ca\/tienda\/narrativa-ca\/los-manuscritos-del-fongus\/#primaryimage"},"image":{"@id":"https:\/\/artslibris.cat\/ca\/tienda\/narrativa-ca\/los-manuscritos-del-fongus\/#primaryimage"},"thumbnailUrl":"https:\/\/artslibris.cat\/wp-content\/uploads\/2021\/07\/Arts_Libris_Los_manuscritos_del_fongus_01.png","datePublished":"2021-07-26T15:58:13+00:00","description":"Botiga-Arts-Libris-Los-manuscritos-del-fongus-alias-editorial-jose-ignacio-solorzano","breadcrumb":{"@id":"https:\/\/artslibris.cat\/ca\/tienda\/narrativa-ca\/los-manuscritos-del-fongus\/#breadcrumb"},"inLanguage":"ca","potentialAction":[{"@type":"ReadAction","target":["https:\/\/artslibris.cat\/ca\/tienda\/narrativa-ca\/los-manuscritos-del-fongus\/"]}]},{"@type":"ImageObject","inLanguage":"ca","@id":"https:\/\/artslibris.cat\/ca\/tienda\/narrativa-ca\/los-manuscritos-del-fongus\/#primaryimage","url":"https:\/\/artslibris.cat\/wp-content\/uploads\/2021\/07\/Arts_Libris_Los_manuscritos_del_fongus_01.png","contentUrl":"https:\/\/artslibris.cat\/wp-content\/uploads\/2021\/07\/Arts_Libris_Los_manuscritos_del_fongus_01.png","width":382,"height":486},{"@type":"BreadcrumbList","@id":"https:\/\/artslibris.cat\/ca\/tienda\/narrativa-ca\/los-manuscritos-del-fongus\/#breadcrumb","itemListElement":[{"@type":"ListItem","position":1,"name":"Portada","item":"https:\/\/artslibris.cat\/ca\/"},{"@type":"ListItem","position":2,"name":"Tenda","item":"https:\/\/artslibris.cat\/ca\/tenda\/"},{"@type":"ListItem","position":3,"name":"Los manuscritos del Fongus"}]},{"@type":"WebSite","@id":"https:\/\/artslibris.cat\/ca\/#website","url":"https:\/\/artslibris.cat\/ca\/","name":"ArtsLibris","description":"","publisher":{"@id":"https:\/\/artslibris.cat\/ca\/#organization"},"potentialAction":[{"@type":"SearchAction","target":{"@type":"EntryPoint","urlTemplate":"https:\/\/artslibris.cat\/ca\/?s={search_term_string}"},"query-input":{"@type":"PropertyValueSpecification","valueRequired":true,"valueName":"search_term_string"}}],"inLanguage":"ca"},{"@type":"Organization","@id":"https:\/\/artslibris.cat\/ca\/#organization","name":"ArtsLibris","url":"https:\/\/artslibris.cat\/ca\/","logo":{"@type":"ImageObject","inLanguage":"ca","@id":"https:\/\/artslibris.cat\/ca\/#\/schema\/logo\/image\/","url":"https:\/\/artslibris.cat\/wp-content\/uploads\/2020\/05\/ArtsLibris-logo-black.svg","contentUrl":"https:\/\/artslibris.cat\/wp-content\/uploads\/2020\/05\/ArtsLibris-logo-black.svg","width":521,"height":85,"caption":"ArtsLibris"},"image":{"@id":"https:\/\/artslibris.cat\/ca\/#\/schema\/logo\/image\/"},"sameAs":["https:\/\/www.facebook.com\/artslibris\/","https:\/\/x.com\/ArtsLibris","https:\/\/www.instagram.com\/artslibris\/"]}]}},"_links":{"self":[{"href":"https:\/\/artslibris.cat\/ca\/wp-json\/wp\/v2\/product\/13440","targetHints":{"allow":["GET"]}}],"collection":[{"href":"https:\/\/artslibris.cat\/ca\/wp-json\/wp\/v2\/product"}],"about":[{"href":"https:\/\/artslibris.cat\/ca\/wp-json\/wp\/v2\/types\/product"}],"wp:featuredmedia":[{"embeddable":true,"href":"https:\/\/artslibris.cat\/ca\/wp-json\/wp\/v2\/media\/13437"}],"wp:attachment":[{"href":"https:\/\/artslibris.cat\/ca\/wp-json\/wp\/v2\/media?parent=13440"}],"wp:term":[{"taxonomy":"product_brand","embeddable":true,"href":"https:\/\/artslibris.cat\/ca\/wp-json\/wp\/v2\/product_brand?post=13440"},{"taxonomy":"product_cat","embeddable":true,"href":"https:\/\/artslibris.cat\/ca\/wp-json\/wp\/v2\/product_cat?post=13440"},{"taxonomy":"product_tag","embeddable":true,"href":"https:\/\/artslibris.cat\/ca\/wp-json\/wp\/v2\/product_tag?post=13440"}],"curies":[{"name":"wp","href":"https:\/\/api.w.org\/{rel}","templated":true}]}}