{"id":12705,"date":"2021-07-09T15:16:43","date_gmt":"2021-07-09T15:16:43","guid":{"rendered":"https:\/\/artslibris.cat\/tienda\/Sense categoria\/graciela-iturbide-cuando-habla-la-luz\/"},"modified":"2021-07-09T15:16:43","modified_gmt":"2021-07-09T15:16:43","slug":"graciela-iturbide-cuando-habla-la-luz","status":"publish","type":"product","link":"https:\/\/artslibris.cat\/ca\/tienda\/llibre-dartista\/graciela-iturbide-cuando-habla-la-luz\/","title":{"rendered":"Graciela Iturbide. Cuando habla la luz"},"content":{"rendered":"<p>Revisi\u00f3 dels treballs i temes m\u00e9s importants de la m\u00e0xima exponent de la fotografia mexicana.<\/p>\n<p>El llibre reuneix els temes que han interessat a l&#8217;artista, amb ampli reconeixement internacional, al llarg de quaranta-cinc anys de treball, des dels anys seixanta fins a l&#8217;actualitat, sense intentar ser una recopilaci\u00f3 retrospectiva.<\/p>\n<p>Es divideix en vint apartats que recorren la seva vida i els seus viatges, i que compilen les obres que li han donat fama i altres menys vistes pel p\u00fablic general.<\/p>\n<p>L&#8217;exposici\u00f3, que antecedeix al llibre, va estar a c\u00e0rrec de Juan Rafael Coronel Rivera i es va presentar en el Palau de Iturbide a Ciutat de M\u00e8xic amb gaireb\u00e9 270 fotografies provinents de la col\u00b7lecci\u00f3 personal de la fot\u00f2grafa; totes, excepte algunes excepcions, impreses en plata sobre gelatina, la t\u00e8cnica en la qual m\u00e9s ha treballat.<\/p>\n","protected":false},"excerpt":{"rendered":"<p>T\u00edtol: Graciela Iturbide. Cuando habla la luz<br \/>\nAutora: Graciela Iturbide<br \/>\nEditorial: Turner<br \/>\nMesures: 24 \u00d7 31.5 cm<br \/>\nN\u00ba p\u00e0gines: 280<br \/>\nISBN: 978-607-9478-27-8<\/p>\n","protected":false},"featured_media":12702,"template":"","meta":{"_acf_changed":false,"site-sidebar-layout":"default","site-content-layout":"default","ast-site-content-layout":"default","site-content-style":"default","site-sidebar-style":"default","ast-global-header-display":"","ast-banner-title-visibility":"","ast-main-header-display":"","ast-hfb-above-header-display":"","ast-hfb-below-header-display":"","ast-hfb-mobile-header-display":"","site-post-title":"","ast-breadcrumbs-content":"","ast-featured-img":"","footer-sml-layout":"","ast-disable-related-posts":"","theme-transparent-header-meta":"default","adv-header-id-meta":"","stick-header-meta":"","header-above-stick-meta":"","header-main-stick-meta":"","header-below-stick-meta":"","astra-migrate-meta-layouts":"default","ast-page-background-enabled":"default","ast-page-background-meta":{"desktop":{"background-color":"","background-image":"","background-repeat":"repeat","background-position":"center center","background-size":"auto","background-attachment":"scroll","background-type":"","background-media":"","overlay-type":"","overlay-color":"","overlay-opacity":"","overlay-gradient":""},"tablet":{"background-color":"","background-image":"","background-repeat":"repeat","background-position":"center center","background-size":"auto","background-attachment":"scroll","background-type":"","background-media":"","overlay-type":"","overlay-color":"","overlay-opacity":"","overlay-gradient":""},"mobile":{"background-color":"","background-image":"","background-repeat":"repeat","background-position":"center center","background-size":"auto","background-attachment":"scroll","background-type":"","background-media":"","overlay-type":"","overlay-color":"","overlay-opacity":"","overlay-gradient":""}},"ast-content-background-meta":{"desktop":{"background-color":"var(--ast-global-color-5)","background-image":"","background-repeat":"repeat","background-position":"center center","background-size":"auto","background-attachment":"scroll","background-type":"","background-media":"","overlay-type":"","overlay-color":"","overlay-opacity":"","overlay-gradient":""},"tablet":{"background-color":"var(--ast-global-color-5)","background-image":"","background-repeat":"repeat","background-position":"center center","background-size":"auto","background-attachment":"scroll","background-type":"","background-media":"","overlay-type":"","overlay-color":"","overlay-opacity":"","overlay-gradient":""},"mobile":{"background-color":"var(--ast-global-color-5)","background-image":"","background-repeat":"repeat","background-position":"center center","background-size":"auto","background-attachment":"scroll","background-type":"","background-media":"","overlay-type":"","overlay-color":"","overlay-opacity":"","overlay-gradient":""}}},"product_brand":[],"product_cat":[101,65],"product_tag":[306],"class_list":{"0":"post-12705","1":"product","2":"type-product","3":"status-publish","4":"has-post-thumbnail","6":"product_cat-destacados-ca","7":"product_cat-llibre-dartista","8":"product_tag-turner-ca","9":"desktop-align-left","10":"tablet-align-left","11":"mobile-align-left","13":"first","14":"instock","15":"taxable","16":"shipping-taxable","17":"purchasable","18":"product-type-simple"},"acf":[],"yoast_head":"<!-- This site is optimized with the Yoast SEO plugin v27.3 - https:\/\/yoast.com\/product\/yoast-seo-wordpress\/ -->\n<title>Graciela Iturbide. Cuando habla la luz - ArtsLibris<\/title>\n<meta name=\"description\" content=\"Botiga-Arts-Libris-graciela-iturbide-cuando-habla-la-luz-turner\" \/>\n<meta name=\"robots\" content=\"index, follow, max-snippet:-1, max-image-preview:large, max-video-preview:-1\" \/>\n<link rel=\"canonical\" href=\"https:\/\/artslibris.cat\/ca\/tienda\/llibre-dartista\/graciela-iturbide-cuando-habla-la-luz\/\" \/>\n<meta property=\"og:locale\" content=\"ca_ES\" \/>\n<meta property=\"og:type\" content=\"article\" \/>\n<meta property=\"og:title\" content=\"Graciela Iturbide. Cuando habla la luz - ArtsLibris\" \/>\n<meta property=\"og:description\" content=\"Botiga-Arts-Libris-graciela-iturbide-cuando-habla-la-luz-turner\" \/>\n<meta property=\"og:url\" content=\"https:\/\/artslibris.cat\/ca\/tienda\/llibre-dartista\/graciela-iturbide-cuando-habla-la-luz\/\" \/>\n<meta property=\"og:site_name\" content=\"ArtsLibris\" \/>\n<meta property=\"article:publisher\" content=\"https:\/\/www.facebook.com\/artslibris\/\" \/>\n<meta property=\"og:image\" content=\"https:\/\/artslibris.cat\/wp-content\/uploads\/2021\/07\/Arts_Libris_cuando_habla_la_luz_01.png\" \/>\n\t<meta property=\"og:image:width\" content=\"688\" \/>\n\t<meta property=\"og:image:height\" content=\"888\" \/>\n\t<meta property=\"og:image:type\" content=\"image\/png\" \/>\n<meta name=\"twitter:card\" content=\"summary_large_image\" \/>\n<meta name=\"twitter:site\" content=\"@ArtsLibris\" \/>\n<meta name=\"twitter:label1\" content=\"Temps estimat de lectura\" \/>\n\t<meta name=\"twitter:data1\" content=\"1 minut\" \/>\n<script type=\"application\/ld+json\" class=\"yoast-schema-graph\">{\"@context\":\"https:\\\/\\\/schema.org\",\"@graph\":[{\"@type\":\"WebPage\",\"@id\":\"https:\\\/\\\/artslibris.cat\\\/ca\\\/tienda\\\/llibre-dartista\\\/graciela-iturbide-cuando-habla-la-luz\\\/\",\"url\":\"https:\\\/\\\/artslibris.cat\\\/ca\\\/tienda\\\/llibre-dartista\\\/graciela-iturbide-cuando-habla-la-luz\\\/\",\"name\":\"Graciela Iturbide. Cuando habla la luz - ArtsLibris\",\"isPartOf\":{\"@id\":\"https:\\\/\\\/artslibris.cat\\\/ca\\\/#website\"},\"primaryImageOfPage\":{\"@id\":\"https:\\\/\\\/artslibris.cat\\\/ca\\\/tienda\\\/llibre-dartista\\\/graciela-iturbide-cuando-habla-la-luz\\\/#primaryimage\"},\"image\":{\"@id\":\"https:\\\/\\\/artslibris.cat\\\/ca\\\/tienda\\\/llibre-dartista\\\/graciela-iturbide-cuando-habla-la-luz\\\/#primaryimage\"},\"thumbnailUrl\":\"https:\\\/\\\/artslibris.cat\\\/wp-content\\\/uploads\\\/2021\\\/07\\\/Arts_Libris_cuando_habla_la_luz_01.png\",\"datePublished\":\"2021-07-09T15:16:43+00:00\",\"description\":\"Botiga-Arts-Libris-graciela-iturbide-cuando-habla-la-luz-turner\",\"breadcrumb\":{\"@id\":\"https:\\\/\\\/artslibris.cat\\\/ca\\\/tienda\\\/llibre-dartista\\\/graciela-iturbide-cuando-habla-la-luz\\\/#breadcrumb\"},\"inLanguage\":\"ca\",\"potentialAction\":[{\"@type\":\"ReadAction\",\"target\":[\"https:\\\/\\\/artslibris.cat\\\/ca\\\/tienda\\\/llibre-dartista\\\/graciela-iturbide-cuando-habla-la-luz\\\/\"]}]},{\"@type\":\"ImageObject\",\"inLanguage\":\"ca\",\"@id\":\"https:\\\/\\\/artslibris.cat\\\/ca\\\/tienda\\\/llibre-dartista\\\/graciela-iturbide-cuando-habla-la-luz\\\/#primaryimage\",\"url\":\"https:\\\/\\\/artslibris.cat\\\/wp-content\\\/uploads\\\/2021\\\/07\\\/Arts_Libris_cuando_habla_la_luz_01.png\",\"contentUrl\":\"https:\\\/\\\/artslibris.cat\\\/wp-content\\\/uploads\\\/2021\\\/07\\\/Arts_Libris_cuando_habla_la_luz_01.png\",\"width\":688,\"height\":888},{\"@type\":\"BreadcrumbList\",\"@id\":\"https:\\\/\\\/artslibris.cat\\\/ca\\\/tienda\\\/llibre-dartista\\\/graciela-iturbide-cuando-habla-la-luz\\\/#breadcrumb\",\"itemListElement\":[{\"@type\":\"ListItem\",\"position\":1,\"name\":\"Portada\",\"item\":\"https:\\\/\\\/artslibris.cat\\\/ca\\\/\"},{\"@type\":\"ListItem\",\"position\":2,\"name\":\"Tenda\",\"item\":\"https:\\\/\\\/artslibris.cat\\\/ca\\\/tenda\\\/\"},{\"@type\":\"ListItem\",\"position\":3,\"name\":\"Graciela Iturbide. Cuando habla la luz\"}]},{\"@type\":\"WebSite\",\"@id\":\"https:\\\/\\\/artslibris.cat\\\/ca\\\/#website\",\"url\":\"https:\\\/\\\/artslibris.cat\\\/ca\\\/\",\"name\":\"ArtsLibris\",\"description\":\"\",\"publisher\":{\"@id\":\"https:\\\/\\\/artslibris.cat\\\/ca\\\/#organization\"},\"potentialAction\":[{\"@type\":\"SearchAction\",\"target\":{\"@type\":\"EntryPoint\",\"urlTemplate\":\"https:\\\/\\\/artslibris.cat\\\/ca\\\/?s={search_term_string}\"},\"query-input\":{\"@type\":\"PropertyValueSpecification\",\"valueRequired\":true,\"valueName\":\"search_term_string\"}}],\"inLanguage\":\"ca\"},{\"@type\":\"Organization\",\"@id\":\"https:\\\/\\\/artslibris.cat\\\/ca\\\/#organization\",\"name\":\"ArtsLibris\",\"url\":\"https:\\\/\\\/artslibris.cat\\\/ca\\\/\",\"logo\":{\"@type\":\"ImageObject\",\"inLanguage\":\"ca\",\"@id\":\"https:\\\/\\\/artslibris.cat\\\/ca\\\/#\\\/schema\\\/logo\\\/image\\\/\",\"url\":\"https:\\\/\\\/artslibris.cat\\\/wp-content\\\/uploads\\\/2020\\\/05\\\/ArtsLibris-logo-black.svg\",\"contentUrl\":\"https:\\\/\\\/artslibris.cat\\\/wp-content\\\/uploads\\\/2020\\\/05\\\/ArtsLibris-logo-black.svg\",\"width\":521,\"height\":85,\"caption\":\"ArtsLibris\"},\"image\":{\"@id\":\"https:\\\/\\\/artslibris.cat\\\/ca\\\/#\\\/schema\\\/logo\\\/image\\\/\"},\"sameAs\":[\"https:\\\/\\\/www.facebook.com\\\/artslibris\\\/\",\"https:\\\/\\\/x.com\\\/ArtsLibris\",\"https:\\\/\\\/www.instagram.com\\\/artslibris\\\/\"]}]}<\/script>\n<!-- \/ Yoast SEO plugin. -->","yoast_head_json":{"title":"Graciela Iturbide. Cuando habla la luz - ArtsLibris","description":"Botiga-Arts-Libris-graciela-iturbide-cuando-habla-la-luz-turner","robots":{"index":"index","follow":"follow","max-snippet":"max-snippet:-1","max-image-preview":"max-image-preview:large","max-video-preview":"max-video-preview:-1"},"canonical":"https:\/\/artslibris.cat\/ca\/tienda\/llibre-dartista\/graciela-iturbide-cuando-habla-la-luz\/","og_locale":"ca_ES","og_type":"article","og_title":"Graciela Iturbide. Cuando habla la luz - ArtsLibris","og_description":"Botiga-Arts-Libris-graciela-iturbide-cuando-habla-la-luz-turner","og_url":"https:\/\/artslibris.cat\/ca\/tienda\/llibre-dartista\/graciela-iturbide-cuando-habla-la-luz\/","og_site_name":"ArtsLibris","article_publisher":"https:\/\/www.facebook.com\/artslibris\/","og_image":[{"width":688,"height":888,"url":"https:\/\/artslibris.cat\/wp-content\/uploads\/2021\/07\/Arts_Libris_cuando_habla_la_luz_01.png","type":"image\/png"}],"twitter_card":"summary_large_image","twitter_site":"@ArtsLibris","twitter_misc":{"Temps estimat de lectura":"1 minut"},"schema":{"@context":"https:\/\/schema.org","@graph":[{"@type":"WebPage","@id":"https:\/\/artslibris.cat\/ca\/tienda\/llibre-dartista\/graciela-iturbide-cuando-habla-la-luz\/","url":"https:\/\/artslibris.cat\/ca\/tienda\/llibre-dartista\/graciela-iturbide-cuando-habla-la-luz\/","name":"Graciela Iturbide. Cuando habla la luz - ArtsLibris","isPartOf":{"@id":"https:\/\/artslibris.cat\/ca\/#website"},"primaryImageOfPage":{"@id":"https:\/\/artslibris.cat\/ca\/tienda\/llibre-dartista\/graciela-iturbide-cuando-habla-la-luz\/#primaryimage"},"image":{"@id":"https:\/\/artslibris.cat\/ca\/tienda\/llibre-dartista\/graciela-iturbide-cuando-habla-la-luz\/#primaryimage"},"thumbnailUrl":"https:\/\/artslibris.cat\/wp-content\/uploads\/2021\/07\/Arts_Libris_cuando_habla_la_luz_01.png","datePublished":"2021-07-09T15:16:43+00:00","description":"Botiga-Arts-Libris-graciela-iturbide-cuando-habla-la-luz-turner","breadcrumb":{"@id":"https:\/\/artslibris.cat\/ca\/tienda\/llibre-dartista\/graciela-iturbide-cuando-habla-la-luz\/#breadcrumb"},"inLanguage":"ca","potentialAction":[{"@type":"ReadAction","target":["https:\/\/artslibris.cat\/ca\/tienda\/llibre-dartista\/graciela-iturbide-cuando-habla-la-luz\/"]}]},{"@type":"ImageObject","inLanguage":"ca","@id":"https:\/\/artslibris.cat\/ca\/tienda\/llibre-dartista\/graciela-iturbide-cuando-habla-la-luz\/#primaryimage","url":"https:\/\/artslibris.cat\/wp-content\/uploads\/2021\/07\/Arts_Libris_cuando_habla_la_luz_01.png","contentUrl":"https:\/\/artslibris.cat\/wp-content\/uploads\/2021\/07\/Arts_Libris_cuando_habla_la_luz_01.png","width":688,"height":888},{"@type":"BreadcrumbList","@id":"https:\/\/artslibris.cat\/ca\/tienda\/llibre-dartista\/graciela-iturbide-cuando-habla-la-luz\/#breadcrumb","itemListElement":[{"@type":"ListItem","position":1,"name":"Portada","item":"https:\/\/artslibris.cat\/ca\/"},{"@type":"ListItem","position":2,"name":"Tenda","item":"https:\/\/artslibris.cat\/ca\/tenda\/"},{"@type":"ListItem","position":3,"name":"Graciela Iturbide. Cuando habla la luz"}]},{"@type":"WebSite","@id":"https:\/\/artslibris.cat\/ca\/#website","url":"https:\/\/artslibris.cat\/ca\/","name":"ArtsLibris","description":"","publisher":{"@id":"https:\/\/artslibris.cat\/ca\/#organization"},"potentialAction":[{"@type":"SearchAction","target":{"@type":"EntryPoint","urlTemplate":"https:\/\/artslibris.cat\/ca\/?s={search_term_string}"},"query-input":{"@type":"PropertyValueSpecification","valueRequired":true,"valueName":"search_term_string"}}],"inLanguage":"ca"},{"@type":"Organization","@id":"https:\/\/artslibris.cat\/ca\/#organization","name":"ArtsLibris","url":"https:\/\/artslibris.cat\/ca\/","logo":{"@type":"ImageObject","inLanguage":"ca","@id":"https:\/\/artslibris.cat\/ca\/#\/schema\/logo\/image\/","url":"https:\/\/artslibris.cat\/wp-content\/uploads\/2020\/05\/ArtsLibris-logo-black.svg","contentUrl":"https:\/\/artslibris.cat\/wp-content\/uploads\/2020\/05\/ArtsLibris-logo-black.svg","width":521,"height":85,"caption":"ArtsLibris"},"image":{"@id":"https:\/\/artslibris.cat\/ca\/#\/schema\/logo\/image\/"},"sameAs":["https:\/\/www.facebook.com\/artslibris\/","https:\/\/x.com\/ArtsLibris","https:\/\/www.instagram.com\/artslibris\/"]}]}},"_links":{"self":[{"href":"https:\/\/artslibris.cat\/ca\/wp-json\/wp\/v2\/product\/12705","targetHints":{"allow":["GET"]}}],"collection":[{"href":"https:\/\/artslibris.cat\/ca\/wp-json\/wp\/v2\/product"}],"about":[{"href":"https:\/\/artslibris.cat\/ca\/wp-json\/wp\/v2\/types\/product"}],"wp:featuredmedia":[{"embeddable":true,"href":"https:\/\/artslibris.cat\/ca\/wp-json\/wp\/v2\/media\/12702"}],"wp:attachment":[{"href":"https:\/\/artslibris.cat\/ca\/wp-json\/wp\/v2\/media?parent=12705"}],"wp:term":[{"taxonomy":"product_brand","embeddable":true,"href":"https:\/\/artslibris.cat\/ca\/wp-json\/wp\/v2\/product_brand?post=12705"},{"taxonomy":"product_cat","embeddable":true,"href":"https:\/\/artslibris.cat\/ca\/wp-json\/wp\/v2\/product_cat?post=12705"},{"taxonomy":"product_tag","embeddable":true,"href":"https:\/\/artslibris.cat\/ca\/wp-json\/wp\/v2\/product_tag?post=12705"}],"curies":[{"name":"wp","href":"https:\/\/api.w.org\/{rel}","templated":true}]}}