{"id":12589,"date":"2021-07-06T16:37:23","date_gmt":"2021-07-06T16:37:23","guid":{"rendered":"https:\/\/artslibris.cat\/tienda\/Sense%20categoria\/rub-perspectivas-sobre-la-obra-de-diego-bianchi\/"},"modified":"2025-02-27T14:12:31","modified_gmt":"2025-02-27T14:12:31","slug":"rub-perspectivas-sobre-la-obra-de-diego-bianchi","status":"publish","type":"product","link":"https:\/\/artslibris.cat\/ca\/tienda\/fotolibro-ca\/rub-perspectivas-sobre-la-obra-de-diego-bianchi\/","title":{"rendered":"RUB. Perspectivas sobre la obra de Diego Bianchi"},"content":{"rendered":"<p>RUB aborda diferents perspectives sobre l&#8217;obra produ\u00efda per Bianchi en els \u00faltims onze anys. Editat per In\u00e9s Katzenstein, el llibre presenta a un dels artistes contemporanis m\u00e9s disruptius a Llatinoam\u00e8rica, les escultures dels quals, instal\u00b7lacions i performances exploren temes que actualment s\u00f3n fonamentals, com ara la sexualitat, la viol\u00e8ncia, la tecnologia i el plaer, en relaci\u00f3 amb el context econ\u00f2mic i pol\u00edtic de l&#8217;Argentina, on viu i treballa.<\/p>\n","protected":false},"excerpt":{"rendered":"<p>T\u00edtol: RUB. Perspectivas sobre la obra de Diego Bianchi<br \/>\nAutora: <span style=\"font-weight: 400\">In\u00e9s Katzenstein (Editora)<br \/>\nEditorial: Temblores Ediciones<br \/>\nTextos: <\/span><span style=\"font-weight: 400\">Chantal Pontbriand, Julieta Massacese, Pablo Schanton, Santiago Garc\u00eda Navarro, <\/span><span style=\"font-weight: 400\">Diego Valeriano, Christian Ferrer, Laura Hakel i In\u00e9s Katzenstein<br \/>\nMesures: 17.7 x 24.7 cm<br \/>\nN\u00ba p\u00e0gines: 312<br \/>\nEdici\u00f3: 2019<br \/>\nCiutat d&#8217;edici\u00f3: Ciutat de M\u00e8xic<br \/>\nISBN: 978-2-940524-85-3<br \/>\n<\/span><\/p>\n","protected":false},"featured_media":28058,"template":"","meta":{"_acf_changed":false,"site-sidebar-layout":"default","site-content-layout":"default","ast-site-content-layout":"default","site-content-style":"default","site-sidebar-style":"default","ast-global-header-display":"","ast-banner-title-visibility":"","ast-main-header-display":"","ast-hfb-above-header-display":"","ast-hfb-below-header-display":"","ast-hfb-mobile-header-display":"","site-post-title":"","ast-breadcrumbs-content":"","ast-featured-img":"","footer-sml-layout":"","ast-disable-related-posts":"","theme-transparent-header-meta":"default","adv-header-id-meta":"","stick-header-meta":"","header-above-stick-meta":"","header-main-stick-meta":"","header-below-stick-meta":"","astra-migrate-meta-layouts":"default","ast-page-background-enabled":"default","ast-page-background-meta":{"desktop":{"background-color":"","background-image":"","background-repeat":"repeat","background-position":"center center","background-size":"auto","background-attachment":"scroll","background-type":"","background-media":"","overlay-type":"","overlay-color":"","overlay-opacity":"","overlay-gradient":""},"tablet":{"background-color":"","background-image":"","background-repeat":"repeat","background-position":"center center","background-size":"auto","background-attachment":"scroll","background-type":"","background-media":"","overlay-type":"","overlay-color":"","overlay-opacity":"","overlay-gradient":""},"mobile":{"background-color":"","background-image":"","background-repeat":"repeat","background-position":"center center","background-size":"auto","background-attachment":"scroll","background-type":"","background-media":"","overlay-type":"","overlay-color":"","overlay-opacity":"","overlay-gradient":""}},"ast-content-background-meta":{"desktop":{"background-color":"var(--ast-global-color-5)","background-image":"","background-repeat":"repeat","background-position":"center center","background-size":"auto","background-attachment":"scroll","background-type":"","background-media":"","overlay-type":"","overlay-color":"","overlay-opacity":"","overlay-gradient":""},"tablet":{"background-color":"var(--ast-global-color-5)","background-image":"","background-repeat":"repeat","background-position":"center center","background-size":"auto","background-attachment":"scroll","background-type":"","background-media":"","overlay-type":"","overlay-color":"","overlay-opacity":"","overlay-gradient":""},"mobile":{"background-color":"var(--ast-global-color-5)","background-image":"","background-repeat":"repeat","background-position":"center center","background-size":"auto","background-attachment":"scroll","background-type":"","background-media":"","overlay-type":"","overlay-color":"","overlay-opacity":"","overlay-gradient":""}}},"product_brand":[],"product_cat":[101,88],"product_tag":[429],"class_list":{"0":"post-12589","1":"product","2":"type-product","3":"status-publish","4":"has-post-thumbnail","6":"product_cat-destacados-ca","7":"product_cat-fotolibro-ca","8":"product_tag-la-fabrica-ca","9":"desktop-align-left","10":"tablet-align-left","11":"mobile-align-left","13":"first","14":"instock","15":"shipping-taxable","16":"purchasable","17":"product-type-simple"},"acf":[],"yoast_head":"<!-- This site is optimized with the Yoast SEO plugin v27.1.1 - https:\/\/yoast.com\/product\/yoast-seo-wordpress\/ -->\n<title>RUB. Perspectivas sobre la obra de Diego Bianchi - ArtsLibris<\/title>\n<meta name=\"description\" content=\"Botiga-Arts-Libris-RUB-perspectivas-sobre-la-obra-de-diego-bianchi-temblores-ediciones-In\u00e9s-Katzenstein-2019\" \/>\n<meta name=\"robots\" content=\"index, follow, max-snippet:-1, max-image-preview:large, max-video-preview:-1\" \/>\n<link rel=\"canonical\" href=\"https:\/\/artslibris.cat\/ca\/tienda\/fotolibro-ca\/rub-perspectivas-sobre-la-obra-de-diego-bianchi\/\" \/>\n<meta property=\"og:locale\" content=\"ca_ES\" \/>\n<meta property=\"og:type\" content=\"article\" \/>\n<meta property=\"og:title\" content=\"RUB. Perspectivas sobre la obra de Diego Bianchi - ArtsLibris\" \/>\n<meta property=\"og:description\" content=\"Botiga-Arts-Libris-RUB-perspectivas-sobre-la-obra-de-diego-bianchi-temblores-ediciones-In\u00e9s-Katzenstein-2019\" \/>\n<meta property=\"og:url\" content=\"https:\/\/artslibris.cat\/ca\/tienda\/fotolibro-ca\/rub-perspectivas-sobre-la-obra-de-diego-bianchi\/\" \/>\n<meta property=\"og:site_name\" content=\"ArtsLibris\" \/>\n<meta property=\"article:publisher\" content=\"https:\/\/www.facebook.com\/artslibris\/\" \/>\n<meta property=\"article:modified_time\" content=\"2025-02-27T14:12:31+00:00\" \/>\n<meta property=\"og:image\" content=\"https:\/\/artslibris.cat\/wp-content\/uploads\/2021\/07\/Arts_Libris_RUB_Bianchi_01.webp\" \/>\n\t<meta property=\"og:image:width\" content=\"1080\" \/>\n\t<meta property=\"og:image:height\" content=\"1325\" \/>\n\t<meta property=\"og:image:type\" content=\"image\/webp\" \/>\n<meta name=\"twitter:card\" content=\"summary_large_image\" \/>\n<meta name=\"twitter:site\" content=\"@ArtsLibris\" \/>\n<script type=\"application\/ld+json\" class=\"yoast-schema-graph\">{\"@context\":\"https:\/\/schema.org\",\"@graph\":[{\"@type\":\"WebPage\",\"@id\":\"https:\/\/artslibris.cat\/ca\/tienda\/fotolibro-ca\/rub-perspectivas-sobre-la-obra-de-diego-bianchi\/\",\"url\":\"https:\/\/artslibris.cat\/ca\/tienda\/fotolibro-ca\/rub-perspectivas-sobre-la-obra-de-diego-bianchi\/\",\"name\":\"RUB. Perspectivas sobre la obra de Diego Bianchi - ArtsLibris\",\"isPartOf\":{\"@id\":\"https:\/\/artslibris.cat\/ca\/#website\"},\"primaryImageOfPage\":{\"@id\":\"https:\/\/artslibris.cat\/ca\/tienda\/fotolibro-ca\/rub-perspectivas-sobre-la-obra-de-diego-bianchi\/#primaryimage\"},\"image\":{\"@id\":\"https:\/\/artslibris.cat\/ca\/tienda\/fotolibro-ca\/rub-perspectivas-sobre-la-obra-de-diego-bianchi\/#primaryimage\"},\"thumbnailUrl\":\"https:\/\/artslibris.cat\/wp-content\/uploads\/2021\/07\/Arts_Libris_RUB_Bianchi_01.webp\",\"datePublished\":\"2021-07-06T16:37:23+00:00\",\"dateModified\":\"2025-02-27T14:12:31+00:00\",\"description\":\"Botiga-Arts-Libris-RUB-perspectivas-sobre-la-obra-de-diego-bianchi-temblores-ediciones-In\u00e9s-Katzenstein-2019\",\"breadcrumb\":{\"@id\":\"https:\/\/artslibris.cat\/ca\/tienda\/fotolibro-ca\/rub-perspectivas-sobre-la-obra-de-diego-bianchi\/#breadcrumb\"},\"inLanguage\":\"ca\",\"potentialAction\":[{\"@type\":\"ReadAction\",\"target\":[\"https:\/\/artslibris.cat\/ca\/tienda\/fotolibro-ca\/rub-perspectivas-sobre-la-obra-de-diego-bianchi\/\"]}]},{\"@type\":\"ImageObject\",\"inLanguage\":\"ca\",\"@id\":\"https:\/\/artslibris.cat\/ca\/tienda\/fotolibro-ca\/rub-perspectivas-sobre-la-obra-de-diego-bianchi\/#primaryimage\",\"url\":\"https:\/\/artslibris.cat\/wp-content\/uploads\/2021\/07\/Arts_Libris_RUB_Bianchi_01.webp\",\"contentUrl\":\"https:\/\/artslibris.cat\/wp-content\/uploads\/2021\/07\/Arts_Libris_RUB_Bianchi_01.webp\",\"width\":1080,\"height\":1325},{\"@type\":\"BreadcrumbList\",\"@id\":\"https:\/\/artslibris.cat\/ca\/tienda\/fotolibro-ca\/rub-perspectivas-sobre-la-obra-de-diego-bianchi\/#breadcrumb\",\"itemListElement\":[{\"@type\":\"ListItem\",\"position\":1,\"name\":\"Portada\",\"item\":\"https:\/\/artslibris.cat\/ca\/\"},{\"@type\":\"ListItem\",\"position\":2,\"name\":\"Tenda\",\"item\":\"https:\/\/artslibris.cat\/ca\/tenda\/\"},{\"@type\":\"ListItem\",\"position\":3,\"name\":\"RUB. Perspectivas sobre la obra de Diego Bianchi\"}]},{\"@type\":\"WebSite\",\"@id\":\"https:\/\/artslibris.cat\/ca\/#website\",\"url\":\"https:\/\/artslibris.cat\/ca\/\",\"name\":\"ArtsLibris\",\"description\":\"\",\"publisher\":{\"@id\":\"https:\/\/artslibris.cat\/ca\/#organization\"},\"potentialAction\":[{\"@type\":\"SearchAction\",\"target\":{\"@type\":\"EntryPoint\",\"urlTemplate\":\"https:\/\/artslibris.cat\/ca\/?s={search_term_string}\"},\"query-input\":{\"@type\":\"PropertyValueSpecification\",\"valueRequired\":true,\"valueName\":\"search_term_string\"}}],\"inLanguage\":\"ca\"},{\"@type\":\"Organization\",\"@id\":\"https:\/\/artslibris.cat\/ca\/#organization\",\"name\":\"ArtsLibris\",\"url\":\"https:\/\/artslibris.cat\/ca\/\",\"logo\":{\"@type\":\"ImageObject\",\"inLanguage\":\"ca\",\"@id\":\"https:\/\/artslibris.cat\/ca\/#\/schema\/logo\/image\/\",\"url\":\"https:\/\/artslibris.cat\/wp-content\/uploads\/2020\/05\/ArtsLibris-logo-black.svg\",\"contentUrl\":\"https:\/\/artslibris.cat\/wp-content\/uploads\/2020\/05\/ArtsLibris-logo-black.svg\",\"width\":521,\"height\":85,\"caption\":\"ArtsLibris\"},\"image\":{\"@id\":\"https:\/\/artslibris.cat\/ca\/#\/schema\/logo\/image\/\"},\"sameAs\":[\"https:\/\/www.facebook.com\/artslibris\/\",\"https:\/\/x.com\/ArtsLibris\",\"https:\/\/www.instagram.com\/artslibris\/\"]}]}<\/script>\n<!-- \/ Yoast SEO plugin. -->","yoast_head_json":{"title":"RUB. Perspectivas sobre la obra de Diego Bianchi - ArtsLibris","description":"Botiga-Arts-Libris-RUB-perspectivas-sobre-la-obra-de-diego-bianchi-temblores-ediciones-In\u00e9s-Katzenstein-2019","robots":{"index":"index","follow":"follow","max-snippet":"max-snippet:-1","max-image-preview":"max-image-preview:large","max-video-preview":"max-video-preview:-1"},"canonical":"https:\/\/artslibris.cat\/ca\/tienda\/fotolibro-ca\/rub-perspectivas-sobre-la-obra-de-diego-bianchi\/","og_locale":"ca_ES","og_type":"article","og_title":"RUB. Perspectivas sobre la obra de Diego Bianchi - ArtsLibris","og_description":"Botiga-Arts-Libris-RUB-perspectivas-sobre-la-obra-de-diego-bianchi-temblores-ediciones-In\u00e9s-Katzenstein-2019","og_url":"https:\/\/artslibris.cat\/ca\/tienda\/fotolibro-ca\/rub-perspectivas-sobre-la-obra-de-diego-bianchi\/","og_site_name":"ArtsLibris","article_publisher":"https:\/\/www.facebook.com\/artslibris\/","article_modified_time":"2025-02-27T14:12:31+00:00","og_image":[{"width":1080,"height":1325,"url":"https:\/\/artslibris.cat\/wp-content\/uploads\/2021\/07\/Arts_Libris_RUB_Bianchi_01.webp","type":"image\/webp"}],"twitter_card":"summary_large_image","twitter_site":"@ArtsLibris","schema":{"@context":"https:\/\/schema.org","@graph":[{"@type":"WebPage","@id":"https:\/\/artslibris.cat\/ca\/tienda\/fotolibro-ca\/rub-perspectivas-sobre-la-obra-de-diego-bianchi\/","url":"https:\/\/artslibris.cat\/ca\/tienda\/fotolibro-ca\/rub-perspectivas-sobre-la-obra-de-diego-bianchi\/","name":"RUB. Perspectivas sobre la obra de Diego Bianchi - ArtsLibris","isPartOf":{"@id":"https:\/\/artslibris.cat\/ca\/#website"},"primaryImageOfPage":{"@id":"https:\/\/artslibris.cat\/ca\/tienda\/fotolibro-ca\/rub-perspectivas-sobre-la-obra-de-diego-bianchi\/#primaryimage"},"image":{"@id":"https:\/\/artslibris.cat\/ca\/tienda\/fotolibro-ca\/rub-perspectivas-sobre-la-obra-de-diego-bianchi\/#primaryimage"},"thumbnailUrl":"https:\/\/artslibris.cat\/wp-content\/uploads\/2021\/07\/Arts_Libris_RUB_Bianchi_01.webp","datePublished":"2021-07-06T16:37:23+00:00","dateModified":"2025-02-27T14:12:31+00:00","description":"Botiga-Arts-Libris-RUB-perspectivas-sobre-la-obra-de-diego-bianchi-temblores-ediciones-In\u00e9s-Katzenstein-2019","breadcrumb":{"@id":"https:\/\/artslibris.cat\/ca\/tienda\/fotolibro-ca\/rub-perspectivas-sobre-la-obra-de-diego-bianchi\/#breadcrumb"},"inLanguage":"ca","potentialAction":[{"@type":"ReadAction","target":["https:\/\/artslibris.cat\/ca\/tienda\/fotolibro-ca\/rub-perspectivas-sobre-la-obra-de-diego-bianchi\/"]}]},{"@type":"ImageObject","inLanguage":"ca","@id":"https:\/\/artslibris.cat\/ca\/tienda\/fotolibro-ca\/rub-perspectivas-sobre-la-obra-de-diego-bianchi\/#primaryimage","url":"https:\/\/artslibris.cat\/wp-content\/uploads\/2021\/07\/Arts_Libris_RUB_Bianchi_01.webp","contentUrl":"https:\/\/artslibris.cat\/wp-content\/uploads\/2021\/07\/Arts_Libris_RUB_Bianchi_01.webp","width":1080,"height":1325},{"@type":"BreadcrumbList","@id":"https:\/\/artslibris.cat\/ca\/tienda\/fotolibro-ca\/rub-perspectivas-sobre-la-obra-de-diego-bianchi\/#breadcrumb","itemListElement":[{"@type":"ListItem","position":1,"name":"Portada","item":"https:\/\/artslibris.cat\/ca\/"},{"@type":"ListItem","position":2,"name":"Tenda","item":"https:\/\/artslibris.cat\/ca\/tenda\/"},{"@type":"ListItem","position":3,"name":"RUB. Perspectivas sobre la obra de Diego Bianchi"}]},{"@type":"WebSite","@id":"https:\/\/artslibris.cat\/ca\/#website","url":"https:\/\/artslibris.cat\/ca\/","name":"ArtsLibris","description":"","publisher":{"@id":"https:\/\/artslibris.cat\/ca\/#organization"},"potentialAction":[{"@type":"SearchAction","target":{"@type":"EntryPoint","urlTemplate":"https:\/\/artslibris.cat\/ca\/?s={search_term_string}"},"query-input":{"@type":"PropertyValueSpecification","valueRequired":true,"valueName":"search_term_string"}}],"inLanguage":"ca"},{"@type":"Organization","@id":"https:\/\/artslibris.cat\/ca\/#organization","name":"ArtsLibris","url":"https:\/\/artslibris.cat\/ca\/","logo":{"@type":"ImageObject","inLanguage":"ca","@id":"https:\/\/artslibris.cat\/ca\/#\/schema\/logo\/image\/","url":"https:\/\/artslibris.cat\/wp-content\/uploads\/2020\/05\/ArtsLibris-logo-black.svg","contentUrl":"https:\/\/artslibris.cat\/wp-content\/uploads\/2020\/05\/ArtsLibris-logo-black.svg","width":521,"height":85,"caption":"ArtsLibris"},"image":{"@id":"https:\/\/artslibris.cat\/ca\/#\/schema\/logo\/image\/"},"sameAs":["https:\/\/www.facebook.com\/artslibris\/","https:\/\/x.com\/ArtsLibris","https:\/\/www.instagram.com\/artslibris\/"]}]}},"_links":{"self":[{"href":"https:\/\/artslibris.cat\/ca\/wp-json\/wp\/v2\/product\/12589","targetHints":{"allow":["GET"]}}],"collection":[{"href":"https:\/\/artslibris.cat\/ca\/wp-json\/wp\/v2\/product"}],"about":[{"href":"https:\/\/artslibris.cat\/ca\/wp-json\/wp\/v2\/types\/product"}],"wp:featuredmedia":[{"embeddable":true,"href":"https:\/\/artslibris.cat\/ca\/wp-json\/wp\/v2\/media\/28058"}],"wp:attachment":[{"href":"https:\/\/artslibris.cat\/ca\/wp-json\/wp\/v2\/media?parent=12589"}],"wp:term":[{"taxonomy":"product_brand","embeddable":true,"href":"https:\/\/artslibris.cat\/ca\/wp-json\/wp\/v2\/product_brand?post=12589"},{"taxonomy":"product_cat","embeddable":true,"href":"https:\/\/artslibris.cat\/ca\/wp-json\/wp\/v2\/product_cat?post=12589"},{"taxonomy":"product_tag","embeddable":true,"href":"https:\/\/artslibris.cat\/ca\/wp-json\/wp\/v2\/product_tag?post=12589"}],"curies":[{"name":"wp","href":"https:\/\/api.w.org\/{rel}","templated":true}]}}