{"id":12322,"date":"2021-06-22T15:02:58","date_gmt":"2021-06-22T15:02:58","guid":{"rendered":"https:\/\/artslibris.cat\/tienda\/Sense categoria\/care-cuidar-importa\/"},"modified":"2021-06-22T15:02:58","modified_gmt":"2021-06-22T15:02:58","slug":"care-cuidar-importa","status":"publish","type":"product","link":"https:\/\/artslibris.cat\/ca\/tienda\/edicions-dartistes\/care-cuidar-importa\/","title":{"rendered":"CARE, cuidar importa"},"content":{"rendered":"<p>\u201cArribem a la vida necessitats d&#8217;amor i sosteniment i molt probablement tornarem a necessitar-los en la nostra \u00faltima etapa. Al llarg de la nostra exist\u00e8ncia, s\u00f3n moltes les vegades en les quals es fa imprescindible la col\u00b7laboraci\u00f3 de l&#8217;entorn. Les cures no s\u00f3n part de la vulnerabilitat de la vida, les cures constitueixen la vida, perqu\u00e8 \u00e9s dins d&#8217;aquest context on establim les relacions que ens defineixen.\u201d Ana \u00c1lvarez-Errecalde \/ llibre CARE, cuidar importa.<\/p>\n<p><em>CARE, cuidar importa<\/em> \u00e9s un assaig fotogr\u00e0fic que ofereix una resposta urgent a l&#8217;imaginari cultural que retrata la discapacitat i depend\u00e8ncia des de la ridiculizaci\u00f3, la caricatura i la burla.<\/p>\n<p>El llibre interpel\u00b7la a m\u00faltiples \u00e0rees com les arts, la psicologia, la sociologia, la salut, la filosofia, l&#8217;economia, la hist\u00f2ria i el g\u00e8nere. En donar visibilitat a diferents experi\u00e8ncies de vida basades i sustentades per la cura, d\u00f3na rellev\u00e0ncia a la tasca de cuidar i q\u00fcestiona una activitat imprescindible i invisibilitzada en diferents \u00e0mbits de la vida. <em>CARE, cuidar importa<\/em> cerca revertir la connotaci\u00f3 de depend\u00e8ncia com a marginalitat, c\u00e0stig o conseq\u00fc\u00e8ncia al fet, encarnaci\u00f3 del mal.<\/p>\n","protected":false},"excerpt":{"rendered":"<p>T\u00edtol: CARE, cuidar importa<br \/>\nAutora: Ana \u00c1lvarez Errecalde<br \/>\nAutoedici\u00f3<br \/>\nMesures: 30 cm x 23 cm<br \/>\nN\u00ba p\u00e0gines: 144<br \/>\nEdici\u00f3: 2020<br \/>\nCiutat d&#8217;edici\u00f3: Barcelona<br \/>\nISBN: 978-84-09-25509-2<\/p>\n","protected":false},"featured_media":12318,"template":"","meta":{"_acf_changed":false,"site-sidebar-layout":"default","site-content-layout":"default","ast-site-content-layout":"default","site-content-style":"default","site-sidebar-style":"default","ast-global-header-display":"","ast-banner-title-visibility":"","ast-main-header-display":"","ast-hfb-above-header-display":"","ast-hfb-below-header-display":"","ast-hfb-mobile-header-display":"","site-post-title":"","ast-breadcrumbs-content":"","ast-featured-img":"","footer-sml-layout":"","ast-disable-related-posts":"","theme-transparent-header-meta":"default","adv-header-id-meta":"","stick-header-meta":"","header-above-stick-meta":"","header-main-stick-meta":"","header-below-stick-meta":"","astra-migrate-meta-layouts":"default","ast-page-background-enabled":"default","ast-page-background-meta":{"desktop":{"background-color":"","background-image":"","background-repeat":"repeat","background-position":"center center","background-size":"auto","background-attachment":"scroll","background-type":"","background-media":"","overlay-type":"","overlay-color":"","overlay-opacity":"","overlay-gradient":""},"tablet":{"background-color":"","background-image":"","background-repeat":"repeat","background-position":"center center","background-size":"auto","background-attachment":"scroll","background-type":"","background-media":"","overlay-type":"","overlay-color":"","overlay-opacity":"","overlay-gradient":""},"mobile":{"background-color":"","background-image":"","background-repeat":"repeat","background-position":"center center","background-size":"auto","background-attachment":"scroll","background-type":"","background-media":"","overlay-type":"","overlay-color":"","overlay-opacity":"","overlay-gradient":""}},"ast-content-background-meta":{"desktop":{"background-color":"var(--ast-global-color-5)","background-image":"","background-repeat":"repeat","background-position":"center center","background-size":"auto","background-attachment":"scroll","background-type":"","background-media":"","overlay-type":"","overlay-color":"","overlay-opacity":"","overlay-gradient":""},"tablet":{"background-color":"var(--ast-global-color-5)","background-image":"","background-repeat":"repeat","background-position":"center center","background-size":"auto","background-attachment":"scroll","background-type":"","background-media":"","overlay-type":"","overlay-color":"","overlay-opacity":"","overlay-gradient":""},"mobile":{"background-color":"var(--ast-global-color-5)","background-image":"","background-repeat":"repeat","background-position":"center center","background-size":"auto","background-attachment":"scroll","background-type":"","background-media":"","overlay-type":"","overlay-color":"","overlay-opacity":"","overlay-gradient":""}}},"product_brand":[],"product_cat":[273,181],"product_tag":[288],"class_list":{"0":"post-12322","1":"product","2":"type-product","3":"status-publish","4":"has-post-thumbnail","6":"product_cat-autoedicion-ca","7":"product_cat-edicions-dartistes","8":"product_tag-ana-alvarez-ca","9":"desktop-align-left","10":"tablet-align-left","11":"mobile-align-left","13":"first","14":"instock","15":"shipping-taxable","16":"purchasable","17":"product-type-simple"},"acf":[],"yoast_head":"<!-- This site is optimized with the Yoast SEO plugin v27.1.1 - https:\/\/yoast.com\/product\/yoast-seo-wordpress\/ -->\n<title>CARE, cuidar importa - ArtsLibris<\/title>\n<meta name=\"description\" content=\"Botiga-Arts-Libris-CARE-Cuidar-importa-ana-alvarez-errecalde-autoedici\u00f3n-barcelona\" \/>\n<meta name=\"robots\" content=\"index, follow, max-snippet:-1, max-image-preview:large, max-video-preview:-1\" \/>\n<link rel=\"canonical\" href=\"https:\/\/artslibris.cat\/ca\/tienda\/edicions-dartistes\/care-cuidar-importa\/\" \/>\n<meta property=\"og:locale\" content=\"ca_ES\" \/>\n<meta property=\"og:type\" content=\"article\" \/>\n<meta property=\"og:title\" content=\"CARE, cuidar importa - ArtsLibris\" \/>\n<meta property=\"og:description\" content=\"Botiga-Arts-Libris-CARE-Cuidar-importa-ana-alvarez-errecalde-autoedici\u00f3n-barcelona\" \/>\n<meta property=\"og:url\" content=\"https:\/\/artslibris.cat\/ca\/tienda\/edicions-dartistes\/care-cuidar-importa\/\" \/>\n<meta property=\"og:site_name\" content=\"ArtsLibris\" \/>\n<meta property=\"article:publisher\" content=\"https:\/\/www.facebook.com\/artslibris\/\" \/>\n<meta property=\"og:image\" content=\"https:\/\/artslibris.cat\/wp-content\/uploads\/2021\/06\/Arts_Libris_CARE_cuidar_importa_AnaAlvarez_Errecalde_04.png\" \/>\n\t<meta property=\"og:image:width\" content=\"351\" \/>\n\t<meta property=\"og:image:height\" content=\"351\" \/>\n\t<meta property=\"og:image:type\" content=\"image\/png\" \/>\n<meta name=\"twitter:card\" content=\"summary_large_image\" \/>\n<meta name=\"twitter:site\" content=\"@ArtsLibris\" \/>\n<meta name=\"twitter:label1\" content=\"Temps estimat de lectura\" \/>\n\t<meta name=\"twitter:data1\" content=\"1 minut\" \/>\n<script type=\"application\/ld+json\" class=\"yoast-schema-graph\">{\"@context\":\"https:\/\/schema.org\",\"@graph\":[{\"@type\":\"WebPage\",\"@id\":\"https:\/\/artslibris.cat\/ca\/tienda\/edicions-dartistes\/care-cuidar-importa\/\",\"url\":\"https:\/\/artslibris.cat\/ca\/tienda\/edicions-dartistes\/care-cuidar-importa\/\",\"name\":\"CARE, cuidar importa - ArtsLibris\",\"isPartOf\":{\"@id\":\"https:\/\/artslibris.cat\/ca\/#website\"},\"primaryImageOfPage\":{\"@id\":\"https:\/\/artslibris.cat\/ca\/tienda\/edicions-dartistes\/care-cuidar-importa\/#primaryimage\"},\"image\":{\"@id\":\"https:\/\/artslibris.cat\/ca\/tienda\/edicions-dartistes\/care-cuidar-importa\/#primaryimage\"},\"thumbnailUrl\":\"https:\/\/artslibris.cat\/wp-content\/uploads\/2021\/06\/Arts_Libris_CARE_cuidar_importa_AnaAlvarez_Errecalde_04.png\",\"datePublished\":\"2021-06-22T15:02:58+00:00\",\"description\":\"Botiga-Arts-Libris-CARE-Cuidar-importa-ana-alvarez-errecalde-autoedici\u00f3n-barcelona\",\"breadcrumb\":{\"@id\":\"https:\/\/artslibris.cat\/ca\/tienda\/edicions-dartistes\/care-cuidar-importa\/#breadcrumb\"},\"inLanguage\":\"ca\",\"potentialAction\":[{\"@type\":\"ReadAction\",\"target\":[\"https:\/\/artslibris.cat\/ca\/tienda\/edicions-dartistes\/care-cuidar-importa\/\"]}]},{\"@type\":\"ImageObject\",\"inLanguage\":\"ca\",\"@id\":\"https:\/\/artslibris.cat\/ca\/tienda\/edicions-dartistes\/care-cuidar-importa\/#primaryimage\",\"url\":\"https:\/\/artslibris.cat\/wp-content\/uploads\/2021\/06\/Arts_Libris_CARE_cuidar_importa_AnaAlvarez_Errecalde_04.png\",\"contentUrl\":\"https:\/\/artslibris.cat\/wp-content\/uploads\/2021\/06\/Arts_Libris_CARE_cuidar_importa_AnaAlvarez_Errecalde_04.png\",\"width\":351,\"height\":351},{\"@type\":\"BreadcrumbList\",\"@id\":\"https:\/\/artslibris.cat\/ca\/tienda\/edicions-dartistes\/care-cuidar-importa\/#breadcrumb\",\"itemListElement\":[{\"@type\":\"ListItem\",\"position\":1,\"name\":\"Portada\",\"item\":\"https:\/\/artslibris.cat\/ca\/\"},{\"@type\":\"ListItem\",\"position\":2,\"name\":\"Tenda\",\"item\":\"https:\/\/artslibris.cat\/ca\/tenda\/\"},{\"@type\":\"ListItem\",\"position\":3,\"name\":\"CARE, cuidar importa\"}]},{\"@type\":\"WebSite\",\"@id\":\"https:\/\/artslibris.cat\/ca\/#website\",\"url\":\"https:\/\/artslibris.cat\/ca\/\",\"name\":\"ArtsLibris\",\"description\":\"\",\"publisher\":{\"@id\":\"https:\/\/artslibris.cat\/ca\/#organization\"},\"potentialAction\":[{\"@type\":\"SearchAction\",\"target\":{\"@type\":\"EntryPoint\",\"urlTemplate\":\"https:\/\/artslibris.cat\/ca\/?s={search_term_string}\"},\"query-input\":{\"@type\":\"PropertyValueSpecification\",\"valueRequired\":true,\"valueName\":\"search_term_string\"}}],\"inLanguage\":\"ca\"},{\"@type\":\"Organization\",\"@id\":\"https:\/\/artslibris.cat\/ca\/#organization\",\"name\":\"ArtsLibris\",\"url\":\"https:\/\/artslibris.cat\/ca\/\",\"logo\":{\"@type\":\"ImageObject\",\"inLanguage\":\"ca\",\"@id\":\"https:\/\/artslibris.cat\/ca\/#\/schema\/logo\/image\/\",\"url\":\"https:\/\/artslibris.cat\/wp-content\/uploads\/2020\/05\/ArtsLibris-logo-black.svg\",\"contentUrl\":\"https:\/\/artslibris.cat\/wp-content\/uploads\/2020\/05\/ArtsLibris-logo-black.svg\",\"width\":521,\"height\":85,\"caption\":\"ArtsLibris\"},\"image\":{\"@id\":\"https:\/\/artslibris.cat\/ca\/#\/schema\/logo\/image\/\"},\"sameAs\":[\"https:\/\/www.facebook.com\/artslibris\/\",\"https:\/\/x.com\/ArtsLibris\",\"https:\/\/www.instagram.com\/artslibris\/\"]}]}<\/script>\n<!-- \/ Yoast SEO plugin. -->","yoast_head_json":{"title":"CARE, cuidar importa - ArtsLibris","description":"Botiga-Arts-Libris-CARE-Cuidar-importa-ana-alvarez-errecalde-autoedici\u00f3n-barcelona","robots":{"index":"index","follow":"follow","max-snippet":"max-snippet:-1","max-image-preview":"max-image-preview:large","max-video-preview":"max-video-preview:-1"},"canonical":"https:\/\/artslibris.cat\/ca\/tienda\/edicions-dartistes\/care-cuidar-importa\/","og_locale":"ca_ES","og_type":"article","og_title":"CARE, cuidar importa - ArtsLibris","og_description":"Botiga-Arts-Libris-CARE-Cuidar-importa-ana-alvarez-errecalde-autoedici\u00f3n-barcelona","og_url":"https:\/\/artslibris.cat\/ca\/tienda\/edicions-dartistes\/care-cuidar-importa\/","og_site_name":"ArtsLibris","article_publisher":"https:\/\/www.facebook.com\/artslibris\/","og_image":[{"width":351,"height":351,"url":"https:\/\/artslibris.cat\/wp-content\/uploads\/2021\/06\/Arts_Libris_CARE_cuidar_importa_AnaAlvarez_Errecalde_04.png","type":"image\/png"}],"twitter_card":"summary_large_image","twitter_site":"@ArtsLibris","twitter_misc":{"Temps estimat de lectura":"1 minut"},"schema":{"@context":"https:\/\/schema.org","@graph":[{"@type":"WebPage","@id":"https:\/\/artslibris.cat\/ca\/tienda\/edicions-dartistes\/care-cuidar-importa\/","url":"https:\/\/artslibris.cat\/ca\/tienda\/edicions-dartistes\/care-cuidar-importa\/","name":"CARE, cuidar importa - ArtsLibris","isPartOf":{"@id":"https:\/\/artslibris.cat\/ca\/#website"},"primaryImageOfPage":{"@id":"https:\/\/artslibris.cat\/ca\/tienda\/edicions-dartistes\/care-cuidar-importa\/#primaryimage"},"image":{"@id":"https:\/\/artslibris.cat\/ca\/tienda\/edicions-dartistes\/care-cuidar-importa\/#primaryimage"},"thumbnailUrl":"https:\/\/artslibris.cat\/wp-content\/uploads\/2021\/06\/Arts_Libris_CARE_cuidar_importa_AnaAlvarez_Errecalde_04.png","datePublished":"2021-06-22T15:02:58+00:00","description":"Botiga-Arts-Libris-CARE-Cuidar-importa-ana-alvarez-errecalde-autoedici\u00f3n-barcelona","breadcrumb":{"@id":"https:\/\/artslibris.cat\/ca\/tienda\/edicions-dartistes\/care-cuidar-importa\/#breadcrumb"},"inLanguage":"ca","potentialAction":[{"@type":"ReadAction","target":["https:\/\/artslibris.cat\/ca\/tienda\/edicions-dartistes\/care-cuidar-importa\/"]}]},{"@type":"ImageObject","inLanguage":"ca","@id":"https:\/\/artslibris.cat\/ca\/tienda\/edicions-dartistes\/care-cuidar-importa\/#primaryimage","url":"https:\/\/artslibris.cat\/wp-content\/uploads\/2021\/06\/Arts_Libris_CARE_cuidar_importa_AnaAlvarez_Errecalde_04.png","contentUrl":"https:\/\/artslibris.cat\/wp-content\/uploads\/2021\/06\/Arts_Libris_CARE_cuidar_importa_AnaAlvarez_Errecalde_04.png","width":351,"height":351},{"@type":"BreadcrumbList","@id":"https:\/\/artslibris.cat\/ca\/tienda\/edicions-dartistes\/care-cuidar-importa\/#breadcrumb","itemListElement":[{"@type":"ListItem","position":1,"name":"Portada","item":"https:\/\/artslibris.cat\/ca\/"},{"@type":"ListItem","position":2,"name":"Tenda","item":"https:\/\/artslibris.cat\/ca\/tenda\/"},{"@type":"ListItem","position":3,"name":"CARE, cuidar importa"}]},{"@type":"WebSite","@id":"https:\/\/artslibris.cat\/ca\/#website","url":"https:\/\/artslibris.cat\/ca\/","name":"ArtsLibris","description":"","publisher":{"@id":"https:\/\/artslibris.cat\/ca\/#organization"},"potentialAction":[{"@type":"SearchAction","target":{"@type":"EntryPoint","urlTemplate":"https:\/\/artslibris.cat\/ca\/?s={search_term_string}"},"query-input":{"@type":"PropertyValueSpecification","valueRequired":true,"valueName":"search_term_string"}}],"inLanguage":"ca"},{"@type":"Organization","@id":"https:\/\/artslibris.cat\/ca\/#organization","name":"ArtsLibris","url":"https:\/\/artslibris.cat\/ca\/","logo":{"@type":"ImageObject","inLanguage":"ca","@id":"https:\/\/artslibris.cat\/ca\/#\/schema\/logo\/image\/","url":"https:\/\/artslibris.cat\/wp-content\/uploads\/2020\/05\/ArtsLibris-logo-black.svg","contentUrl":"https:\/\/artslibris.cat\/wp-content\/uploads\/2020\/05\/ArtsLibris-logo-black.svg","width":521,"height":85,"caption":"ArtsLibris"},"image":{"@id":"https:\/\/artslibris.cat\/ca\/#\/schema\/logo\/image\/"},"sameAs":["https:\/\/www.facebook.com\/artslibris\/","https:\/\/x.com\/ArtsLibris","https:\/\/www.instagram.com\/artslibris\/"]}]}},"_links":{"self":[{"href":"https:\/\/artslibris.cat\/ca\/wp-json\/wp\/v2\/product\/12322","targetHints":{"allow":["GET"]}}],"collection":[{"href":"https:\/\/artslibris.cat\/ca\/wp-json\/wp\/v2\/product"}],"about":[{"href":"https:\/\/artslibris.cat\/ca\/wp-json\/wp\/v2\/types\/product"}],"wp:featuredmedia":[{"embeddable":true,"href":"https:\/\/artslibris.cat\/ca\/wp-json\/wp\/v2\/media\/12318"}],"wp:attachment":[{"href":"https:\/\/artslibris.cat\/ca\/wp-json\/wp\/v2\/media?parent=12322"}],"wp:term":[{"taxonomy":"product_brand","embeddable":true,"href":"https:\/\/artslibris.cat\/ca\/wp-json\/wp\/v2\/product_brand?post=12322"},{"taxonomy":"product_cat","embeddable":true,"href":"https:\/\/artslibris.cat\/ca\/wp-json\/wp\/v2\/product_cat?post=12322"},{"taxonomy":"product_tag","embeddable":true,"href":"https:\/\/artslibris.cat\/ca\/wp-json\/wp\/v2\/product_tag?post=12322"}],"curies":[{"name":"wp","href":"https:\/\/api.w.org\/{rel}","templated":true}]}}