{"id":11371,"date":"2021-05-25T16:33:52","date_gmt":"2021-05-25T16:33:52","guid":{"rendered":"https:\/\/artslibris.cat\/tienda\/Sense categoria\/al-tiba9-magazine-issue08\/"},"modified":"2021-05-25T16:33:52","modified_gmt":"2021-05-25T16:33:52","slug":"al-tiba9-magazine-issue08","status":"publish","type":"product","link":"https:\/\/artslibris.cat\/ca\/tienda\/revista-ca\/al-tiba9-magazine-issue08\/","title":{"rendered":"Al-Tiba9 &#8211; Magazine ISSUE08"},"content":{"rendered":"<p>La Revista Al-Tiba9 Issue08 presenta a artistes internacionals que encarnen en la seva obra un esperit d&#8217;inspiraci\u00f3 progressista. Aquests artistes gaudeixen de l&#8217;\u00e0mplia xarxa d&#8217;Al-Tiba9 de galeries, museus, marxants, col\u00b7leccionistes, professionals de l&#8217;art, amants de l&#8217;art i acad\u00e8mics de tot el m\u00f3n.<\/p>\n<p>Els artistes presentats s\u00f3n:<\/p>\n<p>Pedro Gramaxo, Joanna Wlaszyn, Zaccheo Zhang, Maria Lu\u00edsa Capela, Maria Elisa Vale, Sue Vo-Ho, Gal\u00b7la Semenova, Chris Corridore, Patrick Vandecasteele, Berk K\u0131r, Jose Cruzio, Giuseppe Francavilla, Li Mo, Marco Waldis, Iwa Kruczkowska-Kr\u00f3l, Anastasia Kuznetsova, Omar Reyna, Aimee Ruoff, Athina Masoura, Syl Sorra, WiseTwo, Fikos, Kaoru Shibuta, Sergey Piskunov, Magdalena Bukowska, Fotini Christophillis, Krzysztof Strzelecki, Sasha Neschastnova, Vilma Leino, Amr Alngmah, Jos\u00e9 Luis Ram\u00edrez, Jayakar Priyadharshan, Carolina Serrano, Istv\u00e1n Dukai, Lucrezia Rossi, Peter Backhaus, Zaam Arif, Sam Heydt, Fan de Fant\u00e1stica.<\/p>\n","protected":false},"excerpt":{"rendered":"<p>T\u00edtol: Al-Tiba9 \u2013 Magazine ISSUE08.<br \/>\nEditor: Al-Tiba9 Contemporary Art.<br \/>\nCiutat d&#8217;edici\u00f3: Londres.<br \/>\nAny d&#8217;edici\u00f3: 2021.<br \/>\nN\u00famero de p\u00e0gines: 116.<br \/>\nMesures: 21 x 28x 0.9 cm.<br \/>\nISSN: 2604-630X<\/p>\n","protected":false},"featured_media":26100,"template":"","meta":{"_acf_changed":false,"site-sidebar-layout":"default","site-content-layout":"default","ast-site-content-layout":"default","site-content-style":"default","site-sidebar-style":"default","ast-global-header-display":"","ast-banner-title-visibility":"","ast-main-header-display":"","ast-hfb-above-header-display":"","ast-hfb-below-header-display":"","ast-hfb-mobile-header-display":"","site-post-title":"","ast-breadcrumbs-content":"","ast-featured-img":"","footer-sml-layout":"","ast-disable-related-posts":"","theme-transparent-header-meta":"default","adv-header-id-meta":"","stick-header-meta":"","header-above-stick-meta":"","header-main-stick-meta":"","header-below-stick-meta":"","astra-migrate-meta-layouts":"default","ast-page-background-enabled":"default","ast-page-background-meta":{"desktop":{"background-color":"","background-image":"","background-repeat":"repeat","background-position":"center center","background-size":"auto","background-attachment":"scroll","background-type":"","background-media":"","overlay-type":"","overlay-color":"","overlay-opacity":"","overlay-gradient":""},"tablet":{"background-color":"","background-image":"","background-repeat":"repeat","background-position":"center center","background-size":"auto","background-attachment":"scroll","background-type":"","background-media":"","overlay-type":"","overlay-color":"","overlay-opacity":"","overlay-gradient":""},"mobile":{"background-color":"","background-image":"","background-repeat":"repeat","background-position":"center center","background-size":"auto","background-attachment":"scroll","background-type":"","background-media":"","overlay-type":"","overlay-color":"","overlay-opacity":"","overlay-gradient":""}},"ast-content-background-meta":{"desktop":{"background-color":"var(--ast-global-color-5)","background-image":"","background-repeat":"repeat","background-position":"center center","background-size":"auto","background-attachment":"scroll","background-type":"","background-media":"","overlay-type":"","overlay-color":"","overlay-opacity":"","overlay-gradient":""},"tablet":{"background-color":"var(--ast-global-color-5)","background-image":"","background-repeat":"repeat","background-position":"center center","background-size":"auto","background-attachment":"scroll","background-type":"","background-media":"","overlay-type":"","overlay-color":"","overlay-opacity":"","overlay-gradient":""},"mobile":{"background-color":"var(--ast-global-color-5)","background-image":"","background-repeat":"repeat","background-position":"center center","background-size":"auto","background-attachment":"scroll","background-type":"","background-media":"","overlay-type":"","overlay-color":"","overlay-opacity":"","overlay-gradient":""}}},"product_brand":[],"product_cat":[141],"product_tag":[142],"class_list":{"0":"post-11371","1":"product","2":"type-product","3":"status-publish","4":"has-post-thumbnail","6":"product_cat-revista-ca","7":"product_tag-al-tiba9-ca","8":"desktop-align-left","9":"tablet-align-left","10":"mobile-align-left","12":"first","13":"instock","14":"shipping-taxable","15":"purchasable","16":"product-type-simple"},"acf":[],"yoast_head":"<!-- This site is optimized with the Yoast SEO plugin v27.3 - https:\/\/yoast.com\/product\/yoast-seo-wordpress\/ -->\n<title>Al-Tiba9 - Magazine ISSUE08 - ArtsLibris<\/title>\n<meta name=\"description\" content=\"Botiga-Arts-Libris-Al-tiba9-magazine-issue08-2021\" \/>\n<meta name=\"robots\" content=\"index, follow, max-snippet:-1, max-image-preview:large, max-video-preview:-1\" \/>\n<link rel=\"canonical\" href=\"https:\/\/artslibris.cat\/ca\/tienda\/revista-ca\/al-tiba9-magazine-issue08\/\" \/>\n<meta property=\"og:locale\" content=\"ca_ES\" \/>\n<meta property=\"og:type\" content=\"article\" \/>\n<meta property=\"og:title\" content=\"Al-Tiba9 - Magazine ISSUE08 - ArtsLibris\" \/>\n<meta property=\"og:description\" content=\"Botiga-Arts-Libris-Al-tiba9-magazine-issue08-2021\" \/>\n<meta property=\"og:url\" content=\"https:\/\/artslibris.cat\/ca\/tienda\/revista-ca\/al-tiba9-magazine-issue08\/\" \/>\n<meta property=\"og:site_name\" content=\"ArtsLibris\" \/>\n<meta property=\"article:publisher\" content=\"https:\/\/www.facebook.com\/artslibris\/\" \/>\n<meta property=\"og:image\" content=\"https:\/\/artslibris.cat\/wp-content\/uploads\/2020\/11\/ISSUE008_Contemporary-Art-Magazine_Al-Tiba9-e1727258531873.png\" \/>\n\t<meta property=\"og:image:width\" content=\"2480\" \/>\n\t<meta property=\"og:image:height\" content=\"3307\" \/>\n\t<meta property=\"og:image:type\" content=\"image\/png\" \/>\n<meta name=\"twitter:card\" content=\"summary_large_image\" \/>\n<meta name=\"twitter:site\" content=\"@ArtsLibris\" \/>\n<meta name=\"twitter:label1\" content=\"Temps estimat de lectura\" \/>\n\t<meta name=\"twitter:data1\" content=\"1 minut\" \/>\n<script type=\"application\/ld+json\" class=\"yoast-schema-graph\">{\"@context\":\"https:\\\/\\\/schema.org\",\"@graph\":[{\"@type\":\"WebPage\",\"@id\":\"https:\\\/\\\/artslibris.cat\\\/ca\\\/tienda\\\/revista-ca\\\/al-tiba9-magazine-issue08\\\/\",\"url\":\"https:\\\/\\\/artslibris.cat\\\/ca\\\/tienda\\\/revista-ca\\\/al-tiba9-magazine-issue08\\\/\",\"name\":\"Al-Tiba9 - Magazine ISSUE08 - ArtsLibris\",\"isPartOf\":{\"@id\":\"https:\\\/\\\/artslibris.cat\\\/ca\\\/#website\"},\"primaryImageOfPage\":{\"@id\":\"https:\\\/\\\/artslibris.cat\\\/ca\\\/tienda\\\/revista-ca\\\/al-tiba9-magazine-issue08\\\/#primaryimage\"},\"image\":{\"@id\":\"https:\\\/\\\/artslibris.cat\\\/ca\\\/tienda\\\/revista-ca\\\/al-tiba9-magazine-issue08\\\/#primaryimage\"},\"thumbnailUrl\":\"https:\\\/\\\/artslibris.cat\\\/wp-content\\\/uploads\\\/2020\\\/11\\\/ISSUE008_Contemporary-Art-Magazine_Al-Tiba9-e1727258531873.png\",\"datePublished\":\"2021-05-25T16:33:52+00:00\",\"description\":\"Botiga-Arts-Libris-Al-tiba9-magazine-issue08-2021\",\"breadcrumb\":{\"@id\":\"https:\\\/\\\/artslibris.cat\\\/ca\\\/tienda\\\/revista-ca\\\/al-tiba9-magazine-issue08\\\/#breadcrumb\"},\"inLanguage\":\"ca\",\"potentialAction\":[{\"@type\":\"ReadAction\",\"target\":[\"https:\\\/\\\/artslibris.cat\\\/ca\\\/tienda\\\/revista-ca\\\/al-tiba9-magazine-issue08\\\/\"]}]},{\"@type\":\"ImageObject\",\"inLanguage\":\"ca\",\"@id\":\"https:\\\/\\\/artslibris.cat\\\/ca\\\/tienda\\\/revista-ca\\\/al-tiba9-magazine-issue08\\\/#primaryimage\",\"url\":\"https:\\\/\\\/artslibris.cat\\\/wp-content\\\/uploads\\\/2020\\\/11\\\/ISSUE008_Contemporary-Art-Magazine_Al-Tiba9-e1727258531873.png\",\"contentUrl\":\"https:\\\/\\\/artslibris.cat\\\/wp-content\\\/uploads\\\/2020\\\/11\\\/ISSUE008_Contemporary-Art-Magazine_Al-Tiba9-e1727258531873.png\",\"width\":2480,\"height\":3307},{\"@type\":\"BreadcrumbList\",\"@id\":\"https:\\\/\\\/artslibris.cat\\\/ca\\\/tienda\\\/revista-ca\\\/al-tiba9-magazine-issue08\\\/#breadcrumb\",\"itemListElement\":[{\"@type\":\"ListItem\",\"position\":1,\"name\":\"Portada\",\"item\":\"https:\\\/\\\/artslibris.cat\\\/ca\\\/\"},{\"@type\":\"ListItem\",\"position\":2,\"name\":\"Tenda\",\"item\":\"https:\\\/\\\/artslibris.cat\\\/ca\\\/tenda\\\/\"},{\"@type\":\"ListItem\",\"position\":3,\"name\":\"Al-Tiba9 &#8211; Magazine ISSUE08\"}]},{\"@type\":\"WebSite\",\"@id\":\"https:\\\/\\\/artslibris.cat\\\/ca\\\/#website\",\"url\":\"https:\\\/\\\/artslibris.cat\\\/ca\\\/\",\"name\":\"ArtsLibris\",\"description\":\"\",\"publisher\":{\"@id\":\"https:\\\/\\\/artslibris.cat\\\/ca\\\/#organization\"},\"potentialAction\":[{\"@type\":\"SearchAction\",\"target\":{\"@type\":\"EntryPoint\",\"urlTemplate\":\"https:\\\/\\\/artslibris.cat\\\/ca\\\/?s={search_term_string}\"},\"query-input\":{\"@type\":\"PropertyValueSpecification\",\"valueRequired\":true,\"valueName\":\"search_term_string\"}}],\"inLanguage\":\"ca\"},{\"@type\":\"Organization\",\"@id\":\"https:\\\/\\\/artslibris.cat\\\/ca\\\/#organization\",\"name\":\"ArtsLibris\",\"url\":\"https:\\\/\\\/artslibris.cat\\\/ca\\\/\",\"logo\":{\"@type\":\"ImageObject\",\"inLanguage\":\"ca\",\"@id\":\"https:\\\/\\\/artslibris.cat\\\/ca\\\/#\\\/schema\\\/logo\\\/image\\\/\",\"url\":\"https:\\\/\\\/artslibris.cat\\\/wp-content\\\/uploads\\\/2020\\\/05\\\/ArtsLibris-logo-black.svg\",\"contentUrl\":\"https:\\\/\\\/artslibris.cat\\\/wp-content\\\/uploads\\\/2020\\\/05\\\/ArtsLibris-logo-black.svg\",\"width\":521,\"height\":85,\"caption\":\"ArtsLibris\"},\"image\":{\"@id\":\"https:\\\/\\\/artslibris.cat\\\/ca\\\/#\\\/schema\\\/logo\\\/image\\\/\"},\"sameAs\":[\"https:\\\/\\\/www.facebook.com\\\/artslibris\\\/\",\"https:\\\/\\\/x.com\\\/ArtsLibris\",\"https:\\\/\\\/www.instagram.com\\\/artslibris\\\/\"]}]}<\/script>\n<!-- \/ Yoast SEO plugin. -->","yoast_head_json":{"title":"Al-Tiba9 - Magazine ISSUE08 - ArtsLibris","description":"Botiga-Arts-Libris-Al-tiba9-magazine-issue08-2021","robots":{"index":"index","follow":"follow","max-snippet":"max-snippet:-1","max-image-preview":"max-image-preview:large","max-video-preview":"max-video-preview:-1"},"canonical":"https:\/\/artslibris.cat\/ca\/tienda\/revista-ca\/al-tiba9-magazine-issue08\/","og_locale":"ca_ES","og_type":"article","og_title":"Al-Tiba9 - Magazine ISSUE08 - ArtsLibris","og_description":"Botiga-Arts-Libris-Al-tiba9-magazine-issue08-2021","og_url":"https:\/\/artslibris.cat\/ca\/tienda\/revista-ca\/al-tiba9-magazine-issue08\/","og_site_name":"ArtsLibris","article_publisher":"https:\/\/www.facebook.com\/artslibris\/","og_image":[{"width":2480,"height":3307,"url":"https:\/\/artslibris.cat\/wp-content\/uploads\/2020\/11\/ISSUE008_Contemporary-Art-Magazine_Al-Tiba9-e1727258531873.png","type":"image\/png"}],"twitter_card":"summary_large_image","twitter_site":"@ArtsLibris","twitter_misc":{"Temps estimat de lectura":"1 minut"},"schema":{"@context":"https:\/\/schema.org","@graph":[{"@type":"WebPage","@id":"https:\/\/artslibris.cat\/ca\/tienda\/revista-ca\/al-tiba9-magazine-issue08\/","url":"https:\/\/artslibris.cat\/ca\/tienda\/revista-ca\/al-tiba9-magazine-issue08\/","name":"Al-Tiba9 - Magazine ISSUE08 - ArtsLibris","isPartOf":{"@id":"https:\/\/artslibris.cat\/ca\/#website"},"primaryImageOfPage":{"@id":"https:\/\/artslibris.cat\/ca\/tienda\/revista-ca\/al-tiba9-magazine-issue08\/#primaryimage"},"image":{"@id":"https:\/\/artslibris.cat\/ca\/tienda\/revista-ca\/al-tiba9-magazine-issue08\/#primaryimage"},"thumbnailUrl":"https:\/\/artslibris.cat\/wp-content\/uploads\/2020\/11\/ISSUE008_Contemporary-Art-Magazine_Al-Tiba9-e1727258531873.png","datePublished":"2021-05-25T16:33:52+00:00","description":"Botiga-Arts-Libris-Al-tiba9-magazine-issue08-2021","breadcrumb":{"@id":"https:\/\/artslibris.cat\/ca\/tienda\/revista-ca\/al-tiba9-magazine-issue08\/#breadcrumb"},"inLanguage":"ca","potentialAction":[{"@type":"ReadAction","target":["https:\/\/artslibris.cat\/ca\/tienda\/revista-ca\/al-tiba9-magazine-issue08\/"]}]},{"@type":"ImageObject","inLanguage":"ca","@id":"https:\/\/artslibris.cat\/ca\/tienda\/revista-ca\/al-tiba9-magazine-issue08\/#primaryimage","url":"https:\/\/artslibris.cat\/wp-content\/uploads\/2020\/11\/ISSUE008_Contemporary-Art-Magazine_Al-Tiba9-e1727258531873.png","contentUrl":"https:\/\/artslibris.cat\/wp-content\/uploads\/2020\/11\/ISSUE008_Contemporary-Art-Magazine_Al-Tiba9-e1727258531873.png","width":2480,"height":3307},{"@type":"BreadcrumbList","@id":"https:\/\/artslibris.cat\/ca\/tienda\/revista-ca\/al-tiba9-magazine-issue08\/#breadcrumb","itemListElement":[{"@type":"ListItem","position":1,"name":"Portada","item":"https:\/\/artslibris.cat\/ca\/"},{"@type":"ListItem","position":2,"name":"Tenda","item":"https:\/\/artslibris.cat\/ca\/tenda\/"},{"@type":"ListItem","position":3,"name":"Al-Tiba9 &#8211; Magazine ISSUE08"}]},{"@type":"WebSite","@id":"https:\/\/artslibris.cat\/ca\/#website","url":"https:\/\/artslibris.cat\/ca\/","name":"ArtsLibris","description":"","publisher":{"@id":"https:\/\/artslibris.cat\/ca\/#organization"},"potentialAction":[{"@type":"SearchAction","target":{"@type":"EntryPoint","urlTemplate":"https:\/\/artslibris.cat\/ca\/?s={search_term_string}"},"query-input":{"@type":"PropertyValueSpecification","valueRequired":true,"valueName":"search_term_string"}}],"inLanguage":"ca"},{"@type":"Organization","@id":"https:\/\/artslibris.cat\/ca\/#organization","name":"ArtsLibris","url":"https:\/\/artslibris.cat\/ca\/","logo":{"@type":"ImageObject","inLanguage":"ca","@id":"https:\/\/artslibris.cat\/ca\/#\/schema\/logo\/image\/","url":"https:\/\/artslibris.cat\/wp-content\/uploads\/2020\/05\/ArtsLibris-logo-black.svg","contentUrl":"https:\/\/artslibris.cat\/wp-content\/uploads\/2020\/05\/ArtsLibris-logo-black.svg","width":521,"height":85,"caption":"ArtsLibris"},"image":{"@id":"https:\/\/artslibris.cat\/ca\/#\/schema\/logo\/image\/"},"sameAs":["https:\/\/www.facebook.com\/artslibris\/","https:\/\/x.com\/ArtsLibris","https:\/\/www.instagram.com\/artslibris\/"]}]}},"_links":{"self":[{"href":"https:\/\/artslibris.cat\/ca\/wp-json\/wp\/v2\/product\/11371","targetHints":{"allow":["GET"]}}],"collection":[{"href":"https:\/\/artslibris.cat\/ca\/wp-json\/wp\/v2\/product"}],"about":[{"href":"https:\/\/artslibris.cat\/ca\/wp-json\/wp\/v2\/types\/product"}],"wp:featuredmedia":[{"embeddable":true,"href":"https:\/\/artslibris.cat\/ca\/wp-json\/wp\/v2\/media\/26100"}],"wp:attachment":[{"href":"https:\/\/artslibris.cat\/ca\/wp-json\/wp\/v2\/media?parent=11371"}],"wp:term":[{"taxonomy":"product_brand","embeddable":true,"href":"https:\/\/artslibris.cat\/ca\/wp-json\/wp\/v2\/product_brand?post=11371"},{"taxonomy":"product_cat","embeddable":true,"href":"https:\/\/artslibris.cat\/ca\/wp-json\/wp\/v2\/product_cat?post=11371"},{"taxonomy":"product_tag","embeddable":true,"href":"https:\/\/artslibris.cat\/ca\/wp-json\/wp\/v2\/product_tag?post=11371"}],"curies":[{"name":"wp","href":"https:\/\/api.w.org\/{rel}","templated":true}]}}