{"id":11225,"date":"2021-05-21T17:09:08","date_gmt":"2021-05-21T17:09:08","guid":{"rendered":"https:\/\/artslibris.cat\/tienda\/Sense categoria\/12-prints-borja-ballbe-back-roads\/"},"modified":"2021-05-21T17:09:08","modified_gmt":"2021-05-21T17:09:08","slug":"12-prints-borja-ballbe-back-roads","status":"publish","type":"product","link":"https:\/\/artslibris.cat\/ca\/tienda\/postals\/12-prints-borja-ballbe-back-roads\/","title":{"rendered":"12 PRINTS BORJA BALLB\u00c9 #BACK ROADS"},"content":{"rendered":"<p>Estoig amb 12 impressions (10,5\u00d714,8cm) de fotografies de BORJA BALLB\u00c9<\/p>\n<p>Les carreteres secund\u00e0ries espanyoles estan desapareixent a poc a poc, sent abandonades en favor de les noves autopistes r\u00e0pides i sense identitat. Aquestes velles carreteres han format part del nostre paisatge durant l\u2019\u00faltim segle, s\u2019havien convertit en un focus comercial de restaurants, gasolineres, locals nocturns<br \/>\ni m\u00e9s.<br \/>\nAmb la p\u00e8rdua d\u2019usuaris, tots aquests negocis estan desapareixent i ara nom\u00e9s queden les seves antigues estructures. Com a vestigis d\u2019una \u00e8poca passada.<\/p>\n<p>Edici\u00f3 limitada de 20 exemplars.<\/p>\n","protected":false},"excerpt":{"rendered":"<p>T\u00edtol: 12 PRINTS BORJA BALLB\u00c9 #BACK ROADS<br \/>\nAutor: Borja Ballb\u00e9<br \/>\nEditorial: Multistudio BOOKS<br \/>\nMesures: 10,5 \u00d7 14,8cm<br \/>\nEdici\u00f3: 2021<br \/>\nCiutat d&#8217;edici\u00f3: Sant Cugat del Vall\u00e8s<\/p>\n","protected":false},"featured_media":11210,"template":"","meta":{"_acf_changed":false,"site-sidebar-layout":"default","site-content-layout":"default","ast-site-content-layout":"default","site-content-style":"default","site-sidebar-style":"default","ast-global-header-display":"","ast-banner-title-visibility":"","ast-main-header-display":"","ast-hfb-above-header-display":"","ast-hfb-below-header-display":"","ast-hfb-mobile-header-display":"","site-post-title":"","ast-breadcrumbs-content":"","ast-featured-img":"","footer-sml-layout":"","ast-disable-related-posts":"","theme-transparent-header-meta":"default","adv-header-id-meta":"","stick-header-meta":"","header-above-stick-meta":"","header-main-stick-meta":"","header-below-stick-meta":"","astra-migrate-meta-layouts":"default","ast-page-background-enabled":"default","ast-page-background-meta":{"desktop":{"background-color":"","background-image":"","background-repeat":"repeat","background-position":"center center","background-size":"auto","background-attachment":"scroll","background-type":"","background-media":"","overlay-type":"","overlay-color":"","overlay-opacity":"","overlay-gradient":""},"tablet":{"background-color":"","background-image":"","background-repeat":"repeat","background-position":"center center","background-size":"auto","background-attachment":"scroll","background-type":"","background-media":"","overlay-type":"","overlay-color":"","overlay-opacity":"","overlay-gradient":""},"mobile":{"background-color":"","background-image":"","background-repeat":"repeat","background-position":"center center","background-size":"auto","background-attachment":"scroll","background-type":"","background-media":"","overlay-type":"","overlay-color":"","overlay-opacity":"","overlay-gradient":""}},"ast-content-background-meta":{"desktop":{"background-color":"var(--ast-global-color-5)","background-image":"","background-repeat":"repeat","background-position":"center center","background-size":"auto","background-attachment":"scroll","background-type":"","background-media":"","overlay-type":"","overlay-color":"","overlay-opacity":"","overlay-gradient":""},"tablet":{"background-color":"var(--ast-global-color-5)","background-image":"","background-repeat":"repeat","background-position":"center center","background-size":"auto","background-attachment":"scroll","background-type":"","background-media":"","overlay-type":"","overlay-color":"","overlay-opacity":"","overlay-gradient":""},"mobile":{"background-color":"var(--ast-global-color-5)","background-image":"","background-repeat":"repeat","background-position":"center center","background-size":"auto","background-attachment":"scroll","background-type":"","background-media":"","overlay-type":"","overlay-color":"","overlay-opacity":"","overlay-gradient":""}}},"product_brand":[],"product_cat":[160],"product_tag":[128],"class_list":{"0":"post-11225","1":"product","2":"type-product","3":"status-publish","4":"has-post-thumbnail","6":"product_cat-postals","7":"product_tag-multistudiobooks-ca","8":"desktop-align-left","9":"tablet-align-left","10":"mobile-align-left","12":"first","13":"instock","14":"shipping-taxable","15":"purchasable","16":"product-type-simple"},"acf":[],"yoast_head":"<!-- This site is optimized with the Yoast SEO plugin v27.1.1 - https:\/\/yoast.com\/product\/yoast-seo-wordpress\/ -->\n<title>12 PRINTS BORJA BALLB\u00c9 #BACK ROADS - ArtsLibris<\/title>\n<meta name=\"description\" content=\"Botiga-Arts-Libris-12-prints-borja-ballv\u00e9-multistudio-books\" \/>\n<meta name=\"robots\" content=\"index, follow, max-snippet:-1, max-image-preview:large, max-video-preview:-1\" \/>\n<link rel=\"canonical\" href=\"https:\/\/artslibris.cat\/ca\/tienda\/postals\/12-prints-borja-ballbe-back-roads\/\" \/>\n<meta property=\"og:locale\" content=\"ca_ES\" \/>\n<meta property=\"og:type\" content=\"article\" \/>\n<meta property=\"og:title\" content=\"12 PRINTS BORJA BALLB\u00c9 #BACK ROADS - ArtsLibris\" \/>\n<meta property=\"og:description\" content=\"Botiga-Arts-Libris-12-prints-borja-ballv\u00e9-multistudio-books\" \/>\n<meta property=\"og:url\" content=\"https:\/\/artslibris.cat\/ca\/tienda\/postals\/12-prints-borja-ballbe-back-roads\/\" \/>\n<meta property=\"og:site_name\" content=\"ArtsLibris\" \/>\n<meta property=\"article:publisher\" content=\"https:\/\/www.facebook.com\/artslibris\/\" \/>\n<meta property=\"og:image\" content=\"https:\/\/artslibris.cat\/wp-content\/uploads\/2021\/05\/borjaBallbe.jpg\" \/>\n\t<meta property=\"og:image:width\" content=\"853\" \/>\n\t<meta property=\"og:image:height\" content=\"1189\" \/>\n\t<meta property=\"og:image:type\" content=\"image\/jpeg\" \/>\n<meta name=\"twitter:card\" content=\"summary_large_image\" \/>\n<meta name=\"twitter:site\" content=\"@ArtsLibris\" \/>\n<script type=\"application\/ld+json\" class=\"yoast-schema-graph\">{\"@context\":\"https:\/\/schema.org\",\"@graph\":[{\"@type\":\"WebPage\",\"@id\":\"https:\/\/artslibris.cat\/ca\/tienda\/postals\/12-prints-borja-ballbe-back-roads\/\",\"url\":\"https:\/\/artslibris.cat\/ca\/tienda\/postals\/12-prints-borja-ballbe-back-roads\/\",\"name\":\"12 PRINTS BORJA BALLB\u00c9 #BACK ROADS - ArtsLibris\",\"isPartOf\":{\"@id\":\"https:\/\/artslibris.cat\/ca\/#website\"},\"primaryImageOfPage\":{\"@id\":\"https:\/\/artslibris.cat\/ca\/tienda\/postals\/12-prints-borja-ballbe-back-roads\/#primaryimage\"},\"image\":{\"@id\":\"https:\/\/artslibris.cat\/ca\/tienda\/postals\/12-prints-borja-ballbe-back-roads\/#primaryimage\"},\"thumbnailUrl\":\"https:\/\/artslibris.cat\/wp-content\/uploads\/2021\/05\/borjaBallbe.jpg\",\"datePublished\":\"2021-05-21T17:09:08+00:00\",\"description\":\"Botiga-Arts-Libris-12-prints-borja-ballv\u00e9-multistudio-books\",\"breadcrumb\":{\"@id\":\"https:\/\/artslibris.cat\/ca\/tienda\/postals\/12-prints-borja-ballbe-back-roads\/#breadcrumb\"},\"inLanguage\":\"ca\",\"potentialAction\":[{\"@type\":\"ReadAction\",\"target\":[\"https:\/\/artslibris.cat\/ca\/tienda\/postals\/12-prints-borja-ballbe-back-roads\/\"]}]},{\"@type\":\"ImageObject\",\"inLanguage\":\"ca\",\"@id\":\"https:\/\/artslibris.cat\/ca\/tienda\/postals\/12-prints-borja-ballbe-back-roads\/#primaryimage\",\"url\":\"https:\/\/artslibris.cat\/wp-content\/uploads\/2021\/05\/borjaBallbe.jpg\",\"contentUrl\":\"https:\/\/artslibris.cat\/wp-content\/uploads\/2021\/05\/borjaBallbe.jpg\",\"width\":853,\"height\":1189},{\"@type\":\"BreadcrumbList\",\"@id\":\"https:\/\/artslibris.cat\/ca\/tienda\/postals\/12-prints-borja-ballbe-back-roads\/#breadcrumb\",\"itemListElement\":[{\"@type\":\"ListItem\",\"position\":1,\"name\":\"Portada\",\"item\":\"https:\/\/artslibris.cat\/ca\/\"},{\"@type\":\"ListItem\",\"position\":2,\"name\":\"Tenda\",\"item\":\"https:\/\/artslibris.cat\/ca\/tenda\/\"},{\"@type\":\"ListItem\",\"position\":3,\"name\":\"12 PRINTS BORJA BALLB\u00c9 #BACK ROADS\"}]},{\"@type\":\"WebSite\",\"@id\":\"https:\/\/artslibris.cat\/ca\/#website\",\"url\":\"https:\/\/artslibris.cat\/ca\/\",\"name\":\"ArtsLibris\",\"description\":\"\",\"publisher\":{\"@id\":\"https:\/\/artslibris.cat\/ca\/#organization\"},\"potentialAction\":[{\"@type\":\"SearchAction\",\"target\":{\"@type\":\"EntryPoint\",\"urlTemplate\":\"https:\/\/artslibris.cat\/ca\/?s={search_term_string}\"},\"query-input\":{\"@type\":\"PropertyValueSpecification\",\"valueRequired\":true,\"valueName\":\"search_term_string\"}}],\"inLanguage\":\"ca\"},{\"@type\":\"Organization\",\"@id\":\"https:\/\/artslibris.cat\/ca\/#organization\",\"name\":\"ArtsLibris\",\"url\":\"https:\/\/artslibris.cat\/ca\/\",\"logo\":{\"@type\":\"ImageObject\",\"inLanguage\":\"ca\",\"@id\":\"https:\/\/artslibris.cat\/ca\/#\/schema\/logo\/image\/\",\"url\":\"https:\/\/artslibris.cat\/wp-content\/uploads\/2020\/05\/ArtsLibris-logo-black.svg\",\"contentUrl\":\"https:\/\/artslibris.cat\/wp-content\/uploads\/2020\/05\/ArtsLibris-logo-black.svg\",\"width\":521,\"height\":85,\"caption\":\"ArtsLibris\"},\"image\":{\"@id\":\"https:\/\/artslibris.cat\/ca\/#\/schema\/logo\/image\/\"},\"sameAs\":[\"https:\/\/www.facebook.com\/artslibris\/\",\"https:\/\/x.com\/ArtsLibris\",\"https:\/\/www.instagram.com\/artslibris\/\"]}]}<\/script>\n<!-- \/ Yoast SEO plugin. -->","yoast_head_json":{"title":"12 PRINTS BORJA BALLB\u00c9 #BACK ROADS - ArtsLibris","description":"Botiga-Arts-Libris-12-prints-borja-ballv\u00e9-multistudio-books","robots":{"index":"index","follow":"follow","max-snippet":"max-snippet:-1","max-image-preview":"max-image-preview:large","max-video-preview":"max-video-preview:-1"},"canonical":"https:\/\/artslibris.cat\/ca\/tienda\/postals\/12-prints-borja-ballbe-back-roads\/","og_locale":"ca_ES","og_type":"article","og_title":"12 PRINTS BORJA BALLB\u00c9 #BACK ROADS - ArtsLibris","og_description":"Botiga-Arts-Libris-12-prints-borja-ballv\u00e9-multistudio-books","og_url":"https:\/\/artslibris.cat\/ca\/tienda\/postals\/12-prints-borja-ballbe-back-roads\/","og_site_name":"ArtsLibris","article_publisher":"https:\/\/www.facebook.com\/artslibris\/","og_image":[{"width":853,"height":1189,"url":"https:\/\/artslibris.cat\/wp-content\/uploads\/2021\/05\/borjaBallbe.jpg","type":"image\/jpeg"}],"twitter_card":"summary_large_image","twitter_site":"@ArtsLibris","schema":{"@context":"https:\/\/schema.org","@graph":[{"@type":"WebPage","@id":"https:\/\/artslibris.cat\/ca\/tienda\/postals\/12-prints-borja-ballbe-back-roads\/","url":"https:\/\/artslibris.cat\/ca\/tienda\/postals\/12-prints-borja-ballbe-back-roads\/","name":"12 PRINTS BORJA BALLB\u00c9 #BACK ROADS - ArtsLibris","isPartOf":{"@id":"https:\/\/artslibris.cat\/ca\/#website"},"primaryImageOfPage":{"@id":"https:\/\/artslibris.cat\/ca\/tienda\/postals\/12-prints-borja-ballbe-back-roads\/#primaryimage"},"image":{"@id":"https:\/\/artslibris.cat\/ca\/tienda\/postals\/12-prints-borja-ballbe-back-roads\/#primaryimage"},"thumbnailUrl":"https:\/\/artslibris.cat\/wp-content\/uploads\/2021\/05\/borjaBallbe.jpg","datePublished":"2021-05-21T17:09:08+00:00","description":"Botiga-Arts-Libris-12-prints-borja-ballv\u00e9-multistudio-books","breadcrumb":{"@id":"https:\/\/artslibris.cat\/ca\/tienda\/postals\/12-prints-borja-ballbe-back-roads\/#breadcrumb"},"inLanguage":"ca","potentialAction":[{"@type":"ReadAction","target":["https:\/\/artslibris.cat\/ca\/tienda\/postals\/12-prints-borja-ballbe-back-roads\/"]}]},{"@type":"ImageObject","inLanguage":"ca","@id":"https:\/\/artslibris.cat\/ca\/tienda\/postals\/12-prints-borja-ballbe-back-roads\/#primaryimage","url":"https:\/\/artslibris.cat\/wp-content\/uploads\/2021\/05\/borjaBallbe.jpg","contentUrl":"https:\/\/artslibris.cat\/wp-content\/uploads\/2021\/05\/borjaBallbe.jpg","width":853,"height":1189},{"@type":"BreadcrumbList","@id":"https:\/\/artslibris.cat\/ca\/tienda\/postals\/12-prints-borja-ballbe-back-roads\/#breadcrumb","itemListElement":[{"@type":"ListItem","position":1,"name":"Portada","item":"https:\/\/artslibris.cat\/ca\/"},{"@type":"ListItem","position":2,"name":"Tenda","item":"https:\/\/artslibris.cat\/ca\/tenda\/"},{"@type":"ListItem","position":3,"name":"12 PRINTS BORJA BALLB\u00c9 #BACK ROADS"}]},{"@type":"WebSite","@id":"https:\/\/artslibris.cat\/ca\/#website","url":"https:\/\/artslibris.cat\/ca\/","name":"ArtsLibris","description":"","publisher":{"@id":"https:\/\/artslibris.cat\/ca\/#organization"},"potentialAction":[{"@type":"SearchAction","target":{"@type":"EntryPoint","urlTemplate":"https:\/\/artslibris.cat\/ca\/?s={search_term_string}"},"query-input":{"@type":"PropertyValueSpecification","valueRequired":true,"valueName":"search_term_string"}}],"inLanguage":"ca"},{"@type":"Organization","@id":"https:\/\/artslibris.cat\/ca\/#organization","name":"ArtsLibris","url":"https:\/\/artslibris.cat\/ca\/","logo":{"@type":"ImageObject","inLanguage":"ca","@id":"https:\/\/artslibris.cat\/ca\/#\/schema\/logo\/image\/","url":"https:\/\/artslibris.cat\/wp-content\/uploads\/2020\/05\/ArtsLibris-logo-black.svg","contentUrl":"https:\/\/artslibris.cat\/wp-content\/uploads\/2020\/05\/ArtsLibris-logo-black.svg","width":521,"height":85,"caption":"ArtsLibris"},"image":{"@id":"https:\/\/artslibris.cat\/ca\/#\/schema\/logo\/image\/"},"sameAs":["https:\/\/www.facebook.com\/artslibris\/","https:\/\/x.com\/ArtsLibris","https:\/\/www.instagram.com\/artslibris\/"]}]}},"_links":{"self":[{"href":"https:\/\/artslibris.cat\/ca\/wp-json\/wp\/v2\/product\/11225","targetHints":{"allow":["GET"]}}],"collection":[{"href":"https:\/\/artslibris.cat\/ca\/wp-json\/wp\/v2\/product"}],"about":[{"href":"https:\/\/artslibris.cat\/ca\/wp-json\/wp\/v2\/types\/product"}],"wp:featuredmedia":[{"embeddable":true,"href":"https:\/\/artslibris.cat\/ca\/wp-json\/wp\/v2\/media\/11210"}],"wp:attachment":[{"href":"https:\/\/artslibris.cat\/ca\/wp-json\/wp\/v2\/media?parent=11225"}],"wp:term":[{"taxonomy":"product_brand","embeddable":true,"href":"https:\/\/artslibris.cat\/ca\/wp-json\/wp\/v2\/product_brand?post=11225"},{"taxonomy":"product_cat","embeddable":true,"href":"https:\/\/artslibris.cat\/ca\/wp-json\/wp\/v2\/product_cat?post=11225"},{"taxonomy":"product_tag","embeddable":true,"href":"https:\/\/artslibris.cat\/ca\/wp-json\/wp\/v2\/product_tag?post=11225"}],"curies":[{"name":"wp","href":"https:\/\/api.w.org\/{rel}","templated":true}]}}