{"id":11136,"date":"2021-05-20T17:54:12","date_gmt":"2021-05-20T17:54:12","guid":{"rendered":"https:\/\/artslibris.cat\/tienda\/Sense categoria\/visto-y-no-visto\/"},"modified":"2021-05-20T17:54:12","modified_gmt":"2021-05-20T17:54:12","slug":"visto-y-no-visto","status":"publish","type":"product","link":"https:\/\/artslibris.cat\/ca\/tienda\/teoria-del-arte-ca\/visto-y-no-visto\/","title":{"rendered":"Visto y no visto"},"content":{"rendered":"<p>Jos\u00e9 Miguel Ull\u00e1n (Villarino dels Aires, Salamanca, 1944 &#8211; Madrid, 2009), poeta, escriptor, periodista, artista pl\u00e0stic&#8230;, va constituir una singular i exigent refer\u00e8ncia per a la poesia, l&#8217;art i la cultura espanyola al llarg de mig segle, des dels anys seixanta fins a la primera d\u00e8cada del segle XXI. Vertebrat per la seva obra po\u00e8tica, el seu treball va generar tamb\u00e9 una intensa activitat vinculada a les arts pl\u00e0stiques, i es va projectar en el camp del periodisme cultural, per al desenvolupament del qual des de l&#8217;\u00e8poca de la Transici\u00f3 va ser determinant.<\/p>\n<p>Aquesta publicaci\u00f3 \u00e9s el cat\u00e0leg de l&#8217;exposici\u00f3 \u00abVisto y no visto. Texto y gesto en Jos\u00e9-Miguel Ull\u00e1n\u00bb (MUSAC de Lle\u00f3, 20 de mar\u00e7 al 27 de setembre de 2021), mostra comissariada per Rosa Ben\u00e9itez i Miguel Casado que ofereix fonamentalment obres, llibres i documents de l&#8217;Arxiu Jos\u00e9-Miguel Ull\u00e1n, integrat dins dels fons de l&#8217;Arxiu Lafuente.<\/p>\n","protected":false},"excerpt":{"rendered":"<p>T\u00edtol: Visto y no visto: Texto y gesto de Jos\u00e9-Miguel-Ull\u00e1n<br \/>\nAutor: Varis autors<br \/>\nEditorial: La Bah\u00eda<br \/>\nMesures: 23,5 x 17,5 cm<br \/>\n415 p\u00e0gines<br \/>\nISBN: 9788412020380<\/p>\n","protected":false},"featured_media":11130,"template":"","meta":{"_acf_changed":false,"site-sidebar-layout":"default","site-content-layout":"default","ast-site-content-layout":"default","site-content-style":"default","site-sidebar-style":"default","ast-global-header-display":"","ast-banner-title-visibility":"","ast-main-header-display":"","ast-hfb-above-header-display":"","ast-hfb-below-header-display":"","ast-hfb-mobile-header-display":"","site-post-title":"","ast-breadcrumbs-content":"","ast-featured-img":"","footer-sml-layout":"","ast-disable-related-posts":"","theme-transparent-header-meta":"default","adv-header-id-meta":"","stick-header-meta":"","header-above-stick-meta":"","header-main-stick-meta":"","header-below-stick-meta":"","astra-migrate-meta-layouts":"default","ast-page-background-enabled":"default","ast-page-background-meta":{"desktop":{"background-color":"","background-image":"","background-repeat":"repeat","background-position":"center center","background-size":"auto","background-attachment":"scroll","background-type":"","background-media":"","overlay-type":"","overlay-color":"","overlay-opacity":"","overlay-gradient":""},"tablet":{"background-color":"","background-image":"","background-repeat":"repeat","background-position":"center center","background-size":"auto","background-attachment":"scroll","background-type":"","background-media":"","overlay-type":"","overlay-color":"","overlay-opacity":"","overlay-gradient":""},"mobile":{"background-color":"","background-image":"","background-repeat":"repeat","background-position":"center center","background-size":"auto","background-attachment":"scroll","background-type":"","background-media":"","overlay-type":"","overlay-color":"","overlay-opacity":"","overlay-gradient":""}},"ast-content-background-meta":{"desktop":{"background-color":"var(--ast-global-color-5)","background-image":"","background-repeat":"repeat","background-position":"center center","background-size":"auto","background-attachment":"scroll","background-type":"","background-media":"","overlay-type":"","overlay-color":"","overlay-opacity":"","overlay-gradient":""},"tablet":{"background-color":"var(--ast-global-color-5)","background-image":"","background-repeat":"repeat","background-position":"center center","background-size":"auto","background-attachment":"scroll","background-type":"","background-media":"","overlay-type":"","overlay-color":"","overlay-opacity":"","overlay-gradient":""},"mobile":{"background-color":"var(--ast-global-color-5)","background-image":"","background-repeat":"repeat","background-position":"center center","background-size":"auto","background-attachment":"scroll","background-type":"","background-media":"","overlay-type":"","overlay-color":"","overlay-opacity":"","overlay-gradient":""}}},"product_brand":[],"product_cat":[85],"product_tag":[276],"class_list":{"0":"post-11136","1":"product","2":"type-product","3":"status-publish","4":"has-post-thumbnail","6":"product_cat-teoria-del-arte-ca","7":"product_tag-la-bahia-ca","8":"desktop-align-left","9":"tablet-align-left","10":"mobile-align-left","12":"first","13":"outofstock","14":"shipping-taxable","15":"purchasable","16":"product-type-simple"},"acf":[],"yoast_head":"<!-- This site is optimized with the Yoast SEO plugin v27.3 - https:\/\/yoast.com\/product\/yoast-seo-wordpress\/ -->\n<title>Visto y no visto - ArtsLibris<\/title>\n<meta name=\"description\" content=\"Botiga-Arts-Libris-Visto-y-no-visto-varios-artistas-La-Bah\u00eda\" \/>\n<meta name=\"robots\" content=\"index, follow, max-snippet:-1, max-image-preview:large, max-video-preview:-1\" \/>\n<link rel=\"canonical\" href=\"https:\/\/artslibris.cat\/ca\/tienda\/teoria-del-arte-ca\/visto-y-no-visto\/\" \/>\n<meta property=\"og:locale\" content=\"ca_ES\" \/>\n<meta property=\"og:type\" content=\"article\" \/>\n<meta property=\"og:title\" content=\"Visto y no visto - ArtsLibris\" \/>\n<meta property=\"og:description\" content=\"Botiga-Arts-Libris-Visto-y-no-visto-varios-artistas-La-Bah\u00eda\" \/>\n<meta property=\"og:url\" content=\"https:\/\/artslibris.cat\/ca\/tienda\/teoria-del-arte-ca\/visto-y-no-visto\/\" \/>\n<meta property=\"og:site_name\" content=\"ArtsLibris\" \/>\n<meta property=\"article:publisher\" content=\"https:\/\/www.facebook.com\/artslibris\/\" \/>\n<meta property=\"og:image\" content=\"https:\/\/artslibris.cat\/wp-content\/uploads\/2021\/05\/Arts-Libris-Visto-y-no-visto-jose\u0301-manuel-ulllia\u0301n-La-Bahi\u0301a-01.jpeg\" \/>\n\t<meta property=\"og:image:width\" content=\"493\" \/>\n\t<meta property=\"og:image:height\" content=\"613\" \/>\n\t<meta property=\"og:image:type\" content=\"image\/jpeg\" \/>\n<meta name=\"twitter:card\" content=\"summary_large_image\" \/>\n<meta name=\"twitter:site\" content=\"@ArtsLibris\" \/>\n<meta name=\"twitter:label1\" content=\"Temps estimat de lectura\" \/>\n\t<meta name=\"twitter:data1\" content=\"1 minut\" \/>\n<script type=\"application\/ld+json\" class=\"yoast-schema-graph\">{\"@context\":\"https:\\\/\\\/schema.org\",\"@graph\":[{\"@type\":\"WebPage\",\"@id\":\"https:\\\/\\\/artslibris.cat\\\/ca\\\/tienda\\\/teoria-del-arte-ca\\\/visto-y-no-visto\\\/\",\"url\":\"https:\\\/\\\/artslibris.cat\\\/ca\\\/tienda\\\/teoria-del-arte-ca\\\/visto-y-no-visto\\\/\",\"name\":\"Visto y no visto - ArtsLibris\",\"isPartOf\":{\"@id\":\"https:\\\/\\\/artslibris.cat\\\/ca\\\/#website\"},\"primaryImageOfPage\":{\"@id\":\"https:\\\/\\\/artslibris.cat\\\/ca\\\/tienda\\\/teoria-del-arte-ca\\\/visto-y-no-visto\\\/#primaryimage\"},\"image\":{\"@id\":\"https:\\\/\\\/artslibris.cat\\\/ca\\\/tienda\\\/teoria-del-arte-ca\\\/visto-y-no-visto\\\/#primaryimage\"},\"thumbnailUrl\":\"https:\\\/\\\/artslibris.cat\\\/wp-content\\\/uploads\\\/2021\\\/05\\\/Arts-Libris-Visto-y-no-visto-jose\u0301-manuel-ulllia\u0301n-La-Bahi\u0301a-01.jpeg\",\"datePublished\":\"2021-05-20T17:54:12+00:00\",\"description\":\"Botiga-Arts-Libris-Visto-y-no-visto-varios-artistas-La-Bah\u00eda\",\"breadcrumb\":{\"@id\":\"https:\\\/\\\/artslibris.cat\\\/ca\\\/tienda\\\/teoria-del-arte-ca\\\/visto-y-no-visto\\\/#breadcrumb\"},\"inLanguage\":\"ca\",\"potentialAction\":[{\"@type\":\"ReadAction\",\"target\":[\"https:\\\/\\\/artslibris.cat\\\/ca\\\/tienda\\\/teoria-del-arte-ca\\\/visto-y-no-visto\\\/\"]}]},{\"@type\":\"ImageObject\",\"inLanguage\":\"ca\",\"@id\":\"https:\\\/\\\/artslibris.cat\\\/ca\\\/tienda\\\/teoria-del-arte-ca\\\/visto-y-no-visto\\\/#primaryimage\",\"url\":\"https:\\\/\\\/artslibris.cat\\\/wp-content\\\/uploads\\\/2021\\\/05\\\/Arts-Libris-Visto-y-no-visto-jose\u0301-manuel-ulllia\u0301n-La-Bahi\u0301a-01.jpeg\",\"contentUrl\":\"https:\\\/\\\/artslibris.cat\\\/wp-content\\\/uploads\\\/2021\\\/05\\\/Arts-Libris-Visto-y-no-visto-jose\u0301-manuel-ulllia\u0301n-La-Bahi\u0301a-01.jpeg\",\"width\":493,\"height\":613},{\"@type\":\"BreadcrumbList\",\"@id\":\"https:\\\/\\\/artslibris.cat\\\/ca\\\/tienda\\\/teoria-del-arte-ca\\\/visto-y-no-visto\\\/#breadcrumb\",\"itemListElement\":[{\"@type\":\"ListItem\",\"position\":1,\"name\":\"Portada\",\"item\":\"https:\\\/\\\/artslibris.cat\\\/ca\\\/\"},{\"@type\":\"ListItem\",\"position\":2,\"name\":\"Tenda\",\"item\":\"https:\\\/\\\/artslibris.cat\\\/ca\\\/tenda\\\/\"},{\"@type\":\"ListItem\",\"position\":3,\"name\":\"Visto y no visto\"}]},{\"@type\":\"WebSite\",\"@id\":\"https:\\\/\\\/artslibris.cat\\\/ca\\\/#website\",\"url\":\"https:\\\/\\\/artslibris.cat\\\/ca\\\/\",\"name\":\"ArtsLibris\",\"description\":\"\",\"publisher\":{\"@id\":\"https:\\\/\\\/artslibris.cat\\\/ca\\\/#organization\"},\"potentialAction\":[{\"@type\":\"SearchAction\",\"target\":{\"@type\":\"EntryPoint\",\"urlTemplate\":\"https:\\\/\\\/artslibris.cat\\\/ca\\\/?s={search_term_string}\"},\"query-input\":{\"@type\":\"PropertyValueSpecification\",\"valueRequired\":true,\"valueName\":\"search_term_string\"}}],\"inLanguage\":\"ca\"},{\"@type\":\"Organization\",\"@id\":\"https:\\\/\\\/artslibris.cat\\\/ca\\\/#organization\",\"name\":\"ArtsLibris\",\"url\":\"https:\\\/\\\/artslibris.cat\\\/ca\\\/\",\"logo\":{\"@type\":\"ImageObject\",\"inLanguage\":\"ca\",\"@id\":\"https:\\\/\\\/artslibris.cat\\\/ca\\\/#\\\/schema\\\/logo\\\/image\\\/\",\"url\":\"https:\\\/\\\/artslibris.cat\\\/wp-content\\\/uploads\\\/2020\\\/05\\\/ArtsLibris-logo-black.svg\",\"contentUrl\":\"https:\\\/\\\/artslibris.cat\\\/wp-content\\\/uploads\\\/2020\\\/05\\\/ArtsLibris-logo-black.svg\",\"width\":521,\"height\":85,\"caption\":\"ArtsLibris\"},\"image\":{\"@id\":\"https:\\\/\\\/artslibris.cat\\\/ca\\\/#\\\/schema\\\/logo\\\/image\\\/\"},\"sameAs\":[\"https:\\\/\\\/www.facebook.com\\\/artslibris\\\/\",\"https:\\\/\\\/x.com\\\/ArtsLibris\",\"https:\\\/\\\/www.instagram.com\\\/artslibris\\\/\"]}]}<\/script>\n<!-- \/ Yoast SEO plugin. -->","yoast_head_json":{"title":"Visto y no visto - ArtsLibris","description":"Botiga-Arts-Libris-Visto-y-no-visto-varios-artistas-La-Bah\u00eda","robots":{"index":"index","follow":"follow","max-snippet":"max-snippet:-1","max-image-preview":"max-image-preview:large","max-video-preview":"max-video-preview:-1"},"canonical":"https:\/\/artslibris.cat\/ca\/tienda\/teoria-del-arte-ca\/visto-y-no-visto\/","og_locale":"ca_ES","og_type":"article","og_title":"Visto y no visto - ArtsLibris","og_description":"Botiga-Arts-Libris-Visto-y-no-visto-varios-artistas-La-Bah\u00eda","og_url":"https:\/\/artslibris.cat\/ca\/tienda\/teoria-del-arte-ca\/visto-y-no-visto\/","og_site_name":"ArtsLibris","article_publisher":"https:\/\/www.facebook.com\/artslibris\/","og_image":[{"width":493,"height":613,"url":"https:\/\/artslibris.cat\/wp-content\/uploads\/2021\/05\/Arts-Libris-Visto-y-no-visto-jose\u0301-manuel-ulllia\u0301n-La-Bahi\u0301a-01.jpeg","type":"image\/jpeg"}],"twitter_card":"summary_large_image","twitter_site":"@ArtsLibris","twitter_misc":{"Temps estimat de lectura":"1 minut"},"schema":{"@context":"https:\/\/schema.org","@graph":[{"@type":"WebPage","@id":"https:\/\/artslibris.cat\/ca\/tienda\/teoria-del-arte-ca\/visto-y-no-visto\/","url":"https:\/\/artslibris.cat\/ca\/tienda\/teoria-del-arte-ca\/visto-y-no-visto\/","name":"Visto y no visto - ArtsLibris","isPartOf":{"@id":"https:\/\/artslibris.cat\/ca\/#website"},"primaryImageOfPage":{"@id":"https:\/\/artslibris.cat\/ca\/tienda\/teoria-del-arte-ca\/visto-y-no-visto\/#primaryimage"},"image":{"@id":"https:\/\/artslibris.cat\/ca\/tienda\/teoria-del-arte-ca\/visto-y-no-visto\/#primaryimage"},"thumbnailUrl":"https:\/\/artslibris.cat\/wp-content\/uploads\/2021\/05\/Arts-Libris-Visto-y-no-visto-jose\u0301-manuel-ulllia\u0301n-La-Bahi\u0301a-01.jpeg","datePublished":"2021-05-20T17:54:12+00:00","description":"Botiga-Arts-Libris-Visto-y-no-visto-varios-artistas-La-Bah\u00eda","breadcrumb":{"@id":"https:\/\/artslibris.cat\/ca\/tienda\/teoria-del-arte-ca\/visto-y-no-visto\/#breadcrumb"},"inLanguage":"ca","potentialAction":[{"@type":"ReadAction","target":["https:\/\/artslibris.cat\/ca\/tienda\/teoria-del-arte-ca\/visto-y-no-visto\/"]}]},{"@type":"ImageObject","inLanguage":"ca","@id":"https:\/\/artslibris.cat\/ca\/tienda\/teoria-del-arte-ca\/visto-y-no-visto\/#primaryimage","url":"https:\/\/artslibris.cat\/wp-content\/uploads\/2021\/05\/Arts-Libris-Visto-y-no-visto-jose\u0301-manuel-ulllia\u0301n-La-Bahi\u0301a-01.jpeg","contentUrl":"https:\/\/artslibris.cat\/wp-content\/uploads\/2021\/05\/Arts-Libris-Visto-y-no-visto-jose\u0301-manuel-ulllia\u0301n-La-Bahi\u0301a-01.jpeg","width":493,"height":613},{"@type":"BreadcrumbList","@id":"https:\/\/artslibris.cat\/ca\/tienda\/teoria-del-arte-ca\/visto-y-no-visto\/#breadcrumb","itemListElement":[{"@type":"ListItem","position":1,"name":"Portada","item":"https:\/\/artslibris.cat\/ca\/"},{"@type":"ListItem","position":2,"name":"Tenda","item":"https:\/\/artslibris.cat\/ca\/tenda\/"},{"@type":"ListItem","position":3,"name":"Visto y no visto"}]},{"@type":"WebSite","@id":"https:\/\/artslibris.cat\/ca\/#website","url":"https:\/\/artslibris.cat\/ca\/","name":"ArtsLibris","description":"","publisher":{"@id":"https:\/\/artslibris.cat\/ca\/#organization"},"potentialAction":[{"@type":"SearchAction","target":{"@type":"EntryPoint","urlTemplate":"https:\/\/artslibris.cat\/ca\/?s={search_term_string}"},"query-input":{"@type":"PropertyValueSpecification","valueRequired":true,"valueName":"search_term_string"}}],"inLanguage":"ca"},{"@type":"Organization","@id":"https:\/\/artslibris.cat\/ca\/#organization","name":"ArtsLibris","url":"https:\/\/artslibris.cat\/ca\/","logo":{"@type":"ImageObject","inLanguage":"ca","@id":"https:\/\/artslibris.cat\/ca\/#\/schema\/logo\/image\/","url":"https:\/\/artslibris.cat\/wp-content\/uploads\/2020\/05\/ArtsLibris-logo-black.svg","contentUrl":"https:\/\/artslibris.cat\/wp-content\/uploads\/2020\/05\/ArtsLibris-logo-black.svg","width":521,"height":85,"caption":"ArtsLibris"},"image":{"@id":"https:\/\/artslibris.cat\/ca\/#\/schema\/logo\/image\/"},"sameAs":["https:\/\/www.facebook.com\/artslibris\/","https:\/\/x.com\/ArtsLibris","https:\/\/www.instagram.com\/artslibris\/"]}]}},"_links":{"self":[{"href":"https:\/\/artslibris.cat\/ca\/wp-json\/wp\/v2\/product\/11136","targetHints":{"allow":["GET"]}}],"collection":[{"href":"https:\/\/artslibris.cat\/ca\/wp-json\/wp\/v2\/product"}],"about":[{"href":"https:\/\/artslibris.cat\/ca\/wp-json\/wp\/v2\/types\/product"}],"wp:featuredmedia":[{"embeddable":true,"href":"https:\/\/artslibris.cat\/ca\/wp-json\/wp\/v2\/media\/11130"}],"wp:attachment":[{"href":"https:\/\/artslibris.cat\/ca\/wp-json\/wp\/v2\/media?parent=11136"}],"wp:term":[{"taxonomy":"product_brand","embeddable":true,"href":"https:\/\/artslibris.cat\/ca\/wp-json\/wp\/v2\/product_brand?post=11136"},{"taxonomy":"product_cat","embeddable":true,"href":"https:\/\/artslibris.cat\/ca\/wp-json\/wp\/v2\/product_cat?post=11136"},{"taxonomy":"product_tag","embeddable":true,"href":"https:\/\/artslibris.cat\/ca\/wp-json\/wp\/v2\/product_tag?post=11136"}],"curies":[{"name":"wp","href":"https:\/\/api.w.org\/{rel}","templated":true}]}}