{"id":10455,"date":"2021-05-05T17:46:20","date_gmt":"2021-05-05T17:46:20","guid":{"rendered":"https:\/\/artslibris.cat\/tienda\/Sense categoria\/cartographie-ephemere\/"},"modified":"2021-05-05T17:46:20","modified_gmt":"2021-05-05T17:46:20","slug":"cartographie-ephemere","status":"publish","type":"product","link":"https:\/\/artslibris.cat\/ca\/tienda\/fotolibro-ca\/cartographie-ephemere\/","title":{"rendered":"Cartographie Ephemere"},"content":{"rendered":"<div class=\"traductor-textarea form-group\">\n<div class=\"textarea-desti col-xs-12 col-sm-6\">\n<div class=\"form-control second-textarea\">El\u00a0Bois\u00a0de\u00a0Vincennes\u00a0es configura com el major espai verd de la ciutat de Par\u00eds. En 1852, Napole\u00f3 ho transforma en parc i canvia l&#8217;aspecte del bosc situat en la zona aquest de la capital francesa. La vegetaci\u00f3 predominant d&#8217;arbres s&#8217;al\u00e7a en aquest lloc al voltant de la ciutat, situant aquests enormes complexos arboris al llarg de tota la zona aquest del Districte XII. En 1934, en el mateix cor del parc s&#8217;aixeca\u00a0Le\u00a0Grand Rocher, un penyal artificial i buit de 65 metres d&#8217;altura, que es va crear per a una de les tantes mostres internacionals que tractaven de mostrar la riquesa cultural de l&#8217;imperi colonial Franc\u00e9s. La peculiaritat de la roca \u00e9s acollir el seu infinit interior inexplorat, un territori que l&#8217;home no pot trepitjar. En aquest projecte, El\u00a0Bois\u00a0de\u00a0Vincennes\u00a0i\u00a0Le\u00a0Grand Rocher dialoguen fins a trobar-se en un mateix espai f\u00edsic, l&#8217;objectiu del qual \u00e9s establir una reflexi\u00f3 visual que mostri com el pas del temps pot construir una cartografia ef\u00edmera, de car\u00e0cter alterable, ja que la naturalesa \u00e9s, per se, canviant. L&#8217;objectiu de fer un treball de documentaci\u00f3 que registri la mem\u00f2ria d&#8217;aquest lloc, d\u00f3na com a resultat un retrat alhora heterogeni per\u00f2\u00a0cont\u00ednuo\u00a0del bosc, que al mateix temps inclou una introspecci\u00f3 de m\u00faltiples capes sobre la mem\u00f2ria d&#8217;aquest.<br \/>\nTota aquesta recerca es troba registrada en el llibre Cartographie \u00c9ph\u00e9m\u00e8re, que s&#8217;acaba de publicar amb l&#8217;Editorial Edicions Possibles, despr\u00e9s de rebre la beca a la publicaci\u00f3 del Govern de Navarra i el centre d&#8217;art contemporani de Huarte.<\/div>\n<\/div>\n<\/div>\n","protected":false},"excerpt":{"rendered":"<p>T\u00edtol:\u00a0Cartographie\u00a0Ephemere.<br \/>\nEditorial: Ediciones Posibles<br \/>\nAutor:\u00a0Mendia\u00a0Echevarria<br \/>\nPublicaci\u00f3: Maig 2021<\/p>\n","protected":false},"featured_media":10436,"template":"","meta":{"_acf_changed":false,"site-sidebar-layout":"default","site-content-layout":"default","ast-site-content-layout":"default","site-content-style":"default","site-sidebar-style":"default","ast-global-header-display":"","ast-banner-title-visibility":"","ast-main-header-display":"","ast-hfb-above-header-display":"","ast-hfb-below-header-display":"","ast-hfb-mobile-header-display":"","site-post-title":"","ast-breadcrumbs-content":"","ast-featured-img":"","footer-sml-layout":"","ast-disable-related-posts":"","theme-transparent-header-meta":"default","adv-header-id-meta":"","stick-header-meta":"","header-above-stick-meta":"","header-main-stick-meta":"","header-below-stick-meta":"","astra-migrate-meta-layouts":"default","ast-page-background-enabled":"default","ast-page-background-meta":{"desktop":{"background-color":"","background-image":"","background-repeat":"repeat","background-position":"center center","background-size":"auto","background-attachment":"scroll","background-type":"","background-media":"","overlay-type":"","overlay-color":"","overlay-opacity":"","overlay-gradient":""},"tablet":{"background-color":"","background-image":"","background-repeat":"repeat","background-position":"center center","background-size":"auto","background-attachment":"scroll","background-type":"","background-media":"","overlay-type":"","overlay-color":"","overlay-opacity":"","overlay-gradient":""},"mobile":{"background-color":"","background-image":"","background-repeat":"repeat","background-position":"center center","background-size":"auto","background-attachment":"scroll","background-type":"","background-media":"","overlay-type":"","overlay-color":"","overlay-opacity":"","overlay-gradient":""}},"ast-content-background-meta":{"desktop":{"background-color":"var(--ast-global-color-5)","background-image":"","background-repeat":"repeat","background-position":"center center","background-size":"auto","background-attachment":"scroll","background-type":"","background-media":"","overlay-type":"","overlay-color":"","overlay-opacity":"","overlay-gradient":""},"tablet":{"background-color":"var(--ast-global-color-5)","background-image":"","background-repeat":"repeat","background-position":"center center","background-size":"auto","background-attachment":"scroll","background-type":"","background-media":"","overlay-type":"","overlay-color":"","overlay-opacity":"","overlay-gradient":""},"mobile":{"background-color":"var(--ast-global-color-5)","background-image":"","background-repeat":"repeat","background-position":"center center","background-size":"auto","background-attachment":"scroll","background-type":"","background-media":"","overlay-type":"","overlay-color":"","overlay-opacity":"","overlay-gradient":""}}},"product_brand":[],"product_cat":[88],"product_tag":[152],"class_list":{"0":"post-10455","1":"product","2":"type-product","3":"status-publish","4":"has-post-thumbnail","6":"product_cat-fotolibro-ca","7":"product_tag-ediciones-posibles-ca","8":"desktop-align-left","9":"tablet-align-left","10":"mobile-align-left","12":"first","13":"instock","14":"shipping-taxable","15":"purchasable","16":"product-type-simple"},"acf":[],"yoast_head":"<!-- This site is optimized with the Yoast SEO plugin v27.1.1 - https:\/\/yoast.com\/product\/yoast-seo-wordpress\/ -->\n<title>Cartographie Ephemere - ArtsLibris<\/title>\n<meta name=\"description\" content=\"Botiga_artsLibris_Cartographie_Ephemere_Ediciones_posibles\" \/>\n<meta name=\"robots\" content=\"index, follow, max-snippet:-1, max-image-preview:large, max-video-preview:-1\" \/>\n<link rel=\"canonical\" href=\"https:\/\/artslibris.cat\/ca\/tienda\/fotolibro-ca\/cartographie-ephemere\/\" \/>\n<meta property=\"og:locale\" content=\"ca_ES\" \/>\n<meta property=\"og:type\" content=\"article\" \/>\n<meta property=\"og:title\" content=\"Cartographie Ephemere - ArtsLibris\" \/>\n<meta property=\"og:description\" content=\"Botiga_artsLibris_Cartographie_Ephemere_Ediciones_posibles\" \/>\n<meta property=\"og:url\" content=\"https:\/\/artslibris.cat\/ca\/tienda\/fotolibro-ca\/cartographie-ephemere\/\" \/>\n<meta property=\"og:site_name\" content=\"ArtsLibris\" \/>\n<meta property=\"article:publisher\" content=\"https:\/\/www.facebook.com\/artslibris\/\" \/>\n<meta property=\"og:image\" content=\"https:\/\/artslibris.cat\/wp-content\/uploads\/2021\/05\/Tienda_ArtsLibris_cartographie_epheme_Ediciones_Posibles-1.jpeg\" \/>\n\t<meta property=\"og:image:width\" content=\"1080\" \/>\n\t<meta property=\"og:image:height\" content=\"864\" \/>\n\t<meta property=\"og:image:type\" content=\"image\/jpeg\" \/>\n<meta name=\"twitter:card\" content=\"summary_large_image\" \/>\n<meta name=\"twitter:site\" content=\"@ArtsLibris\" \/>\n<meta name=\"twitter:label1\" content=\"Temps estimat de lectura\" \/>\n\t<meta name=\"twitter:data1\" content=\"1 minut\" \/>\n<script type=\"application\/ld+json\" class=\"yoast-schema-graph\">{\"@context\":\"https:\/\/schema.org\",\"@graph\":[{\"@type\":\"WebPage\",\"@id\":\"https:\/\/artslibris.cat\/ca\/tienda\/fotolibro-ca\/cartographie-ephemere\/\",\"url\":\"https:\/\/artslibris.cat\/ca\/tienda\/fotolibro-ca\/cartographie-ephemere\/\",\"name\":\"Cartographie Ephemere - ArtsLibris\",\"isPartOf\":{\"@id\":\"https:\/\/artslibris.cat\/ca\/#website\"},\"primaryImageOfPage\":{\"@id\":\"https:\/\/artslibris.cat\/ca\/tienda\/fotolibro-ca\/cartographie-ephemere\/#primaryimage\"},\"image\":{\"@id\":\"https:\/\/artslibris.cat\/ca\/tienda\/fotolibro-ca\/cartographie-ephemere\/#primaryimage\"},\"thumbnailUrl\":\"https:\/\/artslibris.cat\/wp-content\/uploads\/2021\/05\/Tienda_ArtsLibris_cartographie_epheme_Ediciones_Posibles-1.jpeg\",\"datePublished\":\"2021-05-05T17:46:20+00:00\",\"description\":\"Botiga_artsLibris_Cartographie_Ephemere_Ediciones_posibles\",\"breadcrumb\":{\"@id\":\"https:\/\/artslibris.cat\/ca\/tienda\/fotolibro-ca\/cartographie-ephemere\/#breadcrumb\"},\"inLanguage\":\"ca\",\"potentialAction\":[{\"@type\":\"ReadAction\",\"target\":[\"https:\/\/artslibris.cat\/ca\/tienda\/fotolibro-ca\/cartographie-ephemere\/\"]}]},{\"@type\":\"ImageObject\",\"inLanguage\":\"ca\",\"@id\":\"https:\/\/artslibris.cat\/ca\/tienda\/fotolibro-ca\/cartographie-ephemere\/#primaryimage\",\"url\":\"https:\/\/artslibris.cat\/wp-content\/uploads\/2021\/05\/Tienda_ArtsLibris_cartographie_epheme_Ediciones_Posibles-1.jpeg\",\"contentUrl\":\"https:\/\/artslibris.cat\/wp-content\/uploads\/2021\/05\/Tienda_ArtsLibris_cartographie_epheme_Ediciones_Posibles-1.jpeg\",\"width\":1080,\"height\":864},{\"@type\":\"BreadcrumbList\",\"@id\":\"https:\/\/artslibris.cat\/ca\/tienda\/fotolibro-ca\/cartographie-ephemere\/#breadcrumb\",\"itemListElement\":[{\"@type\":\"ListItem\",\"position\":1,\"name\":\"Portada\",\"item\":\"https:\/\/artslibris.cat\/ca\/\"},{\"@type\":\"ListItem\",\"position\":2,\"name\":\"Tenda\",\"item\":\"https:\/\/artslibris.cat\/ca\/tenda\/\"},{\"@type\":\"ListItem\",\"position\":3,\"name\":\"Cartographie Ephemere\"}]},{\"@type\":\"WebSite\",\"@id\":\"https:\/\/artslibris.cat\/ca\/#website\",\"url\":\"https:\/\/artslibris.cat\/ca\/\",\"name\":\"ArtsLibris\",\"description\":\"\",\"publisher\":{\"@id\":\"https:\/\/artslibris.cat\/ca\/#organization\"},\"potentialAction\":[{\"@type\":\"SearchAction\",\"target\":{\"@type\":\"EntryPoint\",\"urlTemplate\":\"https:\/\/artslibris.cat\/ca\/?s={search_term_string}\"},\"query-input\":{\"@type\":\"PropertyValueSpecification\",\"valueRequired\":true,\"valueName\":\"search_term_string\"}}],\"inLanguage\":\"ca\"},{\"@type\":\"Organization\",\"@id\":\"https:\/\/artslibris.cat\/ca\/#organization\",\"name\":\"ArtsLibris\",\"url\":\"https:\/\/artslibris.cat\/ca\/\",\"logo\":{\"@type\":\"ImageObject\",\"inLanguage\":\"ca\",\"@id\":\"https:\/\/artslibris.cat\/ca\/#\/schema\/logo\/image\/\",\"url\":\"https:\/\/artslibris.cat\/wp-content\/uploads\/2020\/05\/ArtsLibris-logo-black.svg\",\"contentUrl\":\"https:\/\/artslibris.cat\/wp-content\/uploads\/2020\/05\/ArtsLibris-logo-black.svg\",\"width\":521,\"height\":85,\"caption\":\"ArtsLibris\"},\"image\":{\"@id\":\"https:\/\/artslibris.cat\/ca\/#\/schema\/logo\/image\/\"},\"sameAs\":[\"https:\/\/www.facebook.com\/artslibris\/\",\"https:\/\/x.com\/ArtsLibris\",\"https:\/\/www.instagram.com\/artslibris\/\"]}]}<\/script>\n<!-- \/ Yoast SEO plugin. -->","yoast_head_json":{"title":"Cartographie Ephemere - ArtsLibris","description":"Botiga_artsLibris_Cartographie_Ephemere_Ediciones_posibles","robots":{"index":"index","follow":"follow","max-snippet":"max-snippet:-1","max-image-preview":"max-image-preview:large","max-video-preview":"max-video-preview:-1"},"canonical":"https:\/\/artslibris.cat\/ca\/tienda\/fotolibro-ca\/cartographie-ephemere\/","og_locale":"ca_ES","og_type":"article","og_title":"Cartographie Ephemere - ArtsLibris","og_description":"Botiga_artsLibris_Cartographie_Ephemere_Ediciones_posibles","og_url":"https:\/\/artslibris.cat\/ca\/tienda\/fotolibro-ca\/cartographie-ephemere\/","og_site_name":"ArtsLibris","article_publisher":"https:\/\/www.facebook.com\/artslibris\/","og_image":[{"width":1080,"height":864,"url":"https:\/\/artslibris.cat\/wp-content\/uploads\/2021\/05\/Tienda_ArtsLibris_cartographie_epheme_Ediciones_Posibles-1.jpeg","type":"image\/jpeg"}],"twitter_card":"summary_large_image","twitter_site":"@ArtsLibris","twitter_misc":{"Temps estimat de lectura":"1 minut"},"schema":{"@context":"https:\/\/schema.org","@graph":[{"@type":"WebPage","@id":"https:\/\/artslibris.cat\/ca\/tienda\/fotolibro-ca\/cartographie-ephemere\/","url":"https:\/\/artslibris.cat\/ca\/tienda\/fotolibro-ca\/cartographie-ephemere\/","name":"Cartographie Ephemere - ArtsLibris","isPartOf":{"@id":"https:\/\/artslibris.cat\/ca\/#website"},"primaryImageOfPage":{"@id":"https:\/\/artslibris.cat\/ca\/tienda\/fotolibro-ca\/cartographie-ephemere\/#primaryimage"},"image":{"@id":"https:\/\/artslibris.cat\/ca\/tienda\/fotolibro-ca\/cartographie-ephemere\/#primaryimage"},"thumbnailUrl":"https:\/\/artslibris.cat\/wp-content\/uploads\/2021\/05\/Tienda_ArtsLibris_cartographie_epheme_Ediciones_Posibles-1.jpeg","datePublished":"2021-05-05T17:46:20+00:00","description":"Botiga_artsLibris_Cartographie_Ephemere_Ediciones_posibles","breadcrumb":{"@id":"https:\/\/artslibris.cat\/ca\/tienda\/fotolibro-ca\/cartographie-ephemere\/#breadcrumb"},"inLanguage":"ca","potentialAction":[{"@type":"ReadAction","target":["https:\/\/artslibris.cat\/ca\/tienda\/fotolibro-ca\/cartographie-ephemere\/"]}]},{"@type":"ImageObject","inLanguage":"ca","@id":"https:\/\/artslibris.cat\/ca\/tienda\/fotolibro-ca\/cartographie-ephemere\/#primaryimage","url":"https:\/\/artslibris.cat\/wp-content\/uploads\/2021\/05\/Tienda_ArtsLibris_cartographie_epheme_Ediciones_Posibles-1.jpeg","contentUrl":"https:\/\/artslibris.cat\/wp-content\/uploads\/2021\/05\/Tienda_ArtsLibris_cartographie_epheme_Ediciones_Posibles-1.jpeg","width":1080,"height":864},{"@type":"BreadcrumbList","@id":"https:\/\/artslibris.cat\/ca\/tienda\/fotolibro-ca\/cartographie-ephemere\/#breadcrumb","itemListElement":[{"@type":"ListItem","position":1,"name":"Portada","item":"https:\/\/artslibris.cat\/ca\/"},{"@type":"ListItem","position":2,"name":"Tenda","item":"https:\/\/artslibris.cat\/ca\/tenda\/"},{"@type":"ListItem","position":3,"name":"Cartographie Ephemere"}]},{"@type":"WebSite","@id":"https:\/\/artslibris.cat\/ca\/#website","url":"https:\/\/artslibris.cat\/ca\/","name":"ArtsLibris","description":"","publisher":{"@id":"https:\/\/artslibris.cat\/ca\/#organization"},"potentialAction":[{"@type":"SearchAction","target":{"@type":"EntryPoint","urlTemplate":"https:\/\/artslibris.cat\/ca\/?s={search_term_string}"},"query-input":{"@type":"PropertyValueSpecification","valueRequired":true,"valueName":"search_term_string"}}],"inLanguage":"ca"},{"@type":"Organization","@id":"https:\/\/artslibris.cat\/ca\/#organization","name":"ArtsLibris","url":"https:\/\/artslibris.cat\/ca\/","logo":{"@type":"ImageObject","inLanguage":"ca","@id":"https:\/\/artslibris.cat\/ca\/#\/schema\/logo\/image\/","url":"https:\/\/artslibris.cat\/wp-content\/uploads\/2020\/05\/ArtsLibris-logo-black.svg","contentUrl":"https:\/\/artslibris.cat\/wp-content\/uploads\/2020\/05\/ArtsLibris-logo-black.svg","width":521,"height":85,"caption":"ArtsLibris"},"image":{"@id":"https:\/\/artslibris.cat\/ca\/#\/schema\/logo\/image\/"},"sameAs":["https:\/\/www.facebook.com\/artslibris\/","https:\/\/x.com\/ArtsLibris","https:\/\/www.instagram.com\/artslibris\/"]}]}},"_links":{"self":[{"href":"https:\/\/artslibris.cat\/ca\/wp-json\/wp\/v2\/product\/10455","targetHints":{"allow":["GET"]}}],"collection":[{"href":"https:\/\/artslibris.cat\/ca\/wp-json\/wp\/v2\/product"}],"about":[{"href":"https:\/\/artslibris.cat\/ca\/wp-json\/wp\/v2\/types\/product"}],"wp:featuredmedia":[{"embeddable":true,"href":"https:\/\/artslibris.cat\/ca\/wp-json\/wp\/v2\/media\/10436"}],"wp:attachment":[{"href":"https:\/\/artslibris.cat\/ca\/wp-json\/wp\/v2\/media?parent=10455"}],"wp:term":[{"taxonomy":"product_brand","embeddable":true,"href":"https:\/\/artslibris.cat\/ca\/wp-json\/wp\/v2\/product_brand?post=10455"},{"taxonomy":"product_cat","embeddable":true,"href":"https:\/\/artslibris.cat\/ca\/wp-json\/wp\/v2\/product_cat?post=10455"},{"taxonomy":"product_tag","embeddable":true,"href":"https:\/\/artslibris.cat\/ca\/wp-json\/wp\/v2\/product_tag?post=10455"}],"curies":[{"name":"wp","href":"https:\/\/api.w.org\/{rel}","templated":true}]}}