{"id":6316,"date":"2021-02-02T09:21:38","date_gmt":"2021-02-02T09:21:38","guid":{"rendered":"https:\/\/artslibris.cat\/?page_id=6316"},"modified":"2024-07-18T14:12:11","modified_gmt":"2024-07-18T14:12:11","slug":"llibreria-barcelona","status":"publish","type":"page","link":"https:\/\/artslibris.cat\/ca\/llibreria-barcelona\/","title":{"rendered":"Llibreria Barcelona"},"content":{"rendered":"\t\t<div data-elementor-type=\"wp-page\" data-elementor-id=\"6316\" class=\"elementor elementor-6316 elementor-6315\" data-elementor-post-type=\"page\">\n\t\t\t\t\t\t<section data-dce-background-color=\"rgba(0, 0, 0, 0)\" class=\"elementor-section elementor-top-section elementor-element elementor-element-b608315 elementor-section-full_width elementor-reverse-mobile elementor-section-height-default elementor-section-height-default\" data-id=\"b608315\" data-element_type=\"section\" data-settings=\"{&quot;background_background&quot;:&quot;classic&quot;}\">\n\t\t\t\t\t\t<div class=\"elementor-container elementor-column-gap-no\">\n\t\t\t\t\t<div class=\"elementor-column elementor-col-50 elementor-top-column elementor-element elementor-element-9eaf097\" data-id=\"9eaf097\" data-element_type=\"column\">\n\t\t\t<div class=\"elementor-widget-wrap elementor-element-populated\">\n\t\t\t\t\t\t<div class=\"elementor-element elementor-element-3ccf0c2 elementor-widget elementor-widget-image\" data-id=\"3ccf0c2\" data-element_type=\"widget\" data-widget_type=\"image.default\">\n\t\t\t\t<div class=\"elementor-widget-container\">\n\t\t\t\t\t\t\t\t\t\t\t\t\t\t\t<img fetchpriority=\"high\" decoding=\"async\" width=\"2048\" height=\"1536\" src=\"https:\/\/artslibris.cat\/wp-content\/uploads\/2024\/07\/WhatsApp-Image-2024-07-11-at-14.57.27.jpeg\" class=\"attachment-full size-full wp-image-25864\" alt=\"\" srcset=\"https:\/\/artslibris.cat\/wp-content\/uploads\/2024\/07\/WhatsApp-Image-2024-07-11-at-14.57.27.jpeg 2048w, https:\/\/artslibris.cat\/wp-content\/uploads\/2024\/07\/WhatsApp-Image-2024-07-11-at-14.57.27-600x450.jpeg 600w, https:\/\/artslibris.cat\/wp-content\/uploads\/2024\/07\/WhatsApp-Image-2024-07-11-at-14.57.27-1024x768.jpeg 1024w, https:\/\/artslibris.cat\/wp-content\/uploads\/2024\/07\/WhatsApp-Image-2024-07-11-at-14.57.27-300x225.jpeg 300w, https:\/\/artslibris.cat\/wp-content\/uploads\/2024\/07\/WhatsApp-Image-2024-07-11-at-14.57.27-768x576.jpeg 768w, https:\/\/artslibris.cat\/wp-content\/uploads\/2024\/07\/WhatsApp-Image-2024-07-11-at-14.57.27-1536x1152.jpeg 1536w, https:\/\/artslibris.cat\/wp-content\/uploads\/2024\/07\/WhatsApp-Image-2024-07-11-at-14.57.27-1200x900.jpeg 1200w\" sizes=\"(max-width: 2048px) 100vw, 2048px\" \/>\t\t\t\t\t\t\t\t\t\t\t\t\t\t\t<\/div>\n\t\t\t\t<\/div>\n\t\t\t\t<div class=\"elementor-element elementor-element-2ba4391 elementor-widget elementor-widget-image\" data-id=\"2ba4391\" data-element_type=\"widget\" data-widget_type=\"image.default\">\n\t\t\t\t<div class=\"elementor-widget-container\">\n\t\t\t\t\t\t\t\t\t\t\t\t\t\t\t<img decoding=\"async\" width=\"2048\" height=\"1536\" src=\"https:\/\/artslibris.cat\/wp-content\/uploads\/2024\/07\/WhatsApp-Image-2024-07-11-at-15.12.35.jpeg\" class=\"attachment-full size-full wp-image-25870\" alt=\"\" srcset=\"https:\/\/artslibris.cat\/wp-content\/uploads\/2024\/07\/WhatsApp-Image-2024-07-11-at-15.12.35.jpeg 2048w, https:\/\/artslibris.cat\/wp-content\/uploads\/2024\/07\/WhatsApp-Image-2024-07-11-at-15.12.35-600x450.jpeg 600w, https:\/\/artslibris.cat\/wp-content\/uploads\/2024\/07\/WhatsApp-Image-2024-07-11-at-15.12.35-1024x768.jpeg 1024w, https:\/\/artslibris.cat\/wp-content\/uploads\/2024\/07\/WhatsApp-Image-2024-07-11-at-15.12.35-300x225.jpeg 300w, https:\/\/artslibris.cat\/wp-content\/uploads\/2024\/07\/WhatsApp-Image-2024-07-11-at-15.12.35-768x576.jpeg 768w, https:\/\/artslibris.cat\/wp-content\/uploads\/2024\/07\/WhatsApp-Image-2024-07-11-at-15.12.35-1536x1152.jpeg 1536w, https:\/\/artslibris.cat\/wp-content\/uploads\/2024\/07\/WhatsApp-Image-2024-07-11-at-15.12.35-1200x900.jpeg 1200w\" sizes=\"(max-width: 2048px) 100vw, 2048px\" \/>\t\t\t\t\t\t\t\t\t\t\t\t\t\t\t<\/div>\n\t\t\t\t<\/div>\n\t\t\t\t\t<\/div>\n\t\t<\/div>\n\t\t\t\t<div data-dce-background-color=\"#000000\" class=\"elementor-column elementor-col-50 elementor-top-column elementor-element elementor-element-c0d595a\" data-id=\"c0d595a\" data-element_type=\"column\" data-settings=\"{&quot;background_background&quot;:&quot;classic&quot;}\">\n\t\t\t<div class=\"elementor-widget-wrap elementor-element-populated\">\n\t\t\t\t\t\t<div class=\"elementor-element elementor-element-845560d elementor-widget elementor-widget-heading\" data-id=\"845560d\" data-element_type=\"widget\" data-widget_type=\"heading.default\">\n\t\t\t\t<div class=\"elementor-widget-container\">\n\t\t\t\t\t<h2 class=\"elementor-heading-title elementor-size-default\">LLIBRERIA ARTSLIBRIS\u00a0A BARCELONA<\/h2>\t\t\t\t<\/div>\n\t\t\t\t<\/div>\n\t\t\t\t<div class=\"elementor-element elementor-element-a884edd elementor-widget elementor-widget-text-editor\" data-id=\"a884edd\" data-element_type=\"widget\" data-widget_type=\"text-editor.default\">\n\t\t\t\t<div class=\"elementor-widget-container\">\n\t\t\t\t\t\t\t\t\t<p class=\"p1\"><span class=\"s1\">La Llibreria ArtsLibris est\u00e0 situada al cor de Barcelona, envoltada d&#8217;espais culturals p\u00fablics i privats. S&#8217;integra en el nou \u201cper\u00edmetre literari\u201d de la Ciutat: conjunt de llibreries que han obert recentment amb l&#8217;objectiu d&#8217;oferir noves perspectives al sector de la publicaci\u00f3.<\/span><\/p>\n<p><span class=\"s1\">Ens especialitzem en publicacions d&#8217;artista, fotollibre, pensament i autoedici\u00f3. A m\u00e9s de publicacions editades per ArtsLibris \u2013la S\u00e8rie AL i les Edicions d&#8217;Artista\u2013, la Llibreria acull la seva xarxa d&#8217;editors\/es, artistes i institucions vinculades a les fires d&#8217;ArtsLibris Barcelona, ARCOmadrid i ARCOlisboa.<\/span><\/p>\n<p class=\"p1\"><span class=\"s1\">El nostre objectiu \u00e9s sumar noves editorials i p\u00fablic al projecte d&#8217;ArtsLibris. Cada setmana trobareu noves publicacions a la nostra Llibreria. Tamb\u00e9 acollim presentacions, seminaris i debats entorn de l&#8217;art i la publicaci\u00f3. No deixeu de visitar-nos i consultar les nostres novetats!<\/span><\/p>\n<p><span class=\"s1\"><span style=\"text-decoration: underline;\"><span style=\"color: #ffffff; text-decoration: underline;\"><a style=\"color: #ffffff; text-decoration: underline;\" href=\"https:\/\/g.page\/rociosantacruzart?share\">Gran Via de les Corts Catalanes, 627 Barcelona<\/a><\/span><\/span><br><\/span> <br><span class=\"s1\">de dilluns a divendres 10h-19h<br><\/span><\/p>\t\t\t\t\t\t\t\t<\/div>\n\t\t\t\t<\/div>\n\t\t\t\t\t<\/div>\n\t\t<\/div>\n\t\t\t\t\t<\/div>\n\t\t<\/section>\n\t\t\t\t<\/div>\n\t\t","protected":false},"excerpt":{"rendered":"<p>LLIBRERIA ARTSLIBRIS\u00a0A BARCELONA La Llibreria ArtsLibris est\u00e0 situada al cor de Barcelona, envoltada d&#8217;espais culturals p\u00fablics i privats. S&#8217;integra en el nou \u201cper\u00edmetre literari\u201d de la Ciutat: conjunt de llibreries que han obert recentment amb l&#8217;objectiu d&#8217;oferir noves perspectives al sector de la publicaci\u00f3. Ens especialitzem en publicacions d&#8217;artista, fotollibre, pensament i autoedici\u00f3. A m\u00e9s [&hellip;]<\/p>\n","protected":false},"author":1,"featured_media":0,"parent":0,"menu_order":137,"comment_status":"closed","ping_status":"closed","template":"","meta":{"_acf_changed":false,"site-sidebar-layout":"no-sidebar","site-content-layout":"page-builder","ast-site-content-layout":"default","site-content-style":"default","site-sidebar-style":"default","ast-global-header-display":"","ast-banner-title-visibility":"","ast-main-header-display":"","ast-hfb-above-header-display":"","ast-hfb-below-header-display":"","ast-hfb-mobile-header-display":"","site-post-title":"disabled","ast-breadcrumbs-content":"","ast-featured-img":"disabled","footer-sml-layout":"","ast-disable-related-posts":"","theme-transparent-header-meta":"default","adv-header-id-meta":"","stick-header-meta":"","header-above-stick-meta":"","header-main-stick-meta":"","header-below-stick-meta":"","astra-migrate-meta-layouts":"default","ast-page-background-enabled":"default","ast-page-background-meta":{"desktop":{"background-color":"","background-image":"","background-repeat":"repeat","background-position":"center center","background-size":"auto","background-attachment":"scroll","background-type":"","background-media":"","overlay-type":"","overlay-color":"","overlay-opacity":"","overlay-gradient":""},"tablet":{"background-color":"","background-image":"","background-repeat":"repeat","background-position":"center center","background-size":"auto","background-attachment":"scroll","background-type":"","background-media":"","overlay-type":"","overlay-color":"","overlay-opacity":"","overlay-gradient":""},"mobile":{"background-color":"","background-image":"","background-repeat":"repeat","background-position":"center center","background-size":"auto","background-attachment":"scroll","background-type":"","background-media":"","overlay-type":"","overlay-color":"","overlay-opacity":"","overlay-gradient":""}},"ast-content-background-meta":{"desktop":{"background-color":"var(--ast-global-color-5)","background-image":"","background-repeat":"repeat","background-position":"center center","background-size":"auto","background-attachment":"scroll","background-type":"","background-media":"","overlay-type":"","overlay-color":"","overlay-opacity":"","overlay-gradient":""},"tablet":{"background-color":"var(--ast-global-color-5)","background-image":"","background-repeat":"repeat","background-position":"center center","background-size":"auto","background-attachment":"scroll","background-type":"","background-media":"","overlay-type":"","overlay-color":"","overlay-opacity":"","overlay-gradient":""},"mobile":{"background-color":"var(--ast-global-color-5)","background-image":"","background-repeat":"repeat","background-position":"center center","background-size":"auto","background-attachment":"scroll","background-type":"","background-media":"","overlay-type":"","overlay-color":"","overlay-opacity":"","overlay-gradient":""}},"footnotes":""},"class_list":["post-6316","page","type-page","status-publish","hentry"],"acf":[],"yoast_head":"<!-- This site is optimized with the Yoast SEO plugin v27.3 - https:\/\/yoast.com\/product\/yoast-seo-wordpress\/ -->\n<title>Llibreria Barcelona - ArtsLibris<\/title>\n<meta name=\"robots\" content=\"index, follow, max-snippet:-1, max-image-preview:large, max-video-preview:-1\" \/>\n<link rel=\"canonical\" href=\"https:\/\/artslibris.cat\/ca\/llibreria-barcelona\/\" \/>\n<meta property=\"og:locale\" content=\"ca_ES\" \/>\n<meta property=\"og:type\" content=\"article\" \/>\n<meta property=\"og:title\" content=\"Llibreria Barcelona - ArtsLibris\" \/>\n<meta property=\"og:description\" content=\"LLIBRERIA ARTSLIBRIS\u00a0A BARCELONA La Llibreria ArtsLibris est\u00e0 situada al cor de Barcelona, envoltada d&#8217;espais culturals p\u00fablics i privats. S&#8217;integra en el nou \u201cper\u00edmetre literari\u201d de la Ciutat: conjunt de llibreries que han obert recentment amb l&#8217;objectiu d&#8217;oferir noves perspectives al sector de la publicaci\u00f3. Ens especialitzem en publicacions d&#8217;artista, fotollibre, pensament i autoedici\u00f3. A m\u00e9s [&hellip;]\" \/>\n<meta property=\"og:url\" content=\"https:\/\/artslibris.cat\/ca\/llibreria-barcelona\/\" \/>\n<meta property=\"og:site_name\" content=\"ArtsLibris\" \/>\n<meta property=\"article:publisher\" content=\"https:\/\/www.facebook.com\/artslibris\/\" \/>\n<meta property=\"article:modified_time\" content=\"2024-07-18T14:12:11+00:00\" \/>\n<meta property=\"og:image\" content=\"https:\/\/artslibris.cat\/wp-content\/uploads\/2024\/07\/WhatsApp-Image-2024-07-11-at-14.57.27.jpeg\" \/>\n<meta name=\"twitter:card\" content=\"summary_large_image\" \/>\n<meta name=\"twitter:site\" content=\"@ArtsLibris\" \/>\n<meta name=\"twitter:label1\" content=\"Temps estimat de lectura\" \/>\n\t<meta name=\"twitter:data1\" content=\"2 minuts\" \/>\n<script type=\"application\/ld+json\" class=\"yoast-schema-graph\">{\"@context\":\"https:\\\/\\\/schema.org\",\"@graph\":[{\"@type\":\"WebPage\",\"@id\":\"https:\\\/\\\/artslibris.cat\\\/ca\\\/llibreria-barcelona\\\/\",\"url\":\"https:\\\/\\\/artslibris.cat\\\/ca\\\/llibreria-barcelona\\\/\",\"name\":\"Llibreria Barcelona - ArtsLibris\",\"isPartOf\":{\"@id\":\"https:\\\/\\\/artslibris.cat\\\/ca\\\/#website\"},\"primaryImageOfPage\":{\"@id\":\"https:\\\/\\\/artslibris.cat\\\/ca\\\/llibreria-barcelona\\\/#primaryimage\"},\"image\":{\"@id\":\"https:\\\/\\\/artslibris.cat\\\/ca\\\/llibreria-barcelona\\\/#primaryimage\"},\"thumbnailUrl\":\"https:\\\/\\\/artslibris.cat\\\/wp-content\\\/uploads\\\/2024\\\/07\\\/WhatsApp-Image-2024-07-11-at-14.57.27.jpeg\",\"datePublished\":\"2021-02-02T09:21:38+00:00\",\"dateModified\":\"2024-07-18T14:12:11+00:00\",\"breadcrumb\":{\"@id\":\"https:\\\/\\\/artslibris.cat\\\/ca\\\/llibreria-barcelona\\\/#breadcrumb\"},\"inLanguage\":\"ca\",\"potentialAction\":[{\"@type\":\"ReadAction\",\"target\":[\"https:\\\/\\\/artslibris.cat\\\/ca\\\/llibreria-barcelona\\\/\"]}]},{\"@type\":\"ImageObject\",\"inLanguage\":\"ca\",\"@id\":\"https:\\\/\\\/artslibris.cat\\\/ca\\\/llibreria-barcelona\\\/#primaryimage\",\"url\":\"https:\\\/\\\/artslibris.cat\\\/wp-content\\\/uploads\\\/2024\\\/07\\\/WhatsApp-Image-2024-07-11-at-14.57.27.jpeg\",\"contentUrl\":\"https:\\\/\\\/artslibris.cat\\\/wp-content\\\/uploads\\\/2024\\\/07\\\/WhatsApp-Image-2024-07-11-at-14.57.27.jpeg\"},{\"@type\":\"BreadcrumbList\",\"@id\":\"https:\\\/\\\/artslibris.cat\\\/ca\\\/llibreria-barcelona\\\/#breadcrumb\",\"itemListElement\":[{\"@type\":\"ListItem\",\"position\":1,\"name\":\"Portada\",\"item\":\"https:\\\/\\\/artslibris.cat\\\/ca\\\/\"},{\"@type\":\"ListItem\",\"position\":2,\"name\":\"Llibreria Barcelona\"}]},{\"@type\":\"WebSite\",\"@id\":\"https:\\\/\\\/artslibris.cat\\\/ca\\\/#website\",\"url\":\"https:\\\/\\\/artslibris.cat\\\/ca\\\/\",\"name\":\"ArtsLibris\",\"description\":\"\",\"publisher\":{\"@id\":\"https:\\\/\\\/artslibris.cat\\\/ca\\\/#organization\"},\"potentialAction\":[{\"@type\":\"SearchAction\",\"target\":{\"@type\":\"EntryPoint\",\"urlTemplate\":\"https:\\\/\\\/artslibris.cat\\\/ca\\\/?s={search_term_string}\"},\"query-input\":{\"@type\":\"PropertyValueSpecification\",\"valueRequired\":true,\"valueName\":\"search_term_string\"}}],\"inLanguage\":\"ca\"},{\"@type\":\"Organization\",\"@id\":\"https:\\\/\\\/artslibris.cat\\\/ca\\\/#organization\",\"name\":\"ArtsLibris\",\"url\":\"https:\\\/\\\/artslibris.cat\\\/ca\\\/\",\"logo\":{\"@type\":\"ImageObject\",\"inLanguage\":\"ca\",\"@id\":\"https:\\\/\\\/artslibris.cat\\\/ca\\\/#\\\/schema\\\/logo\\\/image\\\/\",\"url\":\"https:\\\/\\\/artslibris.cat\\\/wp-content\\\/uploads\\\/2020\\\/05\\\/ArtsLibris-logo-black.svg\",\"contentUrl\":\"https:\\\/\\\/artslibris.cat\\\/wp-content\\\/uploads\\\/2020\\\/05\\\/ArtsLibris-logo-black.svg\",\"width\":521,\"height\":85,\"caption\":\"ArtsLibris\"},\"image\":{\"@id\":\"https:\\\/\\\/artslibris.cat\\\/ca\\\/#\\\/schema\\\/logo\\\/image\\\/\"},\"sameAs\":[\"https:\\\/\\\/www.facebook.com\\\/artslibris\\\/\",\"https:\\\/\\\/x.com\\\/ArtsLibris\",\"https:\\\/\\\/www.instagram.com\\\/artslibris\\\/\"]}]}<\/script>\n<!-- \/ Yoast SEO plugin. -->","yoast_head_json":{"title":"Llibreria Barcelona - ArtsLibris","robots":{"index":"index","follow":"follow","max-snippet":"max-snippet:-1","max-image-preview":"max-image-preview:large","max-video-preview":"max-video-preview:-1"},"canonical":"https:\/\/artslibris.cat\/ca\/llibreria-barcelona\/","og_locale":"ca_ES","og_type":"article","og_title":"Llibreria Barcelona - ArtsLibris","og_description":"LLIBRERIA ARTSLIBRIS\u00a0A BARCELONA La Llibreria ArtsLibris est\u00e0 situada al cor de Barcelona, envoltada d&#8217;espais culturals p\u00fablics i privats. S&#8217;integra en el nou \u201cper\u00edmetre literari\u201d de la Ciutat: conjunt de llibreries que han obert recentment amb l&#8217;objectiu d&#8217;oferir noves perspectives al sector de la publicaci\u00f3. Ens especialitzem en publicacions d&#8217;artista, fotollibre, pensament i autoedici\u00f3. A m\u00e9s [&hellip;]","og_url":"https:\/\/artslibris.cat\/ca\/llibreria-barcelona\/","og_site_name":"ArtsLibris","article_publisher":"https:\/\/www.facebook.com\/artslibris\/","article_modified_time":"2024-07-18T14:12:11+00:00","og_image":[{"url":"https:\/\/artslibris.cat\/wp-content\/uploads\/2024\/07\/WhatsApp-Image-2024-07-11-at-14.57.27.jpeg","type":"","width":"","height":""}],"twitter_card":"summary_large_image","twitter_site":"@ArtsLibris","twitter_misc":{"Temps estimat de lectura":"2 minuts"},"schema":{"@context":"https:\/\/schema.org","@graph":[{"@type":"WebPage","@id":"https:\/\/artslibris.cat\/ca\/llibreria-barcelona\/","url":"https:\/\/artslibris.cat\/ca\/llibreria-barcelona\/","name":"Llibreria Barcelona - ArtsLibris","isPartOf":{"@id":"https:\/\/artslibris.cat\/ca\/#website"},"primaryImageOfPage":{"@id":"https:\/\/artslibris.cat\/ca\/llibreria-barcelona\/#primaryimage"},"image":{"@id":"https:\/\/artslibris.cat\/ca\/llibreria-barcelona\/#primaryimage"},"thumbnailUrl":"https:\/\/artslibris.cat\/wp-content\/uploads\/2024\/07\/WhatsApp-Image-2024-07-11-at-14.57.27.jpeg","datePublished":"2021-02-02T09:21:38+00:00","dateModified":"2024-07-18T14:12:11+00:00","breadcrumb":{"@id":"https:\/\/artslibris.cat\/ca\/llibreria-barcelona\/#breadcrumb"},"inLanguage":"ca","potentialAction":[{"@type":"ReadAction","target":["https:\/\/artslibris.cat\/ca\/llibreria-barcelona\/"]}]},{"@type":"ImageObject","inLanguage":"ca","@id":"https:\/\/artslibris.cat\/ca\/llibreria-barcelona\/#primaryimage","url":"https:\/\/artslibris.cat\/wp-content\/uploads\/2024\/07\/WhatsApp-Image-2024-07-11-at-14.57.27.jpeg","contentUrl":"https:\/\/artslibris.cat\/wp-content\/uploads\/2024\/07\/WhatsApp-Image-2024-07-11-at-14.57.27.jpeg"},{"@type":"BreadcrumbList","@id":"https:\/\/artslibris.cat\/ca\/llibreria-barcelona\/#breadcrumb","itemListElement":[{"@type":"ListItem","position":1,"name":"Portada","item":"https:\/\/artslibris.cat\/ca\/"},{"@type":"ListItem","position":2,"name":"Llibreria Barcelona"}]},{"@type":"WebSite","@id":"https:\/\/artslibris.cat\/ca\/#website","url":"https:\/\/artslibris.cat\/ca\/","name":"ArtsLibris","description":"","publisher":{"@id":"https:\/\/artslibris.cat\/ca\/#organization"},"potentialAction":[{"@type":"SearchAction","target":{"@type":"EntryPoint","urlTemplate":"https:\/\/artslibris.cat\/ca\/?s={search_term_string}"},"query-input":{"@type":"PropertyValueSpecification","valueRequired":true,"valueName":"search_term_string"}}],"inLanguage":"ca"},{"@type":"Organization","@id":"https:\/\/artslibris.cat\/ca\/#organization","name":"ArtsLibris","url":"https:\/\/artslibris.cat\/ca\/","logo":{"@type":"ImageObject","inLanguage":"ca","@id":"https:\/\/artslibris.cat\/ca\/#\/schema\/logo\/image\/","url":"https:\/\/artslibris.cat\/wp-content\/uploads\/2020\/05\/ArtsLibris-logo-black.svg","contentUrl":"https:\/\/artslibris.cat\/wp-content\/uploads\/2020\/05\/ArtsLibris-logo-black.svg","width":521,"height":85,"caption":"ArtsLibris"},"image":{"@id":"https:\/\/artslibris.cat\/ca\/#\/schema\/logo\/image\/"},"sameAs":["https:\/\/www.facebook.com\/artslibris\/","https:\/\/x.com\/ArtsLibris","https:\/\/www.instagram.com\/artslibris\/"]}]}},"_links":{"self":[{"href":"https:\/\/artslibris.cat\/ca\/wp-json\/wp\/v2\/pages\/6316","targetHints":{"allow":["GET"]}}],"collection":[{"href":"https:\/\/artslibris.cat\/ca\/wp-json\/wp\/v2\/pages"}],"about":[{"href":"https:\/\/artslibris.cat\/ca\/wp-json\/wp\/v2\/types\/page"}],"author":[{"embeddable":true,"href":"https:\/\/artslibris.cat\/ca\/wp-json\/wp\/v2\/users\/1"}],"replies":[{"embeddable":true,"href":"https:\/\/artslibris.cat\/ca\/wp-json\/wp\/v2\/comments?post=6316"}],"version-history":[{"count":0,"href":"https:\/\/artslibris.cat\/ca\/wp-json\/wp\/v2\/pages\/6316\/revisions"}],"wp:attachment":[{"href":"https:\/\/artslibris.cat\/ca\/wp-json\/wp\/v2\/media?parent=6316"}],"curies":[{"name":"wp","href":"https:\/\/api.w.org\/{rel}","templated":true}]}}